{"id":236379,"date":"2024-02-16T10:12:13","date_gmt":"2024-02-16T09:12:13","guid":{"rendered":"https:\/\/nordiihomes.com\/?page_id=236379"},"modified":"2024-03-21T14:18:47","modified_gmt":"2024-03-21T13:18:47","slug":"skandinav-1","status":"publish","type":"page","link":"https:\/\/nordiihomes.com\/de\/skandinav-1\/","title":{"rendered":"Skandinav 1"},"content":{"rendered":"<p>[et_pb_section fb_built=&#8221;1&#8243; _builder_version=&#8221;4.24.2&#8243; _module_preset=&#8221;default&#8221; background_color=&#8221;#2f393d&#8221; use_background_color_gradient=&#8221;on&#8221; background_color_gradient_stops=&#8221;#2f393d 1%|rgba(255,255,255,0) 100%&#8221; background_image=&#8221;https:\/\/nordiihomes.com\/wp-content\/uploads\/2024\/02\/Skandinav-1-SMALL.webp&#8221; parallax=&#8221;on&#8221; parallax_method=&#8221;off&#8221; background_blend=&#8221;overlay&#8221; transform_scale_linked=&#8221;off&#8221; transform_translate_linked=&#8221;off&#8221; height=&#8221;103vh&#8221; custom_margin=&#8221;-115px||||false|false&#8221; hover_enabled=&#8221;0&#8243; global_colors_info=&#8221;{}&#8221; height_last_edited=&#8221;on|phone&#8221; height_phone=&#8221;50vh&#8221; sticky_enabled=&#8221;0&#8243; height_tablet=&#8221;103vh&#8221;][et_pb_row make_equal=&#8221;on&#8221; _builder_version=&#8221;4.24.2&#8243; _module_preset=&#8221;default&#8221; custom_margin=&#8221;7vh||||false|false&#8221; hover_enabled=&#8221;0&#8243; custom_css_main_element=&#8221;margin: auto&#8221; global_colors_info=&#8221;{}&#8221; positioning_last_edited=&#8221;on|phone&#8221; position_origin_a_last_edited=&#8221;on|phone&#8221; position_origin_f_last_edited=&#8221;on|phone&#8221; position_origin_r_last_edited=&#8221;on|phone&#8221; width_last_edited=&#8221;on|phone&#8221; width_phone=&#8221;100%&#8221; positioning_phone=&#8221;absolute&#8221; position_origin_a_phone=&#8221;bottom_center&#8221; vertical_offset_last_edited=&#8221;on|phone&#8221; vertical_offset_phone=&#8221;-30px&#8221; sticky_enabled=&#8221;0&#8243;][et_pb_column type=&#8221;4_4&#8243; _builder_version=&#8221;4.24.1&#8243; _module_preset=&#8221;default&#8221; global_colors_info=&#8221;{}&#8221;][et_pb_text _builder_version=&#8221;4.24.2&#8243; _module_preset=&#8221;default&#8221; header_font=&#8221;Roboto||||||||&#8221; header_text_align=&#8221;center&#8221; header_text_color=&#8221;#FFFFFF&#8221; header_font_size=&#8221;46px&#8221; header_2_font=&#8221;Roboto||||||||&#8221; header_2_text_align=&#8221;center&#8221; header_2_text_color=&#8221;#ffffff&#8221; header_2_font_size=&#8221;46px&#8221; custom_margin=&#8221;||5px||false|false&#8221; custom_padding=&#8221;||0px||false|false&#8221; global_colors_info=&#8221;{}&#8221;]<\/p>\n<h1>skandinav 1<\/h1>\n<p>[\/et_pb_text][\/et_pb_column][\/et_pb_row][\/et_pb_section][et_pb_section fb_built=&#8221;1&#8243; _builder_version=&#8221;4.24.2&#8243; _module_preset=&#8221;default&#8221; background_color=&#8221;#2f393d&#8221; use_background_color_gradient=&#8221;on&#8221; background_color_gradient_stops=&#8221;#2f393d 1%|rgba(255,255,255,0) 100%&#8221; background_image=&#8221;https:\/\/nordiihomes.com\/wp-content\/uploads\/2024\/02\/Skandinav-1-MINI-esti.webp&#8221; background_position=&#8221;top_center&#8221; background_vertical_offset=&#8221;40%&#8221; background_blend=&#8221;overlay&#8221; height=&#8221;100vh&#8221; custom_margin=&#8221;0px||0px||true|false&#8221; custom_padding=&#8221;0px||0px||true|false&#8221; hover_enabled=&#8221;0&#8243; global_colors_info=&#8221;{}&#8221; height_last_edited=&#8221;on|phone&#8221; height_phone=&#8221;50vh&#8221; sticky_enabled=&#8221;0&#8243; height_tablet=&#8221;100vh&#8221;][\/et_pb_section][et_pb_section fb_built=&#8221;1&#8243; _builder_version=&#8221;4.24.1&#8243; _module_preset=&#8221;default&#8221; background_color=&#8221;rgba(255,255,255,0.95)&#8221; background_image=&#8221;https:\/\/nordiihomes.com\/wp-content\/uploads\/2024\/02\/NORDii-Logo-1.png&#8221; background_size=&#8221;custom&#8221; background_image_width=&#8221;30%&#8221; background_position=&#8221;center_left&#8221; background_horizontal_offset=&#8221;9%&#8221; background_blend=&#8221;overlay&#8221; custom_margin=&#8221;0px||||false|false&#8221; custom_margin_tablet=&#8221;0px||||false|false&#8221; custom_margin_phone=&#8221;50px|20px|50px|20px|false|false&#8221; custom_margin_last_edited=&#8221;on|phone&#8221; custom_padding=&#8221;0px||0px||false|false&#8221; global_colors_info=&#8221;{}&#8221;][et_pb_row column_structure=&#8221;2_5,3_5&#8243; use_custom_gutter=&#8221;on&#8221; make_equal=&#8221;on&#8221; _builder_version=&#8221;4.24.1&#8243; _module_preset=&#8221;default&#8221; width=&#8221;100%&#8221; max_width=&#8221;100%&#8221; custom_margin=&#8221;5px||5px||false|false&#8221; custom_margin_tablet=&#8221;50px||50px||false|false&#8221; custom_margin_phone=&#8221;50px||50px||false|false&#8221; custom_margin_last_edited=&#8221;on|tablet&#8221; custom_padding=&#8221;0px||0px||true|false&#8221; custom_css_main_element=&#8221;align-items: center&#8221; global_colors_info=&#8221;{}&#8221;][et_pb_column type=&#8221;2_5&#8243; _builder_version=&#8221;4.24.1&#8243; _module_preset=&#8221;default&#8221; custom_padding=&#8221;|||6vw|false|false&#8221; custom_padding_tablet=&#8221;|6vw||6vw|false|true&#8221; custom_padding_phone=&#8221;|6vw||6vw|false|true&#8221; custom_padding_last_edited=&#8221;on|tablet&#8221; global_colors_info=&#8221;{}&#8221;][et_pb_text _builder_version=&#8221;4.24.1&#8243; _module_preset=&#8221;default&#8221; header_2_font=&#8221;Roboto|900|||||||&#8221; header_2_text_align=&#8221;center&#8221; header_2_text_color=&#8221;#2f393d&#8221; header_2_font_size=&#8221;50px&#8221; header_2_font_size_tablet=&#8221;50px&#8221; header_2_font_size_phone=&#8221;36px&#8221; header_2_font_size_last_edited=&#8221;on|phone&#8221; global_colors_info=&#8221;{}&#8221;]<\/p>\n<h2>SKANDINAV 1<\/h2>\n<p>[\/et_pb_text][et_pb_text _builder_version=&#8221;4.24.2&#8243; _module_preset=&#8221;default&#8221; text_font=&#8221;Roboto|300|||||||&#8221; text_text_color=&#8221;#2f393d&#8221; text_font_size=&#8221;16px&#8221; text_line_height=&#8221;1.6em&#8221; text_orientation=&#8221;center&#8221; global_colors_info=&#8221;{}&#8221;]<\/p>\n<p><span>Wie der Name schon sagt: Skandinav 1 <strong>ist ein einst\u00f6ckiges Geb\u00e4ude mit einem Dachneigungswinkel von 38 Grad und einem Satteldach.<\/strong> Es ist die moderne Version der alten ungarischen Architektur \u2013 ein langes und schmales einst\u00f6ckiges Geb\u00e4ude. Die einzige Frage ist, wie gro\u00df die Glasfl\u00e4che am Anfang und Ende des Geb\u00e4udes sein soll. <strong>Die kleinste Nettofl\u00e4che betr\u00e4gt 13,9 m\u00b2.<\/strong> Geeignet als Wohnung, Ferienhaus, B\u00fcro, Ausstellungs- und Repr\u00e4sentationsgeb\u00e4ude, moderne Garage und Lagerraum.<\/span><\/p>\n<p>[\/et_pb_text][\/et_pb_column][et_pb_column type=&#8221;3_5&#8243; _builder_version=&#8221;4.24.0&#8243; _module_preset=&#8221;default&#8221; global_colors_info=&#8221;{}&#8221;][et_pb_image src=&#8221;https:\/\/nordiihomes.com\/wp-content\/uploads\/2024\/02\/Skandinav-1-MOOD.webp&#8221; title_text=&#8221;Skandina\u0301v 1 &#8211; MOOD&#8221; show_in_lightbox=&#8221;on&#8221; _builder_version=&#8221;4.24.1&#8243; _module_preset=&#8221;default&#8221; global_colors_info=&#8221;{}&#8221;][\/et_pb_image][\/et_pb_column][\/et_pb_row][\/et_pb_section]<\/p>","protected":false},"excerpt":{"rendered":"<p>skandin\u00e1v 1SKANDIN\u00c1V 1Ahogy a nev\u00e9ben is benne van: Skandin\u00e1v1 f\u00f6ldszintes \u00e9p\u00fclet \u00e9s a tet\u0151 hajl\u00e1ssz\u00f6ge 38 fok, nyeregtet\u0151s megold\u00e1ssal. A r\u00e9gi magyar \u00e9p\u00edt\u00e9szet &#8211; hossz\u00fa \u00e9s keskeny f\u00f6ldszintes \u00e9p\u00fclet &#8211; modern mai v\u00e1ltozata, egy k\u00e9rd\u00e9s van csak, hogy az \u00e9p\u00fclet kezd\u0151 \u00e9s befejez\u0151 elem\u00e9n mekkora \u00fcvegfel\u00fclet ker\u00fcl kialak\u00edt\u00e1sra? A legkisebb nett\u00f3 alapter\u00fclet 13,9 m2-t\u0151l. Lak\u00e1snak, \u00fcd\u00fcl\u0151nek, irod\u00e1nak, bemutat\u00f3 \u00e9s reprezentat\u00edv \u00e9p\u00fcletnek, modern gar\u00e1zsnak \u00e9s t\u00e1rol\u00f3nak is, kiv\u00e1l\u00f3an alkalmas.<\/p>","protected":false},"author":3,"featured_media":236378,"parent":0,"menu_order":0,"comment_status":"closed","ping_status":"closed","template":"","meta":{"_et_pb_use_builder":"on","_et_pb_old_content":"","_et_gb_content_width":"","footnotes":""},"class_list":["post-236379","page","type-page","status-publish","has-post-thumbnail","hentry"],"yoast_head":"<!-- This site is optimized with the Yoast SEO plugin v24.5 - https:\/\/yoast.com\/wordpress\/plugins\/seo\/ -->\n<title>Skandin\u00e1v 1 - Nordii Homes<\/title>\n<meta name=\"description\" content=\"A legkisebb nett\u00f3 alapter\u00fclet 13,9 m2-t\u0151l. Lak\u00e1snak, \u00fcd\u00fcl\u0151nek, irod\u00e1nak, bemutat\u00f3 \u00e9s reprezentat\u00edv \u00e9p\u00fcletnek, modern gar\u00e1zsnak \u00e9s t\u00e1rol\u00f3nak is, kiv\u00e1l\u00f3an alkalmas.\" \/>\n<meta name=\"robots\" content=\"index, follow, max-snippet:-1, max-image-preview:large, max-video-preview:-1\" \/>\n<link rel=\"canonical\" href=\"https:\/\/nordiihomes.com\/de\/skandinav-1\/\" \/>\n<meta property=\"og:locale\" content=\"de_DE\" \/>\n<meta property=\"og:type\" content=\"article\" \/>\n<meta property=\"og:title\" content=\"Skandin\u00e1v 1 - Nordii Homes\" \/>\n<meta property=\"og:description\" content=\"A legkisebb nett\u00f3 alapter\u00fclet 13,9 m2-t\u0151l. Lak\u00e1snak, \u00fcd\u00fcl\u0151nek, irod\u00e1nak, bemutat\u00f3 \u00e9s reprezentat\u00edv \u00e9p\u00fcletnek, modern gar\u00e1zsnak \u00e9s t\u00e1rol\u00f3nak is, kiv\u00e1l\u00f3an alkalmas.\" \/>\n<meta property=\"og:url\" content=\"https:\/\/nordiihomes.com\/de\/skandinav-1\/\" \/>\n<meta property=\"og:site_name\" content=\"Nordii Homes\" \/>\n<meta property=\"article:modified_time\" content=\"2024-03-21T13:18:47+00:00\" \/>\n<meta property=\"og:image\" content=\"https:\/\/nordiihomes.com\/wp-content\/uploads\/2024\/02\/Skandinav-1-SMALL.webp\" \/>\n\t<meta property=\"og:image:width\" content=\"1920\" \/>\n\t<meta property=\"og:image:height\" content=\"1080\" \/>\n\t<meta property=\"og:image:type\" content=\"image\/webp\" \/>\n<meta name=\"twitter:card\" content=\"summary_large_image\" \/>\n<meta name=\"twitter:label1\" content=\"Gesch\u00e4tzte Lesezeit\" \/>\n\t<meta name=\"twitter:data1\" content=\"1\u00a0Minute\" \/>\n<script type=\"application\/ld+json\" class=\"yoast-schema-graph\">{\"@context\":\"https:\/\/schema.org\",\"@graph\":[{\"@type\":\"WebPage\",\"@id\":\"https:\/\/nordiihomes.com\/de\/skandinav-1\/\",\"url\":\"https:\/\/nordiihomes.com\/de\/skandinav-1\/\",\"name\":\"Skandin\u00e1v 1 - Nordii Homes\",\"isPartOf\":{\"@id\":\"https:\/\/nordiihomes.com\/#website\"},\"primaryImageOfPage\":{\"@id\":\"https:\/\/nordiihomes.com\/de\/skandinav-1\/#primaryimage\"},\"image\":{\"@id\":\"https:\/\/nordiihomes.com\/de\/skandinav-1\/#primaryimage\"},\"thumbnailUrl\":\"https:\/\/nordiihomes.com\/wp-content\/uploads\/2024\/02\/Skandinav-1-SMALL.webp\",\"datePublished\":\"2024-02-16T09:12:13+00:00\",\"dateModified\":\"2024-03-21T13:18:47+00:00\",\"description\":\"A legkisebb nett\u00f3 alapter\u00fclet 13,9 m2-t\u0151l. Lak\u00e1snak, \u00fcd\u00fcl\u0151nek, irod\u00e1nak, bemutat\u00f3 \u00e9s reprezentat\u00edv \u00e9p\u00fcletnek, modern gar\u00e1zsnak \u00e9s t\u00e1rol\u00f3nak is, kiv\u00e1l\u00f3an alkalmas.\",\"breadcrumb\":{\"@id\":\"https:\/\/nordiihomes.com\/de\/skandinav-1\/#breadcrumb\"},\"inLanguage\":\"de\",\"potentialAction\":[{\"@type\":\"ReadAction\",\"target\":[\"https:\/\/nordiihomes.com\/de\/skandinav-1\/\"]}]},{\"@type\":\"ImageObject\",\"inLanguage\":\"de\",\"@id\":\"https:\/\/nordiihomes.com\/de\/skandinav-1\/#primaryimage\",\"url\":\"https:\/\/nordiihomes.com\/wp-content\/uploads\/2024\/02\/Skandinav-1-SMALL.webp\",\"contentUrl\":\"https:\/\/nordiihomes.com\/wp-content\/uploads\/2024\/02\/Skandinav-1-SMALL.webp\",\"width\":1920,\"height\":1080},{\"@type\":\"BreadcrumbList\",\"@id\":\"https:\/\/nordiihomes.com\/de\/skandinav-1\/#breadcrumb\",\"itemListElement\":[{\"@type\":\"ListItem\",\"position\":1,\"name\":\"Kezd\u0151lap\",\"item\":\"https:\/\/nordiihomes.com\/\"},{\"@type\":\"ListItem\",\"position\":2,\"name\":\"Skandin\u00e1v 1\"}]},{\"@type\":\"WebSite\",\"@id\":\"https:\/\/nordiihomes.com\/#website\",\"url\":\"https:\/\/nordiihomes.com\/\",\"name\":\"Nordii Homes\",\"description\":\"NORDii = modern akt\u00edv-h\u00e1z\",\"potentialAction\":[{\"@type\":\"SearchAction\",\"target\":{\"@type\":\"EntryPoint\",\"urlTemplate\":\"https:\/\/nordiihomes.com\/?s={search_term_string}\"},\"query-input\":{\"@type\":\"PropertyValueSpecification\",\"valueRequired\":true,\"valueName\":\"search_term_string\"}}],\"inLanguage\":\"de\"}]}<\/script>\n<!-- \/ Yoast SEO plugin. -->","yoast_head_json":{"title":"Skandin\u00e1v 1 - Nordii Homes","description":"A legkisebb nett\u00f3 alapter\u00fclet 13,9 m2-t\u0151l. Lak\u00e1snak, \u00fcd\u00fcl\u0151nek, irod\u00e1nak, bemutat\u00f3 \u00e9s reprezentat\u00edv \u00e9p\u00fcletnek, modern gar\u00e1zsnak \u00e9s t\u00e1rol\u00f3nak is, kiv\u00e1l\u00f3an alkalmas.","robots":{"index":"index","follow":"follow","max-snippet":"max-snippet:-1","max-image-preview":"max-image-preview:large","max-video-preview":"max-video-preview:-1"},"canonical":"https:\/\/nordiihomes.com\/de\/skandinav-1\/","og_locale":"de_DE","og_type":"article","og_title":"Skandin\u00e1v 1 - Nordii Homes","og_description":"A legkisebb nett\u00f3 alapter\u00fclet 13,9 m2-t\u0151l. Lak\u00e1snak, \u00fcd\u00fcl\u0151nek, irod\u00e1nak, bemutat\u00f3 \u00e9s reprezentat\u00edv \u00e9p\u00fcletnek, modern gar\u00e1zsnak \u00e9s t\u00e1rol\u00f3nak is, kiv\u00e1l\u00f3an alkalmas.","og_url":"https:\/\/nordiihomes.com\/de\/skandinav-1\/","og_site_name":"Nordii Homes","article_modified_time":"2024-03-21T13:18:47+00:00","og_image":[{"width":1920,"height":1080,"url":"https:\/\/nordiihomes.com\/wp-content\/uploads\/2024\/02\/Skandinav-1-SMALL.webp","type":"image\/webp"}],"twitter_card":"summary_large_image","twitter_misc":{"Gesch\u00e4tzte Lesezeit":"1\u00a0Minute"},"schema":{"@context":"https:\/\/schema.org","@graph":[{"@type":"WebPage","@id":"https:\/\/nordiihomes.com\/de\/skandinav-1\/","url":"https:\/\/nordiihomes.com\/de\/skandinav-1\/","name":"Skandin\u00e1v 1 - Nordii Homes","isPartOf":{"@id":"https:\/\/nordiihomes.com\/#website"},"primaryImageOfPage":{"@id":"https:\/\/nordiihomes.com\/de\/skandinav-1\/#primaryimage"},"image":{"@id":"https:\/\/nordiihomes.com\/de\/skandinav-1\/#primaryimage"},"thumbnailUrl":"https:\/\/nordiihomes.com\/wp-content\/uploads\/2024\/02\/Skandinav-1-SMALL.webp","datePublished":"2024-02-16T09:12:13+00:00","dateModified":"2024-03-21T13:18:47+00:00","description":"A legkisebb nett\u00f3 alapter\u00fclet 13,9 m2-t\u0151l. Lak\u00e1snak, \u00fcd\u00fcl\u0151nek, irod\u00e1nak, bemutat\u00f3 \u00e9s reprezentat\u00edv \u00e9p\u00fcletnek, modern gar\u00e1zsnak \u00e9s t\u00e1rol\u00f3nak is, kiv\u00e1l\u00f3an alkalmas.","breadcrumb":{"@id":"https:\/\/nordiihomes.com\/de\/skandinav-1\/#breadcrumb"},"inLanguage":"de","potentialAction":[{"@type":"ReadAction","target":["https:\/\/nordiihomes.com\/de\/skandinav-1\/"]}]},{"@type":"ImageObject","inLanguage":"de","@id":"https:\/\/nordiihomes.com\/de\/skandinav-1\/#primaryimage","url":"https:\/\/nordiihomes.com\/wp-content\/uploads\/2024\/02\/Skandinav-1-SMALL.webp","contentUrl":"https:\/\/nordiihomes.com\/wp-content\/uploads\/2024\/02\/Skandinav-1-SMALL.webp","width":1920,"height":1080},{"@type":"BreadcrumbList","@id":"https:\/\/nordiihomes.com\/de\/skandinav-1\/#breadcrumb","itemListElement":[{"@type":"ListItem","position":1,"name":"Kezd\u0151lap","item":"https:\/\/nordiihomes.com\/"},{"@type":"ListItem","position":2,"name":"Skandin\u00e1v 1"}]},{"@type":"WebSite","@id":"https:\/\/nordiihomes.com\/#website","url":"https:\/\/nordiihomes.com\/","name":"Nordii Homes","description":"NORDii = modern akt\u00edv-h\u00e1z","potentialAction":[{"@type":"SearchAction","target":{"@type":"EntryPoint","urlTemplate":"https:\/\/nordiihomes.com\/?s={search_term_string}"},"query-input":{"@type":"PropertyValueSpecification","valueRequired":true,"valueName":"search_term_string"}}],"inLanguage":"de"}]}},"_links":{"self":[{"href":"https:\/\/nordiihomes.com\/de\/wp-json\/wp\/v2\/pages\/236379","targetHints":{"allow":["GET"]}}],"collection":[{"href":"https:\/\/nordiihomes.com\/de\/wp-json\/wp\/v2\/pages"}],"about":[{"href":"https:\/\/nordiihomes.com\/de\/wp-json\/wp\/v2\/types\/page"}],"author":[{"embeddable":true,"href":"https:\/\/nordiihomes.com\/de\/wp-json\/wp\/v2\/users\/3"}],"replies":[{"embeddable":true,"href":"https:\/\/nordiihomes.com\/de\/wp-json\/wp\/v2\/comments?post=236379"}],"version-history":[{"count":38,"href":"https:\/\/nordiihomes.com\/de\/wp-json\/wp\/v2\/pages\/236379\/revisions"}],"predecessor-version":[{"id":238712,"href":"https:\/\/nordiihomes.com\/de\/wp-json\/wp\/v2\/pages\/236379\/revisions\/238712"}],"wp:featuredmedia":[{"embeddable":true,"href":"https:\/\/nordiihomes.com\/de\/wp-json\/wp\/v2\/media\/236378"}],"wp:attachment":[{"href":"https:\/\/nordiihomes.com\/de\/wp-json\/wp\/v2\/media?parent=236379"}],"curies":[{"name":"wp","href":"https:\/\/api.w.org\/{rel}","templated":true}]}}