{"id":237360,"date":"2024-02-22T15:53:42","date_gmt":"2024-02-22T14:53:42","guid":{"rendered":"https:\/\/nordiihomes.com\/?page_id=237360"},"modified":"2024-03-21T14:31:03","modified_gmt":"2024-03-21T13:31:03","slug":"terelemek","status":"publish","type":"page","link":"https:\/\/nordiihomes.com\/de\/terelemek\/","title":{"rendered":"T\u00e9relemek"},"content":{"rendered":"<p>[et_pb_section fb_built=&#8221;1&#8243; _builder_version=&#8221;4.24.2&#8243; _module_preset=&#8221;default&#8221; background_color=&#8221;#2f393d&#8221; use_background_color_gradient=&#8221;on&#8221; background_color_gradient_stops=&#8221;#2f393d 1%|rgba(255,255,255,0) 100%&#8221; background_image=&#8221;https:\/\/nordiihomes.com\/wp-content\/uploads\/2024\/02\/ter_elem_2-1.webp&#8221; parallax=&#8221;on&#8221; parallax_method=&#8221;off&#8221; background_blend=&#8221;overlay&#8221; transform_scale_linked=&#8221;off&#8221; transform_translate_linked=&#8221;off&#8221; height=&#8221;103vh&#8221; custom_margin=&#8221;-115px||||false|false&#8221; hover_enabled=&#8221;0&#8243; background_last_edited=&#8221;on|phone&#8221; global_colors_info=&#8221;{}&#8221; height_last_edited=&#8221;on|phone&#8221; height_phone=&#8221;50vh&#8221; sticky_enabled=&#8221;0&#8243; height_tablet=&#8221;103vh&#8221;][et_pb_row make_equal=&#8221;on&#8221; _builder_version=&#8221;4.24.2&#8243; _module_preset=&#8221;default&#8221; custom_margin=&#8221;5vw||||false|false&#8221; custom_css_main_element=&#8221;margin: auto&#8221; global_colors_info=&#8221;{}&#8221;][et_pb_column type=&#8221;4_4&#8243; _builder_version=&#8221;4.24.1&#8243; _module_preset=&#8221;default&#8221; global_colors_info=&#8221;{}&#8221;][et_pb_text _builder_version=&#8221;4.24.2&#8243; _module_preset=&#8221;default&#8221; header_font=&#8221;Roboto||||||||&#8221; header_text_align=&#8221;center&#8221; header_text_color=&#8221;#FFFFFF&#8221; header_font_size=&#8221;46px&#8221; header_2_font=&#8221;Roboto||||||||&#8221; header_2_text_align=&#8221;center&#8221; header_2_text_color=&#8221;#FFFFFF&#8221; header_2_font_size=&#8221;46px&#8221; custom_margin=&#8221;||5px||false|false&#8221; custom_padding=&#8221;||0px||false|false&#8221; hover_enabled=&#8221;0&#8243; global_colors_info=&#8221;{}&#8221; header_font_size_last_edited=&#8221;on|phone&#8221; header_font_size_phone=&#8221;36px&#8221; sticky_enabled=&#8221;0&#8243; header_font_size_tablet=&#8221;46px&#8221;]<\/p>\n<h1>raum-element vorfertigung<\/h1>\n<p>[\/et_pb_text][\/et_pb_column][\/et_pb_row][\/et_pb_section][et_pb_section fb_built=&#8221;1&#8243; _builder_version=&#8221;4.24.2&#8243; _module_preset=&#8221;default&#8221; background_enable_color=&#8221;off&#8221; background_image=&#8221;https:\/\/nordiihomes.com\/wp-content\/uploads\/2024\/02\/ter_elem3.webp&#8221; background_position=&#8221;top_center&#8221; background_vertical_offset=&#8221;40%&#8221; height=&#8221;100vh&#8221; custom_margin=&#8221;0px||0px||true|false&#8221; custom_padding=&#8221;0px||0px||true|false&#8221; hover_enabled=&#8221;0&#8243; global_colors_info=&#8221;{}&#8221; height_last_edited=&#8221;on|phone&#8221; height_phone=&#8221;50vh&#8221; sticky_enabled=&#8221;0&#8243; height_tablet=&#8221;100vh&#8221;][\/et_pb_section][et_pb_section fb_built=&#8221;1&#8243; _builder_version=&#8221;4.24.2&#8243; _module_preset=&#8221;default&#8221; background_color=&#8221;rgba(255,255,255,0.95)&#8221; background_enable_image=&#8221;off&#8221; background_size=&#8221;custom&#8221; background_image_width=&#8221;30%&#8221; background_position=&#8221;center_left&#8221; background_horizontal_offset=&#8221;9%&#8221; background_blend=&#8221;overlay&#8221; custom_margin=&#8221;0px||||false|false&#8221; custom_padding=&#8221;0px||0px||false|false&#8221; global_colors_info=&#8221;{}&#8221;][et_pb_row column_structure=&#8221;2_5,3_5&#8243; use_custom_gutter=&#8221;on&#8221; make_equal=&#8221;on&#8221; _builder_version=&#8221;4.24.2&#8243; _module_preset=&#8221;default&#8221; background_color=&#8221;rgba(255,255,255,0.95)&#8221; background_image=&#8221;https:\/\/nordiihomes.com\/wp-content\/uploads\/2024\/02\/NORDii-Logo-1.png&#8221; background_size=&#8221;custom&#8221; background_image_width=&#8221;22%&#8221; background_position=&#8221;center_left&#8221; background_horizontal_offset=&#8221;12%&#8221; background_blend=&#8221;overlay&#8221; width=&#8221;100%&#8221; max_width=&#8221;100%&#8221; custom_margin=&#8221;5px||5px||false|false&#8221; custom_margin_tablet=&#8221;5px||5px||false|false&#8221; custom_margin_phone=&#8221;30px||30px||true|false&#8221; custom_margin_last_edited=&#8221;on|phone&#8221; custom_padding=&#8221;0px||0px||true|false&#8221; custom_css_main_element=&#8221;align-items: center&#8221; global_colors_info=&#8221;{}&#8221;][et_pb_column type=&#8221;2_5&#8243; _builder_version=&#8221;4.24.2&#8243; _module_preset=&#8221;default&#8221; custom_padding=&#8221;|||6vw|false|false&#8221; custom_padding_tablet=&#8221;|||6vw|false|false&#8221; custom_padding_phone=&#8221;|20px||20px|false|false&#8221; custom_padding_last_edited=&#8221;on|phone&#8221; global_colors_info=&#8221;{}&#8221;][et_pb_text _builder_version=&#8221;4.24.2&#8243; _module_preset=&#8221;default&#8221; header_2_font=&#8221;Roboto|900|||||||&#8221; header_2_text_align=&#8221;center&#8221; header_2_text_color=&#8221;#2f393d&#8221; header_2_font_size=&#8221;30px&#8221; header_2_font_size_tablet=&#8221;50px&#8221; header_2_font_size_phone=&#8221;36px&#8221; header_2_font_size_last_edited=&#8221;on|phone&#8221; global_colors_info=&#8221;{}&#8221;]<\/p>\n<h2>RAUM-ELEMENT VORFERTIGUNG<\/h2>\n<p>[\/et_pb_text][et_pb_text _builder_version=&#8221;4.24.2&#8243; _module_preset=&#8221;default&#8221; text_font=&#8221;Roboto|300|||||||&#8221; text_text_color=&#8221;#2f393d&#8221; text_font_size=&#8221;16px&#8221; text_line_height=&#8221;1.6em&#8221; text_orientation=&#8221;center&#8221; global_colors_info=&#8221;{}&#8221;]<\/p>\n<p><span>Designte Beton-Raumelemente werden modular vorgefertigt und ausgef\u00fchrt \u2013 <strong>gem\u00e4\u00df den Bau- und technischen Richtlinien des NORDii Systems<\/strong> und des BIM-Formsystems. \u00a0<\/span><span>Verpackungs- und abfallfreie Produktion, Transport, Bau und umfassende Logistik. <\/span><span><strong>Schaffung der virtuellen und realen Welt<\/strong> mit extrem schneller und pr\u00e4ziser Ausf\u00fchrung.<\/span><\/p>\n<p>[\/et_pb_text][\/et_pb_column][et_pb_column type=&#8221;3_5&#8243; _builder_version=&#8221;4.24.0&#8243; _module_preset=&#8221;default&#8221; global_colors_info=&#8221;{}&#8221;][et_pb_image src=&#8221;https:\/\/nordiihomes.com\/wp-content\/uploads\/2024\/02\/ter_elem_4-1.webp&#8221; title_text=&#8221;ter_elem_4&#8243; show_in_lightbox=&#8221;on&#8221; _builder_version=&#8221;4.24.2&#8243; _module_preset=&#8221;default&#8221; global_colors_info=&#8221;{}&#8221;][\/et_pb_image][\/et_pb_column][\/et_pb_row][\/et_pb_section]<\/p>","protected":false},"excerpt":{"rendered":"<p>t\u00e9r-elem el\u0151regy\u00e1rt\u00e1sT\u00c9R-ELEM EL\u0150REGY\u00c1RT\u00c1SFormatervezett beton t\u00e9r-elem modul\u00e1ris el\u0151regy\u00e1rt\u00e1s \u00e9s kivitelez\u00e9s &#8211; a NORDii System \u00e9p\u00edt\u00e9s\u00fcgyi \u00e9s m\u0171szaki ir\u00e1nyelveinek \u00e9s BIM formarendszernek megfelel\u0151en. \u00a0Csomagol\u00e1s- \u00e9s hullad\u00e9kmentes gy\u00e1rt\u00e1s, sz\u00e1ll\u00edt\u00e1s, \u00e9p\u00edt\u00e9s \u00e9s teljes-k\u00f6r\u0171 logisztika. Virtu\u00e1lis \u00e9s val\u00f3s vil\u00e1g &#8211; vvv megalkot\u00e1sa, rendk\u00edv\u00fcl gyors \u00e9s pontos kivitelez\u00e9ssel.<\/p>","protected":false},"author":3,"featured_media":237585,"parent":0,"menu_order":0,"comment_status":"closed","ping_status":"closed","template":"","meta":{"_et_pb_use_builder":"on","_et_pb_old_content":"","_et_gb_content_width":"","footnotes":""},"class_list":["post-237360","page","type-page","status-publish","has-post-thumbnail","hentry"],"yoast_head":"<!-- This site is optimized with the Yoast SEO plugin v24.5 - https:\/\/yoast.com\/wordpress\/plugins\/seo\/ -->\n<title>T\u00e9relemek - Nordii Homes<\/title>\n<meta name=\"description\" content=\"Formatervezett beton t\u00e9r-elem modul\u00e1ris el\u0151regy\u00e1rt\u00e1s \u00e9s kivitelez\u00e9s \u2013 a NORDii System \u00e9p\u00edt\u00e9s\u00fcgyi \u00e9s m\u0171szaki ir\u00e1nyelveinek \u00e9s BIM formarendszernek megfelel\u0151en.\" \/>\n<meta name=\"robots\" content=\"index, follow, max-snippet:-1, max-image-preview:large, max-video-preview:-1\" \/>\n<link rel=\"canonical\" href=\"https:\/\/nordiihomes.com\/de\/terelemek\/\" \/>\n<meta property=\"og:locale\" content=\"de_DE\" \/>\n<meta property=\"og:type\" content=\"article\" \/>\n<meta property=\"og:title\" content=\"T\u00e9relemek - Nordii Homes\" \/>\n<meta property=\"og:description\" content=\"Formatervezett beton t\u00e9r-elem modul\u00e1ris el\u0151regy\u00e1rt\u00e1s \u00e9s kivitelez\u00e9s \u2013 a NORDii System \u00e9p\u00edt\u00e9s\u00fcgyi \u00e9s m\u0171szaki ir\u00e1nyelveinek \u00e9s BIM formarendszernek megfelel\u0151en.\" \/>\n<meta property=\"og:url\" content=\"https:\/\/nordiihomes.com\/de\/terelemek\/\" \/>\n<meta property=\"og:site_name\" content=\"Nordii Homes\" \/>\n<meta property=\"article:modified_time\" content=\"2024-03-21T13:31:03+00:00\" \/>\n<meta property=\"og:image\" content=\"https:\/\/nordiihomes.com\/wp-content\/uploads\/2024\/02\/ter_elem_2-1.webp\" \/>\n\t<meta property=\"og:image:width\" content=\"2000\" \/>\n\t<meta property=\"og:image:height\" content=\"1251\" \/>\n\t<meta property=\"og:image:type\" content=\"image\/webp\" \/>\n<meta name=\"twitter:card\" content=\"summary_large_image\" \/>\n<meta name=\"twitter:label1\" content=\"Gesch\u00e4tzte Lesezeit\" \/>\n\t<meta name=\"twitter:data1\" content=\"2\u00a0Minuten\" \/>\n<script type=\"application\/ld+json\" class=\"yoast-schema-graph\">{\"@context\":\"https:\/\/schema.org\",\"@graph\":[{\"@type\":\"WebPage\",\"@id\":\"https:\/\/nordiihomes.com\/terelemek\/\",\"url\":\"https:\/\/nordiihomes.com\/terelemek\/\",\"name\":\"T\u00e9relemek - Nordii Homes\",\"isPartOf\":{\"@id\":\"https:\/\/nordiihomes.com\/#website\"},\"primaryImageOfPage\":{\"@id\":\"https:\/\/nordiihomes.com\/terelemek\/#primaryimage\"},\"image\":{\"@id\":\"https:\/\/nordiihomes.com\/terelemek\/#primaryimage\"},\"thumbnailUrl\":\"https:\/\/nordiihomes.com\/wp-content\/uploads\/2024\/02\/ter_elem_2-1.webp\",\"datePublished\":\"2024-02-22T14:53:42+00:00\",\"dateModified\":\"2024-03-21T13:31:03+00:00\",\"description\":\"Formatervezett beton t\u00e9r-elem modul\u00e1ris el\u0151regy\u00e1rt\u00e1s \u00e9s kivitelez\u00e9s \u2013 a NORDii System \u00e9p\u00edt\u00e9s\u00fcgyi \u00e9s m\u0171szaki ir\u00e1nyelveinek \u00e9s BIM formarendszernek megfelel\u0151en.\",\"breadcrumb\":{\"@id\":\"https:\/\/nordiihomes.com\/terelemek\/#breadcrumb\"},\"inLanguage\":\"de\",\"potentialAction\":[{\"@type\":\"ReadAction\",\"target\":[\"https:\/\/nordiihomes.com\/terelemek\/\"]}]},{\"@type\":\"ImageObject\",\"inLanguage\":\"de\",\"@id\":\"https:\/\/nordiihomes.com\/terelemek\/#primaryimage\",\"url\":\"https:\/\/nordiihomes.com\/wp-content\/uploads\/2024\/02\/ter_elem_2-1.webp\",\"contentUrl\":\"https:\/\/nordiihomes.com\/wp-content\/uploads\/2024\/02\/ter_elem_2-1.webp\",\"width\":2000,\"height\":1251},{\"@type\":\"BreadcrumbList\",\"@id\":\"https:\/\/nordiihomes.com\/terelemek\/#breadcrumb\",\"itemListElement\":[{\"@type\":\"ListItem\",\"position\":1,\"name\":\"Kezd\u0151lap\",\"item\":\"https:\/\/nordiihomes.com\/\"},{\"@type\":\"ListItem\",\"position\":2,\"name\":\"T\u00e9relemek\"}]},{\"@type\":\"WebSite\",\"@id\":\"https:\/\/nordiihomes.com\/#website\",\"url\":\"https:\/\/nordiihomes.com\/\",\"name\":\"Nordii Homes\",\"description\":\"NORDii = modern akt\u00edv-h\u00e1z\",\"potentialAction\":[{\"@type\":\"SearchAction\",\"target\":{\"@type\":\"EntryPoint\",\"urlTemplate\":\"https:\/\/nordiihomes.com\/?s={search_term_string}\"},\"query-input\":{\"@type\":\"PropertyValueSpecification\",\"valueRequired\":true,\"valueName\":\"search_term_string\"}}],\"inLanguage\":\"de\"}]}<\/script>\n<!-- \/ Yoast SEO plugin. -->","yoast_head_json":{"title":"T\u00e9relemek - Nordii Homes","description":"Formatervezett beton t\u00e9r-elem modul\u00e1ris el\u0151regy\u00e1rt\u00e1s \u00e9s kivitelez\u00e9s \u2013 a NORDii System \u00e9p\u00edt\u00e9s\u00fcgyi \u00e9s m\u0171szaki ir\u00e1nyelveinek \u00e9s BIM formarendszernek megfelel\u0151en.","robots":{"index":"index","follow":"follow","max-snippet":"max-snippet:-1","max-image-preview":"max-image-preview:large","max-video-preview":"max-video-preview:-1"},"canonical":"https:\/\/nordiihomes.com\/de\/terelemek\/","og_locale":"de_DE","og_type":"article","og_title":"T\u00e9relemek - Nordii Homes","og_description":"Formatervezett beton t\u00e9r-elem modul\u00e1ris el\u0151regy\u00e1rt\u00e1s \u00e9s kivitelez\u00e9s \u2013 a NORDii System \u00e9p\u00edt\u00e9s\u00fcgyi \u00e9s m\u0171szaki ir\u00e1nyelveinek \u00e9s BIM formarendszernek megfelel\u0151en.","og_url":"https:\/\/nordiihomes.com\/de\/terelemek\/","og_site_name":"Nordii Homes","article_modified_time":"2024-03-21T13:31:03+00:00","og_image":[{"width":2000,"height":1251,"url":"https:\/\/nordiihomes.com\/wp-content\/uploads\/2024\/02\/ter_elem_2-1.webp","type":"image\/webp"}],"twitter_card":"summary_large_image","twitter_misc":{"Gesch\u00e4tzte Lesezeit":"2\u00a0Minuten"},"schema":{"@context":"https:\/\/schema.org","@graph":[{"@type":"WebPage","@id":"https:\/\/nordiihomes.com\/terelemek\/","url":"https:\/\/nordiihomes.com\/terelemek\/","name":"T\u00e9relemek - Nordii Homes","isPartOf":{"@id":"https:\/\/nordiihomes.com\/#website"},"primaryImageOfPage":{"@id":"https:\/\/nordiihomes.com\/terelemek\/#primaryimage"},"image":{"@id":"https:\/\/nordiihomes.com\/terelemek\/#primaryimage"},"thumbnailUrl":"https:\/\/nordiihomes.com\/wp-content\/uploads\/2024\/02\/ter_elem_2-1.webp","datePublished":"2024-02-22T14:53:42+00:00","dateModified":"2024-03-21T13:31:03+00:00","description":"Formatervezett beton t\u00e9r-elem modul\u00e1ris el\u0151regy\u00e1rt\u00e1s \u00e9s kivitelez\u00e9s \u2013 a NORDii System \u00e9p\u00edt\u00e9s\u00fcgyi \u00e9s m\u0171szaki ir\u00e1nyelveinek \u00e9s BIM formarendszernek megfelel\u0151en.","breadcrumb":{"@id":"https:\/\/nordiihomes.com\/terelemek\/#breadcrumb"},"inLanguage":"de","potentialAction":[{"@type":"ReadAction","target":["https:\/\/nordiihomes.com\/terelemek\/"]}]},{"@type":"ImageObject","inLanguage":"de","@id":"https:\/\/nordiihomes.com\/terelemek\/#primaryimage","url":"https:\/\/nordiihomes.com\/wp-content\/uploads\/2024\/02\/ter_elem_2-1.webp","contentUrl":"https:\/\/nordiihomes.com\/wp-content\/uploads\/2024\/02\/ter_elem_2-1.webp","width":2000,"height":1251},{"@type":"BreadcrumbList","@id":"https:\/\/nordiihomes.com\/terelemek\/#breadcrumb","itemListElement":[{"@type":"ListItem","position":1,"name":"Kezd\u0151lap","item":"https:\/\/nordiihomes.com\/"},{"@type":"ListItem","position":2,"name":"T\u00e9relemek"}]},{"@type":"WebSite","@id":"https:\/\/nordiihomes.com\/#website","url":"https:\/\/nordiihomes.com\/","name":"Nordii Homes","description":"NORDii = modern akt\u00edv-h\u00e1z","potentialAction":[{"@type":"SearchAction","target":{"@type":"EntryPoint","urlTemplate":"https:\/\/nordiihomes.com\/?s={search_term_string}"},"query-input":{"@type":"PropertyValueSpecification","valueRequired":true,"valueName":"search_term_string"}}],"inLanguage":"de"}]}},"_links":{"self":[{"href":"https:\/\/nordiihomes.com\/de\/wp-json\/wp\/v2\/pages\/237360","targetHints":{"allow":["GET"]}}],"collection":[{"href":"https:\/\/nordiihomes.com\/de\/wp-json\/wp\/v2\/pages"}],"about":[{"href":"https:\/\/nordiihomes.com\/de\/wp-json\/wp\/v2\/types\/page"}],"author":[{"embeddable":true,"href":"https:\/\/nordiihomes.com\/de\/wp-json\/wp\/v2\/users\/3"}],"replies":[{"embeddable":true,"href":"https:\/\/nordiihomes.com\/de\/wp-json\/wp\/v2\/comments?post=237360"}],"version-history":[{"count":19,"href":"https:\/\/nordiihomes.com\/de\/wp-json\/wp\/v2\/pages\/237360\/revisions"}],"predecessor-version":[{"id":238723,"href":"https:\/\/nordiihomes.com\/de\/wp-json\/wp\/v2\/pages\/237360\/revisions\/238723"}],"wp:featuredmedia":[{"embeddable":true,"href":"https:\/\/nordiihomes.com\/de\/wp-json\/wp\/v2\/media\/237585"}],"wp:attachment":[{"href":"https:\/\/nordiihomes.com\/de\/wp-json\/wp\/v2\/media?parent=237360"}],"curies":[{"name":"wp","href":"https:\/\/api.w.org\/{rel}","templated":true}]}}