{"id":237392,"date":"2024-02-22T16:32:54","date_gmt":"2024-02-22T15:32:54","guid":{"rendered":"https:\/\/nordiihomes.com\/?page_id=237392"},"modified":"2024-03-25T11:46:48","modified_gmt":"2024-03-25T10:46:48","slug":"csarnokok","status":"publish","type":"page","link":"https:\/\/nordiihomes.com\/de\/csarnokok\/","title":{"rendered":"Csarnokok"},"content":{"rendered":"<p>[et_pb_section fb_built=&#8221;1&#8243; _builder_version=&#8221;4.24.2&#8243; _module_preset=&#8221;default&#8221; background_color=&#8221;#2f393d&#8221; use_background_color_gradient=&#8221;on&#8221; background_color_gradient_stops=&#8221;#2f393d 1%|rgba(255,255,255,0) 100%&#8221; background_image=&#8221;https:\/\/nordiihomes.com\/wp-content\/uploads\/2024\/02\/NORDii_Irodacsarnok_tesla.webp&#8221; parallax=&#8221;on&#8221; parallax_method=&#8221;off&#8221; background_blend=&#8221;overlay&#8221; transform_scale_linked=&#8221;off&#8221; transform_translate_linked=&#8221;off&#8221; height=&#8221;103vh&#8221; height_tablet=&#8221;103vh&#8221; height_phone=&#8221;40vh&#8221; height_last_edited=&#8221;on|phone&#8221; custom_margin=&#8221;-115px||||false|false&#8221; global_colors_info=&#8221;{}&#8221;][et_pb_row make_equal=&#8221;on&#8221; _builder_version=&#8221;4.24.2&#8243; _module_preset=&#8221;default&#8221; position_origin_a_tablet=&#8221;&#8221; position_origin_a_phone=&#8221;bottom_center&#8221; position_origin_a_last_edited=&#8221;on|phone&#8221; position_origin_f_tablet=&#8221;&#8221; position_origin_f_phone=&#8221;&#8221; position_origin_f_last_edited=&#8221;on|phone&#8221; position_origin_r_tablet=&#8221;&#8221; position_origin_r_phone=&#8221;&#8221; position_origin_r_last_edited=&#8221;on|phone&#8221; width_tablet=&#8221;&#8221; width_phone=&#8221;100%&#8221; width_last_edited=&#8221;on|phone&#8221; custom_margin=&#8221;3vw||||false|false&#8221; custom_margin_tablet=&#8221;3vw||||false|false&#8221; custom_margin_phone=&#8221;80px||||false|false&#8221; custom_margin_last_edited=&#8221;on|phone&#8221; positioning_tablet=&#8221;&#8221; positioning_phone=&#8221;absolute&#8221; positioning_last_edited=&#8221;on|phone&#8221; custom_css_main_element=&#8221;margin: auto&#8221; global_colors_info=&#8221;{}&#8221;][et_pb_column type=&#8221;4_4&#8243; _builder_version=&#8221;4.24.1&#8243; _module_preset=&#8221;default&#8221; global_colors_info=&#8221;{}&#8221;][et_pb_text _builder_version=&#8221;4.24.2&#8243; _module_preset=&#8221;default&#8221; header_2_font=&#8221;Roboto||||||||&#8221; header_2_text_align=&#8221;center&#8221; header_2_text_color=&#8221;#ffffff&#8221; header_2_font_size=&#8221;46px&#8221; custom_margin=&#8221;||5px||false|false&#8221; custom_padding=&#8221;||0px||false|false&#8221; hover_enabled=&#8221;0&#8243; global_colors_info=&#8221;{}&#8221; header_font=&#8221;Roboto||||||||&#8221; header_text_align=&#8221;center&#8221; header_text_color=&#8221;#FFFFFF&#8221; header_font_size=&#8221;46px&#8221; sticky_enabled=&#8221;0&#8243;]<\/p>\n<h1>halle<\/h1>\n<p>[\/et_pb_text][\/et_pb_column][\/et_pb_row][\/et_pb_section][et_pb_section fb_built=&#8221;1&#8243; _builder_version=&#8221;4.24.2&#8243; _module_preset=&#8221;default&#8221; background_color=&#8221;#2f393d&#8221; use_background_color_gradient=&#8221;on&#8221; background_color_gradient_stops=&#8221;#2f393d 1%|rgba(255,255,255,0) 100%&#8221; background_image=&#8221;https:\/\/nordiihomes.com\/wp-content\/uploads\/2024\/02\/NORDii_Irodacsarnok_szerkezet.webp&#8221; background_position=&#8221;top_center&#8221; background_vertical_offset=&#8221;40%&#8221; background_blend=&#8221;overlay&#8221; height=&#8221;100vh&#8221; height_tablet=&#8221;100vh&#8221; height_phone=&#8221;40vh&#8221; height_last_edited=&#8221;on|phone&#8221; custom_margin=&#8221;0px||0px||true|false&#8221; custom_padding=&#8221;0px||0px||true|false&#8221; global_colors_info=&#8221;{}&#8221;][\/et_pb_section][et_pb_section fb_built=&#8221;1&#8243; _builder_version=&#8221;4.24.1&#8243; _module_preset=&#8221;default&#8221; background_color=&#8221;rgba(255,255,255,0.95)&#8221; background_image=&#8221;https:\/\/nordiihomes.com\/wp-content\/uploads\/2024\/02\/NORDii-Logo-1.png&#8221; background_size=&#8221;custom&#8221; background_image_width=&#8221;30%&#8221; background_position=&#8221;center_left&#8221; background_horizontal_offset=&#8221;9%&#8221; background_blend=&#8221;overlay&#8221; custom_margin=&#8221;0px||||false|false&#8221; custom_margin_tablet=&#8221;0px||||false|false&#8221; custom_margin_phone=&#8221;50px|20px|50px|20px|false|false&#8221; custom_margin_last_edited=&#8221;on|phone&#8221; custom_padding=&#8221;0px||0px||false|false&#8221; global_colors_info=&#8221;{}&#8221;][et_pb_row column_structure=&#8221;2_5,3_5&#8243; use_custom_gutter=&#8221;on&#8221; make_equal=&#8221;on&#8221; _builder_version=&#8221;4.24.1&#8243; _module_preset=&#8221;default&#8221; width=&#8221;100%&#8221; max_width=&#8221;100%&#8221; custom_margin=&#8221;5px||5px||false|false&#8221; custom_margin_tablet=&#8221;50px||50px||false|false&#8221; custom_margin_phone=&#8221;50px||50px||false|false&#8221; custom_margin_last_edited=&#8221;on|tablet&#8221; custom_padding=&#8221;0px||0px||true|false&#8221; custom_css_main_element=&#8221;align-items: center&#8221; global_colors_info=&#8221;{}&#8221;][et_pb_column type=&#8221;2_5&#8243; _builder_version=&#8221;4.24.1&#8243; _module_preset=&#8221;default&#8221; custom_padding=&#8221;|||6vw|false|false&#8221; custom_padding_tablet=&#8221;|6vw||6vw|false|true&#8221; custom_padding_phone=&#8221;|6vw||6vw|false|true&#8221; custom_padding_last_edited=&#8221;on|tablet&#8221; global_colors_info=&#8221;{}&#8221;][et_pb_text _builder_version=&#8221;4.24.2&#8243; _module_preset=&#8221;default&#8221; header_2_font=&#8221;Roboto|900|||||||&#8221; header_2_text_align=&#8221;center&#8221; header_2_text_color=&#8221;#2f393d&#8221; header_2_font_size=&#8221;50px&#8221; hover_enabled=&#8221;0&#8243; header_2_font_size_tablet=&#8221;50px&#8221; header_2_font_size_phone=&#8221;36px&#8221; header_2_font_size_last_edited=&#8221;on|phone&#8221; global_colors_info=&#8221;{}&#8221; sticky_enabled=&#8221;0&#8243;]<\/p>\n<h2>HALLE<\/h2>\n<p>[\/et_pb_text][et_pb_text _builder_version=&#8221;4.24.2&#8243; _module_preset=&#8221;default&#8221; text_font=&#8221;Roboto|300|||||||&#8221; text_text_color=&#8221;#2f393d&#8221; text_font_size=&#8221;16px&#8221; text_line_height=&#8221;1.6em&#8221; text_orientation=&#8221;center&#8221; global_colors_info=&#8221;{}&#8221;]<\/p>\n<p><span>In industriellen und logistischen <strong>befinden sich die B\u00fcros und andere Servicer\u00e4ume am Anfang der Halle \u2013 wir nennen diesen Teil die Kopfstruktur.<\/strong>\u00a0<\/span><span>\u00a0<\/span><span>Es geht nicht nur um das Erscheinungsbild und Design (1), sondern auch um <strong>ESG (2) Konformit\u00e4t.<\/strong> Der gr\u00f6\u00dfte Teil der Hallenkonstruktionen besteht aus Stahlbeton, ebenso wie das NORDii Kopfgeb\u00e4ude \u2013 B\u00fcro \u2013 die aus vorgefertigtem Stahlbeton besteht, was eine schnelle und einfache modulare Bauweise erm\u00f6glicht <strong>\u00e4hnlich wie Lego, und dadurch kosteneffektiv<\/strong> f\u00fcr Investoren und Eigent\u00fcmer ist.<\/span><\/p>\n<p>[\/et_pb_text][\/et_pb_column][et_pb_column type=&#8221;3_5&#8243; _builder_version=&#8221;4.24.0&#8243; _module_preset=&#8221;default&#8221; global_colors_info=&#8221;{}&#8221;][et_pb_image src=&#8221;https:\/\/nordiihomes.com\/wp-content\/uploads\/2024\/02\/NORDii_Irodacsarnok.webp&#8221; title_text=&#8221;NORDii_Iroda+csarnok&#8221; show_in_lightbox=&#8221;on&#8221; _builder_version=&#8221;4.24.2&#8243; _module_preset=&#8221;default&#8221; global_colors_info=&#8221;{}&#8221;][\/et_pb_image][\/et_pb_column][\/et_pb_row][\/et_pb_section]<\/p>","protected":false},"excerpt":{"rendered":"<p>csarnokCSARNOKIpari \u00e9s a logisztikai ingatlanokn\u00e1l: azaz a csarnok elej\u00e9n &#8211; ahogy mi h\u00edvjuk az els\u0151 r\u00e9szt: fejszerkezet &#8211; helyezkednek el az irod\u00e1k \u00e9s egy\u00e9b kiszolg\u00e1l\u00f3 helyis\u00e9gek.\u00a0\u00a0Nem csak a l\u00e1tv\u00e1ny \u00e9s a design (1) a fontos, hanem m\u00e1r az ESG (2) megfelel\u00e9s is. A csarnokok szerkezet\u00e9nek legnagyobb r\u00e9sze vasbetonb\u00f3l k\u00e9sz\u00fcl, ahogy a NORDii fejszerkezete &#8211; iroda &#8211; is el\u0151regy\u00e1rtott vasbetonb\u00f3l k\u00e9sz\u00fcl, ami nagyon gyors \u00e9s egyszer\u0171 &#8211; mert modul\u00e1ris t\u00e9r-elemekb\u0151l k\u00e9sz\u00fcl, mint a Lego &#8211; \u00e9p\u00edt\u00e9st tesz ez\u00e1ltal lehet\u0151v\u00e9, k\u00f6lts\u00e9ghat\u00e9konyan: a befektet\u0151k \u00e9s a tulajdonosok sz\u00e1m\u00e1ra egyar\u00e1nt.<\/p>","protected":false},"author":3,"featured_media":237395,"parent":0,"menu_order":0,"comment_status":"closed","ping_status":"closed","template":"","meta":{"_et_pb_use_builder":"on","_et_pb_old_content":"","_et_gb_content_width":"","footnotes":""},"class_list":["post-237392","page","type-page","status-publish","has-post-thumbnail","hentry"],"yoast_head":"<!-- This site is optimized with the Yoast SEO plugin v24.5 - https:\/\/yoast.com\/wordpress\/plugins\/seo\/ -->\n<title>Csarnokok - Nordii Homes<\/title>\n<meta name=\"description\" content=\"Ipari \u00e9s a logisztikai ingatlanokn\u00e1l: azaz a csarnok elej\u00e9n \u2013 ahogy mi h\u00edvjuk az els\u0151 r\u00e9szt: fejszerkezet \u2013 helyezkednek el az irod\u00e1k \u00e9s egy\u00e9b kiszolg\u00e1l\u00f3 helyis\u00e9gek.\" \/>\n<meta name=\"robots\" content=\"index, follow, max-snippet:-1, max-image-preview:large, max-video-preview:-1\" \/>\n<link rel=\"canonical\" href=\"https:\/\/nordiihomes.com\/de\/hu_hu\/csarnokok\/\" \/>\n<meta property=\"og:locale\" content=\"de_DE\" \/>\n<meta property=\"og:type\" content=\"article\" \/>\n<meta property=\"og:title\" content=\"Csarnokok - Nordii Homes\" \/>\n<meta property=\"og:description\" content=\"Ipari \u00e9s a logisztikai ingatlanokn\u00e1l: azaz a csarnok elej\u00e9n \u2013 ahogy mi h\u00edvjuk az els\u0151 r\u00e9szt: fejszerkezet \u2013 helyezkednek el az irod\u00e1k \u00e9s egy\u00e9b kiszolg\u00e1l\u00f3 helyis\u00e9gek.\" \/>\n<meta property=\"og:url\" content=\"https:\/\/nordiihomes.com\/de\/hu_hu\/csarnokok\/\" \/>\n<meta property=\"og:site_name\" content=\"Nordii Homes\" \/>\n<meta property=\"article:modified_time\" content=\"2024-03-25T10:46:48+00:00\" \/>\n<meta property=\"og:image\" content=\"https:\/\/nordiihomes.com\/wp-content\/uploads\/2024\/02\/NORDii_Irodacsarnok_tesla.webp\" \/>\n\t<meta property=\"og:image:width\" content=\"2000\" \/>\n\t<meta property=\"og:image:height\" content=\"1125\" \/>\n\t<meta property=\"og:image:type\" content=\"image\/webp\" \/>\n<meta name=\"twitter:card\" content=\"summary_large_image\" \/>\n<meta name=\"twitter:label1\" content=\"Gesch\u00e4tzte Lesezeit\" \/>\n\t<meta name=\"twitter:data1\" content=\"1\u00a0Minute\" \/>\n<script type=\"application\/ld+json\" class=\"yoast-schema-graph\">{\"@context\":\"https:\/\/schema.org\",\"@graph\":[{\"@type\":\"WebPage\",\"@id\":\"https:\/\/nordiihomes.com\/hu_hu\/csarnokok\/\",\"url\":\"https:\/\/nordiihomes.com\/hu_hu\/csarnokok\/\",\"name\":\"Csarnokok - Nordii Homes\",\"isPartOf\":{\"@id\":\"https:\/\/nordiihomes.com\/#website\"},\"primaryImageOfPage\":{\"@id\":\"https:\/\/nordiihomes.com\/hu_hu\/csarnokok\/#primaryimage\"},\"image\":{\"@id\":\"https:\/\/nordiihomes.com\/hu_hu\/csarnokok\/#primaryimage\"},\"thumbnailUrl\":\"https:\/\/nordiihomes.com\/wp-content\/uploads\/2024\/02\/NORDii_Irodacsarnok_tesla.webp\",\"datePublished\":\"2024-02-22T15:32:54+00:00\",\"dateModified\":\"2024-03-25T10:46:48+00:00\",\"description\":\"Ipari \u00e9s a logisztikai ingatlanokn\u00e1l: azaz a csarnok elej\u00e9n \u2013 ahogy mi h\u00edvjuk az els\u0151 r\u00e9szt: fejszerkezet \u2013 helyezkednek el az irod\u00e1k \u00e9s egy\u00e9b kiszolg\u00e1l\u00f3 helyis\u00e9gek.\",\"breadcrumb\":{\"@id\":\"https:\/\/nordiihomes.com\/hu_hu\/csarnokok\/#breadcrumb\"},\"inLanguage\":\"de\",\"potentialAction\":[{\"@type\":\"ReadAction\",\"target\":[\"https:\/\/nordiihomes.com\/hu_hu\/csarnokok\/\"]}]},{\"@type\":\"ImageObject\",\"inLanguage\":\"de\",\"@id\":\"https:\/\/nordiihomes.com\/hu_hu\/csarnokok\/#primaryimage\",\"url\":\"https:\/\/nordiihomes.com\/wp-content\/uploads\/2024\/02\/NORDii_Irodacsarnok_tesla.webp\",\"contentUrl\":\"https:\/\/nordiihomes.com\/wp-content\/uploads\/2024\/02\/NORDii_Irodacsarnok_tesla.webp\",\"width\":2000,\"height\":1125},{\"@type\":\"BreadcrumbList\",\"@id\":\"https:\/\/nordiihomes.com\/hu_hu\/csarnokok\/#breadcrumb\",\"itemListElement\":[{\"@type\":\"ListItem\",\"position\":1,\"name\":\"Kezd\u0151lap\",\"item\":\"https:\/\/nordiihomes.com\/\"},{\"@type\":\"ListItem\",\"position\":2,\"name\":\"Csarnokok\"}]},{\"@type\":\"WebSite\",\"@id\":\"https:\/\/nordiihomes.com\/#website\",\"url\":\"https:\/\/nordiihomes.com\/\",\"name\":\"Nordii Homes\",\"description\":\"NORDii = modern akt\u00edv-h\u00e1z\",\"potentialAction\":[{\"@type\":\"SearchAction\",\"target\":{\"@type\":\"EntryPoint\",\"urlTemplate\":\"https:\/\/nordiihomes.com\/?s={search_term_string}\"},\"query-input\":{\"@type\":\"PropertyValueSpecification\",\"valueRequired\":true,\"valueName\":\"search_term_string\"}}],\"inLanguage\":\"de\"}]}<\/script>\n<!-- \/ Yoast SEO plugin. -->","yoast_head_json":{"title":"Csarnokok - Nordii Homes","description":"Ipari \u00e9s a logisztikai ingatlanokn\u00e1l: azaz a csarnok elej\u00e9n \u2013 ahogy mi h\u00edvjuk az els\u0151 r\u00e9szt: fejszerkezet \u2013 helyezkednek el az irod\u00e1k \u00e9s egy\u00e9b kiszolg\u00e1l\u00f3 helyis\u00e9gek.","robots":{"index":"index","follow":"follow","max-snippet":"max-snippet:-1","max-image-preview":"max-image-preview:large","max-video-preview":"max-video-preview:-1"},"canonical":"https:\/\/nordiihomes.com\/de\/hu_hu\/csarnokok\/","og_locale":"de_DE","og_type":"article","og_title":"Csarnokok - Nordii Homes","og_description":"Ipari \u00e9s a logisztikai ingatlanokn\u00e1l: azaz a csarnok elej\u00e9n \u2013 ahogy mi h\u00edvjuk az els\u0151 r\u00e9szt: fejszerkezet \u2013 helyezkednek el az irod\u00e1k \u00e9s egy\u00e9b kiszolg\u00e1l\u00f3 helyis\u00e9gek.","og_url":"https:\/\/nordiihomes.com\/de\/hu_hu\/csarnokok\/","og_site_name":"Nordii Homes","article_modified_time":"2024-03-25T10:46:48+00:00","og_image":[{"width":2000,"height":1125,"url":"https:\/\/nordiihomes.com\/wp-content\/uploads\/2024\/02\/NORDii_Irodacsarnok_tesla.webp","type":"image\/webp"}],"twitter_card":"summary_large_image","twitter_misc":{"Gesch\u00e4tzte Lesezeit":"1\u00a0Minute"},"schema":{"@context":"https:\/\/schema.org","@graph":[{"@type":"WebPage","@id":"https:\/\/nordiihomes.com\/hu_hu\/csarnokok\/","url":"https:\/\/nordiihomes.com\/hu_hu\/csarnokok\/","name":"Csarnokok - Nordii Homes","isPartOf":{"@id":"https:\/\/nordiihomes.com\/#website"},"primaryImageOfPage":{"@id":"https:\/\/nordiihomes.com\/hu_hu\/csarnokok\/#primaryimage"},"image":{"@id":"https:\/\/nordiihomes.com\/hu_hu\/csarnokok\/#primaryimage"},"thumbnailUrl":"https:\/\/nordiihomes.com\/wp-content\/uploads\/2024\/02\/NORDii_Irodacsarnok_tesla.webp","datePublished":"2024-02-22T15:32:54+00:00","dateModified":"2024-03-25T10:46:48+00:00","description":"Ipari \u00e9s a logisztikai ingatlanokn\u00e1l: azaz a csarnok elej\u00e9n \u2013 ahogy mi h\u00edvjuk az els\u0151 r\u00e9szt: fejszerkezet \u2013 helyezkednek el az irod\u00e1k \u00e9s egy\u00e9b kiszolg\u00e1l\u00f3 helyis\u00e9gek.","breadcrumb":{"@id":"https:\/\/nordiihomes.com\/hu_hu\/csarnokok\/#breadcrumb"},"inLanguage":"de","potentialAction":[{"@type":"ReadAction","target":["https:\/\/nordiihomes.com\/hu_hu\/csarnokok\/"]}]},{"@type":"ImageObject","inLanguage":"de","@id":"https:\/\/nordiihomes.com\/hu_hu\/csarnokok\/#primaryimage","url":"https:\/\/nordiihomes.com\/wp-content\/uploads\/2024\/02\/NORDii_Irodacsarnok_tesla.webp","contentUrl":"https:\/\/nordiihomes.com\/wp-content\/uploads\/2024\/02\/NORDii_Irodacsarnok_tesla.webp","width":2000,"height":1125},{"@type":"BreadcrumbList","@id":"https:\/\/nordiihomes.com\/hu_hu\/csarnokok\/#breadcrumb","itemListElement":[{"@type":"ListItem","position":1,"name":"Kezd\u0151lap","item":"https:\/\/nordiihomes.com\/"},{"@type":"ListItem","position":2,"name":"Csarnokok"}]},{"@type":"WebSite","@id":"https:\/\/nordiihomes.com\/#website","url":"https:\/\/nordiihomes.com\/","name":"Nordii Homes","description":"NORDii = modern akt\u00edv-h\u00e1z","potentialAction":[{"@type":"SearchAction","target":{"@type":"EntryPoint","urlTemplate":"https:\/\/nordiihomes.com\/?s={search_term_string}"},"query-input":{"@type":"PropertyValueSpecification","valueRequired":true,"valueName":"search_term_string"}}],"inLanguage":"de"}]}},"_links":{"self":[{"href":"https:\/\/nordiihomes.com\/de\/wp-json\/wp\/v2\/pages\/237392","targetHints":{"allow":["GET"]}}],"collection":[{"href":"https:\/\/nordiihomes.com\/de\/wp-json\/wp\/v2\/pages"}],"about":[{"href":"https:\/\/nordiihomes.com\/de\/wp-json\/wp\/v2\/types\/page"}],"author":[{"embeddable":true,"href":"https:\/\/nordiihomes.com\/de\/wp-json\/wp\/v2\/users\/3"}],"replies":[{"embeddable":true,"href":"https:\/\/nordiihomes.com\/de\/wp-json\/wp\/v2\/comments?post=237392"}],"version-history":[{"count":16,"href":"https:\/\/nordiihomes.com\/de\/wp-json\/wp\/v2\/pages\/237392\/revisions"}],"predecessor-version":[{"id":238826,"href":"https:\/\/nordiihomes.com\/de\/wp-json\/wp\/v2\/pages\/237392\/revisions\/238826"}],"wp:featuredmedia":[{"embeddable":true,"href":"https:\/\/nordiihomes.com\/de\/wp-json\/wp\/v2\/media\/237395"}],"wp:attachment":[{"href":"https:\/\/nordiihomes.com\/de\/wp-json\/wp\/v2\/media?parent=237392"}],"curies":[{"name":"wp","href":"https:\/\/api.w.org\/{rel}","templated":true}]}}