{"id":237414,"date":"2024-02-23T11:21:36","date_gmt":"2024-02-23T10:21:36","guid":{"rendered":"https:\/\/nordiihomes.com\/?page_id=237414"},"modified":"2024-03-21T13:59:33","modified_gmt":"2024-03-21T12:59:33","slug":"modern-2","status":"publish","type":"page","link":"https:\/\/nordiihomes.com\/de\/modern-2\/","title":{"rendered":"Modern 2"},"content":{"rendered":"<p>[et_pb_section fb_built=&#8221;1&#8243; _builder_version=&#8221;4.24.2&#8243; _module_preset=&#8221;default&#8221; background_color=&#8221;#2f393d&#8221; use_background_color_gradient=&#8221;on&#8221; background_color_gradient_stops=&#8221;#2f393d 1%|rgba(255,255,255,0) 100%&#8221; background_image=&#8221;https:\/\/nordiihomes.com\/wp-content\/uploads\/2024\/03\/Modern-2_8K.webp&#8221; parallax=&#8221;on&#8221; parallax_method=&#8221;off&#8221; background_blend=&#8221;overlay&#8221; transform_scale_linked=&#8221;off&#8221; transform_translate_linked=&#8221;off&#8221; height=&#8221;103vh&#8221; height_tablet=&#8221;103vh&#8221; height_phone=&#8221;50vh&#8221; height_last_edited=&#8221;on|phone&#8221; custom_margin=&#8221;-115px||||false|false&#8221; global_colors_info=&#8221;{}&#8221;][et_pb_row make_equal=&#8221;on&#8221; _builder_version=&#8221;4.24.2&#8243; _module_preset=&#8221;default&#8221; vertical_offset_tablet=&#8221;&#8221; vertical_offset_phone=&#8221;-30px&#8221; vertical_offset_last_edited=&#8221;on|phone&#8221; position_origin_a_tablet=&#8221;&#8221; position_origin_a_phone=&#8221;bottom_center&#8221; position_origin_a_last_edited=&#8221;on|phone&#8221; position_origin_f_tablet=&#8221;&#8221; position_origin_f_phone=&#8221;&#8221; position_origin_f_last_edited=&#8221;on|phone&#8221; position_origin_r_tablet=&#8221;&#8221; position_origin_r_phone=&#8221;&#8221; position_origin_r_last_edited=&#8221;on|phone&#8221; width_tablet=&#8221;&#8221; width_phone=&#8221;100%&#8221; width_last_edited=&#8221;on|phone&#8221; custom_margin=&#8221;0vh||||false|false&#8221; positioning_tablet=&#8221;&#8221; positioning_phone=&#8221;absolute&#8221; positioning_last_edited=&#8221;on|phone&#8221; custom_css_main_element=&#8221;margin: auto&#8221; global_colors_info=&#8221;{}&#8221;][et_pb_column type=&#8221;4_4&#8243; _builder_version=&#8221;4.24.1&#8243; _module_preset=&#8221;default&#8221; global_colors_info=&#8221;{}&#8221;][et_pb_text _builder_version=&#8221;4.24.2&#8243; _module_preset=&#8221;default&#8221; header_font=&#8221;Roboto||||||||&#8221; header_text_align=&#8221;center&#8221; header_text_color=&#8221;#FFFFFF&#8221; header_font_size=&#8221;46px&#8221; header_2_font=&#8221;Roboto||||||||&#8221; header_2_text_align=&#8221;center&#8221; header_2_text_color=&#8221;#FFFFFF&#8221; header_2_font_size=&#8221;46px&#8221; custom_margin=&#8221;||5px||false|false&#8221; custom_padding=&#8221;||0px||false|false&#8221; global_colors_info=&#8221;{}&#8221;]<\/p>\n<h1>modern 2<\/h1>\n<p>[\/et_pb_text][\/et_pb_column][\/et_pb_row][\/et_pb_section][et_pb_section fb_built=&#8221;1&#8243; _builder_version=&#8221;4.24.2&#8243; _module_preset=&#8221;default&#8221; background_color=&#8221;#2f393d&#8221; use_background_color_gradient=&#8221;on&#8221; background_color_gradient_stops=&#8221;#2f393d 1%|rgba(255,255,255,0) 100%&#8221; background_image=&#8221;https:\/\/nordiihomes.com\/wp-content\/uploads\/2024\/03\/Modern-2_napnyugta-v2_8K-copy.webp&#8221; background_position=&#8221;top_center&#8221; background_vertical_offset=&#8221;40%&#8221; background_blend=&#8221;overlay&#8221; height=&#8221;100vh&#8221; height_tablet=&#8221;100vh&#8221; height_phone=&#8221;50vh&#8221; height_last_edited=&#8221;on|phone&#8221; custom_margin=&#8221;0px||0px||true|false&#8221; custom_padding=&#8221;0px||0px||true|false&#8221; global_colors_info=&#8221;{}&#8221;][\/et_pb_section][et_pb_section fb_built=&#8221;1&#8243; _builder_version=&#8221;4.24.1&#8243; _module_preset=&#8221;default&#8221; background_color=&#8221;rgba(255,255,255,0.95)&#8221; background_image=&#8221;https:\/\/nordiihomes.com\/wp-content\/uploads\/2024\/02\/NORDii-Logo-1.png&#8221; background_size=&#8221;custom&#8221; background_image_width=&#8221;30%&#8221; background_position=&#8221;center_left&#8221; background_horizontal_offset=&#8221;9%&#8221; background_blend=&#8221;overlay&#8221; custom_margin=&#8221;0px||||false|false&#8221; custom_padding=&#8221;0px||0px||false|false&#8221; global_colors_info=&#8221;{}&#8221;][et_pb_row column_structure=&#8221;2_5,3_5&#8243; use_custom_gutter=&#8221;on&#8221; make_equal=&#8221;on&#8221; _builder_version=&#8221;4.24.1&#8243; _module_preset=&#8221;default&#8221; width=&#8221;100%&#8221; max_width=&#8221;100%&#8221; custom_margin=&#8221;5px||5px||false|false&#8221; custom_margin_tablet=&#8221;5px||5px||false|false&#8221; custom_margin_phone=&#8221;30px||30px||false|false&#8221; custom_margin_last_edited=&#8221;on|phone&#8221; custom_padding=&#8221;0px||0px||true|false&#8221; custom_css_main_element=&#8221;align-items: center&#8221; global_colors_info=&#8221;{}&#8221;][et_pb_column type=&#8221;2_5&#8243; _builder_version=&#8221;4.24.1&#8243; _module_preset=&#8221;default&#8221; custom_padding=&#8221;|||6vw|false|false&#8221; custom_padding_tablet=&#8221;|||6vw|false|false&#8221; custom_padding_phone=&#8221;|20px||20px|false|true&#8221; custom_padding_last_edited=&#8221;on|phone&#8221; global_colors_info=&#8221;{}&#8221;][et_pb_text _builder_version=&#8221;4.24.2&#8243; _module_preset=&#8221;default&#8221; header_2_font=&#8221;Roboto|900|||||||&#8221; header_2_text_align=&#8221;center&#8221; header_2_text_color=&#8221;#2f393d&#8221; header_2_font_size=&#8221;50px&#8221; global_colors_info=&#8221;{}&#8221;]<\/p>\n<h2>MODERN 2<\/h2>\n<p>[\/et_pb_text][et_pb_text _builder_version=&#8221;4.24.2&#8243; _module_preset=&#8221;default&#8221; text_font=&#8221;Roboto|300|||||||&#8221; text_text_color=&#8221;#2f393d&#8221; text_font_size=&#8221;16px&#8221; text_line_height=&#8221;1.6em&#8221; text_orientation=&#8221;center&#8221; global_colors_info=&#8221;{}&#8221;]<\/p>\n<p><span>Wie der Name schon sagt: Modern2 <strong>ist ein zweist\u00f6ckiges Geb\u00e4ude mit Flachdach. Es verf\u00fcgt \u00fcber einen<\/strong> <strong>Loft<\/strong> \u2013 einen hohen Wohnraum \u2013 der mit einer Raumh\u00f6he von bis zu 5,0 m bestellt werden kann. <strong>Geeignet als Wohnung, Ferienhaus, B\u00fcro, Ausstellungsgeb\u00e4ude sowie Reihen- und Kettenhaus:<\/strong> modern, minimalistisch und repr\u00e4sentativ. <strong>Kompatibel und leicht kombinierbar mit Modern 1,<\/strong> wodurch durch die modulare Bauweise Doppelh\u00e4user oder Reihenh\u00e4user gebaut werden k\u00f6nnen.<\/span><\/p>\n<p>[\/et_pb_text][\/et_pb_column][et_pb_column type=&#8221;3_5&#8243; _builder_version=&#8221;4.24.0&#8243; _module_preset=&#8221;default&#8221; global_colors_info=&#8221;{}&#8221;][et_pb_image src=&#8221;https:\/\/nordiihomes.com\/wp-content\/uploads\/2024\/03\/modern_2-1-copy-1.webp&#8221; title_text=&#8221;modern_2 (1) copy&#8221; _builder_version=&#8221;4.24.2&#8243; _module_preset=&#8221;default&#8221; max_width=&#8221;90%&#8221; module_alignment=&#8221;right&#8221; custom_margin=&#8221;0px||4px||false|false&#8221; custom_padding=&#8221;0px||||false|false&#8221; hover_enabled=&#8221;0&#8243; global_colors_info=&#8221;{}&#8221; max_width_last_edited=&#8221;on|phone&#8221; max_width_phone=&#8221;100%&#8221; module_alignment_last_edited=&#8221;on|phone&#8221; module_alignment_phone=&#8221;center&#8221; sticky_enabled=&#8221;0&#8243; max_width_tablet=&#8221;90%&#8221; module_alignment_tablet=&#8221;right&#8221;][\/et_pb_image][et_pb_image src=&#8221;https:\/\/nordiihomes.com\/wp-content\/uploads\/2024\/03\/modern_2_3-copy-1.webp&#8221; title_text=&#8221;modern_2_3 copy&#8221; show_in_lightbox=&#8221;on&#8221; _builder_version=&#8221;4.24.2&#8243; _module_preset=&#8221;default&#8221; width=&#8221;90%&#8221; module_alignment=&#8221;right&#8221; custom_margin=&#8221;||5px||false|false&#8221; custom_padding=&#8221;||0px||false|false&#8221; hover_enabled=&#8221;0&#8243; global_colors_info=&#8221;{}&#8221; sticky_enabled=&#8221;0&#8243; width_last_edited=&#8221;on|phone&#8221; width_phone=&#8221;100%&#8221; module_alignment_last_edited=&#8221;on|phone&#8221; module_alignment_phone=&#8221;center&#8221; width_tablet=&#8221;90%&#8221; module_alignment_tablet=&#8221;right&#8221;][\/et_pb_image][\/et_pb_column][\/et_pb_row][\/et_pb_section]<\/p>","protected":false},"excerpt":{"rendered":"<p>modern 2MODERN 2Ahogy a nev\u00e9ben is benne van: Modern2 f\u00f6ldszint + emelet, azaz k\u00e9t szintes \u00e9p\u00fclet \u00e9s lapos tet\u0151s megold\u00e1ssal kialak\u00edtva. Loft &#8211; nagy belmagass\u00e1g\u00fa \u00e9lett\u00e9r &#8211; ami k\u00f6zel 5,0 m-es belmagass\u00e1ggal is rendelhet\u0151. Lak\u00e1snak, \u00fcd\u00fcl\u0151nek, irod\u00e1nak \u00e9s bemutat\u00f3 \u00e9p\u00fcletnek, sor- \u00e9s l\u00e1nch\u00e1znak is kiv\u00e1l\u00f3: ami modern, minimalista \u00e9s reprezentat\u00edv is egyben. Modern1 \u00e9p\u00fclettel kompatibilis \u00e9s k\u00f6nnyen \u00f6ssze-\u00e9p\u00edthet\u0151, \u00edgy a modul\u00e1ris kialak\u00edt\u00e1snak k\u00f6sz\u00f6nhet\u0151en: ikerh\u00e1z vagy l\u00e1nc\/sorh\u00e1z is \u00e9p\u00edthet\u0151 bel\u0151le.<\/p>","protected":false},"author":3,"featured_media":238391,"parent":0,"menu_order":0,"comment_status":"closed","ping_status":"closed","template":"","meta":{"_et_pb_use_builder":"on","_et_pb_old_content":"","_et_gb_content_width":"","footnotes":""},"class_list":["post-237414","page","type-page","status-publish","has-post-thumbnail","hentry"],"yoast_head":"<!-- This site is optimized with the Yoast SEO plugin v24.5 - https:\/\/yoast.com\/wordpress\/plugins\/seo\/ -->\n<title>Modern 2 - Nordii Homes<\/title>\n<meta name=\"description\" content=\"Modern2 f\u00f6ldszint + emelet, azaz k\u00e9t szintes \u00e9p\u00fclet \u00e9s lapos tet\u0151s megold\u00e1ssal kialak\u00edtva. Loft \u2013 nagy belmagass\u00e1g\u00fa \u00e9lett\u00e9r \u2013 ami k\u00f6zel 5,0 m-es belmagass\u00e1ggal is rendelhet\u0151.\" \/>\n<meta name=\"robots\" content=\"index, follow, max-snippet:-1, max-image-preview:large, max-video-preview:-1\" \/>\n<link rel=\"canonical\" href=\"https:\/\/nordiihomes.com\/de\/modern-2\/\" \/>\n<meta property=\"og:locale\" content=\"de_DE\" \/>\n<meta property=\"og:type\" content=\"article\" \/>\n<meta property=\"og:title\" content=\"Modern 2 - Nordii Homes\" \/>\n<meta property=\"og:description\" content=\"Modern2 f\u00f6ldszint + emelet, azaz k\u00e9t szintes \u00e9p\u00fclet \u00e9s lapos tet\u0151s megold\u00e1ssal kialak\u00edtva. Loft \u2013 nagy belmagass\u00e1g\u00fa \u00e9lett\u00e9r \u2013 ami k\u00f6zel 5,0 m-es belmagass\u00e1ggal is rendelhet\u0151.\" \/>\n<meta property=\"og:url\" content=\"https:\/\/nordiihomes.com\/de\/modern-2\/\" \/>\n<meta property=\"og:site_name\" content=\"Nordii Homes\" \/>\n<meta property=\"article:modified_time\" content=\"2024-03-21T12:59:33+00:00\" \/>\n<meta property=\"og:image\" content=\"https:\/\/nordiihomes.com\/wp-content\/uploads\/2024\/03\/Modern-2_8K.webp\" \/>\n\t<meta property=\"og:image:width\" content=\"2000\" \/>\n\t<meta property=\"og:image:height\" content=\"1125\" \/>\n\t<meta property=\"og:image:type\" content=\"image\/webp\" \/>\n<meta name=\"twitter:card\" content=\"summary_large_image\" \/>\n<meta name=\"twitter:label1\" content=\"Gesch\u00e4tzte Lesezeit\" \/>\n\t<meta name=\"twitter:data1\" content=\"1\u00a0Minute\" \/>\n<script type=\"application\/ld+json\" class=\"yoast-schema-graph\">{\"@context\":\"https:\/\/schema.org\",\"@graph\":[{\"@type\":\"WebPage\",\"@id\":\"https:\/\/nordiihomes.com\/modern-2\/\",\"url\":\"https:\/\/nordiihomes.com\/modern-2\/\",\"name\":\"Modern 2 - Nordii Homes\",\"isPartOf\":{\"@id\":\"https:\/\/nordiihomes.com\/#website\"},\"primaryImageOfPage\":{\"@id\":\"https:\/\/nordiihomes.com\/modern-2\/#primaryimage\"},\"image\":{\"@id\":\"https:\/\/nordiihomes.com\/modern-2\/#primaryimage\"},\"thumbnailUrl\":\"https:\/\/nordiihomes.com\/wp-content\/uploads\/2024\/03\/Modern-2_8K.webp\",\"datePublished\":\"2024-02-23T10:21:36+00:00\",\"dateModified\":\"2024-03-21T12:59:33+00:00\",\"description\":\"Modern2 f\u00f6ldszint + emelet, azaz k\u00e9t szintes \u00e9p\u00fclet \u00e9s lapos tet\u0151s megold\u00e1ssal kialak\u00edtva. Loft \u2013 nagy belmagass\u00e1g\u00fa \u00e9lett\u00e9r \u2013 ami k\u00f6zel 5,0 m-es belmagass\u00e1ggal is rendelhet\u0151.\",\"breadcrumb\":{\"@id\":\"https:\/\/nordiihomes.com\/modern-2\/#breadcrumb\"},\"inLanguage\":\"de\",\"potentialAction\":[{\"@type\":\"ReadAction\",\"target\":[\"https:\/\/nordiihomes.com\/modern-2\/\"]}]},{\"@type\":\"ImageObject\",\"inLanguage\":\"de\",\"@id\":\"https:\/\/nordiihomes.com\/modern-2\/#primaryimage\",\"url\":\"https:\/\/nordiihomes.com\/wp-content\/uploads\/2024\/03\/Modern-2_8K.webp\",\"contentUrl\":\"https:\/\/nordiihomes.com\/wp-content\/uploads\/2024\/03\/Modern-2_8K.webp\",\"width\":2000,\"height\":1125},{\"@type\":\"BreadcrumbList\",\"@id\":\"https:\/\/nordiihomes.com\/modern-2\/#breadcrumb\",\"itemListElement\":[{\"@type\":\"ListItem\",\"position\":1,\"name\":\"Kezd\u0151lap\",\"item\":\"https:\/\/nordiihomes.com\/\"},{\"@type\":\"ListItem\",\"position\":2,\"name\":\"Modern 2\"}]},{\"@type\":\"WebSite\",\"@id\":\"https:\/\/nordiihomes.com\/#website\",\"url\":\"https:\/\/nordiihomes.com\/\",\"name\":\"Nordii Homes\",\"description\":\"NORDii = modern akt\u00edv-h\u00e1z\",\"potentialAction\":[{\"@type\":\"SearchAction\",\"target\":{\"@type\":\"EntryPoint\",\"urlTemplate\":\"https:\/\/nordiihomes.com\/?s={search_term_string}\"},\"query-input\":{\"@type\":\"PropertyValueSpecification\",\"valueRequired\":true,\"valueName\":\"search_term_string\"}}],\"inLanguage\":\"de\"}]}<\/script>\n<!-- \/ Yoast SEO plugin. -->","yoast_head_json":{"title":"Modern 2 - Nordii Homes","description":"Modern2 f\u00f6ldszint + emelet, azaz k\u00e9t szintes \u00e9p\u00fclet \u00e9s lapos tet\u0151s megold\u00e1ssal kialak\u00edtva. Loft \u2013 nagy belmagass\u00e1g\u00fa \u00e9lett\u00e9r \u2013 ami k\u00f6zel 5,0 m-es belmagass\u00e1ggal is rendelhet\u0151.","robots":{"index":"index","follow":"follow","max-snippet":"max-snippet:-1","max-image-preview":"max-image-preview:large","max-video-preview":"max-video-preview:-1"},"canonical":"https:\/\/nordiihomes.com\/de\/modern-2\/","og_locale":"de_DE","og_type":"article","og_title":"Modern 2 - Nordii Homes","og_description":"Modern2 f\u00f6ldszint + emelet, azaz k\u00e9t szintes \u00e9p\u00fclet \u00e9s lapos tet\u0151s megold\u00e1ssal kialak\u00edtva. Loft \u2013 nagy belmagass\u00e1g\u00fa \u00e9lett\u00e9r \u2013 ami k\u00f6zel 5,0 m-es belmagass\u00e1ggal is rendelhet\u0151.","og_url":"https:\/\/nordiihomes.com\/de\/modern-2\/","og_site_name":"Nordii Homes","article_modified_time":"2024-03-21T12:59:33+00:00","og_image":[{"width":2000,"height":1125,"url":"https:\/\/nordiihomes.com\/wp-content\/uploads\/2024\/03\/Modern-2_8K.webp","type":"image\/webp"}],"twitter_card":"summary_large_image","twitter_misc":{"Gesch\u00e4tzte Lesezeit":"1\u00a0Minute"},"schema":{"@context":"https:\/\/schema.org","@graph":[{"@type":"WebPage","@id":"https:\/\/nordiihomes.com\/modern-2\/","url":"https:\/\/nordiihomes.com\/modern-2\/","name":"Modern 2 - Nordii Homes","isPartOf":{"@id":"https:\/\/nordiihomes.com\/#website"},"primaryImageOfPage":{"@id":"https:\/\/nordiihomes.com\/modern-2\/#primaryimage"},"image":{"@id":"https:\/\/nordiihomes.com\/modern-2\/#primaryimage"},"thumbnailUrl":"https:\/\/nordiihomes.com\/wp-content\/uploads\/2024\/03\/Modern-2_8K.webp","datePublished":"2024-02-23T10:21:36+00:00","dateModified":"2024-03-21T12:59:33+00:00","description":"Modern2 f\u00f6ldszint + emelet, azaz k\u00e9t szintes \u00e9p\u00fclet \u00e9s lapos tet\u0151s megold\u00e1ssal kialak\u00edtva. Loft \u2013 nagy belmagass\u00e1g\u00fa \u00e9lett\u00e9r \u2013 ami k\u00f6zel 5,0 m-es belmagass\u00e1ggal is rendelhet\u0151.","breadcrumb":{"@id":"https:\/\/nordiihomes.com\/modern-2\/#breadcrumb"},"inLanguage":"de","potentialAction":[{"@type":"ReadAction","target":["https:\/\/nordiihomes.com\/modern-2\/"]}]},{"@type":"ImageObject","inLanguage":"de","@id":"https:\/\/nordiihomes.com\/modern-2\/#primaryimage","url":"https:\/\/nordiihomes.com\/wp-content\/uploads\/2024\/03\/Modern-2_8K.webp","contentUrl":"https:\/\/nordiihomes.com\/wp-content\/uploads\/2024\/03\/Modern-2_8K.webp","width":2000,"height":1125},{"@type":"BreadcrumbList","@id":"https:\/\/nordiihomes.com\/modern-2\/#breadcrumb","itemListElement":[{"@type":"ListItem","position":1,"name":"Kezd\u0151lap","item":"https:\/\/nordiihomes.com\/"},{"@type":"ListItem","position":2,"name":"Modern 2"}]},{"@type":"WebSite","@id":"https:\/\/nordiihomes.com\/#website","url":"https:\/\/nordiihomes.com\/","name":"Nordii Homes","description":"NORDii = modern akt\u00edv-h\u00e1z","potentialAction":[{"@type":"SearchAction","target":{"@type":"EntryPoint","urlTemplate":"https:\/\/nordiihomes.com\/?s={search_term_string}"},"query-input":{"@type":"PropertyValueSpecification","valueRequired":true,"valueName":"search_term_string"}}],"inLanguage":"de"}]}},"_links":{"self":[{"href":"https:\/\/nordiihomes.com\/de\/wp-json\/wp\/v2\/pages\/237414","targetHints":{"allow":["GET"]}}],"collection":[{"href":"https:\/\/nordiihomes.com\/de\/wp-json\/wp\/v2\/pages"}],"about":[{"href":"https:\/\/nordiihomes.com\/de\/wp-json\/wp\/v2\/types\/page"}],"author":[{"embeddable":true,"href":"https:\/\/nordiihomes.com\/de\/wp-json\/wp\/v2\/users\/3"}],"replies":[{"embeddable":true,"href":"https:\/\/nordiihomes.com\/de\/wp-json\/wp\/v2\/comments?post=237414"}],"version-history":[{"count":20,"href":"https:\/\/nordiihomes.com\/de\/wp-json\/wp\/v2\/pages\/237414\/revisions"}],"predecessor-version":[{"id":238703,"href":"https:\/\/nordiihomes.com\/de\/wp-json\/wp\/v2\/pages\/237414\/revisions\/238703"}],"wp:featuredmedia":[{"embeddable":true,"href":"https:\/\/nordiihomes.com\/de\/wp-json\/wp\/v2\/media\/238391"}],"wp:attachment":[{"href":"https:\/\/nordiihomes.com\/de\/wp-json\/wp\/v2\/media?parent=237414"}],"curies":[{"name":"wp","href":"https:\/\/api.w.org\/{rel}","templated":true}]}}