{"id":237421,"date":"2024-02-23T11:26:42","date_gmt":"2024-02-23T10:26:42","guid":{"rendered":"https:\/\/nordiihomes.com\/?page_id=237421"},"modified":"2024-03-21T13:50:48","modified_gmt":"2024-03-21T12:50:48","slug":"minimal-2-2","status":"publish","type":"page","link":"https:\/\/nordiihomes.com\/de\/minimal-2-2\/","title":{"rendered":"Minimal 2"},"content":{"rendered":"<p>[et_pb_section fb_built=&#8221;1&#8243; _builder_version=&#8221;4.24.2&#8243; _module_preset=&#8221;default&#8221; background_color=&#8221;#2f393d&#8221; use_background_color_gradient=&#8221;on&#8221; background_color_gradient_stops=&#8221;#2f393d 1%|rgba(255,255,255,0) 100%&#8221; background_image=&#8221;https:\/\/nordiihomes.com\/wp-content\/uploads\/2024\/02\/Minimal-2.webp&#8221; parallax=&#8221;on&#8221; parallax_method=&#8221;off&#8221; background_blend=&#8221;overlay&#8221; transform_scale_linked=&#8221;off&#8221; transform_translate_linked=&#8221;off&#8221; height=&#8221;103vh&#8221; custom_margin=&#8221;-115px||||false|false&#8221; hover_enabled=&#8221;0&#8243; global_colors_info=&#8221;{}&#8221; height_last_edited=&#8221;on|phone&#8221; height_phone=&#8221;50vh&#8221; sticky_enabled=&#8221;0&#8243; height_tablet=&#8221;103vh&#8221;][et_pb_row make_equal=&#8221;on&#8221; _builder_version=&#8221;4.24.2&#8243; _module_preset=&#8221;default&#8221; custom_margin=&#8221;0vh||||false|false&#8221; hover_enabled=&#8221;0&#8243; custom_css_main_element=&#8221;margin: auto&#8221; global_colors_info=&#8221;{}&#8221; sticky_enabled=&#8221;0&#8243; positioning_last_edited=&#8221;on|phone&#8221; position_origin_a_last_edited=&#8221;on|desktop&#8221; position_origin_f_last_edited=&#8221;on|desktop&#8221; position_origin_r_last_edited=&#8221;on|desktop&#8221; width_last_edited=&#8221;on|phone&#8221; width_phone=&#8221;100%&#8221; positioning_phone=&#8221;absolute&#8221; position_origin_a_phone=&#8221;bottom_center&#8221; vertical_offset_last_edited=&#8221;on|phone&#8221; vertical_offset_phone=&#8221;-30px&#8221;][et_pb_column type=&#8221;4_4&#8243; _builder_version=&#8221;4.24.1&#8243; _module_preset=&#8221;default&#8221; global_colors_info=&#8221;{}&#8221;][et_pb_text _builder_version=&#8221;4.24.2&#8243; _module_preset=&#8221;default&#8221; header_font=&#8221;Roboto||||||||&#8221; header_text_align=&#8221;center&#8221; header_text_color=&#8221;#FFFFFF&#8221; header_font_size=&#8221;46px&#8221; header_2_font=&#8221;Roboto||||||||&#8221; header_2_text_align=&#8221;center&#8221; header_2_text_color=&#8221;#FFFFFF&#8221; header_2_font_size=&#8221;46px&#8221; custom_margin=&#8221;||5px||false|false&#8221; custom_padding=&#8221;||0px||false|false&#8221; global_colors_info=&#8221;{}&#8221;]<\/p>\n<h1>minimal 2<\/h1>\n<p>[\/et_pb_text][\/et_pb_column][\/et_pb_row][\/et_pb_section][et_pb_section fb_built=&#8221;1&#8243; _builder_version=&#8221;4.24.2&#8243; _module_preset=&#8221;default&#8221; background_color=&#8221;#2f393d&#8221; use_background_color_gradient=&#8221;on&#8221; background_color_gradient_stops=&#8221;#2f393d 1%|rgba(255,255,255,0) 100%&#8221; background_image=&#8221;https:\/\/nordiihomes.com\/wp-content\/uploads\/2024\/03\/Minimal-2_napnyugta_8K.webp&#8221; background_position=&#8221;top_center&#8221; background_vertical_offset=&#8221;40%&#8221; background_blend=&#8221;overlay&#8221; height=&#8221;100vh&#8221; custom_margin=&#8221;0px||0px||true|false&#8221; custom_padding=&#8221;0px||0px||true|false&#8221; hover_enabled=&#8221;0&#8243; global_colors_info=&#8221;{}&#8221; height_last_edited=&#8221;on|phone&#8221; height_phone=&#8221;50vh&#8221; sticky_enabled=&#8221;0&#8243; height_tablet=&#8221;100vh&#8221;][\/et_pb_section][et_pb_section fb_built=&#8221;1&#8243; _builder_version=&#8221;4.24.1&#8243; _module_preset=&#8221;default&#8221; background_color=&#8221;rgba(255,255,255,0.95)&#8221; background_image=&#8221;https:\/\/nordiihomes.com\/wp-content\/uploads\/2024\/02\/NORDii-Logo-1.png&#8221; background_size=&#8221;custom&#8221; background_image_width=&#8221;30%&#8221; background_position=&#8221;center_left&#8221; background_horizontal_offset=&#8221;9%&#8221; background_blend=&#8221;overlay&#8221; custom_margin=&#8221;0px||||false|false&#8221; custom_padding=&#8221;0px||0px||false|false&#8221; global_colors_info=&#8221;{}&#8221;][et_pb_row column_structure=&#8221;2_5,3_5&#8243; use_custom_gutter=&#8221;on&#8221; make_equal=&#8221;on&#8221; _builder_version=&#8221;4.24.1&#8243; _module_preset=&#8221;default&#8221; width=&#8221;100%&#8221; max_width=&#8221;100%&#8221; custom_margin=&#8221;5px||5px||false|false&#8221; custom_margin_tablet=&#8221;5px||5px||false|false&#8221; custom_margin_phone=&#8221;30px||30px||false|false&#8221; custom_margin_last_edited=&#8221;on|phone&#8221; custom_padding=&#8221;0px||0px||true|false&#8221; custom_css_main_element=&#8221;align-items: center&#8221; global_colors_info=&#8221;{}&#8221;][et_pb_column type=&#8221;2_5&#8243; _builder_version=&#8221;4.24.1&#8243; _module_preset=&#8221;default&#8221; custom_padding=&#8221;|||6vw|false|false&#8221; custom_padding_tablet=&#8221;|||6vw|false|false&#8221; custom_padding_phone=&#8221;|20px||20px|false|true&#8221; custom_padding_last_edited=&#8221;on|phone&#8221; global_colors_info=&#8221;{}&#8221;][et_pb_text _builder_version=&#8221;4.24.2&#8243; _module_preset=&#8221;default&#8221; header_2_font=&#8221;Roboto|900|||||||&#8221; header_2_text_align=&#8221;center&#8221; header_2_text_color=&#8221;#2f393d&#8221; header_2_font_size=&#8221;50px&#8221; global_colors_info=&#8221;{}&#8221;]<\/p>\n<h2>MINIMAL 2<\/h2>\n<p>[\/et_pb_text][et_pb_text _builder_version=&#8221;4.24.2&#8243; _module_preset=&#8221;default&#8221; text_font=&#8221;Roboto|300|||||||&#8221; text_text_color=&#8221;#2f393d&#8221; text_font_size=&#8221;16px&#8221; text_line_height=&#8221;1.6em&#8221; text_orientation=&#8221;center&#8221; global_colors_info=&#8221;{}&#8221;]<\/p>\n<p><span>Wie der Name schon sagt: Minimal 2 <strong>ist ein zweist\u00f6ckiges Geb\u00e4ude mit einem Dachneigungswinkel von 17,5 Grad<\/strong> und einem halben Satteldach. Es ist unser komplexestes architektonisches Raum-Element, das besondere und einzigartige Rauml\u00f6sungen erm\u00f6glicht. Es kann <strong>leicht als exklusives Doppelhaus oder 2-4 Wohneinheiten Mehrfamilienhaus gestaltet werden. Kompatibel und leicht kombinierbar mit den Geb\u00e4uden Modern 1 und Minimal 1<\/strong> dank der modularen Bauweise.<\/span><\/p>\n<p>[\/et_pb_text][\/et_pb_column][et_pb_column type=&#8221;3_5&#8243; _builder_version=&#8221;4.24.0&#8243; _module_preset=&#8221;default&#8221; global_colors_info=&#8221;{}&#8221;][et_pb_image src=&#8221;https:\/\/nordiihomes.com\/wp-content\/uploads\/2024\/03\/Minimal-2_front_8K.webp&#8221; title_text=&#8221;Minima\u0301l 2_front_8K&#8221; show_in_lightbox=&#8221;on&#8221; _builder_version=&#8221;4.24.2&#8243; _module_preset=&#8221;default&#8221; global_colors_info=&#8221;{}&#8221;][\/et_pb_image][\/et_pb_column][\/et_pb_row][\/et_pb_section]<\/p>","protected":false},"excerpt":{"rendered":"<p>minim\u00e1l 2MINIM\u00c1L 2Ahogy a nev\u00e9ben is benne van: Minim\u00e1l2 f\u00f6ldszint + emelet, azaz k\u00e9t szintes \u00e9p\u00fclet \u00e9s a tet\u0151 hajl\u00e1ssz\u00f6ge 17,5 fok, f\u00e9l-nyeregtet\u0151s megold\u00e1ssal. A legbonyolultabb \u00e9p\u00edt\u00e9szeti t\u00e9r-elem\u00fcnk, k\u00fcl\u00f6nleges \u00e9s egyedi t\u00e9r-megold\u00e1sokra k\u00e9pes, k\u00f6nnyen kialak\u00edthat\u00f3 bel\u0151le exluz\u00edv iker-h\u00e1z vagy 2-4 lak\u00e1sos t\u00e1rsash\u00e1z. Modern1 \u00e9s a Minim\u00e1l1 \u00e9p\u00fclettel kompatibilis \u00e9s k\u00f6nnyen \u00f6ssze-\u00e9p\u00edthet\u0151, a modul\u00e1ris kialak\u00edt\u00e1snak k\u00f6sz\u00f6nhet\u0151en.<\/p>","protected":false},"author":3,"featured_media":236979,"parent":0,"menu_order":0,"comment_status":"closed","ping_status":"closed","template":"","meta":{"_et_pb_use_builder":"on","_et_pb_old_content":"","_et_gb_content_width":"","footnotes":""},"class_list":["post-237421","page","type-page","status-publish","has-post-thumbnail","hentry"],"yoast_head":"<!-- This site is optimized with the Yoast SEO plugin v24.5 - https:\/\/yoast.com\/wordpress\/plugins\/seo\/ -->\n<title>Minim\u00e1l 2 - Nordii Homes<\/title>\n<meta name=\"description\" content=\"Minim\u00e1l2 f\u00f6ldszint + emelet, azaz k\u00e9t szintes \u00e9p\u00fclet \u00e9s a tet\u0151 hajl\u00e1ssz\u00f6ge 17,5 fok, f\u00e9l-nyeregtet\u0151s megold\u00e1ssal.\" \/>\n<meta name=\"robots\" content=\"index, follow, max-snippet:-1, max-image-preview:large, max-video-preview:-1\" \/>\n<link rel=\"canonical\" href=\"https:\/\/nordiihomes.com\/de\/minimal-2-2\/\" \/>\n<meta property=\"og:locale\" content=\"de_DE\" \/>\n<meta property=\"og:type\" content=\"article\" \/>\n<meta property=\"og:title\" content=\"Minim\u00e1l 2 - Nordii Homes\" \/>\n<meta property=\"og:description\" content=\"Minim\u00e1l2 f\u00f6ldszint + emelet, azaz k\u00e9t szintes \u00e9p\u00fclet \u00e9s a tet\u0151 hajl\u00e1ssz\u00f6ge 17,5 fok, f\u00e9l-nyeregtet\u0151s megold\u00e1ssal.\" \/>\n<meta property=\"og:url\" content=\"https:\/\/nordiihomes.com\/de\/minimal-2-2\/\" \/>\n<meta property=\"og:site_name\" content=\"Nordii Homes\" \/>\n<meta property=\"article:modified_time\" content=\"2024-03-21T12:50:48+00:00\" \/>\n<meta property=\"og:image\" content=\"https:\/\/nordiihomes.com\/wp-content\/uploads\/2024\/02\/Minimal-2_8K-1024x540.jpg\" \/>\n\t<meta property=\"og:image:width\" content=\"1024\" \/>\n\t<meta property=\"og:image:height\" content=\"540\" \/>\n\t<meta property=\"og:image:type\" content=\"image\/jpeg\" \/>\n<meta name=\"twitter:card\" content=\"summary_large_image\" \/>\n<meta name=\"twitter:label1\" content=\"Gesch\u00e4tzte Lesezeit\" \/>\n\t<meta name=\"twitter:data1\" content=\"1\u00a0Minute\" \/>\n<script type=\"application\/ld+json\" class=\"yoast-schema-graph\">{\"@context\":\"https:\/\/schema.org\",\"@graph\":[{\"@type\":\"WebPage\",\"@id\":\"https:\/\/nordiihomes.com\/de\/minimal-2-2\/\",\"url\":\"https:\/\/nordiihomes.com\/de\/minimal-2-2\/\",\"name\":\"Minim\u00e1l 2 - Nordii Homes\",\"isPartOf\":{\"@id\":\"https:\/\/nordiihomes.com\/#website\"},\"primaryImageOfPage\":{\"@id\":\"https:\/\/nordiihomes.com\/de\/minimal-2-2\/#primaryimage\"},\"image\":{\"@id\":\"https:\/\/nordiihomes.com\/de\/minimal-2-2\/#primaryimage\"},\"thumbnailUrl\":\"https:\/\/nordiihomes.com\/wp-content\/uploads\/2024\/02\/Minimal-2_8K.jpg\",\"datePublished\":\"2024-02-23T10:26:42+00:00\",\"dateModified\":\"2024-03-21T12:50:48+00:00\",\"description\":\"Minim\u00e1l2 f\u00f6ldszint + emelet, azaz k\u00e9t szintes \u00e9p\u00fclet \u00e9s a tet\u0151 hajl\u00e1ssz\u00f6ge 17,5 fok, f\u00e9l-nyeregtet\u0151s megold\u00e1ssal.\",\"breadcrumb\":{\"@id\":\"https:\/\/nordiihomes.com\/de\/minimal-2-2\/#breadcrumb\"},\"inLanguage\":\"de\",\"potentialAction\":[{\"@type\":\"ReadAction\",\"target\":[\"https:\/\/nordiihomes.com\/de\/minimal-2-2\/\"]}]},{\"@type\":\"ImageObject\",\"inLanguage\":\"de\",\"@id\":\"https:\/\/nordiihomes.com\/de\/minimal-2-2\/#primaryimage\",\"url\":\"https:\/\/nordiihomes.com\/wp-content\/uploads\/2024\/02\/Minimal-2_8K.jpg\",\"contentUrl\":\"https:\/\/nordiihomes.com\/wp-content\/uploads\/2024\/02\/Minimal-2_8K.jpg\",\"width\":2000,\"height\":1055},{\"@type\":\"BreadcrumbList\",\"@id\":\"https:\/\/nordiihomes.com\/de\/minimal-2-2\/#breadcrumb\",\"itemListElement\":[{\"@type\":\"ListItem\",\"position\":1,\"name\":\"Kezd\u0151lap\",\"item\":\"https:\/\/nordiihomes.com\/\"},{\"@type\":\"ListItem\",\"position\":2,\"name\":\"Minim\u00e1l 2\"}]},{\"@type\":\"WebSite\",\"@id\":\"https:\/\/nordiihomes.com\/#website\",\"url\":\"https:\/\/nordiihomes.com\/\",\"name\":\"Nordii Homes\",\"description\":\"NORDii = modern akt\u00edv-h\u00e1z\",\"potentialAction\":[{\"@type\":\"SearchAction\",\"target\":{\"@type\":\"EntryPoint\",\"urlTemplate\":\"https:\/\/nordiihomes.com\/?s={search_term_string}\"},\"query-input\":{\"@type\":\"PropertyValueSpecification\",\"valueRequired\":true,\"valueName\":\"search_term_string\"}}],\"inLanguage\":\"de\"}]}<\/script>\n<!-- \/ Yoast SEO plugin. -->","yoast_head_json":{"title":"Minim\u00e1l 2 - Nordii Homes","description":"Minim\u00e1l2 f\u00f6ldszint + emelet, azaz k\u00e9t szintes \u00e9p\u00fclet \u00e9s a tet\u0151 hajl\u00e1ssz\u00f6ge 17,5 fok, f\u00e9l-nyeregtet\u0151s megold\u00e1ssal.","robots":{"index":"index","follow":"follow","max-snippet":"max-snippet:-1","max-image-preview":"max-image-preview:large","max-video-preview":"max-video-preview:-1"},"canonical":"https:\/\/nordiihomes.com\/de\/minimal-2-2\/","og_locale":"de_DE","og_type":"article","og_title":"Minim\u00e1l 2 - Nordii Homes","og_description":"Minim\u00e1l2 f\u00f6ldszint + emelet, azaz k\u00e9t szintes \u00e9p\u00fclet \u00e9s a tet\u0151 hajl\u00e1ssz\u00f6ge 17,5 fok, f\u00e9l-nyeregtet\u0151s megold\u00e1ssal.","og_url":"https:\/\/nordiihomes.com\/de\/minimal-2-2\/","og_site_name":"Nordii Homes","article_modified_time":"2024-03-21T12:50:48+00:00","og_image":[{"width":1024,"height":540,"url":"https:\/\/nordiihomes.com\/wp-content\/uploads\/2024\/02\/Minimal-2_8K-1024x540.jpg","type":"image\/jpeg"}],"twitter_card":"summary_large_image","twitter_misc":{"Gesch\u00e4tzte Lesezeit":"1\u00a0Minute"},"schema":{"@context":"https:\/\/schema.org","@graph":[{"@type":"WebPage","@id":"https:\/\/nordiihomes.com\/de\/minimal-2-2\/","url":"https:\/\/nordiihomes.com\/de\/minimal-2-2\/","name":"Minim\u00e1l 2 - Nordii Homes","isPartOf":{"@id":"https:\/\/nordiihomes.com\/#website"},"primaryImageOfPage":{"@id":"https:\/\/nordiihomes.com\/de\/minimal-2-2\/#primaryimage"},"image":{"@id":"https:\/\/nordiihomes.com\/de\/minimal-2-2\/#primaryimage"},"thumbnailUrl":"https:\/\/nordiihomes.com\/wp-content\/uploads\/2024\/02\/Minimal-2_8K.jpg","datePublished":"2024-02-23T10:26:42+00:00","dateModified":"2024-03-21T12:50:48+00:00","description":"Minim\u00e1l2 f\u00f6ldszint + emelet, azaz k\u00e9t szintes \u00e9p\u00fclet \u00e9s a tet\u0151 hajl\u00e1ssz\u00f6ge 17,5 fok, f\u00e9l-nyeregtet\u0151s megold\u00e1ssal.","breadcrumb":{"@id":"https:\/\/nordiihomes.com\/de\/minimal-2-2\/#breadcrumb"},"inLanguage":"de","potentialAction":[{"@type":"ReadAction","target":["https:\/\/nordiihomes.com\/de\/minimal-2-2\/"]}]},{"@type":"ImageObject","inLanguage":"de","@id":"https:\/\/nordiihomes.com\/de\/minimal-2-2\/#primaryimage","url":"https:\/\/nordiihomes.com\/wp-content\/uploads\/2024\/02\/Minimal-2_8K.jpg","contentUrl":"https:\/\/nordiihomes.com\/wp-content\/uploads\/2024\/02\/Minimal-2_8K.jpg","width":2000,"height":1055},{"@type":"BreadcrumbList","@id":"https:\/\/nordiihomes.com\/de\/minimal-2-2\/#breadcrumb","itemListElement":[{"@type":"ListItem","position":1,"name":"Kezd\u0151lap","item":"https:\/\/nordiihomes.com\/"},{"@type":"ListItem","position":2,"name":"Minim\u00e1l 2"}]},{"@type":"WebSite","@id":"https:\/\/nordiihomes.com\/#website","url":"https:\/\/nordiihomes.com\/","name":"Nordii Homes","description":"NORDii = modern akt\u00edv-h\u00e1z","potentialAction":[{"@type":"SearchAction","target":{"@type":"EntryPoint","urlTemplate":"https:\/\/nordiihomes.com\/?s={search_term_string}"},"query-input":{"@type":"PropertyValueSpecification","valueRequired":true,"valueName":"search_term_string"}}],"inLanguage":"de"}]}},"_links":{"self":[{"href":"https:\/\/nordiihomes.com\/de\/wp-json\/wp\/v2\/pages\/237421","targetHints":{"allow":["GET"]}}],"collection":[{"href":"https:\/\/nordiihomes.com\/de\/wp-json\/wp\/v2\/pages"}],"about":[{"href":"https:\/\/nordiihomes.com\/de\/wp-json\/wp\/v2\/types\/page"}],"author":[{"embeddable":true,"href":"https:\/\/nordiihomes.com\/de\/wp-json\/wp\/v2\/users\/3"}],"replies":[{"embeddable":true,"href":"https:\/\/nordiihomes.com\/de\/wp-json\/wp\/v2\/comments?post=237421"}],"version-history":[{"count":19,"href":"https:\/\/nordiihomes.com\/de\/wp-json\/wp\/v2\/pages\/237421\/revisions"}],"predecessor-version":[{"id":238695,"href":"https:\/\/nordiihomes.com\/de\/wp-json\/wp\/v2\/pages\/237421\/revisions\/238695"}],"wp:featuredmedia":[{"embeddable":true,"href":"https:\/\/nordiihomes.com\/de\/wp-json\/wp\/v2\/media\/236979"}],"wp:attachment":[{"href":"https:\/\/nordiihomes.com\/de\/wp-json\/wp\/v2\/media?parent=237421"}],"curies":[{"name":"wp","href":"https:\/\/api.w.org\/{rel}","templated":true}]}}