{"id":237457,"date":"2024-02-23T12:55:41","date_gmt":"2024-02-23T11:55:41","guid":{"rendered":"https:\/\/nordiihomes.com\/?page_id=237457"},"modified":"2024-03-25T11:49:04","modified_gmt":"2024-03-25T10:49:04","slug":"esg","status":"publish","type":"page","link":"https:\/\/nordiihomes.com\/de\/esg\/","title":{"rendered":"ESG"},"content":{"rendered":"<p>[et_pb_section fb_built=&#8221;1&#8243; _builder_version=&#8221;4.24.2&#8243; _module_preset=&#8221;default&#8221; background_color=&#8221;#2f393d&#8221; use_background_color_gradient=&#8221;on&#8221; background_color_gradient_stops=&#8221;#2f393d 1%|rgba(255,255,255,0) 100%&#8221; background_image=&#8221;https:\/\/nordiihomes.com\/wp-content\/uploads\/2024\/02\/477.jpg&#8221; parallax=&#8221;on&#8221; parallax_method=&#8221;off&#8221; background_blend=&#8221;overlay&#8221; transform_scale_linked=&#8221;off&#8221; transform_translate_linked=&#8221;off&#8221; height=&#8221;103vh&#8221; height_tablet=&#8221;103vh&#8221; height_phone=&#8221;50vh&#8221; height_last_edited=&#8221;on|phone&#8221; custom_margin=&#8221;-115px||||false|false&#8221; global_colors_info=&#8221;{}&#8221;][et_pb_row make_equal=&#8221;on&#8221; _builder_version=&#8221;4.24.2&#8243; _module_preset=&#8221;default&#8221; custom_margin=&#8221;7vw||||false|false&#8221; custom_css_main_element=&#8221;margin: auto&#8221; global_colors_info=&#8221;{}&#8221;][et_pb_column type=&#8221;4_4&#8243; _builder_version=&#8221;4.24.1&#8243; _module_preset=&#8221;default&#8221; global_colors_info=&#8221;{}&#8221;][\/et_pb_column][\/et_pb_row][\/et_pb_section][et_pb_section fb_built=&#8221;1&#8243; _builder_version=&#8221;4.24.2&#8243; _module_preset=&#8221;default&#8221; background_color=&#8221;#000000&#8243; background_enable_image=&#8221;off&#8221; background_position=&#8221;top_center&#8221; background_vertical_offset=&#8221;40%&#8221; custom_margin=&#8221;0px||0px||true|false&#8221; custom_padding=&#8221;0px||0px||true|false&#8221; global_colors_info=&#8221;{}&#8221;][et_pb_row _builder_version=&#8221;4.24.2&#8243; _module_preset=&#8221;default&#8221; background_color=&#8221;#000000&#8243; background_image=&#8221;https:\/\/nordiihomes.com\/wp-content\/uploads\/2024\/02\/labnyom-1.webp&#8221; background_size=&#8221;contain&#8221; width=&#8221;100%&#8221; max_width=&#8221;100%&#8221; height=&#8221;100vh&#8221; height_tablet=&#8221;100vh&#8221; height_phone=&#8221;50vh&#8221; height_last_edited=&#8221;on|phone&#8221; custom_margin=&#8221;0px||0px||false|false&#8221; custom_padding=&#8221;0px||0px||false|false&#8221; global_colors_info=&#8221;{}&#8221;][et_pb_column type=&#8221;4_4&#8243; _builder_version=&#8221;4.24.2&#8243; _module_preset=&#8221;default&#8221; global_colors_info=&#8221;{}&#8221;][\/et_pb_column][\/et_pb_row][\/et_pb_section][et_pb_section fb_built=&#8221;1&#8243; _builder_version=&#8221;4.24.1&#8243; _module_preset=&#8221;default&#8221; background_color=&#8221;rgba(255,255,255,0.95)&#8221; background_image=&#8221;https:\/\/nordiihomes.com\/wp-content\/uploads\/2024\/02\/NORDii-Logo-1.png&#8221; background_size=&#8221;custom&#8221; background_image_width=&#8221;30%&#8221; background_position=&#8221;center_left&#8221; background_horizontal_offset=&#8221;9%&#8221; background_blend=&#8221;overlay&#8221; custom_margin=&#8221;0px||||false|false&#8221; custom_padding=&#8221;0px||0px||false|false&#8221; global_colors_info=&#8221;{}&#8221;][et_pb_row column_structure=&#8221;2_5,3_5&#8243; use_custom_gutter=&#8221;on&#8221; make_equal=&#8221;on&#8221; _builder_version=&#8221;4.24.1&#8243; _module_preset=&#8221;default&#8221; width=&#8221;100%&#8221; max_width=&#8221;100%&#8221; custom_margin=&#8221;5px||5px||false|false&#8221; custom_margin_tablet=&#8221;5px||5px||false|false&#8221; custom_margin_phone=&#8221;30px||30px||false|false&#8221; custom_margin_last_edited=&#8221;on|phone&#8221; custom_padding=&#8221;0px||0px||true|false&#8221; custom_css_main_element=&#8221;align-items: center&#8221; global_colors_info=&#8221;{}&#8221;][et_pb_column type=&#8221;2_5&#8243; _builder_version=&#8221;4.24.1&#8243; _module_preset=&#8221;default&#8221; custom_padding=&#8221;|||6vw|false|false&#8221; custom_padding_tablet=&#8221;|||6vw|false|false&#8221; custom_padding_phone=&#8221;|20px||20px|false|true&#8221; custom_padding_last_edited=&#8221;on|phone&#8221; global_colors_info=&#8221;{}&#8221;][et_pb_text _builder_version=&#8221;4.24.2&#8243; _module_preset=&#8221;default&#8221; header_2_font=&#8221;Roboto|900|||||||&#8221; header_2_text_align=&#8221;center&#8221; header_2_text_color=&#8221;#2f393d&#8221; header_2_font_size=&#8221;30px&#8221; hover_enabled=&#8221;0&#8243; global_colors_info=&#8221;{}&#8221; header_font=&#8221;Roboto|900|||||||&#8221; header_text_align=&#8221;center&#8221; header_font_size=&#8221;46px&#8221; header_text_color=&#8221;#2f393d&#8221; sticky_enabled=&#8221;0&#8243;]<\/p>\n<h1>ESG<\/h1>\n<p>[\/et_pb_text][et_pb_text _builder_version=&#8221;4.24.2&#8243; _module_preset=&#8221;default&#8221; text_font=&#8221;Roboto|300|||||||&#8221; text_text_color=&#8221;#2f393d&#8221; text_font_size=&#8221;16px&#8221; text_line_height=&#8221;1.6em&#8221; text_orientation=&#8221;center&#8221; global_colors_info=&#8221;{}&#8221;]<\/p>\n<p><span>Heute stellt die Einhaltung der ESG-Kriterien eine enorme Herausforderung dar, insbesondere aufgrund der Notwendigkeit, ein Gleichgewicht zwischen Unternehmensf\u00fchrung und den Gewinnerwartungen der Aktion\u00e4re zu schaffen.<\/span><span><\/span><\/p>\n<p><span><\/span><\/p>\n<p><span>Die wichtigste Erkenntnis ist jedoch, <strong>die\u00a0<\/strong><\/span><strong>ESG f\u00fcr die am besten vorbereiteten Unternehmen ein integraler Bestandteil der Gesch\u00e4ftsstrategie und die Grundlage f\u00fcr den Gesch\u00e4ftserfolg ist und kein optionales Extra.\u00a0\u00a0<\/strong><\/p>\n<p>[\/et_pb_text][\/et_pb_column][et_pb_column type=&#8221;3_5&#8243; _builder_version=&#8221;4.24.0&#8243; _module_preset=&#8221;default&#8221; global_colors_info=&#8221;{}&#8221;][et_pb_image src=&#8221;https:\/\/nordiihomes.com\/wp-content\/uploads\/2024\/02\/IMG_7614.jpg&#8221; title_text=&#8221;IMG_7614&#8243; show_in_lightbox=&#8221;on&#8221; _builder_version=&#8221;4.24.2&#8243; _module_preset=&#8221;default&#8221; global_colors_info=&#8221;{}&#8221;][\/et_pb_image][\/et_pb_column][\/et_pb_row][\/et_pb_section]<\/p>","protected":false},"excerpt":{"rendered":"<p>ESG\u00d3ri\u00e1si kih\u00edv\u00e1st jelent ma, az ESG szempontok betart\u00e1sa, a v\u00e1llalati management \u00e9s a r\u00e9szv\u00e9nyesek profitelv\u00e1r\u00e1sai k\u00f6z\u00f6tti egyens\u00faly megteremt\u00e9se miatt is. A legf\u0151bb tanuls\u00e1ga azonban az, hogy a legfelk\u00e9sz\u00fcltebb v\u00e1llalatok eset\u00e9ben az\u00a0ESG az \u00fczleti strat\u00e9gia szerves r\u00e9sze,\u00a0az \u00fczleti sikeress\u00e9g alapja\u00a0\u00e9s nem az opcion\u00e1lis extr\u00e1ja.\u00a0\u00a0<\/p>","protected":false},"author":3,"featured_media":237461,"parent":0,"menu_order":0,"comment_status":"closed","ping_status":"closed","template":"","meta":{"_et_pb_use_builder":"on","_et_pb_old_content":"","_et_gb_content_width":"","footnotes":""},"class_list":["post-237457","page","type-page","status-publish","has-post-thumbnail","hentry"],"yoast_head":"<!-- This site is optimized with the Yoast SEO plugin v24.5 - https:\/\/yoast.com\/wordpress\/plugins\/seo\/ -->\n<title>ESG - Nordii Homes<\/title>\n<meta name=\"description\" content=\"A legfelk\u00e9sz\u00fcltebb v\u00e1llalatok eset\u00e9ben az ESG az \u00fczleti strat\u00e9gia szerves r\u00e9sze, az \u00fczleti sikeress\u00e9g alapja \u00e9s nem az opcion\u00e1lis extr\u00e1ja.\" \/>\n<meta name=\"robots\" content=\"index, follow, max-snippet:-1, max-image-preview:large, max-video-preview:-1\" \/>\n<link rel=\"canonical\" href=\"https:\/\/nordiihomes.com\/de\/esg\/\" \/>\n<meta property=\"og:locale\" content=\"de_DE\" \/>\n<meta property=\"og:type\" content=\"article\" \/>\n<meta property=\"og:title\" content=\"ESG - Nordii Homes\" \/>\n<meta property=\"og:description\" content=\"A legfelk\u00e9sz\u00fcltebb v\u00e1llalatok eset\u00e9ben az ESG az \u00fczleti strat\u00e9gia szerves r\u00e9sze, az \u00fczleti sikeress\u00e9g alapja \u00e9s nem az opcion\u00e1lis extr\u00e1ja.\" \/>\n<meta property=\"og:url\" content=\"https:\/\/nordiihomes.com\/de\/esg\/\" \/>\n<meta property=\"og:site_name\" content=\"Nordii Homes\" \/>\n<meta property=\"article:modified_time\" content=\"2024-03-25T10:49:04+00:00\" \/>\n<meta property=\"og:image\" content=\"https:\/\/nordiihomes.com\/wp-content\/uploads\/2024\/02\/477.jpg\" \/>\n\t<meta property=\"og:image:width\" content=\"2000\" \/>\n\t<meta property=\"og:image:height\" content=\"1141\" \/>\n\t<meta property=\"og:image:type\" content=\"image\/jpeg\" \/>\n<meta name=\"twitter:card\" content=\"summary_large_image\" \/>\n<meta name=\"twitter:label1\" content=\"Gesch\u00e4tzte Lesezeit\" \/>\n\t<meta name=\"twitter:data1\" content=\"1\u00a0Minute\" \/>\n<script type=\"application\/ld+json\" class=\"yoast-schema-graph\">{\"@context\":\"https:\/\/schema.org\",\"@graph\":[{\"@type\":\"WebPage\",\"@id\":\"https:\/\/nordiihomes.com\/esg\/\",\"url\":\"https:\/\/nordiihomes.com\/esg\/\",\"name\":\"ESG - Nordii Homes\",\"isPartOf\":{\"@id\":\"https:\/\/nordiihomes.com\/#website\"},\"primaryImageOfPage\":{\"@id\":\"https:\/\/nordiihomes.com\/esg\/#primaryimage\"},\"image\":{\"@id\":\"https:\/\/nordiihomes.com\/esg\/#primaryimage\"},\"thumbnailUrl\":\"https:\/\/nordiihomes.com\/wp-content\/uploads\/2024\/02\/477.jpg\",\"datePublished\":\"2024-02-23T11:55:41+00:00\",\"dateModified\":\"2024-03-25T10:49:04+00:00\",\"description\":\"A legfelk\u00e9sz\u00fcltebb v\u00e1llalatok eset\u00e9ben az ESG az \u00fczleti strat\u00e9gia szerves r\u00e9sze, az \u00fczleti sikeress\u00e9g alapja \u00e9s nem az opcion\u00e1lis extr\u00e1ja.\",\"breadcrumb\":{\"@id\":\"https:\/\/nordiihomes.com\/esg\/#breadcrumb\"},\"inLanguage\":\"de\",\"potentialAction\":[{\"@type\":\"ReadAction\",\"target\":[\"https:\/\/nordiihomes.com\/esg\/\"]}]},{\"@type\":\"ImageObject\",\"inLanguage\":\"de\",\"@id\":\"https:\/\/nordiihomes.com\/esg\/#primaryimage\",\"url\":\"https:\/\/nordiihomes.com\/wp-content\/uploads\/2024\/02\/477.jpg\",\"contentUrl\":\"https:\/\/nordiihomes.com\/wp-content\/uploads\/2024\/02\/477.jpg\",\"width\":2000,\"height\":1141},{\"@type\":\"BreadcrumbList\",\"@id\":\"https:\/\/nordiihomes.com\/esg\/#breadcrumb\",\"itemListElement\":[{\"@type\":\"ListItem\",\"position\":1,\"name\":\"Kezd\u0151lap\",\"item\":\"https:\/\/nordiihomes.com\/\"},{\"@type\":\"ListItem\",\"position\":2,\"name\":\"ESG\"}]},{\"@type\":\"WebSite\",\"@id\":\"https:\/\/nordiihomes.com\/#website\",\"url\":\"https:\/\/nordiihomes.com\/\",\"name\":\"Nordii Homes\",\"description\":\"NORDii = modern akt\u00edv-h\u00e1z\",\"potentialAction\":[{\"@type\":\"SearchAction\",\"target\":{\"@type\":\"EntryPoint\",\"urlTemplate\":\"https:\/\/nordiihomes.com\/?s={search_term_string}\"},\"query-input\":{\"@type\":\"PropertyValueSpecification\",\"valueRequired\":true,\"valueName\":\"search_term_string\"}}],\"inLanguage\":\"de\"}]}<\/script>\n<!-- \/ Yoast SEO plugin. -->","yoast_head_json":{"title":"ESG - Nordii Homes","description":"A legfelk\u00e9sz\u00fcltebb v\u00e1llalatok eset\u00e9ben az ESG az \u00fczleti strat\u00e9gia szerves r\u00e9sze, az \u00fczleti sikeress\u00e9g alapja \u00e9s nem az opcion\u00e1lis extr\u00e1ja.","robots":{"index":"index","follow":"follow","max-snippet":"max-snippet:-1","max-image-preview":"max-image-preview:large","max-video-preview":"max-video-preview:-1"},"canonical":"https:\/\/nordiihomes.com\/de\/esg\/","og_locale":"de_DE","og_type":"article","og_title":"ESG - Nordii Homes","og_description":"A legfelk\u00e9sz\u00fcltebb v\u00e1llalatok eset\u00e9ben az ESG az \u00fczleti strat\u00e9gia szerves r\u00e9sze, az \u00fczleti sikeress\u00e9g alapja \u00e9s nem az opcion\u00e1lis extr\u00e1ja.","og_url":"https:\/\/nordiihomes.com\/de\/esg\/","og_site_name":"Nordii Homes","article_modified_time":"2024-03-25T10:49:04+00:00","og_image":[{"width":2000,"height":1141,"url":"https:\/\/nordiihomes.com\/wp-content\/uploads\/2024\/02\/477.jpg","type":"image\/jpeg"}],"twitter_card":"summary_large_image","twitter_misc":{"Gesch\u00e4tzte Lesezeit":"1\u00a0Minute"},"schema":{"@context":"https:\/\/schema.org","@graph":[{"@type":"WebPage","@id":"https:\/\/nordiihomes.com\/esg\/","url":"https:\/\/nordiihomes.com\/esg\/","name":"ESG - Nordii Homes","isPartOf":{"@id":"https:\/\/nordiihomes.com\/#website"},"primaryImageOfPage":{"@id":"https:\/\/nordiihomes.com\/esg\/#primaryimage"},"image":{"@id":"https:\/\/nordiihomes.com\/esg\/#primaryimage"},"thumbnailUrl":"https:\/\/nordiihomes.com\/wp-content\/uploads\/2024\/02\/477.jpg","datePublished":"2024-02-23T11:55:41+00:00","dateModified":"2024-03-25T10:49:04+00:00","description":"A legfelk\u00e9sz\u00fcltebb v\u00e1llalatok eset\u00e9ben az ESG az \u00fczleti strat\u00e9gia szerves r\u00e9sze, az \u00fczleti sikeress\u00e9g alapja \u00e9s nem az opcion\u00e1lis extr\u00e1ja.","breadcrumb":{"@id":"https:\/\/nordiihomes.com\/esg\/#breadcrumb"},"inLanguage":"de","potentialAction":[{"@type":"ReadAction","target":["https:\/\/nordiihomes.com\/esg\/"]}]},{"@type":"ImageObject","inLanguage":"de","@id":"https:\/\/nordiihomes.com\/esg\/#primaryimage","url":"https:\/\/nordiihomes.com\/wp-content\/uploads\/2024\/02\/477.jpg","contentUrl":"https:\/\/nordiihomes.com\/wp-content\/uploads\/2024\/02\/477.jpg","width":2000,"height":1141},{"@type":"BreadcrumbList","@id":"https:\/\/nordiihomes.com\/esg\/#breadcrumb","itemListElement":[{"@type":"ListItem","position":1,"name":"Kezd\u0151lap","item":"https:\/\/nordiihomes.com\/"},{"@type":"ListItem","position":2,"name":"ESG"}]},{"@type":"WebSite","@id":"https:\/\/nordiihomes.com\/#website","url":"https:\/\/nordiihomes.com\/","name":"Nordii Homes","description":"NORDii = modern akt\u00edv-h\u00e1z","potentialAction":[{"@type":"SearchAction","target":{"@type":"EntryPoint","urlTemplate":"https:\/\/nordiihomes.com\/?s={search_term_string}"},"query-input":{"@type":"PropertyValueSpecification","valueRequired":true,"valueName":"search_term_string"}}],"inLanguage":"de"}]}},"_links":{"self":[{"href":"https:\/\/nordiihomes.com\/de\/wp-json\/wp\/v2\/pages\/237457","targetHints":{"allow":["GET"]}}],"collection":[{"href":"https:\/\/nordiihomes.com\/de\/wp-json\/wp\/v2\/pages"}],"about":[{"href":"https:\/\/nordiihomes.com\/de\/wp-json\/wp\/v2\/types\/page"}],"author":[{"embeddable":true,"href":"https:\/\/nordiihomes.com\/de\/wp-json\/wp\/v2\/users\/3"}],"replies":[{"embeddable":true,"href":"https:\/\/nordiihomes.com\/de\/wp-json\/wp\/v2\/comments?post=237457"}],"version-history":[{"count":20,"href":"https:\/\/nordiihomes.com\/de\/wp-json\/wp\/v2\/pages\/237457\/revisions"}],"predecessor-version":[{"id":238829,"href":"https:\/\/nordiihomes.com\/de\/wp-json\/wp\/v2\/pages\/237457\/revisions\/238829"}],"wp:featuredmedia":[{"embeddable":true,"href":"https:\/\/nordiihomes.com\/de\/wp-json\/wp\/v2\/media\/237461"}],"wp:attachment":[{"href":"https:\/\/nordiihomes.com\/de\/wp-json\/wp\/v2\/media?parent=237457"}],"curies":[{"name":"wp","href":"https:\/\/api.w.org\/{rel}","templated":true}]}}