{"id":237483,"date":"2024-02-23T13:21:57","date_gmt":"2024-02-23T12:21:57","guid":{"rendered":"https:\/\/nordiihomes.com\/?page_id=237483"},"modified":"2024-03-21T13:26:05","modified_gmt":"2024-03-21T12:26:05","slug":"bim","status":"publish","type":"page","link":"https:\/\/nordiihomes.com\/de\/bim\/","title":{"rendered":"Die modernen Aktivgeb\u00e4ude von NORDii,"},"content":{"rendered":"<p>[et_pb_section fb_built=&#8221;1&#8243; _builder_version=&#8221;4.24.2&#8243; _module_preset=&#8221;default&#8221; background_color=&#8221;#2f393d&#8221; use_background_color_gradient=&#8221;on&#8221; background_color_gradient_stops=&#8221;#2f393d 0%|rgba(255,255,255,0) 100%&#8221; background_image=&#8221;https:\/\/nordiihomes.com\/wp-content\/uploads\/2024\/03\/BIM-tervezes-1.kep-copy.webp&#8221; parallax=&#8221;on&#8221; parallax_method=&#8221;off&#8221; background_blend=&#8221;overlay&#8221; transform_scale_linked=&#8221;off&#8221; transform_translate_linked=&#8221;off&#8221; height=&#8221;103vh&#8221; custom_margin=&#8221;-115px||||false|false&#8221; hover_enabled=&#8221;0&#8243; global_colors_info=&#8221;{}&#8221; height_last_edited=&#8221;on|phone&#8221; sticky_enabled=&#8221;0&#8243; height_phone=&#8221;55vh&#8221; height_tablet=&#8221;103vh&#8221;][et_pb_row make_equal=&#8221;on&#8221; _builder_version=&#8221;4.24.2&#8243; _module_preset=&#8221;default&#8221; custom_margin=&#8221;8vh||||false|false&#8221; hover_enabled=&#8221;0&#8243; custom_css_main_element=&#8221;margin: auto&#8221; global_colors_info=&#8221;{}&#8221; custom_margin_last_edited=&#8221;on|phone&#8221; sticky_enabled=&#8221;0&#8243; custom_margin_phone=&#8221;80px||||false|false&#8221; custom_margin_tablet=&#8221;8vh||||false|false&#8221;][et_pb_column type=&#8221;4_4&#8243; _builder_version=&#8221;4.24.1&#8243; _module_preset=&#8221;default&#8221; global_colors_info=&#8221;{}&#8221;][et_pb_text _builder_version=&#8221;4.24.2&#8243; _module_preset=&#8221;default&#8221; header_font=&#8221;Roboto||||||||&#8221; header_text_align=&#8221;center&#8221; header_text_color=&#8221;#2f393d&#8221; header_font_size=&#8221;46px&#8221; header_2_font=&#8221;Roboto||||||||&#8221; header_2_text_align=&#8221;center&#8221; header_2_text_color=&#8221;#2f393d&#8221; header_2_font_size=&#8221;46px&#8221; custom_margin=&#8221;||5px||false|false&#8221; custom_padding=&#8221;||0px||false|false&#8221; global_colors_info=&#8221;{}&#8221;]<\/p>\n<h1>BIM-Planung<\/h1>\n<p>[\/et_pb_text][\/et_pb_column][\/et_pb_row][\/et_pb_section][et_pb_section fb_built=&#8221;1&#8243; _builder_version=&#8221;4.24.2&#8243; _module_preset=&#8221;default&#8221; background_enable_color=&#8221;off&#8221; background_enable_image=&#8221;off&#8221; custom_margin=&#8221;||||true|false&#8221; custom_padding=&#8221;0px||0px||true|false&#8221; global_colors_info=&#8221;{}&#8221;][et_pb_row _builder_version=&#8221;4.24.2&#8243; _module_preset=&#8221;default&#8221; background_image=&#8221;https:\/\/nordiihomes.com\/wp-content\/uploads\/2024\/02\/male-designer-looking-3d-building-artificial-blue-light-box-style-data-visualization-generative-ai-aig21-copy-scaled-1.webp&#8221; width=&#8221;100%&#8221; max_width=&#8221;100%&#8221; height=&#8221;100vh&#8221; hover_enabled=&#8221;0&#8243; global_colors_info=&#8221;{}&#8221; height_last_edited=&#8221;on|phone&#8221; sticky_enabled=&#8221;0&#8243; height_phone=&#8221;50vh&#8221; height_tablet=&#8221;100vh&#8221;][et_pb_column type=&#8221;4_4&#8243; _builder_version=&#8221;4.24.2&#8243; _module_preset=&#8221;default&#8221; global_colors_info=&#8221;{}&#8221;][\/et_pb_column][\/et_pb_row][\/et_pb_section][et_pb_section fb_built=&#8221;1&#8243; _builder_version=&#8221;4.24.1&#8243; _module_preset=&#8221;default&#8221; background_color=&#8221;rgba(255,255,255,0.95)&#8221; background_image=&#8221;https:\/\/nordiihomes.com\/wp-content\/uploads\/2024\/02\/NORDii-Logo-1.png&#8221; background_size=&#8221;custom&#8221; background_image_width=&#8221;30%&#8221; background_position=&#8221;center_left&#8221; background_horizontal_offset=&#8221;9%&#8221; background_blend=&#8221;overlay&#8221; custom_margin=&#8221;0px||||false|false&#8221; custom_padding=&#8221;0px||0px||false|false&#8221; global_colors_info=&#8221;{}&#8221;][et_pb_row column_structure=&#8221;2_5,3_5&#8243; use_custom_gutter=&#8221;on&#8221; make_equal=&#8221;on&#8221; _builder_version=&#8221;4.24.1&#8243; _module_preset=&#8221;default&#8221; width=&#8221;100%&#8221; max_width=&#8221;100%&#8221; custom_margin=&#8221;5px||5px||false|false&#8221; custom_margin_tablet=&#8221;5px||5px||false|false&#8221; custom_margin_phone=&#8221;30px||30px||false|false&#8221; custom_margin_last_edited=&#8221;on|phone&#8221; custom_padding=&#8221;0px||0px||true|false&#8221; custom_css_main_element=&#8221;align-items: center&#8221; global_colors_info=&#8221;{}&#8221;][et_pb_column type=&#8221;2_5&#8243; _builder_version=&#8221;4.24.1&#8243; _module_preset=&#8221;default&#8221; custom_padding=&#8221;|||6vw|false|false&#8221; custom_padding_tablet=&#8221;|||6vw|false|false&#8221; custom_padding_phone=&#8221;|20px||20px|false|true&#8221; custom_padding_last_edited=&#8221;on|phone&#8221; global_colors_info=&#8221;{}&#8221;][et_pb_text _builder_version=&#8221;4.24.2&#8243; _module_preset=&#8221;default&#8221; header_2_font=&#8221;Roboto|900|||||||&#8221; header_2_text_align=&#8221;center&#8221; header_2_text_color=&#8221;#2f393d&#8221; header_2_font_size=&#8221;30px&#8221; global_colors_info=&#8221;{}&#8221;]<\/p>\n<h2>BIM-PLANNUNG<\/h2>\n<p>[\/et_pb_text][et_pb_text _builder_version=&#8221;4.24.2&#8243; _module_preset=&#8221;default&#8221; text_font=&#8221;Roboto|300|||||||&#8221; text_text_color=&#8221;#2f393d&#8221; text_font_size=&#8221;16px&#8221; text_line_height=&#8221;1.6em&#8221; text_orientation=&#8221;center&#8221; global_colors_info=&#8221;{}&#8221;]<\/p>\n<p><span>Denke anders<\/span><\/p>\n<p><span><strong>Planungsprogramm<\/strong> Darstellung von Regeln, Zielen und Erwartungen. <\/span><\/p>\n<p><span><strong>Konzeptplan<\/strong> 3D-Raumelement und Visualit\u00e4t, das hei\u00dft die Erstellung des Konzepts. <\/span><\/p>\n<p><strong>S<\/strong><span><strong>Fachplanungen<\/strong> \u2013 Revit-Modell, cloud-basierte gemeinsame Datenumgebung im virtuellen Raum. Geb\u00e4udesimulation, Energie \u2013 Prim\u00e4renergie, Energieeffizienz, Energieausweis.\u00a0<\/span><\/p>\n<p>[\/et_pb_text][\/et_pb_column][et_pb_column type=&#8221;3_5&#8243; _builder_version=&#8221;4.24.0&#8243; _module_preset=&#8221;default&#8221; global_colors_info=&#8221;{}&#8221;][et_pb_image src=&#8221;https:\/\/nordiihomes.com\/wp-content\/uploads\/2024\/02\/IMG_7658.webp&#8221; title_text=&#8221;IMG_7658&#8243; show_in_lightbox=&#8221;on&#8221; _builder_version=&#8221;4.24.2&#8243; _module_preset=&#8221;default&#8221; global_colors_info=&#8221;{}&#8221;][\/et_pb_image][\/et_pb_column][\/et_pb_row][\/et_pb_section]<\/p>","protected":false},"excerpt":{"rendered":"<p>BIM tervez\u00e9sBIM TERVEZ\u00c9SGondolkozz m\u00e1sk\u00e9pp Tervez\u00e9si program &#8211; szab\u00e1lyok, c\u00e9lok, elv\u00e1r\u00e1sok megjelen\u00edt\u00e9se. Koncepci\u00f3 terv &#8211; 3D t\u00e9r-elem \u00e9s vizualit\u00e1s, azaz a koncepci\u00f3 megalkot\u00e1sa. Szak\u00e1gi tervek &#8211; Revit modell, felh\u0151 alap\u00fa k\u00f6z\u00f6s adatk\u00f6rnyezet a virtu\u00e1lis t\u00e9rben. \u00c9p\u00fclet szimul\u00e1ci\u00f3, energetika &#8211; primer energia, energiahat\u00e9konys\u00e1g, energetikai tan\u00fas\u00edtv\u00e1ny.\u00a0<\/p>","protected":false},"author":3,"featured_media":0,"parent":0,"menu_order":0,"comment_status":"closed","ping_status":"closed","template":"","meta":{"_et_pb_use_builder":"on","_et_pb_old_content":"","_et_gb_content_width":"","footnotes":""},"class_list":["post-237483","page","type-page","status-publish","hentry"],"yoast_head":"<!-- This site is optimized with the Yoast SEO plugin v24.5 - https:\/\/yoast.com\/wordpress\/plugins\/seo\/ -->\n<title>BIM - Nordii Homes<\/title>\n<meta name=\"description\" content=\"Gondolkozz m\u00e1sk\u00e9pp. Tervez\u00e9si program - szab\u00e1lyok, c\u00e9lok, elv\u00e1r\u00e1sok megjelen\u00edt\u00e9se. Koncepci\u00f3 terv - 3D t\u00e9r-elem \u00e9s vizualit\u00e1s, azaz a koncepci\u00f3 megalkot\u00e1sa.\" \/>\n<meta name=\"robots\" content=\"index, follow, max-snippet:-1, max-image-preview:large, max-video-preview:-1\" \/>\n<link rel=\"canonical\" href=\"https:\/\/nordiihomes.com\/de\/bim\/\" \/>\n<meta property=\"og:locale\" content=\"de_DE\" \/>\n<meta property=\"og:type\" content=\"article\" \/>\n<meta property=\"og:title\" content=\"BIM - Nordii Homes\" \/>\n<meta property=\"og:description\" content=\"Gondolkozz m\u00e1sk\u00e9pp. Tervez\u00e9si program - szab\u00e1lyok, c\u00e9lok, elv\u00e1r\u00e1sok megjelen\u00edt\u00e9se. Koncepci\u00f3 terv - 3D t\u00e9r-elem \u00e9s vizualit\u00e1s, azaz a koncepci\u00f3 megalkot\u00e1sa.\" \/>\n<meta property=\"og:url\" content=\"https:\/\/nordiihomes.com\/de\/bim\/\" \/>\n<meta property=\"og:site_name\" content=\"Nordii Homes\" \/>\n<meta property=\"article:modified_time\" content=\"2024-03-21T12:26:05+00:00\" \/>\n<meta name=\"twitter:card\" content=\"summary_large_image\" \/>\n<script type=\"application\/ld+json\" class=\"yoast-schema-graph\">{\"@context\":\"https:\/\/schema.org\",\"@graph\":[{\"@type\":\"WebPage\",\"@id\":\"https:\/\/nordiihomes.com\/bim\/\",\"url\":\"https:\/\/nordiihomes.com\/bim\/\",\"name\":\"BIM - Nordii Homes\",\"isPartOf\":{\"@id\":\"https:\/\/nordiihomes.com\/#website\"},\"datePublished\":\"2024-02-23T12:21:57+00:00\",\"dateModified\":\"2024-03-21T12:26:05+00:00\",\"description\":\"Gondolkozz m\u00e1sk\u00e9pp. Tervez\u00e9si program - szab\u00e1lyok, c\u00e9lok, elv\u00e1r\u00e1sok megjelen\u00edt\u00e9se. Koncepci\u00f3 terv - 3D t\u00e9r-elem \u00e9s vizualit\u00e1s, azaz a koncepci\u00f3 megalkot\u00e1sa.\",\"breadcrumb\":{\"@id\":\"https:\/\/nordiihomes.com\/bim\/#breadcrumb\"},\"inLanguage\":\"de\",\"potentialAction\":[{\"@type\":\"ReadAction\",\"target\":[\"https:\/\/nordiihomes.com\/bim\/\"]}]},{\"@type\":\"BreadcrumbList\",\"@id\":\"https:\/\/nordiihomes.com\/bim\/#breadcrumb\",\"itemListElement\":[{\"@type\":\"ListItem\",\"position\":1,\"name\":\"Kezd\u0151lap\",\"item\":\"https:\/\/nordiihomes.com\/\"},{\"@type\":\"ListItem\",\"position\":2,\"name\":\"BIM\"}]},{\"@type\":\"WebSite\",\"@id\":\"https:\/\/nordiihomes.com\/#website\",\"url\":\"https:\/\/nordiihomes.com\/\",\"name\":\"Nordii Homes\",\"description\":\"NORDii = modern akt\u00edv-h\u00e1z\",\"potentialAction\":[{\"@type\":\"SearchAction\",\"target\":{\"@type\":\"EntryPoint\",\"urlTemplate\":\"https:\/\/nordiihomes.com\/?s={search_term_string}\"},\"query-input\":{\"@type\":\"PropertyValueSpecification\",\"valueRequired\":true,\"valueName\":\"search_term_string\"}}],\"inLanguage\":\"de\"}]}<\/script>\n<!-- \/ Yoast SEO plugin. -->","yoast_head_json":{"title":"BIM - Nordii Homes","description":"Gondolkozz m\u00e1sk\u00e9pp. Tervez\u00e9si program - szab\u00e1lyok, c\u00e9lok, elv\u00e1r\u00e1sok megjelen\u00edt\u00e9se. Koncepci\u00f3 terv - 3D t\u00e9r-elem \u00e9s vizualit\u00e1s, azaz a koncepci\u00f3 megalkot\u00e1sa.","robots":{"index":"index","follow":"follow","max-snippet":"max-snippet:-1","max-image-preview":"max-image-preview:large","max-video-preview":"max-video-preview:-1"},"canonical":"https:\/\/nordiihomes.com\/de\/bim\/","og_locale":"de_DE","og_type":"article","og_title":"BIM - Nordii Homes","og_description":"Gondolkozz m\u00e1sk\u00e9pp. Tervez\u00e9si program - szab\u00e1lyok, c\u00e9lok, elv\u00e1r\u00e1sok megjelen\u00edt\u00e9se. Koncepci\u00f3 terv - 3D t\u00e9r-elem \u00e9s vizualit\u00e1s, azaz a koncepci\u00f3 megalkot\u00e1sa.","og_url":"https:\/\/nordiihomes.com\/de\/bim\/","og_site_name":"Nordii Homes","article_modified_time":"2024-03-21T12:26:05+00:00","twitter_card":"summary_large_image","schema":{"@context":"https:\/\/schema.org","@graph":[{"@type":"WebPage","@id":"https:\/\/nordiihomes.com\/bim\/","url":"https:\/\/nordiihomes.com\/bim\/","name":"BIM - Nordii Homes","isPartOf":{"@id":"https:\/\/nordiihomes.com\/#website"},"datePublished":"2024-02-23T12:21:57+00:00","dateModified":"2024-03-21T12:26:05+00:00","description":"Gondolkozz m\u00e1sk\u00e9pp. Tervez\u00e9si program - szab\u00e1lyok, c\u00e9lok, elv\u00e1r\u00e1sok megjelen\u00edt\u00e9se. Koncepci\u00f3 terv - 3D t\u00e9r-elem \u00e9s vizualit\u00e1s, azaz a koncepci\u00f3 megalkot\u00e1sa.","breadcrumb":{"@id":"https:\/\/nordiihomes.com\/bim\/#breadcrumb"},"inLanguage":"de","potentialAction":[{"@type":"ReadAction","target":["https:\/\/nordiihomes.com\/bim\/"]}]},{"@type":"BreadcrumbList","@id":"https:\/\/nordiihomes.com\/bim\/#breadcrumb","itemListElement":[{"@type":"ListItem","position":1,"name":"Kezd\u0151lap","item":"https:\/\/nordiihomes.com\/"},{"@type":"ListItem","position":2,"name":"BIM"}]},{"@type":"WebSite","@id":"https:\/\/nordiihomes.com\/#website","url":"https:\/\/nordiihomes.com\/","name":"Nordii Homes","description":"NORDii = modern akt\u00edv-h\u00e1z","potentialAction":[{"@type":"SearchAction","target":{"@type":"EntryPoint","urlTemplate":"https:\/\/nordiihomes.com\/?s={search_term_string}"},"query-input":{"@type":"PropertyValueSpecification","valueRequired":true,"valueName":"search_term_string"}}],"inLanguage":"de"}]}},"_links":{"self":[{"href":"https:\/\/nordiihomes.com\/de\/wp-json\/wp\/v2\/pages\/237483","targetHints":{"allow":["GET"]}}],"collection":[{"href":"https:\/\/nordiihomes.com\/de\/wp-json\/wp\/v2\/pages"}],"about":[{"href":"https:\/\/nordiihomes.com\/de\/wp-json\/wp\/v2\/types\/page"}],"author":[{"embeddable":true,"href":"https:\/\/nordiihomes.com\/de\/wp-json\/wp\/v2\/users\/3"}],"replies":[{"embeddable":true,"href":"https:\/\/nordiihomes.com\/de\/wp-json\/wp\/v2\/comments?post=237483"}],"version-history":[{"count":26,"href":"https:\/\/nordiihomes.com\/de\/wp-json\/wp\/v2\/pages\/237483\/revisions"}],"predecessor-version":[{"id":238677,"href":"https:\/\/nordiihomes.com\/de\/wp-json\/wp\/v2\/pages\/237483\/revisions\/238677"}],"wp:attachment":[{"href":"https:\/\/nordiihomes.com\/de\/wp-json\/wp\/v2\/media?parent=237483"}],"curies":[{"name":"wp","href":"https:\/\/api.w.org\/{rel}","templated":true}]}}