{"id":237564,"date":"2024-02-26T13:10:28","date_gmt":"2024-02-26T12:10:28","guid":{"rendered":"https:\/\/nordiihomes.com\/?page_id=237564"},"modified":"2024-03-25T11:47:30","modified_gmt":"2024-03-25T10:47:30","slug":"e-management","status":"publish","type":"page","link":"https:\/\/nordiihomes.com\/de\/e-management\/","title":{"rendered":"E-Management"},"content":{"rendered":"<p>[et_pb_section fb_built=&#8221;1&#8243; _builder_version=&#8221;4.24.2&#8243; _module_preset=&#8221;default&#8221; background_color=&#8221;#2f393d&#8221; use_background_color_gradient=&#8221;on&#8221; background_color_gradient_stops=&#8221;#2f393d 0%|rgba(255,255,255,0) 100%&#8221; background_image=&#8221;https:\/\/nordiihomes.com\/wp-content\/uploads\/2024\/02\/1.kep-IMG_7539-copy.webp&#8221; parallax=&#8221;on&#8221; parallax_method=&#8221;off&#8221; background_blend=&#8221;overlay&#8221; transform_scale_linked=&#8221;off&#8221; transform_translate_linked=&#8221;off&#8221; height=&#8221;103vh&#8221; height_tablet=&#8221;103vh&#8221; height_phone=&#8221;55vh&#8221; height_last_edited=&#8221;on|phone&#8221; custom_margin=&#8221;-115px||||false|false&#8221; global_colors_info=&#8221;{}&#8221;][et_pb_row make_equal=&#8221;on&#8221; _builder_version=&#8221;4.24.2&#8243; _module_preset=&#8221;default&#8221; positioning=&#8221;absolute&#8221; position_origin_a=&#8221;bottom_right&#8221; vertical_offset=&#8221;130px&#8221; horizontal_offset=&#8221;-180px&#8221; vertical_offset_tablet=&#8221;130px&#8221; vertical_offset_phone=&#8221;0px&#8221; vertical_offset_last_edited=&#8221;on|phone&#8221; position_origin_a_tablet=&#8221;bottom_right&#8221; position_origin_a_phone=&#8221;bottom_center&#8221; position_origin_a_last_edited=&#8221;on|phone&#8221; position_origin_f_tablet=&#8221;&#8221; position_origin_f_phone=&#8221;&#8221; position_origin_f_last_edited=&#8221;on|phone&#8221; position_origin_r_tablet=&#8221;&#8221; position_origin_r_phone=&#8221;&#8221; position_origin_r_last_edited=&#8221;on|phone&#8221; custom_margin=&#8221;||||false|false&#8221; positioning_tablet=&#8221;absolute&#8221; positioning_phone=&#8221;absolute&#8221; positioning_last_edited=&#8221;on|phone&#8221; custom_css_main_element=&#8221;margin: auto&#8221; global_colors_info=&#8221;{}&#8221;][et_pb_column type=&#8221;4_4&#8243; _builder_version=&#8221;4.24.1&#8243; _module_preset=&#8221;default&#8221; global_colors_info=&#8221;{}&#8221;][et_pb_text _builder_version=&#8221;4.24.2&#8243; _module_preset=&#8221;default&#8221; header_2_font=&#8221;Roboto||||||||&#8221; header_2_text_align=&#8221;center&#8221; header_2_text_color=&#8221;#FFFFFF&#8221; header_2_font_size=&#8221;46px&#8221; custom_margin=&#8221;||5px||false|false&#8221; custom_padding=&#8221;||0px||false|false&#8221; hover_enabled=&#8221;0&#8243; header_2_font_size_tablet=&#8221;46px&#8221; header_2_font_size_phone=&#8221;44px&#8221; header_2_font_size_last_edited=&#8221;on|phone&#8221; global_colors_info=&#8221;{}&#8221; header_font=&#8221;Roboto||||||||&#8221; header_text_align=&#8221;center&#8221; header_text_color=&#8221;#FFFFFF&#8221; header_font_size=&#8221;46px&#8221; sticky_enabled=&#8221;0&#8243;]<\/p>\n<h1>E-Management<\/h1>\n<p>[\/et_pb_text][\/et_pb_column][\/et_pb_row][\/et_pb_section][et_pb_section fb_built=&#8221;1&#8243; _builder_version=&#8221;4.24.2&#8243; _module_preset=&#8221;default&#8221; background_enable_color=&#8221;off&#8221; background_enable_image=&#8221;off&#8221; background_position=&#8221;top_center&#8221; background_vertical_offset=&#8221;40%&#8221; custom_margin=&#8221;0px||0px||true|false&#8221; custom_padding=&#8221;0px||0px||true|false&#8221; global_colors_info=&#8221;{}&#8221;][et_pb_row _builder_version=&#8221;4.24.2&#8243; _module_preset=&#8221;default&#8221; background_image=&#8221;https:\/\/nordiihomes.com\/wp-content\/uploads\/2024\/03\/hand-holding-light-bulb-nature-background-with-energy-power-icons-energy-power-electric-environment-from-nature-concept-copy.webp&#8221; width=&#8221;100%&#8221; max_width=&#8221;100%&#8221; height=&#8221;100vh&#8221; height_tablet=&#8221;100vh&#8221; height_phone=&#8221;50vh&#8221; height_last_edited=&#8221;on|phone&#8221; custom_margin=&#8221;0px||0px||true|false&#8221; custom_padding=&#8221;0px||0px||false|false&#8221; global_colors_info=&#8221;{}&#8221;][et_pb_column type=&#8221;4_4&#8243; _builder_version=&#8221;4.24.2&#8243; _module_preset=&#8221;default&#8221; global_colors_info=&#8221;{}&#8221;][\/et_pb_column][\/et_pb_row][\/et_pb_section][et_pb_section fb_built=&#8221;1&#8243; _builder_version=&#8221;4.24.1&#8243; _module_preset=&#8221;default&#8221; background_color=&#8221;rgba(255,255,255,0.95)&#8221; background_image=&#8221;https:\/\/nordiihomes.com\/wp-content\/uploads\/2024\/02\/NORDii-Logo-1.png&#8221; background_size=&#8221;custom&#8221; background_image_width=&#8221;30%&#8221; background_position=&#8221;center_left&#8221; background_horizontal_offset=&#8221;9%&#8221; background_blend=&#8221;overlay&#8221; custom_margin=&#8221;0px||||false|false&#8221; custom_padding=&#8221;0px||0px||false|false&#8221; global_colors_info=&#8221;{}&#8221;][et_pb_row column_structure=&#8221;2_5,3_5&#8243; use_custom_gutter=&#8221;on&#8221; make_equal=&#8221;on&#8221; _builder_version=&#8221;4.24.2&#8243; _module_preset=&#8221;default&#8221; width=&#8221;100%&#8221; max_width=&#8221;100%&#8221; custom_margin=&#8221;5px||5px||false|false&#8221; custom_margin_tablet=&#8221;5px||5px||false|false&#8221; custom_margin_phone=&#8221;30px||30px||false|false&#8221; custom_margin_last_edited=&#8221;on|phone&#8221; custom_padding=&#8221;0px||0px||true|false&#8221; custom_css_main_element=&#8221;align-items: center&#8221; global_colors_info=&#8221;{}&#8221;][et_pb_column type=&#8221;2_5&#8243; _builder_version=&#8221;4.24.1&#8243; _module_preset=&#8221;default&#8221; custom_padding=&#8221;|||6vw|false|false&#8221; custom_padding_tablet=&#8221;|||6vw|false|false&#8221; custom_padding_phone=&#8221;|20px||20px|false|true&#8221; custom_padding_last_edited=&#8221;on|phone&#8221; global_colors_info=&#8221;{}&#8221;][et_pb_text _builder_version=&#8221;4.24.2&#8243; _module_preset=&#8221;default&#8221; header_2_font=&#8221;Roboto|900|||||||&#8221; header_2_text_align=&#8221;center&#8221; header_2_text_color=&#8221;#2f393d&#8221; header_2_font_size=&#8221;30px&#8221; global_colors_info=&#8221;{}&#8221;]<\/p>\n<h2>ENERGIEMANAGEMENT<\/h2>\n<p>[\/et_pb_text][et_pb_text _builder_version=&#8221;4.24.2&#8243; _module_preset=&#8221;default&#8221; text_font=&#8221;Roboto|300|||||||&#8221; text_text_color=&#8221;#2f393d&#8221; text_font_size=&#8221;16px&#8221; text_line_height=&#8221;1.6em&#8221; text_orientation=&#8221;center&#8221; global_colors_info=&#8221;{}&#8221;]<\/p>\n<p><span>Wir integrieren weltklasse\u00a0<\/span><strong>Prozesse und Energiemanagement-Technologien<\/strong><span><strong>,<\/strong> und vereinen f\u00fchrende L\u00f6sungen,\u00a0<\/span><span><strong>die den<\/strong><\/span><strong>\u00a0gesamten Lebenszyklus umfassen, von der Endstelle bis zur Cloud, einschlie\u00dflich Steuerungen, Hardware, Software und Dienstleistungen.<\/strong><span>\u00a0Dies bietet\u00a0<\/span><span>integr<wbr \/>eine integrierte Verwaltung f\u00fcr unsere verschiedenen Bauabteilungen, wie Wohnungen,<\/span><span>\u00a0B\u00fcros, Hotels und Geb\u00e4ude.<\/span><\/p>\n<p>[\/et_pb_text][\/et_pb_column][et_pb_column type=&#8221;3_5&#8243; _builder_version=&#8221;4.24.2&#8243; _module_preset=&#8221;default&#8221; background_color=&#8221;#f6f6f6&#8243; global_colors_info=&#8221;{}&#8221;][et_pb_image src=&#8221;https:\/\/nordiihomes.com\/wp-content\/uploads\/2024\/03\/e-management-3.kep_.jpg&#8221; title_text=&#8221;e-management 3.ke\u0301p&#8221; show_in_lightbox=&#8221;on&#8221; align=&#8221;right&#8221; _builder_version=&#8221;4.24.2&#8243; _module_preset=&#8221;default&#8221; max_width=&#8221;100%&#8221; module_alignment=&#8221;center&#8221; global_colors_info=&#8221;{}&#8221;][\/et_pb_image][\/et_pb_column][\/et_pb_row][\/et_pb_section]<\/p>","protected":false},"excerpt":{"rendered":"<p>E-managementENERGIA-MANAGEMENTVil\u00e1gsz\u00ednvonalon\u00a0folyamatokat \u00e9s energiagazd\u00e1lkod\u00e1si technol\u00f3gi\u00e1kat integr\u00e1lunk, vezet\u0151 megold\u00e1sokban\u00a0egyes\u00edtj\u00fck\u00a0az eg\u00e9sz \u00e9letciklust \u00e1t\u00f6lel\u0151, a\u00a0v\u00e9gpontt\u00f3l a felh\u0151ig \u00f6sszek\u00f6t\u0151 vez\u00e9rl\u0151ket, hardvereket, szoftvereket \u00e9s szolg\u00e1ltat\u00e1sokat,\u00a0ezzel\u00a0integr\u00e1lt ir\u00e1ny\u00edt\u00e1st k\u00edn\u00e1lva a lak\u00e1sok, irod\u00e1k, sz\u00e1llod\u00e1k, \u00e9p\u00fcletek,\u00a0azaz a k\u00fcl\u00f6nb\u00f6z\u0151 \u00e9p\u00edt\u00e9si div\u00edzi\u00f3ink sz\u00e1m\u00e1ra.<\/p>","protected":false},"author":3,"featured_media":237636,"parent":0,"menu_order":0,"comment_status":"closed","ping_status":"closed","template":"","meta":{"_et_pb_use_builder":"on","_et_pb_old_content":"","_et_gb_content_width":"","footnotes":""},"class_list":["post-237564","page","type-page","status-publish","has-post-thumbnail","hentry"],"yoast_head":"<!-- This site is optimized with the Yoast SEO plugin v24.5 - https:\/\/yoast.com\/wordpress\/plugins\/seo\/ -->\n<title>E-management - Nordii Homes<\/title>\n<meta name=\"description\" content=\"Vezet\u0151 megold\u00e1sokban egyes\u00edtj\u00fck az eg\u00e9sz \u00e9letciklust \u00e1t\u00f6lel\u0151, a v\u00e9gpontt\u00f3l a felh\u0151ig \u00f6sszek\u00f6t\u0151 vez\u00e9rl\u0151ket, hardvereket, szoftvereket \u00e9s szolg\u00e1ltat\u00e1sokat.\" \/>\n<meta name=\"robots\" content=\"index, follow, max-snippet:-1, max-image-preview:large, max-video-preview:-1\" \/>\n<link rel=\"canonical\" href=\"https:\/\/nordiihomes.com\/de\/e-management\/\" \/>\n<meta property=\"og:locale\" content=\"de_DE\" \/>\n<meta property=\"og:type\" content=\"article\" \/>\n<meta property=\"og:title\" content=\"E-management - Nordii Homes\" \/>\n<meta property=\"og:description\" content=\"Vezet\u0151 megold\u00e1sokban egyes\u00edtj\u00fck az eg\u00e9sz \u00e9letciklust \u00e1t\u00f6lel\u0151, a v\u00e9gpontt\u00f3l a felh\u0151ig \u00f6sszek\u00f6t\u0151 vez\u00e9rl\u0151ket, hardvereket, szoftvereket \u00e9s szolg\u00e1ltat\u00e1sokat.\" \/>\n<meta property=\"og:url\" content=\"https:\/\/nordiihomes.com\/de\/e-management\/\" \/>\n<meta property=\"og:site_name\" content=\"Nordii Homes\" \/>\n<meta property=\"article:modified_time\" content=\"2024-03-25T10:47:30+00:00\" \/>\n<meta property=\"og:image\" content=\"https:\/\/nordiihomes.com\/wp-content\/uploads\/2024\/02\/1.kep-IMG_7539-copy.webp\" \/>\n\t<meta property=\"og:image:width\" content=\"2000\" \/>\n\t<meta property=\"og:image:height\" content=\"938\" \/>\n\t<meta property=\"og:image:type\" content=\"image\/webp\" \/>\n<meta name=\"twitter:card\" content=\"summary_large_image\" \/>\n<meta name=\"twitter:label1\" content=\"Gesch\u00e4tzte Lesezeit\" \/>\n\t<meta name=\"twitter:data1\" content=\"1\u00a0Minute\" \/>\n<script type=\"application\/ld+json\" class=\"yoast-schema-graph\">{\"@context\":\"https:\/\/schema.org\",\"@graph\":[{\"@type\":\"WebPage\",\"@id\":\"https:\/\/nordiihomes.com\/e-management\/\",\"url\":\"https:\/\/nordiihomes.com\/e-management\/\",\"name\":\"E-management - Nordii Homes\",\"isPartOf\":{\"@id\":\"https:\/\/nordiihomes.com\/#website\"},\"primaryImageOfPage\":{\"@id\":\"https:\/\/nordiihomes.com\/e-management\/#primaryimage\"},\"image\":{\"@id\":\"https:\/\/nordiihomes.com\/e-management\/#primaryimage\"},\"thumbnailUrl\":\"https:\/\/nordiihomes.com\/wp-content\/uploads\/2024\/02\/1.kep-IMG_7539-copy.webp\",\"datePublished\":\"2024-02-26T12:10:28+00:00\",\"dateModified\":\"2024-03-25T10:47:30+00:00\",\"description\":\"Vezet\u0151 megold\u00e1sokban egyes\u00edtj\u00fck az eg\u00e9sz \u00e9letciklust \u00e1t\u00f6lel\u0151, a v\u00e9gpontt\u00f3l a felh\u0151ig \u00f6sszek\u00f6t\u0151 vez\u00e9rl\u0151ket, hardvereket, szoftvereket \u00e9s szolg\u00e1ltat\u00e1sokat.\",\"breadcrumb\":{\"@id\":\"https:\/\/nordiihomes.com\/e-management\/#breadcrumb\"},\"inLanguage\":\"de\",\"potentialAction\":[{\"@type\":\"ReadAction\",\"target\":[\"https:\/\/nordiihomes.com\/e-management\/\"]}]},{\"@type\":\"ImageObject\",\"inLanguage\":\"de\",\"@id\":\"https:\/\/nordiihomes.com\/e-management\/#primaryimage\",\"url\":\"https:\/\/nordiihomes.com\/wp-content\/uploads\/2024\/02\/1.kep-IMG_7539-copy.webp\",\"contentUrl\":\"https:\/\/nordiihomes.com\/wp-content\/uploads\/2024\/02\/1.kep-IMG_7539-copy.webp\",\"width\":2000,\"height\":938},{\"@type\":\"BreadcrumbList\",\"@id\":\"https:\/\/nordiihomes.com\/e-management\/#breadcrumb\",\"itemListElement\":[{\"@type\":\"ListItem\",\"position\":1,\"name\":\"Kezd\u0151lap\",\"item\":\"https:\/\/nordiihomes.com\/\"},{\"@type\":\"ListItem\",\"position\":2,\"name\":\"E-management\"}]},{\"@type\":\"WebSite\",\"@id\":\"https:\/\/nordiihomes.com\/#website\",\"url\":\"https:\/\/nordiihomes.com\/\",\"name\":\"Nordii Homes\",\"description\":\"NORDii = modern akt\u00edv-h\u00e1z\",\"potentialAction\":[{\"@type\":\"SearchAction\",\"target\":{\"@type\":\"EntryPoint\",\"urlTemplate\":\"https:\/\/nordiihomes.com\/?s={search_term_string}\"},\"query-input\":{\"@type\":\"PropertyValueSpecification\",\"valueRequired\":true,\"valueName\":\"search_term_string\"}}],\"inLanguage\":\"de\"}]}<\/script>\n<!-- \/ Yoast SEO plugin. -->","yoast_head_json":{"title":"E-management - Nordii Homes","description":"Vezet\u0151 megold\u00e1sokban egyes\u00edtj\u00fck az eg\u00e9sz \u00e9letciklust \u00e1t\u00f6lel\u0151, a v\u00e9gpontt\u00f3l a felh\u0151ig \u00f6sszek\u00f6t\u0151 vez\u00e9rl\u0151ket, hardvereket, szoftvereket \u00e9s szolg\u00e1ltat\u00e1sokat.","robots":{"index":"index","follow":"follow","max-snippet":"max-snippet:-1","max-image-preview":"max-image-preview:large","max-video-preview":"max-video-preview:-1"},"canonical":"https:\/\/nordiihomes.com\/de\/e-management\/","og_locale":"de_DE","og_type":"article","og_title":"E-management - Nordii Homes","og_description":"Vezet\u0151 megold\u00e1sokban egyes\u00edtj\u00fck az eg\u00e9sz \u00e9letciklust \u00e1t\u00f6lel\u0151, a v\u00e9gpontt\u00f3l a felh\u0151ig \u00f6sszek\u00f6t\u0151 vez\u00e9rl\u0151ket, hardvereket, szoftvereket \u00e9s szolg\u00e1ltat\u00e1sokat.","og_url":"https:\/\/nordiihomes.com\/de\/e-management\/","og_site_name":"Nordii Homes","article_modified_time":"2024-03-25T10:47:30+00:00","og_image":[{"width":2000,"height":938,"url":"https:\/\/nordiihomes.com\/wp-content\/uploads\/2024\/02\/1.kep-IMG_7539-copy.webp","type":"image\/webp"}],"twitter_card":"summary_large_image","twitter_misc":{"Gesch\u00e4tzte Lesezeit":"1\u00a0Minute"},"schema":{"@context":"https:\/\/schema.org","@graph":[{"@type":"WebPage","@id":"https:\/\/nordiihomes.com\/e-management\/","url":"https:\/\/nordiihomes.com\/e-management\/","name":"E-management - Nordii Homes","isPartOf":{"@id":"https:\/\/nordiihomes.com\/#website"},"primaryImageOfPage":{"@id":"https:\/\/nordiihomes.com\/e-management\/#primaryimage"},"image":{"@id":"https:\/\/nordiihomes.com\/e-management\/#primaryimage"},"thumbnailUrl":"https:\/\/nordiihomes.com\/wp-content\/uploads\/2024\/02\/1.kep-IMG_7539-copy.webp","datePublished":"2024-02-26T12:10:28+00:00","dateModified":"2024-03-25T10:47:30+00:00","description":"Vezet\u0151 megold\u00e1sokban egyes\u00edtj\u00fck az eg\u00e9sz \u00e9letciklust \u00e1t\u00f6lel\u0151, a v\u00e9gpontt\u00f3l a felh\u0151ig \u00f6sszek\u00f6t\u0151 vez\u00e9rl\u0151ket, hardvereket, szoftvereket \u00e9s szolg\u00e1ltat\u00e1sokat.","breadcrumb":{"@id":"https:\/\/nordiihomes.com\/e-management\/#breadcrumb"},"inLanguage":"de","potentialAction":[{"@type":"ReadAction","target":["https:\/\/nordiihomes.com\/e-management\/"]}]},{"@type":"ImageObject","inLanguage":"de","@id":"https:\/\/nordiihomes.com\/e-management\/#primaryimage","url":"https:\/\/nordiihomes.com\/wp-content\/uploads\/2024\/02\/1.kep-IMG_7539-copy.webp","contentUrl":"https:\/\/nordiihomes.com\/wp-content\/uploads\/2024\/02\/1.kep-IMG_7539-copy.webp","width":2000,"height":938},{"@type":"BreadcrumbList","@id":"https:\/\/nordiihomes.com\/e-management\/#breadcrumb","itemListElement":[{"@type":"ListItem","position":1,"name":"Kezd\u0151lap","item":"https:\/\/nordiihomes.com\/"},{"@type":"ListItem","position":2,"name":"E-management"}]},{"@type":"WebSite","@id":"https:\/\/nordiihomes.com\/#website","url":"https:\/\/nordiihomes.com\/","name":"Nordii Homes","description":"NORDii = modern akt\u00edv-h\u00e1z","potentialAction":[{"@type":"SearchAction","target":{"@type":"EntryPoint","urlTemplate":"https:\/\/nordiihomes.com\/?s={search_term_string}"},"query-input":{"@type":"PropertyValueSpecification","valueRequired":true,"valueName":"search_term_string"}}],"inLanguage":"de"}]}},"_links":{"self":[{"href":"https:\/\/nordiihomes.com\/de\/wp-json\/wp\/v2\/pages\/237564","targetHints":{"allow":["GET"]}}],"collection":[{"href":"https:\/\/nordiihomes.com\/de\/wp-json\/wp\/v2\/pages"}],"about":[{"href":"https:\/\/nordiihomes.com\/de\/wp-json\/wp\/v2\/types\/page"}],"author":[{"embeddable":true,"href":"https:\/\/nordiihomes.com\/de\/wp-json\/wp\/v2\/users\/3"}],"replies":[{"embeddable":true,"href":"https:\/\/nordiihomes.com\/de\/wp-json\/wp\/v2\/comments?post=237564"}],"version-history":[{"count":25,"href":"https:\/\/nordiihomes.com\/de\/wp-json\/wp\/v2\/pages\/237564\/revisions"}],"predecessor-version":[{"id":238827,"href":"https:\/\/nordiihomes.com\/de\/wp-json\/wp\/v2\/pages\/237564\/revisions\/238827"}],"wp:featuredmedia":[{"embeddable":true,"href":"https:\/\/nordiihomes.com\/de\/wp-json\/wp\/v2\/media\/237636"}],"wp:attachment":[{"href":"https:\/\/nordiihomes.com\/de\/wp-json\/wp\/v2\/media?parent=237564"}],"curies":[{"name":"wp","href":"https:\/\/api.w.org\/{rel}","templated":true}]}}