{"id":237735,"date":"2024-03-02T13:40:00","date_gmt":"2024-03-02T12:40:00","guid":{"rendered":"https:\/\/nordiihomes.com\/?page_id=237735"},"modified":"2024-03-02T13:40:00","modified_gmt":"2024-03-02T12:40:00","slug":"adatkezelesi-tajekoztato-2","status":"publish","type":"page","link":"https:\/\/nordiihomes.com\/de\/adatkezelesi-tajekoztato-2\/","title":{"rendered":"Datenschutzerkl\u00e4rung"},"content":{"rendered":"<p>[et_pb_section fb_built=&#8221;1&#8243; theme_builder_area=&#8221;post_content&#8221; _builder_version=&#8221;4.24.2&#8243; _module_preset=&#8221;default&#8221;][et_pb_row _builder_version=&#8221;4.24.2&#8243; _module_preset=&#8221;default&#8221; theme_builder_area=&#8221;post_content&#8221;][et_pb_column _builder_version=&#8221;4.24.2&#8243; _module_preset=&#8221;default&#8221; type=&#8221;4_4&#8243; theme_builder_area=&#8221;post_content&#8221;][et_pb_text _builder_version=&#8221;4.24.2&#8243; _module_preset=&#8221;default&#8221; theme_builder_area=&#8221;post_content&#8221; link_text_color=&#8221;#000000&#8243; hover_enabled=&#8221;0&#8243; sticky_enabled=&#8221;0&#8243;]<\/p>\n<h2><strong>Datenschutzerkl\u00e4rung<\/strong><\/h2>\n<p>&nbsp;<\/p>\n<p>Die Website wird von der\u00a0<strong>der NORDii \u00c9P\u00cdT\u0150 Aktiengesellschaft<\/strong>\u00a0(1064 Budapest,\nPodmaniczky Stra\u00dfe 57, Firmenbuchnummer:\u00a0<a href=\"tel:01-10-142663\" target=\"_blank\" rel=\"noopener\">01-10-142663<\/a>Steuernummer:\u00a0<a href=\"tel:27441149-2-42\" target=\"_blank\" rel=\"noopener\">27441149-2-42<\/a>betrieben.\u00a0<\/p>\n<p>Wir sammeln oder speichern keine Daten von unseren Besuchern.<\/p>\n<p>&nbsp;<\/p>\n<p>Wir verwenden keine eigenen Cookies (\u201eCookies\u201c).<\/p>\n<p>Auf unserer Website werden Drittanbieter-Cookies von Google Analytics verwendet, die uns durch die anonyme Erfassung und Berichterstattung von Daten helfen, zu verstehen, wie Besucher mit unserer Website interagieren. Die Website hat keine Kontrolle \u00fcber Drittanbieter-Cookies und \u00fcbernimmt keine Verantwortung daf\u00fcr. Weitere Informationen finden Sie auf der Website des jeweiligen Drittanbieters.<\/p>\n<p>Zus\u00e4tzlich zu den oben genannten k\u00f6nnen auf unserer Website aufgrund eingebetteter (externer) Inhalte durch Technologien wie iFrames, JavaScript usw. weitere Drittanbieter-Cookies vorkommen. Durch die Erlaubnis der Cookies akzeptiert der Nutzer die Verwendung von Cookies f\u00fcr solche Inhalte.<\/p>\n<p>[\/et_pb_text][\/et_pb_column][\/et_pb_row][\/et_pb_section]<\/p>","protected":false},"excerpt":{"rendered":"<p>Adatkezel\u00e9si t\u00e1j\u00e9koztat\u00f3 &nbsp; A honlapot a\u00a0NORDii \u00c9P\u00cdT\u0150 Z\u00e1rtk\u00f6r\u0171en M\u0171k\u00f6d\u0151 R\u00e9szv\u00e9nyt\u00e1rsas\u00e1g\u00a0(1064 Budapest Podmaniczky utca 57. , c\u00e9gjegyz\u00e9ksz\u00e1m:\u00a001-10-142663, ad\u00f3sz\u00e1m:\u00a027441149-2-42) \u00fczemelteti.\u00a0 L\u00e1togat\u00f3ink semmilyen adat\u00e1t nem gy\u00fcjtj\u00fck, nem t\u00e1roljuk. &nbsp; Saj\u00e1t s\u00fctit ( \u201ccookie\u201d) nem haszn\u00e1lunk. Honlapunkon harmadik f\u00e9lt\u0151l sz\u00e1rmaz\u00f3 s\u00fcti a Google Analytics szolg\u00e1ltat\u00e1sa, amely az adatok n\u00e9vtelen form\u00e1ban val\u00f3 gy\u0171jt\u00e9s\u00e9n \u00e9s jelent\u00e9s\u00e9n kereszt\u00fcl seg\u00edt abban, hogy meg\u00e9rts\u00fck, hogyan l\u00e9pnek interakci\u00f3ba a l\u00e1togat\u00f3k honlapunkkal. A honlap nem gyakorol ellen\u0151rz\u00e9st a harmadik f\u00e9lt\u0151l sz\u00e1rmaz\u00f3 s\u00fctik felett, \u00e9s nem v\u00e1llal felel\u0151ss\u00e9get azok\u00e9rt. K\u00e9rj\u00fck, tov\u00e1bbi tudnival\u00f3k\u00e9rt keresse fel az adott harmadik f\u00e9l internetes oldal\u00e1t. iFrames, JavaScript stb. technol\u00f3gi\u00e1k alkalmaz\u00e1s\u00e1val a felsoroltak mellett tov\u00e1bbi harmadik-f\u00e9lt\u0151l sz\u00e1rmaz\u00f3 s\u00fctik is el\u0151fordulhatnak a honlapunkon az esetleges be\u00e1gyazott (k\u00fcls\u0151) tartalmakban. A s\u00fctik haszn\u00e1lat\u00e1nak enged\u00e9lyez\u00e9s\u00e9vel a felhaszn\u00e1l\u00f3 az ilyen tartalmak s\u00fcti-haszn\u00e1lat\u00e1t elfogadja.<\/p>","protected":false},"author":3,"featured_media":0,"parent":0,"menu_order":0,"comment_status":"closed","ping_status":"closed","template":"","meta":{"_et_pb_use_builder":"on","_et_pb_old_content":"","_et_gb_content_width":"","footnotes":""},"class_list":["post-237735","page","type-page","status-publish","hentry"],"yoast_head":"<!-- This site is optimized with the Yoast SEO plugin v24.5 - https:\/\/yoast.com\/wordpress\/plugins\/seo\/ -->\n<title>Adatkezel\u00e9si t\u00e1j\u00e9koztat\u00f3 - Nordii Homes<\/title>\n<meta name=\"robots\" content=\"index, follow, max-snippet:-1, max-image-preview:large, max-video-preview:-1\" \/>\n<link rel=\"canonical\" href=\"https:\/\/nordiihomes.com\/de\/adatkezelesi-tajekoztato-2\/\" \/>\n<meta property=\"og:locale\" content=\"de_DE\" \/>\n<meta property=\"og:type\" content=\"article\" \/>\n<meta property=\"og:title\" content=\"Adatkezel\u00e9si t\u00e1j\u00e9koztat\u00f3 - Nordii Homes\" \/>\n<meta property=\"og:description\" content=\"Adatkezel\u00e9si t\u00e1j\u00e9koztat\u00f3 &nbsp; A honlapot a\u00a0NORDii \u00c9P\u00cdT\u0150 Z\u00e1rtk\u00f6r\u0171en M\u0171k\u00f6d\u0151 R\u00e9szv\u00e9nyt\u00e1rsas\u00e1g\u00a0(1064 Budapest Podmaniczky utca 57. , c\u00e9gjegyz\u00e9ksz\u00e1m:\u00a001-10-142663, ad\u00f3sz\u00e1m:\u00a027441149-2-42) \u00fczemelteti.\u00a0 L\u00e1togat\u00f3ink semmilyen adat\u00e1t nem gy\u00fcjtj\u00fck, nem t\u00e1roljuk. &nbsp; Saj\u00e1t s\u00fctit ( \u201ccookie\u201d) nem haszn\u00e1lunk. Honlapunkon harmadik f\u00e9lt\u0151l sz\u00e1rmaz\u00f3 s\u00fcti a Google Analytics szolg\u00e1ltat\u00e1sa, amely az adatok n\u00e9vtelen form\u00e1ban val\u00f3 gy\u0171jt\u00e9s\u00e9n \u00e9s jelent\u00e9s\u00e9n kereszt\u00fcl seg\u00edt abban, hogy meg\u00e9rts\u00fck, hogyan l\u00e9pnek interakci\u00f3ba a l\u00e1togat\u00f3k honlapunkkal. A honlap nem gyakorol ellen\u0151rz\u00e9st a harmadik f\u00e9lt\u0151l sz\u00e1rmaz\u00f3 s\u00fctik felett, \u00e9s nem v\u00e1llal felel\u0151ss\u00e9get azok\u00e9rt. K\u00e9rj\u00fck, tov\u00e1bbi tudnival\u00f3k\u00e9rt keresse fel az adott harmadik f\u00e9l internetes oldal\u00e1t. iFrames, JavaScript stb. technol\u00f3gi\u00e1k alkalmaz\u00e1s\u00e1val a felsoroltak mellett tov\u00e1bbi harmadik-f\u00e9lt\u0151l sz\u00e1rmaz\u00f3 s\u00fctik is el\u0151fordulhatnak a honlapunkon az esetleges be\u00e1gyazott (k\u00fcls\u0151) tartalmakban. A s\u00fctik haszn\u00e1lat\u00e1nak enged\u00e9lyez\u00e9s\u00e9vel a felhaszn\u00e1l\u00f3 az ilyen tartalmak s\u00fcti-haszn\u00e1lat\u00e1t elfogadja.\" \/>\n<meta property=\"og:url\" content=\"https:\/\/nordiihomes.com\/de\/adatkezelesi-tajekoztato-2\/\" \/>\n<meta property=\"og:site_name\" content=\"Nordii Homes\" \/>\n<meta name=\"twitter:card\" content=\"summary_large_image\" \/>\n<script type=\"application\/ld+json\" class=\"yoast-schema-graph\">{\"@context\":\"https:\/\/schema.org\",\"@graph\":[{\"@type\":\"WebPage\",\"@id\":\"https:\/\/nordiihomes.com\/adatkezelesi-tajekoztato-2\/\",\"url\":\"https:\/\/nordiihomes.com\/adatkezelesi-tajekoztato-2\/\",\"name\":\"Adatkezel\u00e9si t\u00e1j\u00e9koztat\u00f3 - Nordii Homes\",\"isPartOf\":{\"@id\":\"https:\/\/nordiihomes.com\/#website\"},\"datePublished\":\"2024-03-02T12:40:00+00:00\",\"breadcrumb\":{\"@id\":\"https:\/\/nordiihomes.com\/adatkezelesi-tajekoztato-2\/#breadcrumb\"},\"inLanguage\":\"de\",\"potentialAction\":[{\"@type\":\"ReadAction\",\"target\":[\"https:\/\/nordiihomes.com\/adatkezelesi-tajekoztato-2\/\"]}]},{\"@type\":\"BreadcrumbList\",\"@id\":\"https:\/\/nordiihomes.com\/adatkezelesi-tajekoztato-2\/#breadcrumb\",\"itemListElement\":[{\"@type\":\"ListItem\",\"position\":1,\"name\":\"Kezd\u0151lap\",\"item\":\"https:\/\/nordiihomes.com\/\"},{\"@type\":\"ListItem\",\"position\":2,\"name\":\"Adatkezel\u00e9si t\u00e1j\u00e9koztat\u00f3\"}]},{\"@type\":\"WebSite\",\"@id\":\"https:\/\/nordiihomes.com\/#website\",\"url\":\"https:\/\/nordiihomes.com\/\",\"name\":\"Nordii Homes\",\"description\":\"NORDii = modern akt\u00edv-h\u00e1z\",\"potentialAction\":[{\"@type\":\"SearchAction\",\"target\":{\"@type\":\"EntryPoint\",\"urlTemplate\":\"https:\/\/nordiihomes.com\/?s={search_term_string}\"},\"query-input\":{\"@type\":\"PropertyValueSpecification\",\"valueRequired\":true,\"valueName\":\"search_term_string\"}}],\"inLanguage\":\"de\"}]}<\/script>\n<!-- \/ Yoast SEO plugin. -->","yoast_head_json":{"title":"Adatkezel\u00e9si t\u00e1j\u00e9koztat\u00f3 - Nordii Homes","robots":{"index":"index","follow":"follow","max-snippet":"max-snippet:-1","max-image-preview":"max-image-preview:large","max-video-preview":"max-video-preview:-1"},"canonical":"https:\/\/nordiihomes.com\/de\/adatkezelesi-tajekoztato-2\/","og_locale":"de_DE","og_type":"article","og_title":"Adatkezel\u00e9si t\u00e1j\u00e9koztat\u00f3 - Nordii Homes","og_description":"Adatkezel\u00e9si t\u00e1j\u00e9koztat\u00f3 &nbsp; A honlapot a\u00a0NORDii \u00c9P\u00cdT\u0150 Z\u00e1rtk\u00f6r\u0171en M\u0171k\u00f6d\u0151 R\u00e9szv\u00e9nyt\u00e1rsas\u00e1g\u00a0(1064 Budapest Podmaniczky utca 57. , c\u00e9gjegyz\u00e9ksz\u00e1m:\u00a001-10-142663, ad\u00f3sz\u00e1m:\u00a027441149-2-42) \u00fczemelteti.\u00a0 L\u00e1togat\u00f3ink semmilyen adat\u00e1t nem gy\u00fcjtj\u00fck, nem t\u00e1roljuk. &nbsp; Saj\u00e1t s\u00fctit ( \u201ccookie\u201d) nem haszn\u00e1lunk. Honlapunkon harmadik f\u00e9lt\u0151l sz\u00e1rmaz\u00f3 s\u00fcti a Google Analytics szolg\u00e1ltat\u00e1sa, amely az adatok n\u00e9vtelen form\u00e1ban val\u00f3 gy\u0171jt\u00e9s\u00e9n \u00e9s jelent\u00e9s\u00e9n kereszt\u00fcl seg\u00edt abban, hogy meg\u00e9rts\u00fck, hogyan l\u00e9pnek interakci\u00f3ba a l\u00e1togat\u00f3k honlapunkkal. A honlap nem gyakorol ellen\u0151rz\u00e9st a harmadik f\u00e9lt\u0151l sz\u00e1rmaz\u00f3 s\u00fctik felett, \u00e9s nem v\u00e1llal felel\u0151ss\u00e9get azok\u00e9rt. K\u00e9rj\u00fck, tov\u00e1bbi tudnival\u00f3k\u00e9rt keresse fel az adott harmadik f\u00e9l internetes oldal\u00e1t. iFrames, JavaScript stb. technol\u00f3gi\u00e1k alkalmaz\u00e1s\u00e1val a felsoroltak mellett tov\u00e1bbi harmadik-f\u00e9lt\u0151l sz\u00e1rmaz\u00f3 s\u00fctik is el\u0151fordulhatnak a honlapunkon az esetleges be\u00e1gyazott (k\u00fcls\u0151) tartalmakban. A s\u00fctik haszn\u00e1lat\u00e1nak enged\u00e9lyez\u00e9s\u00e9vel a felhaszn\u00e1l\u00f3 az ilyen tartalmak s\u00fcti-haszn\u00e1lat\u00e1t elfogadja.","og_url":"https:\/\/nordiihomes.com\/de\/adatkezelesi-tajekoztato-2\/","og_site_name":"Nordii Homes","twitter_card":"summary_large_image","schema":{"@context":"https:\/\/schema.org","@graph":[{"@type":"WebPage","@id":"https:\/\/nordiihomes.com\/adatkezelesi-tajekoztato-2\/","url":"https:\/\/nordiihomes.com\/adatkezelesi-tajekoztato-2\/","name":"Adatkezel\u00e9si t\u00e1j\u00e9koztat\u00f3 - Nordii Homes","isPartOf":{"@id":"https:\/\/nordiihomes.com\/#website"},"datePublished":"2024-03-02T12:40:00+00:00","breadcrumb":{"@id":"https:\/\/nordiihomes.com\/adatkezelesi-tajekoztato-2\/#breadcrumb"},"inLanguage":"de","potentialAction":[{"@type":"ReadAction","target":["https:\/\/nordiihomes.com\/adatkezelesi-tajekoztato-2\/"]}]},{"@type":"BreadcrumbList","@id":"https:\/\/nordiihomes.com\/adatkezelesi-tajekoztato-2\/#breadcrumb","itemListElement":[{"@type":"ListItem","position":1,"name":"Kezd\u0151lap","item":"https:\/\/nordiihomes.com\/"},{"@type":"ListItem","position":2,"name":"Adatkezel\u00e9si t\u00e1j\u00e9koztat\u00f3"}]},{"@type":"WebSite","@id":"https:\/\/nordiihomes.com\/#website","url":"https:\/\/nordiihomes.com\/","name":"Nordii Homes","description":"NORDii = modern akt\u00edv-h\u00e1z","potentialAction":[{"@type":"SearchAction","target":{"@type":"EntryPoint","urlTemplate":"https:\/\/nordiihomes.com\/?s={search_term_string}"},"query-input":{"@type":"PropertyValueSpecification","valueRequired":true,"valueName":"search_term_string"}}],"inLanguage":"de"}]}},"_links":{"self":[{"href":"https:\/\/nordiihomes.com\/de\/wp-json\/wp\/v2\/pages\/237735","targetHints":{"allow":["GET"]}}],"collection":[{"href":"https:\/\/nordiihomes.com\/de\/wp-json\/wp\/v2\/pages"}],"about":[{"href":"https:\/\/nordiihomes.com\/de\/wp-json\/wp\/v2\/types\/page"}],"author":[{"embeddable":true,"href":"https:\/\/nordiihomes.com\/de\/wp-json\/wp\/v2\/users\/3"}],"replies":[{"embeddable":true,"href":"https:\/\/nordiihomes.com\/de\/wp-json\/wp\/v2\/comments?post=237735"}],"version-history":[{"count":2,"href":"https:\/\/nordiihomes.com\/de\/wp-json\/wp\/v2\/pages\/237735\/revisions"}],"predecessor-version":[{"id":237737,"href":"https:\/\/nordiihomes.com\/de\/wp-json\/wp\/v2\/pages\/237735\/revisions\/237737"}],"wp:attachment":[{"href":"https:\/\/nordiihomes.com\/de\/wp-json\/wp\/v2\/media?parent=237735"}],"curies":[{"name":"wp","href":"https:\/\/api.w.org\/{rel}","templated":true}]}}