{"id":237866,"date":"2024-03-06T13:35:45","date_gmt":"2024-03-06T12:35:45","guid":{"rendered":"https:\/\/nordiihomes.com\/?page_id=237866"},"modified":"2024-03-21T13:24:51","modified_gmt":"2024-03-21T12:24:51","slug":"befektetoi-kapcsolatok","status":"publish","type":"page","link":"https:\/\/nordiihomes.com\/de\/befektetoi-kapcsolatok\/","title":{"rendered":"Investorenbeziehungen"},"content":{"rendered":"<p>[et_pb_section fb_built=&#8221;1&#8243; _builder_version=&#8221;4.24.2&#8243; _module_preset=&#8221;default&#8221; background_color=&#8221;#2f393d&#8221; use_background_color_gradient=&#8221;on&#8221; background_color_gradient_stops=&#8221;#2f393d 0%|rgba(255,255,255,0) 100%&#8221; background_image=&#8221;https:\/\/nordiihomes.com\/wp-content\/uploads\/2024\/03\/1.kep_.webp&#8221; parallax=&#8221;on&#8221; parallax_method=&#8221;off&#8221; background_blend=&#8221;overlay&#8221; transform_scale_linked=&#8221;off&#8221; transform_translate_linked=&#8221;off&#8221; height=&#8221;103vh&#8221; height_tablet=&#8221;103vh&#8221; height_phone=&#8221;55vh&#8221; height_last_edited=&#8221;on|phone&#8221; custom_margin=&#8221;-115px||||false|false&#8221; global_colors_info=&#8221;{}&#8221;][et_pb_row make_equal=&#8221;on&#8221; _builder_version=&#8221;4.24.2&#8243; _module_preset=&#8221;default&#8221; custom_margin=&#8221;4vw||3vh||false|false&#8221; custom_margin_tablet=&#8221;4vw||3vh||false|false&#8221; custom_margin_phone=&#8221;80px||||false|false&#8221; custom_margin_last_edited=&#8221;on|phone&#8221; hover_enabled=&#8221;0&#8243; custom_css_main_element=&#8221;margin: auto&#8221; global_colors_info=&#8221;{}&#8221; sticky_enabled=&#8221;0&#8243;][et_pb_column type=&#8221;4_4&#8243; _builder_version=&#8221;4.24.1&#8243; _module_preset=&#8221;default&#8221; global_colors_info=&#8221;{}&#8221;][et_pb_text _builder_version=&#8221;4.24.2&#8243; _module_preset=&#8221;default&#8221; header_font=&#8221;Roboto||||||||&#8221; header_text_align=&#8221;center&#8221; header_text_color=&#8221;#FFFFFF&#8221; header_font_size=&#8221;46px&#8221; header_2_font=&#8221;Roboto||||||||&#8221; header_2_text_align=&#8221;center&#8221; header_2_text_color=&#8221;#FFFFFF&#8221; header_2_font_size=&#8221;46px&#8221; custom_margin=&#8221;||5px||false|false&#8221; custom_padding=&#8221;||0px||false|false&#8221; global_colors_info=&#8221;{}&#8221;]<\/p>\n<h1>Investorenbeziehungen<\/h1>\n<p>[\/et_pb_text][\/et_pb_column][\/et_pb_row][\/et_pb_section][et_pb_section fb_built=&#8221;1&#8243; _builder_version=&#8221;4.24.2&#8243; _module_preset=&#8221;default&#8221; background_enable_color=&#8221;off&#8221; background_enable_image=&#8221;off&#8221; background_position=&#8221;top_center&#8221; background_vertical_offset=&#8221;40%&#8221; custom_margin=&#8221;0px||0px||true|false&#8221; custom_padding=&#8221;0px||0px||true|false&#8221; global_colors_info=&#8221;{}&#8221;][et_pb_row _builder_version=&#8221;4.24.2&#8243; _module_preset=&#8221;default&#8221; background_image=&#8221;https:\/\/nordiihomes.com\/wp-content\/uploads\/2024\/03\/339-copy-1.webp&#8221; width=&#8221;100%&#8221; max_width=&#8221;100%&#8221; height=&#8221;100vh&#8221; height_tablet=&#8221;100vh&#8221; height_phone=&#8221;50vh&#8221; height_last_edited=&#8221;on|phone&#8221; custom_margin=&#8221;0px||0px||false|false&#8221; custom_padding=&#8221;0px||0px||true|false&#8221; global_colors_info=&#8221;{}&#8221;][et_pb_column type=&#8221;4_4&#8243; _builder_version=&#8221;4.24.2&#8243; _module_preset=&#8221;default&#8221; global_colors_info=&#8221;{}&#8221;][\/et_pb_column][\/et_pb_row][\/et_pb_section][et_pb_section fb_built=&#8221;1&#8243; _builder_version=&#8221;4.24.1&#8243; _module_preset=&#8221;default&#8221; background_color=&#8221;rgba(255,255,255,0.95)&#8221; background_image=&#8221;https:\/\/nordiihomes.com\/wp-content\/uploads\/2024\/02\/NORDii-Logo-1.png&#8221; background_size=&#8221;custom&#8221; background_image_width=&#8221;30%&#8221; background_position=&#8221;center_left&#8221; background_horizontal_offset=&#8221;9%&#8221; background_blend=&#8221;overlay&#8221; custom_margin=&#8221;0px||||false|false&#8221; custom_padding=&#8221;0px||0px||false|false&#8221; global_colors_info=&#8221;{}&#8221;][et_pb_row column_structure=&#8221;2_5,3_5&#8243; use_custom_gutter=&#8221;on&#8221; make_equal=&#8221;on&#8221; _builder_version=&#8221;4.24.1&#8243; _module_preset=&#8221;default&#8221; width=&#8221;100%&#8221; max_width=&#8221;100%&#8221; custom_margin=&#8221;5px||5px||false|false&#8221; custom_margin_tablet=&#8221;5px||5px||false|false&#8221; custom_margin_phone=&#8221;30px||30px||false|false&#8221; custom_margin_last_edited=&#8221;on|phone&#8221; custom_padding=&#8221;0px||0px||true|false&#8221; custom_css_main_element=&#8221;align-items: center&#8221; global_colors_info=&#8221;{}&#8221;][et_pb_column type=&#8221;2_5&#8243; _builder_version=&#8221;4.24.1&#8243; _module_preset=&#8221;default&#8221; custom_padding=&#8221;|||6vw|false|false&#8221; custom_padding_tablet=&#8221;|||6vw|false|false&#8221; custom_padding_phone=&#8221;|20px||20px|false|true&#8221; custom_padding_last_edited=&#8221;on|phone&#8221; global_colors_info=&#8221;{}&#8221;][et_pb_text _builder_version=&#8221;4.24.2&#8243; _module_preset=&#8221;default&#8221; header_2_font=&#8221;Roboto|900||on|||||&#8221; header_2_text_align=&#8221;center&#8221; header_2_text_color=&#8221;#2f393d&#8221; header_2_font_size=&#8221;30px&#8221; global_colors_info=&#8221;{}&#8221;]<\/p>\n<h2>Investorenbeziehungen<\/h2>\n<p>[\/et_pb_text][et_pb_text _builder_version=&#8221;4.24.2&#8243; _module_preset=&#8221;default&#8221; text_font=&#8221;Roboto|300|||||||&#8221; text_text_color=&#8221;#2f393d&#8221; text_font_size=&#8221;16px&#8221; text_line_height=&#8221;1.6em&#8221; text_orientation=&#8221;center&#8221; global_colors_info=&#8221;{}&#8221;]<\/p>\n<p><strong>Das NORDii-Franchise<\/strong> Baugesch\u00e4ftsmodell <strong>hat sich dank der Arbeit der letzten drei Jahre<\/strong><br \/><strong>zu einem umfassenden und vollst\u00e4ndigen<\/strong> internationalen System entwickelt \u2013 \u00fcber die gesamte Wertsch\u00f6pfungskette<br \/>hinweg. Es ist uns gelungen, alle Kriterien f\u00fcr ESG und Nachhaltigkeit, BIM-Planung,<br \/>wettbewerbsf\u00e4hige und effiziente Fertigung und Bauweise sowie das Baugesch\u00e4ftsmodell<br \/>zu erf\u00fcllen. <strong>Das moderne Aktivhaus NORDii hat die Phase vor der internationalen Expansion erreicht.<\/strong><\/p>\n<p>[\/et_pb_text][\/et_pb_column][et_pb_column type=&#8221;3_5&#8243; _builder_version=&#8221;4.24.0&#8243; _module_preset=&#8221;default&#8221; global_colors_info=&#8221;{}&#8221;][et_pb_image src=&#8221;https:\/\/nordiihomes.com\/wp-content\/uploads\/2024\/03\/3kep.jpg&#8221; title_text=&#8221;Compliance rule law and regulation graphic interface for business quality policy&#8221; show_in_lightbox=&#8221;on&#8221; align=&#8221;right&#8221; _builder_version=&#8221;4.24.2&#8243; _module_preset=&#8221;default&#8221; global_colors_info=&#8221;{}&#8221;][\/et_pb_image][\/et_pb_column][\/et_pb_row][\/et_pb_section]<\/p>","protected":false},"excerpt":{"rendered":"<p>Befektet\u0151i kapcsolatokBefektet\u0151i kapcsolatokA NORDii franchise \u00e9p\u00edt\u0151ipari \u00fczleti modell, egy nemzetk\u00f6zi szint\u0171 komplett \u00e9steljesk\u00f6r\u0171 rendszerr\u00e9 v\u00e1lt &#8211; a teljes \u00e9rt\u00e9kl\u00e1ncban, k\u00f6sz\u00f6nhet\u0151en az elm\u00falt 3 \u00e9vmunk\u00e1j\u00e1nak. Siker\u00fclt az ESG \u00e9s a fenntarthat\u00f3s\u00e1g, a BIM tervez\u00e9s, aversenyk\u00e9pes \u00e9s hat\u00e9kony gy\u00e1rt\u00e1s \u00e9s \u00e9p\u00edt\u00e9s, valamint az \u00e9p\u00edt\u0151ipar \u00fczleti modell\u00f6sszes krit\u00e9rium\u00e1nak megfelelni. Nemzetk\u00f6zi terjeszked\u00e9s el\u0151tti f\u00e1zisba l\u00e9pett a NORDii modern akt\u00edv-\u00e9p\u00fclet.<\/p>","protected":false},"author":3,"featured_media":0,"parent":0,"menu_order":0,"comment_status":"closed","ping_status":"closed","template":"","meta":{"_et_pb_use_builder":"on","_et_pb_old_content":"","_et_gb_content_width":"","footnotes":""},"class_list":["post-237866","page","type-page","status-publish","hentry"],"yoast_head":"<!-- This site is optimized with the Yoast SEO plugin v24.5 - https:\/\/yoast.com\/wordpress\/plugins\/seo\/ -->\n<title>Befektet\u0151i kapcsolatok - Nordii Homes<\/title>\n<meta name=\"description\" content=\"NORDii franchise \u00e9p\u00edt\u0151ipari \u00fczleti modell, egy nemzetk\u00f6zi szint\u0171 komplett \u00e9s teljesk\u00f6r\u0171 rendszerr\u00e9 v\u00e1lt - a teljes \u00e9rt\u00e9kl\u00e1ncban, k\u00f6sz\u00f6nhet\u0151 az elm\u00falt 3 \u00e9vmunk\u00e1j\u00e1nak.\" \/>\n<meta name=\"robots\" content=\"index, follow, max-snippet:-1, max-image-preview:large, max-video-preview:-1\" \/>\n<link rel=\"canonical\" href=\"https:\/\/nordiihomes.com\/de\/befektetoi-kapcsolatok\/\" \/>\n<meta property=\"og:locale\" content=\"de_DE\" \/>\n<meta property=\"og:type\" content=\"article\" \/>\n<meta property=\"og:title\" content=\"Befektet\u0151i kapcsolatok - Nordii Homes\" \/>\n<meta property=\"og:description\" content=\"NORDii franchise \u00e9p\u00edt\u0151ipari \u00fczleti modell, egy nemzetk\u00f6zi szint\u0171 komplett \u00e9s teljesk\u00f6r\u0171 rendszerr\u00e9 v\u00e1lt - a teljes \u00e9rt\u00e9kl\u00e1ncban, k\u00f6sz\u00f6nhet\u0151 az elm\u00falt 3 \u00e9vmunk\u00e1j\u00e1nak.\" \/>\n<meta property=\"og:url\" content=\"https:\/\/nordiihomes.com\/de\/befektetoi-kapcsolatok\/\" \/>\n<meta property=\"og:site_name\" content=\"Nordii Homes\" \/>\n<meta property=\"article:modified_time\" content=\"2024-03-21T12:24:51+00:00\" \/>\n<meta name=\"twitter:card\" content=\"summary_large_image\" \/>\n<meta name=\"twitter:label1\" content=\"Gesch\u00e4tzte Lesezeit\" \/>\n\t<meta name=\"twitter:data1\" content=\"1\u00a0Minute\" \/>\n<script type=\"application\/ld+json\" class=\"yoast-schema-graph\">{\"@context\":\"https:\/\/schema.org\",\"@graph\":[{\"@type\":\"WebPage\",\"@id\":\"https:\/\/nordiihomes.com\/befektetoi-kapcsolatok\/\",\"url\":\"https:\/\/nordiihomes.com\/befektetoi-kapcsolatok\/\",\"name\":\"Befektet\u0151i kapcsolatok - Nordii Homes\",\"isPartOf\":{\"@id\":\"https:\/\/nordiihomes.com\/#website\"},\"datePublished\":\"2024-03-06T12:35:45+00:00\",\"dateModified\":\"2024-03-21T12:24:51+00:00\",\"description\":\"NORDii franchise \u00e9p\u00edt\u0151ipari \u00fczleti modell, egy nemzetk\u00f6zi szint\u0171 komplett \u00e9s teljesk\u00f6r\u0171 rendszerr\u00e9 v\u00e1lt - a teljes \u00e9rt\u00e9kl\u00e1ncban, k\u00f6sz\u00f6nhet\u0151 az elm\u00falt 3 \u00e9vmunk\u00e1j\u00e1nak.\",\"breadcrumb\":{\"@id\":\"https:\/\/nordiihomes.com\/befektetoi-kapcsolatok\/#breadcrumb\"},\"inLanguage\":\"de\",\"potentialAction\":[{\"@type\":\"ReadAction\",\"target\":[\"https:\/\/nordiihomes.com\/befektetoi-kapcsolatok\/\"]}]},{\"@type\":\"BreadcrumbList\",\"@id\":\"https:\/\/nordiihomes.com\/befektetoi-kapcsolatok\/#breadcrumb\",\"itemListElement\":[{\"@type\":\"ListItem\",\"position\":1,\"name\":\"Kezd\u0151lap\",\"item\":\"https:\/\/nordiihomes.com\/\"},{\"@type\":\"ListItem\",\"position\":2,\"name\":\"Befektet\u0151i kapcsolatok\"}]},{\"@type\":\"WebSite\",\"@id\":\"https:\/\/nordiihomes.com\/#website\",\"url\":\"https:\/\/nordiihomes.com\/\",\"name\":\"Nordii Homes\",\"description\":\"NORDii = modern akt\u00edv-h\u00e1z\",\"potentialAction\":[{\"@type\":\"SearchAction\",\"target\":{\"@type\":\"EntryPoint\",\"urlTemplate\":\"https:\/\/nordiihomes.com\/?s={search_term_string}\"},\"query-input\":{\"@type\":\"PropertyValueSpecification\",\"valueRequired\":true,\"valueName\":\"search_term_string\"}}],\"inLanguage\":\"de\"}]}<\/script>\n<!-- \/ Yoast SEO plugin. -->","yoast_head_json":{"title":"Befektet\u0151i kapcsolatok - Nordii Homes","description":"NORDii franchise \u00e9p\u00edt\u0151ipari \u00fczleti modell, egy nemzetk\u00f6zi szint\u0171 komplett \u00e9s teljesk\u00f6r\u0171 rendszerr\u00e9 v\u00e1lt - a teljes \u00e9rt\u00e9kl\u00e1ncban, k\u00f6sz\u00f6nhet\u0151 az elm\u00falt 3 \u00e9vmunk\u00e1j\u00e1nak.","robots":{"index":"index","follow":"follow","max-snippet":"max-snippet:-1","max-image-preview":"max-image-preview:large","max-video-preview":"max-video-preview:-1"},"canonical":"https:\/\/nordiihomes.com\/de\/befektetoi-kapcsolatok\/","og_locale":"de_DE","og_type":"article","og_title":"Befektet\u0151i kapcsolatok - Nordii Homes","og_description":"NORDii franchise \u00e9p\u00edt\u0151ipari \u00fczleti modell, egy nemzetk\u00f6zi szint\u0171 komplett \u00e9s teljesk\u00f6r\u0171 rendszerr\u00e9 v\u00e1lt - a teljes \u00e9rt\u00e9kl\u00e1ncban, k\u00f6sz\u00f6nhet\u0151 az elm\u00falt 3 \u00e9vmunk\u00e1j\u00e1nak.","og_url":"https:\/\/nordiihomes.com\/de\/befektetoi-kapcsolatok\/","og_site_name":"Nordii Homes","article_modified_time":"2024-03-21T12:24:51+00:00","twitter_card":"summary_large_image","twitter_misc":{"Gesch\u00e4tzte Lesezeit":"1\u00a0Minute"},"schema":{"@context":"https:\/\/schema.org","@graph":[{"@type":"WebPage","@id":"https:\/\/nordiihomes.com\/befektetoi-kapcsolatok\/","url":"https:\/\/nordiihomes.com\/befektetoi-kapcsolatok\/","name":"Befektet\u0151i kapcsolatok - Nordii Homes","isPartOf":{"@id":"https:\/\/nordiihomes.com\/#website"},"datePublished":"2024-03-06T12:35:45+00:00","dateModified":"2024-03-21T12:24:51+00:00","description":"NORDii franchise \u00e9p\u00edt\u0151ipari \u00fczleti modell, egy nemzetk\u00f6zi szint\u0171 komplett \u00e9s teljesk\u00f6r\u0171 rendszerr\u00e9 v\u00e1lt - a teljes \u00e9rt\u00e9kl\u00e1ncban, k\u00f6sz\u00f6nhet\u0151 az elm\u00falt 3 \u00e9vmunk\u00e1j\u00e1nak.","breadcrumb":{"@id":"https:\/\/nordiihomes.com\/befektetoi-kapcsolatok\/#breadcrumb"},"inLanguage":"de","potentialAction":[{"@type":"ReadAction","target":["https:\/\/nordiihomes.com\/befektetoi-kapcsolatok\/"]}]},{"@type":"BreadcrumbList","@id":"https:\/\/nordiihomes.com\/befektetoi-kapcsolatok\/#breadcrumb","itemListElement":[{"@type":"ListItem","position":1,"name":"Kezd\u0151lap","item":"https:\/\/nordiihomes.com\/"},{"@type":"ListItem","position":2,"name":"Befektet\u0151i kapcsolatok"}]},{"@type":"WebSite","@id":"https:\/\/nordiihomes.com\/#website","url":"https:\/\/nordiihomes.com\/","name":"Nordii Homes","description":"NORDii = modern akt\u00edv-h\u00e1z","potentialAction":[{"@type":"SearchAction","target":{"@type":"EntryPoint","urlTemplate":"https:\/\/nordiihomes.com\/?s={search_term_string}"},"query-input":{"@type":"PropertyValueSpecification","valueRequired":true,"valueName":"search_term_string"}}],"inLanguage":"de"}]}},"_links":{"self":[{"href":"https:\/\/nordiihomes.com\/de\/wp-json\/wp\/v2\/pages\/237866","targetHints":{"allow":["GET"]}}],"collection":[{"href":"https:\/\/nordiihomes.com\/de\/wp-json\/wp\/v2\/pages"}],"about":[{"href":"https:\/\/nordiihomes.com\/de\/wp-json\/wp\/v2\/types\/page"}],"author":[{"embeddable":true,"href":"https:\/\/nordiihomes.com\/de\/wp-json\/wp\/v2\/users\/3"}],"replies":[{"embeddable":true,"href":"https:\/\/nordiihomes.com\/de\/wp-json\/wp\/v2\/comments?post=237866"}],"version-history":[{"count":15,"href":"https:\/\/nordiihomes.com\/de\/wp-json\/wp\/v2\/pages\/237866\/revisions"}],"predecessor-version":[{"id":238676,"href":"https:\/\/nordiihomes.com\/de\/wp-json\/wp\/v2\/pages\/237866\/revisions\/238676"}],"wp:attachment":[{"href":"https:\/\/nordiihomes.com\/de\/wp-json\/wp\/v2\/media?parent=237866"}],"curies":[{"name":"wp","href":"https:\/\/api.w.org\/{rel}","templated":true}]}}