{"id":237896,"date":"2024-03-06T14:16:27","date_gmt":"2024-03-06T13:16:27","guid":{"rendered":"https:\/\/nordiihomes.com\/?page_id=237896"},"modified":"2024-03-25T11:19:03","modified_gmt":"2024-03-25T10:19:03","slug":"brand","status":"publish","type":"page","link":"https:\/\/nordiihomes.com\/de\/brand\/","title":{"rendered":"Brand"},"content":{"rendered":"[et_pb_section fb_built=&#8221;1&#8243; _builder_version=&#8221;4.24.2&#8243; _module_preset=&#8221;default&#8221; background_color=&#8221;#2f393d&#8221; use_background_color_gradient=&#8221;on&#8221; background_color_gradient_stops=&#8221;#2f393d 0%|rgba(255,255,255,0) 100%&#8221; background_image=&#8221;https:\/\/nordiihomes.com\/wp-content\/uploads\/2024\/03\/1.jpg&#8221; parallax=&#8221;on&#8221; parallax_method=&#8221;off&#8221; background_blend=&#8221;overlay&#8221; transform_scale_linked=&#8221;off&#8221; transform_translate_linked=&#8221;off&#8221; height=&#8221;103vh&#8221; height_tablet=&#8221;103vh&#8221; height_phone=&#8221;55vh&#8221; height_last_edited=&#8221;on|phone&#8221; custom_margin=&#8221;-115px||||false|false&#8221; global_colors_info=&#8221;{}&#8221;][et_pb_row make_equal=&#8221;on&#8221; _builder_version=&#8221;4.24.2&#8243; _module_preset=&#8221;default&#8221; positioning=&#8221;none&#8221; position_origin_a_tablet=&#8221;&#8221; position_origin_a_phone=&#8221;bottom_center&#8221; position_origin_a_last_edited=&#8221;on|desktop&#8221; position_origin_f_tablet=&#8221;&#8221; position_origin_f_phone=&#8221;&#8221; position_origin_f_last_edited=&#8221;on|desktop&#8221; position_origin_r_tablet=&#8221;&#8221; position_origin_r_phone=&#8221;&#8221; position_origin_r_last_edited=&#8221;on|desktop&#8221; width_tablet=&#8221;&#8221; width_phone=&#8221;100%&#8221; width_last_edited=&#8221;on|phone&#8221; custom_margin=&#8221;13vh||||false|false&#8221; custom_margin_tablet=&#8221;13vh||||false|false&#8221; custom_margin_phone=&#8221;||||false|false&#8221; custom_margin_last_edited=&#8221;on|phone&#8221; positioning_tablet=&#8221;none&#8221; positioning_phone=&#8221;absolute&#8221; positioning_last_edited=&#8221;on|phone&#8221; custom_css_main_element=&#8221;margin: auto&#8221; global_colors_info=&#8221;{}&#8221;][et_pb_column type=&#8221;4_4&#8243; _builder_version=&#8221;4.24.1&#8243; _module_preset=&#8221;default&#8221; global_colors_info=&#8221;{}&#8221;][et_pb_text _builder_version=&#8221;4.24.2&#8243; _module_preset=&#8221;default&#8221; header_font=&#8221;Roboto||||||||&#8221; header_text_align=&#8221;center&#8221; header_text_color=&#8221;#FFFFFF&#8221; header_font_size=&#8221;46px&#8221; header_2_font=&#8221;Roboto||||||||&#8221; header_2_text_align=&#8221;center&#8221; header_2_text_color=&#8221;#FFFFFF&#8221; header_2_font_size=&#8221;46px&#8221; custom_margin=&#8221;||5px||false|false&#8221; custom_padding=&#8221;||0px||false|false&#8221; hover_enabled=&#8221;0&#8243; global_colors_info=&#8221;{}&#8221; sticky_enabled=&#8221;0&#8243;]<h1>Architektonische Marke<\/h1>[\/et_pb_text][\/et_pb_column][\/et_pb_row][\/et_pb_section][et_pb_section fb_built=&#8221;1&#8243; _builder_version=&#8221;4.24.2&#8243; _module_preset=&#8221;default&#8221; background_enable_color=&#8221;off&#8221; background_enable_image=&#8221;off&#8221; background_position=&#8221;top_center&#8221; background_vertical_offset=&#8221;40%&#8221; custom_margin=&#8221;0px||0px||true|false&#8221; custom_padding=&#8221;0px||0px||true|false&#8221; global_colors_info=&#8221;{}&#8221;][et_pb_row _builder_version=&#8221;4.24.2&#8243; _module_preset=&#8221;default&#8221; background_image=&#8221;https:\/\/nordiihomes.com\/wp-content\/uploads\/2024\/03\/2-copy-1-copy.webp&#8221; width=&#8221;100%&#8221; width_tablet=&#8221;100%&#8221; width_phone=&#8221;&#8221; width_last_edited=&#8221;on|phone&#8221; max_width=&#8221;100%&#8221; max_width_tablet=&#8221;100%&#8221; max_width_phone=&#8221;&#8221; max_width_last_edited=&#8221;on|phone&#8221; height=&#8221;100vh&#8221; height_tablet=&#8221;100vh&#8221; height_phone=&#8221;50vh&#8221; height_last_edited=&#8221;on|phone&#8221; custom_margin=&#8221;0px||0px||false|false&#8221; custom_padding=&#8221;0px||0px||true|false&#8221; global_colors_info=&#8221;{}&#8221;][et_pb_column type=&#8221;4_4&#8243; _builder_version=&#8221;4.24.2&#8243; _module_preset=&#8221;default&#8221; global_colors_info=&#8221;{}&#8221;][\/et_pb_column][\/et_pb_row][\/et_pb_section][et_pb_section fb_built=&#8221;1&#8243; _builder_version=&#8221;4.24.1&#8243; _module_preset=&#8221;default&#8221; background_color=&#8221;rgba(255,255,255,0.95)&#8221; background_image=&#8221;https:\/\/nordiihomes.com\/wp-content\/uploads\/2024\/02\/NORDii-Logo-1.png&#8221; background_size=&#8221;custom&#8221; background_image_width=&#8221;30%&#8221; background_position=&#8221;center_left&#8221; background_horizontal_offset=&#8221;9%&#8221; background_blend=&#8221;overlay&#8221; custom_margin=&#8221;0px||||false|false&#8221; custom_padding=&#8221;0px||0px||false|false&#8221; global_colors_info=&#8221;{}&#8221;][et_pb_row column_structure=&#8221;2_5,3_5&#8243; use_custom_gutter=&#8221;on&#8221; make_equal=&#8221;on&#8221; _builder_version=&#8221;4.24.1&#8243; _module_preset=&#8221;default&#8221; width=&#8221;100%&#8221; max_width=&#8221;100%&#8221; custom_margin=&#8221;5px||5px||false|false&#8221; custom_margin_tablet=&#8221;5px||5px||false|false&#8221; custom_margin_phone=&#8221;30px||30px||false|false&#8221; custom_margin_last_edited=&#8221;on|phone&#8221; custom_padding=&#8221;0px||0px||true|false&#8221; custom_css_main_element=&#8221;align-items: center&#8221; global_colors_info=&#8221;{}&#8221;][et_pb_column type=&#8221;2_5&#8243; _builder_version=&#8221;4.24.1&#8243; _module_preset=&#8221;default&#8221; custom_padding=&#8221;|||6vw|false|false&#8221; custom_padding_tablet=&#8221;|||6vw|false|false&#8221; custom_padding_phone=&#8221;|20px||20px|false|true&#8221; custom_padding_last_edited=&#8221;on|phone&#8221; global_colors_info=&#8221;{}&#8221;][et_pb_text _builder_version=&#8221;4.24.2&#8243; _module_preset=&#8221;default&#8221; header_2_font=&#8221;Roboto|900||on|||||&#8221; header_2_text_align=&#8221;center&#8221; header_2_text_color=&#8221;#2f393d&#8221; header_2_font_size=&#8221;50px&#8221; hover_enabled=&#8221;0&#8243; global_colors_info=&#8221;{}&#8221; sticky_enabled=&#8221;0&#8243;]<h2>ARCHITEKTONISCHE MARKE<\/h2>[\/et_pb_text][et_pb_text _builder_version=&#8221;4.24.2&#8243; _module_preset=&#8221;default&#8221; text_font=&#8221;Roboto|300|||||||&#8221; text_text_color=&#8221;#2f393d&#8221; text_font_size=&#8221;16px&#8221; text_line_height=&#8221;1.6em&#8221; text_orientation=&#8221;center&#8221; global_colors_info=&#8221;{}&#8221;]<p>Wie im Bild deutlich zu sehen ist, <strong>das vollst\u00e4ndige Logo von NORDii Homes,<\/strong> das ein Grundstein unserer Marke und zugleich ein gesetzlich gesch\u00fctztes Warenzeichen ist. Eine weitere Grundlage unseres Franchise-Systems ist das moderne <strong>NORDii-Aktivhaus<\/strong>das die Basis des gesamten innovativen Planungs-, Herstellungs- und Bausystems des <strong>NORDii-Systems bildet<\/strong> \u2013 also der gesamten Wertsch\u00f6pfungskette im Bauwesen.<\/p>[\/et_pb_text][\/et_pb_column][et_pb_column type=&#8221;3_5&#8243; _builder_version=&#8221;4.24.0&#8243; _module_preset=&#8221;default&#8221; global_colors_info=&#8221;{}&#8221;][et_pb_image src=&#8221;https:\/\/nordiihomes.com\/wp-content\/uploads\/2024\/03\/3-copy_jo-copy.webp&#8221; title_text=&#8221;3-copy_jo copy&#8221; show_in_lightbox=&#8221;on&#8221; align=&#8221;right&#8221; _builder_version=&#8221;4.24.2&#8243; _module_preset=&#8221;default&#8221; global_colors_info=&#8221;{}&#8221;][\/et_pb_image][\/et_pb_column][\/et_pb_row][\/et_pb_section]","protected":false},"excerpt":{"rendered":"<p>\u00c9p\u00edt\u00e9szeti brand\u00c9P\u00cdT\u00c9SZETI BRANDMint a k\u00e9pen is j\u00f3l l\u00e1that\u00f3 a NORDii Homes teljes log\u00f3, mely brand\u00fcnk egyik alapja \u00e9s egyben t\u00f6rv\u00e9ny \u00e1ltal v\u00e9dett m\u00e1rkan\u00e9v is. Franchise rendszer\u00fcnk m\u00e1sik alapja a NORDii modern akt\u00edv-h\u00e1z, amelyre \u00e9p\u00fcl az eg\u00e9sz NORDii System innovat\u00edv tervez\u00e9si, gy\u00e1rt\u00e1si \u00e9s \u00e9p\u00edt\u00e9si rendszer\u00fcnk &#8211; azaz a teljes \u00e9p\u00edt\u0151ipari \u00e9rt\u00e9kl\u00e1nc.<\/p>","protected":false},"author":3,"featured_media":237898,"parent":0,"menu_order":0,"comment_status":"closed","ping_status":"closed","template":"","meta":{"_et_pb_use_builder":"on","_et_pb_old_content":"","_et_gb_content_width":"","footnotes":""},"class_list":["post-237896","page","type-page","status-publish","has-post-thumbnail","hentry"],"yoast_head":"<!-- This site is optimized with the Yoast SEO plugin v24.5 - https:\/\/yoast.com\/wordpress\/plugins\/seo\/ -->\n<title>Brand - Nordii Homes<\/title>\n<meta name=\"description\" content=\"A NORDii Homes teljes log\u00f3, mely brand\u00fcnk egyik alapja. Franchise rendszer\u00fcnk m\u00e1sik alapja a NORDii modern akt\u00edv-h\u00e1z, amelyre \u00e9p\u00fcl az eg\u00e9sz NORDii System innovat\u00edv tervez\u00e9si, gy\u00e1rt\u00e1si \u00e9s \u00e9p\u00edt\u00e9si rendszer\u00fcnk\" \/>\n<meta name=\"robots\" content=\"index, follow, max-snippet:-1, max-image-preview:large, max-video-preview:-1\" \/>\n<link rel=\"canonical\" href=\"https:\/\/nordiihomes.com\/de\/brand\/\" \/>\n<meta property=\"og:locale\" content=\"de_DE\" \/>\n<meta property=\"og:type\" content=\"article\" \/>\n<meta property=\"og:title\" content=\"Brand - Nordii Homes\" \/>\n<meta property=\"og:description\" content=\"A NORDii Homes teljes log\u00f3, mely brand\u00fcnk egyik alapja. Franchise rendszer\u00fcnk m\u00e1sik alapja a NORDii modern akt\u00edv-h\u00e1z, amelyre \u00e9p\u00fcl az eg\u00e9sz NORDii System innovat\u00edv tervez\u00e9si, gy\u00e1rt\u00e1si \u00e9s \u00e9p\u00edt\u00e9si rendszer\u00fcnk\" \/>\n<meta property=\"og:url\" content=\"https:\/\/nordiihomes.com\/de\/brand\/\" \/>\n<meta property=\"og:site_name\" content=\"Nordii Homes\" \/>\n<meta property=\"article:modified_time\" content=\"2024-03-25T10:19:03+00:00\" \/>\n<meta property=\"og:image\" content=\"https:\/\/nordiihomes.com\/wp-content\/uploads\/2024\/03\/1.jpg\" \/>\n\t<meta property=\"og:image:width\" content=\"2048\" \/>\n\t<meta property=\"og:image:height\" content=\"1266\" \/>\n\t<meta property=\"og:image:type\" content=\"image\/jpeg\" \/>\n<meta name=\"twitter:card\" content=\"summary_large_image\" \/>\n<meta name=\"twitter:label1\" content=\"Gesch\u00e4tzte Lesezeit\" \/>\n\t<meta name=\"twitter:data1\" content=\"1\u00a0Minute\" \/>\n<script type=\"application\/ld+json\" class=\"yoast-schema-graph\">{\"@context\":\"https:\/\/schema.org\",\"@graph\":[{\"@type\":\"WebPage\",\"@id\":\"https:\/\/nordiihomes.com\/brand\/\",\"url\":\"https:\/\/nordiihomes.com\/brand\/\",\"name\":\"Brand - Nordii Homes\",\"isPartOf\":{\"@id\":\"https:\/\/nordiihomes.com\/#website\"},\"primaryImageOfPage\":{\"@id\":\"https:\/\/nordiihomes.com\/brand\/#primaryimage\"},\"image\":{\"@id\":\"https:\/\/nordiihomes.com\/brand\/#primaryimage\"},\"thumbnailUrl\":\"https:\/\/nordiihomes.com\/wp-content\/uploads\/2024\/03\/1.jpg\",\"datePublished\":\"2024-03-06T13:16:27+00:00\",\"dateModified\":\"2024-03-25T10:19:03+00:00\",\"description\":\"A NORDii Homes teljes log\u00f3, mely brand\u00fcnk egyik alapja. Franchise rendszer\u00fcnk m\u00e1sik alapja a NORDii modern akt\u00edv-h\u00e1z, amelyre \u00e9p\u00fcl az eg\u00e9sz NORDii System innovat\u00edv tervez\u00e9si, gy\u00e1rt\u00e1si \u00e9s \u00e9p\u00edt\u00e9si rendszer\u00fcnk\",\"breadcrumb\":{\"@id\":\"https:\/\/nordiihomes.com\/brand\/#breadcrumb\"},\"inLanguage\":\"de\",\"potentialAction\":[{\"@type\":\"ReadAction\",\"target\":[\"https:\/\/nordiihomes.com\/brand\/\"]}]},{\"@type\":\"ImageObject\",\"inLanguage\":\"de\",\"@id\":\"https:\/\/nordiihomes.com\/brand\/#primaryimage\",\"url\":\"https:\/\/nordiihomes.com\/wp-content\/uploads\/2024\/03\/1.jpg\",\"contentUrl\":\"https:\/\/nordiihomes.com\/wp-content\/uploads\/2024\/03\/1.jpg\",\"width\":2048,\"height\":1266},{\"@type\":\"BreadcrumbList\",\"@id\":\"https:\/\/nordiihomes.com\/brand\/#breadcrumb\",\"itemListElement\":[{\"@type\":\"ListItem\",\"position\":1,\"name\":\"Kezd\u0151lap\",\"item\":\"https:\/\/nordiihomes.com\/\"},{\"@type\":\"ListItem\",\"position\":2,\"name\":\"Brand\"}]},{\"@type\":\"WebSite\",\"@id\":\"https:\/\/nordiihomes.com\/#website\",\"url\":\"https:\/\/nordiihomes.com\/\",\"name\":\"Nordii Homes\",\"description\":\"NORDii = modern akt\u00edv-h\u00e1z\",\"potentialAction\":[{\"@type\":\"SearchAction\",\"target\":{\"@type\":\"EntryPoint\",\"urlTemplate\":\"https:\/\/nordiihomes.com\/?s={search_term_string}\"},\"query-input\":{\"@type\":\"PropertyValueSpecification\",\"valueRequired\":true,\"valueName\":\"search_term_string\"}}],\"inLanguage\":\"de\"}]}<\/script>\n<!-- \/ Yoast SEO plugin. -->","yoast_head_json":{"title":"Brand - Nordii Homes","description":"A NORDii Homes teljes log\u00f3, mely brand\u00fcnk egyik alapja. Franchise rendszer\u00fcnk m\u00e1sik alapja a NORDii modern akt\u00edv-h\u00e1z, amelyre \u00e9p\u00fcl az eg\u00e9sz NORDii System innovat\u00edv tervez\u00e9si, gy\u00e1rt\u00e1si \u00e9s \u00e9p\u00edt\u00e9si rendszer\u00fcnk","robots":{"index":"index","follow":"follow","max-snippet":"max-snippet:-1","max-image-preview":"max-image-preview:large","max-video-preview":"max-video-preview:-1"},"canonical":"https:\/\/nordiihomes.com\/de\/brand\/","og_locale":"de_DE","og_type":"article","og_title":"Brand - Nordii Homes","og_description":"A NORDii Homes teljes log\u00f3, mely brand\u00fcnk egyik alapja. Franchise rendszer\u00fcnk m\u00e1sik alapja a NORDii modern akt\u00edv-h\u00e1z, amelyre \u00e9p\u00fcl az eg\u00e9sz NORDii System innovat\u00edv tervez\u00e9si, gy\u00e1rt\u00e1si \u00e9s \u00e9p\u00edt\u00e9si rendszer\u00fcnk","og_url":"https:\/\/nordiihomes.com\/de\/brand\/","og_site_name":"Nordii Homes","article_modified_time":"2024-03-25T10:19:03+00:00","og_image":[{"width":2048,"height":1266,"url":"https:\/\/nordiihomes.com\/wp-content\/uploads\/2024\/03\/1.jpg","type":"image\/jpeg"}],"twitter_card":"summary_large_image","twitter_misc":{"Gesch\u00e4tzte Lesezeit":"1\u00a0Minute"},"schema":{"@context":"https:\/\/schema.org","@graph":[{"@type":"WebPage","@id":"https:\/\/nordiihomes.com\/brand\/","url":"https:\/\/nordiihomes.com\/brand\/","name":"Brand - Nordii Homes","isPartOf":{"@id":"https:\/\/nordiihomes.com\/#website"},"primaryImageOfPage":{"@id":"https:\/\/nordiihomes.com\/brand\/#primaryimage"},"image":{"@id":"https:\/\/nordiihomes.com\/brand\/#primaryimage"},"thumbnailUrl":"https:\/\/nordiihomes.com\/wp-content\/uploads\/2024\/03\/1.jpg","datePublished":"2024-03-06T13:16:27+00:00","dateModified":"2024-03-25T10:19:03+00:00","description":"A NORDii Homes teljes log\u00f3, mely brand\u00fcnk egyik alapja. Franchise rendszer\u00fcnk m\u00e1sik alapja a NORDii modern akt\u00edv-h\u00e1z, amelyre \u00e9p\u00fcl az eg\u00e9sz NORDii System innovat\u00edv tervez\u00e9si, gy\u00e1rt\u00e1si \u00e9s \u00e9p\u00edt\u00e9si rendszer\u00fcnk","breadcrumb":{"@id":"https:\/\/nordiihomes.com\/brand\/#breadcrumb"},"inLanguage":"de","potentialAction":[{"@type":"ReadAction","target":["https:\/\/nordiihomes.com\/brand\/"]}]},{"@type":"ImageObject","inLanguage":"de","@id":"https:\/\/nordiihomes.com\/brand\/#primaryimage","url":"https:\/\/nordiihomes.com\/wp-content\/uploads\/2024\/03\/1.jpg","contentUrl":"https:\/\/nordiihomes.com\/wp-content\/uploads\/2024\/03\/1.jpg","width":2048,"height":1266},{"@type":"BreadcrumbList","@id":"https:\/\/nordiihomes.com\/brand\/#breadcrumb","itemListElement":[{"@type":"ListItem","position":1,"name":"Kezd\u0151lap","item":"https:\/\/nordiihomes.com\/"},{"@type":"ListItem","position":2,"name":"Brand"}]},{"@type":"WebSite","@id":"https:\/\/nordiihomes.com\/#website","url":"https:\/\/nordiihomes.com\/","name":"Nordii Homes","description":"NORDii = modern akt\u00edv-h\u00e1z","potentialAction":[{"@type":"SearchAction","target":{"@type":"EntryPoint","urlTemplate":"https:\/\/nordiihomes.com\/?s={search_term_string}"},"query-input":{"@type":"PropertyValueSpecification","valueRequired":true,"valueName":"search_term_string"}}],"inLanguage":"de"}]}},"_links":{"self":[{"href":"https:\/\/nordiihomes.com\/de\/wp-json\/wp\/v2\/pages\/237896","targetHints":{"allow":["GET"]}}],"collection":[{"href":"https:\/\/nordiihomes.com\/de\/wp-json\/wp\/v2\/pages"}],"about":[{"href":"https:\/\/nordiihomes.com\/de\/wp-json\/wp\/v2\/types\/page"}],"author":[{"embeddable":true,"href":"https:\/\/nordiihomes.com\/de\/wp-json\/wp\/v2\/users\/3"}],"replies":[{"embeddable":true,"href":"https:\/\/nordiihomes.com\/de\/wp-json\/wp\/v2\/comments?post=237896"}],"version-history":[{"count":17,"href":"https:\/\/nordiihomes.com\/de\/wp-json\/wp\/v2\/pages\/237896\/revisions"}],"predecessor-version":[{"id":238817,"href":"https:\/\/nordiihomes.com\/de\/wp-json\/wp\/v2\/pages\/237896\/revisions\/238817"}],"wp:featuredmedia":[{"embeddable":true,"href":"https:\/\/nordiihomes.com\/de\/wp-json\/wp\/v2\/media\/237898"}],"wp:attachment":[{"href":"https:\/\/nordiihomes.com\/de\/wp-json\/wp\/v2\/media?parent=237896"}],"curies":[{"name":"wp","href":"https:\/\/api.w.org\/{rel}","templated":true}]}}