{"id":238408,"date":"2024-03-12T14:46:28","date_gmt":"2024-03-12T13:46:28","guid":{"rendered":"https:\/\/nordiihomes.com\/?page_id=238408"},"modified":"2024-03-20T10:47:24","modified_gmt":"2024-03-20T09:47:24","slug":"nordii-szemlelet","status":"publish","type":"page","link":"https:\/\/nordiihomes.com\/de\/nordii-szemlelet\/","title":{"rendered":"Nordii szeml\u00e9let"},"content":{"rendered":"[et_pb_section fb_built=&#8221;1&#8243; _builder_version=&#8221;4.24.2&#8243; _module_preset=&#8221;default&#8221; global_colors_info=&#8221;{}&#8221;][et_pb_row _builder_version=&#8221;4.24.2&#8243; _module_preset=&#8221;default&#8221; background_color=&#8221;rgba(255,255,255,0.96)&#8221; background_image=&#8221;https:\/\/nordiihomes.com\/wp-content\/uploads\/2024\/02\/NORDii_felirat_logo_kek.png&#8221; background_size=&#8221;contain&#8221; background_blend=&#8221;overlay&#8221; global_colors_info=&#8221;{}&#8221;][et_pb_column type=&#8221;4_4&#8243; _builder_version=&#8221;4.24.2&#8243; _module_preset=&#8221;default&#8221; global_colors_info=&#8221;{}&#8221;][et_pb_text _builder_version=&#8221;4.24.2&#8243; _module_preset=&#8221;default&#8221; text_font=&#8221;Roboto|300|||||||&#8221; text_text_color=&#8221;#2f393d&#8221; text_font_size=&#8221;18px&#8221; text_line_height=&#8221;1.5em&#8221; header_2_font=&#8221;Roboto|900|||||||&#8221; header_2_text_align=&#8221;center&#8221; header_2_text_color=&#8221;#2f393d&#8221; header_2_font_size=&#8221;40px&#8221; text_orientation=&#8221;center&#8221; hover_enabled=&#8221;0&#8243; global_colors_info=&#8221;{}&#8221; header_font=&#8221;Roboto|900|||||||&#8221; header_text_align=&#8221;center&#8221; header_font_size=&#8221;40px&#8221; sticky_enabled=&#8221;0&#8243;]<h1>Die NORDii-Perspektive<\/h1>\n<p>&nbsp;<\/p>\n<p>Laut David Attenborough:<\/p>\n<p><strong>&quot;Der Mensch ist der gr\u00f6\u00dfte Probleml\u00f6ser,\nden es je auf der Erde gab, und wir\nverstehen nun das gr\u00f6\u00dfte Problem, und wir\nwissen auch, was zu tun ist.&quot;<\/strong><\/p>\n<p>Soll ihre Geschichte so enden?<\/p>\n<p>Die Geschichte der intelligentesten Spezies,\ndie durch ihre allzu menschliche Eigenschaft, kurzfristige Ziele zu verfolgen und dabei das gro\u00dfe Ganze nicht zu sehen, zum Untergang verurteilt ist?<\/p>\n<p>Der britische Naturforscher glaubt, dass Entscheidungstr\u00e4gern geholfen werden k\u00f6nnte, wenn sie erkennen, dass es nicht mehr eine imaginierte, zuk\u00fcnftige Generation ist, die am meisten vom Klimawandel betroffen ist, sondern die heutige Jugend. Dies k\u00f6nnte den notwendigen Impuls geben, um:<\/p>\n<p><strong>\"unsere Geschichte neu zu schreiben und diese Trag\u00f6die in einen Triumph zu verwandeln.\"<\/strong><\/p>[\/et_pb_text][\/et_pb_column][\/et_pb_row][\/et_pb_section][et_pb_section fb_built=&#8221;1&#8243; _builder_version=&#8221;4.24.2&#8243; _module_preset=&#8221;default&#8221; custom_margin=&#8221;0px||||false|false&#8221; custom_padding=&#8221;0px||||false|false&#8221; global_colors_info=&#8221;{}&#8221;][et_pb_row _builder_version=&#8221;4.24.2&#8243; _module_preset=&#8221;default&#8221; width=&#8221;100%&#8221; max_width=&#8221;100%&#8221; global_colors_info=&#8221;{}&#8221;][et_pb_column type=&#8221;4_4&#8243; _builder_version=&#8221;4.24.2&#8243; _module_preset=&#8221;default&#8221; global_colors_info=&#8221;{}&#8221;][et_pb_image src=&#8221;https:\/\/nordiihomes.com\/wp-content\/uploads\/2024\/02\/Skandinav-1-SMALL.webp&#8221; title_text=&#8221;Skandina\u0301v 1 &#8211; SMALL&#8221; align=&#8221;center&#8221; force_fullwidth=&#8221;on&#8221; _builder_version=&#8221;4.24.2&#8243; _module_preset=&#8221;default&#8221; global_colors_info=&#8221;{}&#8221;][\/et_pb_image][\/et_pb_column][\/et_pb_row][et_pb_row _builder_version=&#8221;4.24.2&#8243; _module_preset=&#8221;default&#8221; global_colors_info=&#8221;{}&#8221;][et_pb_column type=&#8221;4_4&#8243; _builder_version=&#8221;4.24.2&#8243; _module_preset=&#8221;default&#8221; global_colors_info=&#8221;{}&#8221;][et_pb_text _builder_version=&#8221;4.24.2&#8243; _module_preset=&#8221;default&#8221; text_font=&#8221;Roboto|300|||||||&#8221; text_text_color=&#8221;#2f393d&#8221; text_font_size=&#8221;18px&#8221; text_line_height=&#8221;1.5em&#8221; header_2_font=&#8221;Roboto|900|||||||&#8221; header_2_text_align=&#8221;center&#8221; header_2_text_color=&#8221;#2f393d&#8221; header_2_font_size=&#8221;40px&#8221; text_orientation=&#8221;center&#8221; global_colors_info=&#8221;{}&#8221;]<p>Laut Attenborough ist <strong>eine neue industrielle Revolution mit Millionen von nachhaltigen Innovationen von entscheidender Bedeutung,<\/strong>und er glaubt, dass sie bereits begonnen hat. Sie wird Vorteile wie bezahlbare saubere Energie, saubere Luft und ausreichend Wasser und Nahrung f\u00fcr alle mit sich bringen.<\/p>\n<p>Die Frage ist, wie tief wird diese <strong>industrielle Revolution<\/strong> die <strong>gebaute Umwelt betreffen,<\/strong> die der gr\u00f6\u00dfte CO2-Emittent ist und am st\u00e4rksten zur Entstehung des Klimawandels auf der Erde beitr\u00e4gt?<\/p>\n<p>NORDii revolutioniert die gebaute Umwelt im Kampf gegen den Klimawandel mit einer Vielzahl von Innovationen. Im Bauwesen liegt das Grundproblem in demselben, was David Attenborough beschrieben hat: Wir verstehen bereits das gr\u00f6\u00dfte Problem\u2014CO2-Emissionen\u2014und wir wissen auch, was getan werden muss.<\/p>\n<p>Die Frage ist, werden wir es tun? Werden wir Ver\u00e4nderungen vornehmen?<\/p>[\/et_pb_text][\/et_pb_column][\/et_pb_row][et_pb_row column_structure=&#8221;1_2,1_2&#8243; use_custom_gutter=&#8221;on&#8221; gutter_width=&#8221;2&#8243; _builder_version=&#8221;4.24.2&#8243; _module_preset=&#8221;default&#8221; global_colors_info=&#8221;{}&#8221;][et_pb_column type=&#8221;1_2&#8243; _builder_version=&#8221;4.24.2&#8243; _module_preset=&#8221;default&#8221; global_colors_info=&#8221;{}&#8221;][et_pb_image src=&#8221;https:\/\/nordiihomes.com\/wp-content\/uploads\/2024\/02\/Modern-1-MINI-oszi.webp&#8221; title_text=&#8221;Modern 1 &#8211; MINI &#8211; o\u030bszi&#8221; _builder_version=&#8221;4.24.2&#8243; _module_preset=&#8221;default&#8221; border_radii=&#8221;on|50px|50px|50px|50px&#8221; global_colors_info=&#8221;{}&#8221;][\/et_pb_image][\/et_pb_column][et_pb_column type=&#8221;1_2&#8243; _builder_version=&#8221;4.24.2&#8243; _module_preset=&#8221;default&#8221; global_colors_info=&#8221;{}&#8221;][et_pb_image src=&#8221;https:\/\/nordiihomes.com\/wp-content\/uploads\/2024\/02\/Skandinav-1-MINI-esti.webp&#8221; title_text=&#8221;Skandina\u0301v 1 &#8211; MINI &#8211; esti&#8221; _builder_version=&#8221;4.24.2&#8243; _module_preset=&#8221;default&#8221; border_radii=&#8221;on|50px|50px|50px|50px&#8221; global_colors_info=&#8221;{}&#8221;][\/et_pb_image][\/et_pb_column][\/et_pb_row][et_pb_row _builder_version=&#8221;4.24.2&#8243; _module_preset=&#8221;default&#8221; global_colors_info=&#8221;{}&#8221;][et_pb_column type=&#8221;4_4&#8243; _builder_version=&#8221;4.24.2&#8243; _module_preset=&#8221;default&#8221; global_colors_info=&#8221;{}&#8221;][et_pb_text _builder_version=&#8221;4.24.2&#8243; _module_preset=&#8221;default&#8221; text_font=&#8221;Roboto|300|||||||&#8221; text_text_color=&#8221;#2f393d&#8221; text_font_size=&#8221;18px&#8221; text_line_height=&#8221;1.5em&#8221; header_2_font=&#8221;Roboto|900|||||||&#8221; header_2_text_align=&#8221;center&#8221; header_2_text_color=&#8221;#2f393d&#8221; header_2_font_size=&#8221;40px&#8221; text_orientation=&#8221;center&#8221; global_colors_info=&#8221;{}&#8221;]<p>Wie Tesla und Apple, so auch NORDii:<\/p>\n<p><strong>Wir bauen ein Produkt- und Dienstleistungs\u00f6kosystem rund um unsere\nBautechnologie auf.<\/strong><\/p>\n<p><strong>NORDii Homes = Unsere modernen, aktiven Geb\u00e4ude sind energie- und CO2-frei.<\/strong><\/p>\n<p>Der Markt, die Technologie, die Produkte und die Gesch\u00e4ftsmodelle haben sich komplett ver\u00e4ndert. Das geschah im IT- Markt mit Apple, im Automobilmarkt mit Tesla, und jetzt ist die gebaute Umwelt dran: NORDii!<\/p>[\/et_pb_text][\/et_pb_column][\/et_pb_row][\/et_pb_section]","protected":false},"excerpt":{"rendered":"<p>A NORDii szeml\u00e9lete &nbsp; David Attenborough szerint: &#8222;az ember a valaha l\u00e9tezett legnagyobb probl\u00e9mamegold\u00f3 a F\u00f6ld\u00f6n \u00e9s m\u00e1r \u00e9rtj\u00fck a legnagyobb probl\u00e9m\u00e1t, \u00e9s azt is tudjuk, hogy mit kellene tenni.\u201d Vajon \u00edgy kell v\u00e9gz\u0151dnie a t\u00f6rt\u00e9net\u00fcknek? A mes\u00e9nek a legokosabb fajr\u00f3l, amelyet az a t\u00fals\u00e1gosan emberi tulajdons\u00e1ga \u00edt\u00e9lt hal\u00e1lra, hogy a r\u00f6vid t\u00e1v\u00fa c\u00e9lok hajszol\u00e1sa k\u00f6zben nem l\u00e1tja az \u00e1tfog\u00f3 k\u00e9pet? A brit term\u00e9szettud\u00f3s szerint seg\u00edthet a d\u00f6nt\u00e9shoz\u00f3knak az, hogy most m\u00e1r nem egy elk\u00e9pzelt, j\u00f6v\u0151beli gener\u00e1ci\u00f3 az, akiket legink\u00e1bb \u00e9rint a kl\u00edmav\u00e1ltoz\u00e1s, hanem ma \u00e9l\u0151 fiatalok. Ez megadhatja a sz\u00fcks\u00e9ges lend\u00fcletet, hogy: &#8222;\u00e1t\u00edrjuk a t\u00f6rt\u00e9net\u00fcnket, \u00e9s diadall\u00e1 v\u00e1ltoztassuk ezt a trag\u00e9di\u00e1t&#8221;.Attenborough szerint l\u00e9tfontoss\u00e1g\u00fa egy \u00faj ipari forradalom, fenntarthat\u00f3 innov\u00e1ci\u00f3k milli\u00f3ival, s\u0151t szerinte ez m\u00e1r el is kezd\u0151d\u00f6tt. Olyan el\u0151ny\u00f6kkel j\u00e1r majd, mint a megfizethet\u0151, tiszta energia, az eg\u00e9szs\u00e9ges leveg\u0151 \u00e9s mindenki eltart\u00e1s\u00e1hoz elegend\u0151 v\u00edz \u00e9s \u00e9lelem. K\u00e9rd\u00e9s, hogy ez az ipari\u00a0 forradalom milyen m\u00e9lyen \u00e9rinti az \u00e9p\u00edtett k\u00f6rnyezetet, ami a legnagyobb CO2 kibocs\u00e1t\u00f3 \u00e9s a legnagyobb m\u00e9rt\u00e9kben felel\u0151s a F\u00f6ld kl\u00edmav\u00e1ltoz\u00e1s\u00e1nak kialakul\u00e1s\u00e1ban. A NORDii innov\u00e1ci\u00f3k sokas\u00e1g\u00e1val forradalmas\u00edtja az \u00e9p\u00edtett k\u00f6rnyezetet a kl\u00edmav\u00e1ltoz\u00e1s elleni harcban. \u00c9p\u00edt\u0151iparban ugyanaz a probl\u00e9ma alapja, mint amit David Attenborough le\u00edrt: m\u00e1r \u00e9rtj\u00fck a legnagyobb probl\u00e9m\u00e1t: a CO2 kibocs\u00e1t\u00e1sa, \u00e9s azt is tudjuk, hogy mit kellene [&hellip;]<\/p>","protected":false},"author":3,"featured_media":238517,"parent":0,"menu_order":0,"comment_status":"closed","ping_status":"closed","template":"","meta":{"_et_pb_use_builder":"on","_et_pb_old_content":"","_et_gb_content_width":"","footnotes":""},"class_list":["post-238408","page","type-page","status-publish","has-post-thumbnail","hentry"],"yoast_head":"<!-- This site is optimized with the Yoast SEO plugin v24.5 - https:\/\/yoast.com\/wordpress\/plugins\/seo\/ -->\n<title>Nordii szeml\u00e9let - Nordii Homes<\/title>\n<meta name=\"description\" content=\"A NORDii innov\u00e1ci\u00f3k sokas\u00e1g\u00e1val forradalmas\u00edtja az \u00e9p\u00edtett k\u00f6rnyezetet a kl\u00edmav\u00e1ltoz\u00e1s elleni harcban.\" \/>\n<meta name=\"robots\" content=\"index, follow, max-snippet:-1, max-image-preview:large, max-video-preview:-1\" \/>\n<link rel=\"canonical\" href=\"https:\/\/nordiihomes.com\/de\/nordii-szemlelet\/\" \/>\n<meta property=\"og:locale\" content=\"de_DE\" \/>\n<meta property=\"og:type\" content=\"article\" \/>\n<meta property=\"og:title\" content=\"Nordii szeml\u00e9let - Nordii Homes\" \/>\n<meta property=\"og:description\" content=\"A NORDii innov\u00e1ci\u00f3k sokas\u00e1g\u00e1val forradalmas\u00edtja az \u00e9p\u00edtett k\u00f6rnyezetet a kl\u00edmav\u00e1ltoz\u00e1s elleni harcban.\" \/>\n<meta property=\"og:url\" content=\"https:\/\/nordiihomes.com\/de\/nordii-szemlelet\/\" \/>\n<meta property=\"og:site_name\" content=\"Nordii Homes\" \/>\n<meta property=\"article:modified_time\" content=\"2024-03-20T09:47:24+00:00\" \/>\n<meta property=\"og:image\" content=\"https:\/\/nordiihomes.com\/wp-content\/uploads\/2024\/03\/Skandinav-2-FAMILY-copy.webp\" \/>\n\t<meta property=\"og:image:width\" content=\"1475\" \/>\n\t<meta property=\"og:image:height\" content=\"1475\" \/>\n\t<meta property=\"og:image:type\" content=\"image\/webp\" \/>\n<meta name=\"twitter:card\" content=\"summary_large_image\" \/>\n<meta name=\"twitter:label1\" content=\"Gesch\u00e4tzte Lesezeit\" \/>\n\t<meta name=\"twitter:data1\" content=\"3\u00a0Minuten\" \/>\n<script type=\"application\/ld+json\" class=\"yoast-schema-graph\">{\"@context\":\"https:\/\/schema.org\",\"@graph\":[{\"@type\":\"WebPage\",\"@id\":\"https:\/\/nordiihomes.com\/nordii-szemlelet\/\",\"url\":\"https:\/\/nordiihomes.com\/nordii-szemlelet\/\",\"name\":\"Nordii szeml\u00e9let - Nordii Homes\",\"isPartOf\":{\"@id\":\"https:\/\/nordiihomes.com\/#website\"},\"primaryImageOfPage\":{\"@id\":\"https:\/\/nordiihomes.com\/nordii-szemlelet\/#primaryimage\"},\"image\":{\"@id\":\"https:\/\/nordiihomes.com\/nordii-szemlelet\/#primaryimage\"},\"thumbnailUrl\":\"https:\/\/nordiihomes.com\/wp-content\/uploads\/2024\/03\/Skandinav-2-FAMILY-copy.webp\",\"datePublished\":\"2024-03-12T13:46:28+00:00\",\"dateModified\":\"2024-03-20T09:47:24+00:00\",\"description\":\"A NORDii innov\u00e1ci\u00f3k sokas\u00e1g\u00e1val forradalmas\u00edtja az \u00e9p\u00edtett k\u00f6rnyezetet a kl\u00edmav\u00e1ltoz\u00e1s elleni harcban.\",\"breadcrumb\":{\"@id\":\"https:\/\/nordiihomes.com\/nordii-szemlelet\/#breadcrumb\"},\"inLanguage\":\"de\",\"potentialAction\":[{\"@type\":\"ReadAction\",\"target\":[\"https:\/\/nordiihomes.com\/nordii-szemlelet\/\"]}]},{\"@type\":\"ImageObject\",\"inLanguage\":\"de\",\"@id\":\"https:\/\/nordiihomes.com\/nordii-szemlelet\/#primaryimage\",\"url\":\"https:\/\/nordiihomes.com\/wp-content\/uploads\/2024\/03\/Skandinav-2-FAMILY-copy.webp\",\"contentUrl\":\"https:\/\/nordiihomes.com\/wp-content\/uploads\/2024\/03\/Skandinav-2-FAMILY-copy.webp\",\"width\":1475,\"height\":1475},{\"@type\":\"BreadcrumbList\",\"@id\":\"https:\/\/nordiihomes.com\/nordii-szemlelet\/#breadcrumb\",\"itemListElement\":[{\"@type\":\"ListItem\",\"position\":1,\"name\":\"Kezd\u0151lap\",\"item\":\"https:\/\/nordiihomes.com\/\"},{\"@type\":\"ListItem\",\"position\":2,\"name\":\"Nordii szeml\u00e9let\"}]},{\"@type\":\"WebSite\",\"@id\":\"https:\/\/nordiihomes.com\/#website\",\"url\":\"https:\/\/nordiihomes.com\/\",\"name\":\"Nordii Homes\",\"description\":\"NORDii = modern akt\u00edv-h\u00e1z\",\"potentialAction\":[{\"@type\":\"SearchAction\",\"target\":{\"@type\":\"EntryPoint\",\"urlTemplate\":\"https:\/\/nordiihomes.com\/?s={search_term_string}\"},\"query-input\":{\"@type\":\"PropertyValueSpecification\",\"valueRequired\":true,\"valueName\":\"search_term_string\"}}],\"inLanguage\":\"de\"}]}<\/script>\n<!-- \/ Yoast SEO plugin. -->","yoast_head_json":{"title":"Nordii szeml\u00e9let - Nordii Homes","description":"A NORDii innov\u00e1ci\u00f3k sokas\u00e1g\u00e1val forradalmas\u00edtja az \u00e9p\u00edtett k\u00f6rnyezetet a kl\u00edmav\u00e1ltoz\u00e1s elleni harcban.","robots":{"index":"index","follow":"follow","max-snippet":"max-snippet:-1","max-image-preview":"max-image-preview:large","max-video-preview":"max-video-preview:-1"},"canonical":"https:\/\/nordiihomes.com\/de\/nordii-szemlelet\/","og_locale":"de_DE","og_type":"article","og_title":"Nordii szeml\u00e9let - Nordii Homes","og_description":"A NORDii innov\u00e1ci\u00f3k sokas\u00e1g\u00e1val forradalmas\u00edtja az \u00e9p\u00edtett k\u00f6rnyezetet a kl\u00edmav\u00e1ltoz\u00e1s elleni harcban.","og_url":"https:\/\/nordiihomes.com\/de\/nordii-szemlelet\/","og_site_name":"Nordii Homes","article_modified_time":"2024-03-20T09:47:24+00:00","og_image":[{"width":1475,"height":1475,"url":"https:\/\/nordiihomes.com\/wp-content\/uploads\/2024\/03\/Skandinav-2-FAMILY-copy.webp","type":"image\/webp"}],"twitter_card":"summary_large_image","twitter_misc":{"Gesch\u00e4tzte Lesezeit":"3\u00a0Minuten"},"schema":{"@context":"https:\/\/schema.org","@graph":[{"@type":"WebPage","@id":"https:\/\/nordiihomes.com\/nordii-szemlelet\/","url":"https:\/\/nordiihomes.com\/nordii-szemlelet\/","name":"Nordii szeml\u00e9let - Nordii Homes","isPartOf":{"@id":"https:\/\/nordiihomes.com\/#website"},"primaryImageOfPage":{"@id":"https:\/\/nordiihomes.com\/nordii-szemlelet\/#primaryimage"},"image":{"@id":"https:\/\/nordiihomes.com\/nordii-szemlelet\/#primaryimage"},"thumbnailUrl":"https:\/\/nordiihomes.com\/wp-content\/uploads\/2024\/03\/Skandinav-2-FAMILY-copy.webp","datePublished":"2024-03-12T13:46:28+00:00","dateModified":"2024-03-20T09:47:24+00:00","description":"A NORDii innov\u00e1ci\u00f3k sokas\u00e1g\u00e1val forradalmas\u00edtja az \u00e9p\u00edtett k\u00f6rnyezetet a kl\u00edmav\u00e1ltoz\u00e1s elleni harcban.","breadcrumb":{"@id":"https:\/\/nordiihomes.com\/nordii-szemlelet\/#breadcrumb"},"inLanguage":"de","potentialAction":[{"@type":"ReadAction","target":["https:\/\/nordiihomes.com\/nordii-szemlelet\/"]}]},{"@type":"ImageObject","inLanguage":"de","@id":"https:\/\/nordiihomes.com\/nordii-szemlelet\/#primaryimage","url":"https:\/\/nordiihomes.com\/wp-content\/uploads\/2024\/03\/Skandinav-2-FAMILY-copy.webp","contentUrl":"https:\/\/nordiihomes.com\/wp-content\/uploads\/2024\/03\/Skandinav-2-FAMILY-copy.webp","width":1475,"height":1475},{"@type":"BreadcrumbList","@id":"https:\/\/nordiihomes.com\/nordii-szemlelet\/#breadcrumb","itemListElement":[{"@type":"ListItem","position":1,"name":"Kezd\u0151lap","item":"https:\/\/nordiihomes.com\/"},{"@type":"ListItem","position":2,"name":"Nordii szeml\u00e9let"}]},{"@type":"WebSite","@id":"https:\/\/nordiihomes.com\/#website","url":"https:\/\/nordiihomes.com\/","name":"Nordii Homes","description":"NORDii = modern akt\u00edv-h\u00e1z","potentialAction":[{"@type":"SearchAction","target":{"@type":"EntryPoint","urlTemplate":"https:\/\/nordiihomes.com\/?s={search_term_string}"},"query-input":{"@type":"PropertyValueSpecification","valueRequired":true,"valueName":"search_term_string"}}],"inLanguage":"de"}]}},"_links":{"self":[{"href":"https:\/\/nordiihomes.com\/de\/wp-json\/wp\/v2\/pages\/238408","targetHints":{"allow":["GET"]}}],"collection":[{"href":"https:\/\/nordiihomes.com\/de\/wp-json\/wp\/v2\/pages"}],"about":[{"href":"https:\/\/nordiihomes.com\/de\/wp-json\/wp\/v2\/types\/page"}],"author":[{"embeddable":true,"href":"https:\/\/nordiihomes.com\/de\/wp-json\/wp\/v2\/users\/3"}],"replies":[{"embeddable":true,"href":"https:\/\/nordiihomes.com\/de\/wp-json\/wp\/v2\/comments?post=238408"}],"version-history":[{"count":7,"href":"https:\/\/nordiihomes.com\/de\/wp-json\/wp\/v2\/pages\/238408\/revisions"}],"predecessor-version":[{"id":238621,"href":"https:\/\/nordiihomes.com\/de\/wp-json\/wp\/v2\/pages\/238408\/revisions\/238621"}],"wp:featuredmedia":[{"embeddable":true,"href":"https:\/\/nordiihomes.com\/de\/wp-json\/wp\/v2\/media\/238517"}],"wp:attachment":[{"href":"https:\/\/nordiihomes.com\/de\/wp-json\/wp\/v2\/media?parent=238408"}],"curies":[{"name":"wp","href":"https:\/\/api.w.org\/{rel}","templated":true}]}}