{"id":239491,"date":"2025-02-23T12:14:47","date_gmt":"2025-02-23T11:14:47","guid":{"rendered":"https:\/\/nordiihomes.com\/?page_id=239491"},"modified":"2025-02-23T14:11:01","modified_gmt":"2025-02-23T13:11:01","slug":"kell-az-extra","status":"publish","type":"page","link":"https:\/\/nordiihomes.com\/de\/kell-az-extra\/","title":{"rendered":"Kell az extra"},"content":{"rendered":"<p>[et_pb_section fb_built=&#8221;1&#8243; _builder_version=&#8221;4.24.2&#8243; _module_preset=&#8221;default&#8221; global_colors_info=&#8221;{}&#8221;][et_pb_row _builder_version=&#8221;4.24.2&#8243; _module_preset=&#8221;default&#8221; background_color=&#8221;rgba(255,255,255,0.96)&#8221; background_image=&#8221;https:\/\/nordiihomes.com\/wp-content\/uploads\/2024\/02\/NORDii_felirat_logo_kek.png&#8221; background_size=&#8221;contain&#8221; background_blend=&#8221;overlay&#8221; global_colors_info=&#8221;{}&#8221;][et_pb_column type=&#8221;4_4&#8243; _builder_version=&#8221;4.24.2&#8243; _module_preset=&#8221;default&#8221; global_colors_info=&#8221;{}&#8221;][et_pb_text _builder_version=&#8221;4.27.4&#8243; _module_preset=&#8221;default&#8221; text_font=&#8221;Roboto|300|||||||&#8221; text_text_color=&#8221;#2f393d&#8221; text_font_size=&#8221;18px&#8221; text_line_height=&#8221;1.5em&#8221; header_font=&#8221;Roboto|900|||||||&#8221; header_text_align=&#8221;center&#8221; header_font_size=&#8221;40px&#8221; header_2_font=&#8221;Roboto|900|||||||&#8221; header_2_text_align=&#8221;center&#8221; header_2_text_color=&#8221;#2f393d&#8221; header_2_font_size=&#8221;40px&#8221; text_orientation=&#8221;center&#8221; hover_enabled=&#8221;0&#8243; global_colors_info=&#8221;{}&#8221; sticky_enabled=&#8221;0&#8243;]<\/p>\n<h1><span>Kell az extra<\/span><\/h1>\n<p>&nbsp;<\/p>\n<p><span>A NORDii jelmondata<\/span><\/p>\n<p><span>Hogy ez pontosan mit is jelenet igaz\u00e1n:<\/span><\/p>\n<p><span>A hagyom\u00e1nyos (t\u00e9gla, ytong stb\u2026) \u00e9p\u00edtkez\u00e9shez k\u00e9pest, a NORDii Homes m\u00e1st \u00e9s sokkal t\u00f6bbet ad az \u00e9p\u00edt\u00e9szetben alapk\u00e9nt.\u00a0<\/span><\/p>\n<p><strong>Mi ez a m\u00e1s?\u00a0<\/strong><\/p>\n<p><span><strong>Leveg\u0151-leveg\u0151 h\u0151szivatty\u00fa, g\u00e9pi szell\u0151z\u00e9s, okos napelemes rendszer, intelligens-h\u00e1z, 5 m belmagass\u00e1g a nappaliban, hatalmas (5 m\u00e9teres) \u00fcvegfalak, A+++ energetikai \u00e9p\u00fclet,<\/strong> csak p\u00e1r dolog, amit megeml\u00edtett\u00fcnk a fenti felsorol\u00e1sban.\u00a0<\/span><\/p>\n<p><span>De m\u00e1r ebb\u0151l is nagyon j\u00f3l l\u00e1that\u00f3 a szembet\u0171n\u0151 k\u00fcl\u00f6nbs\u00e9g, aminek nagy r\u00e9sze <strong>EXTRA,<\/strong> <strong>azaz a hagyom\u00e1nyos \u00e9p\u00edtkez\u00e9sekn\u00e9l ez nem alapelem, vagy el sem v\u00e1llalj\u00e1k,<\/strong> mert vagy nem \u00e9rtenek hozz\u00e1, vagy nagyon jelent\u0151s t\u00f6bblet k\u00f6lts\u00e9get jelentene.<\/span><\/p>\n<p>[\/et_pb_text][\/et_pb_column][\/et_pb_row][\/et_pb_section][et_pb_section fb_built=&#8221;1&#8243; _builder_version=&#8221;4.24.2&#8243; _module_preset=&#8221;default&#8221; custom_margin=&#8221;0px||||false|false&#8221; custom_padding=&#8221;0px||||false|false&#8221; global_colors_info=&#8221;{}&#8221;][et_pb_row _builder_version=&#8221;4.24.2&#8243; _module_preset=&#8221;default&#8221; width=&#8221;100%&#8221; max_width=&#8221;100%&#8221; global_colors_info=&#8221;{}&#8221;][et_pb_column type=&#8221;4_4&#8243; _builder_version=&#8221;4.24.2&#8243; _module_preset=&#8221;default&#8221; global_colors_info=&#8221;{}&#8221;][et_pb_image src=&#8221;https:\/\/nordiihomes.com\/wp-content\/uploads\/2024\/12\/5-copy.webp&#8221; title_text=&#8221;5 copy&#8221; align=&#8221;center&#8221; force_fullwidth=&#8221;on&#8221; _builder_version=&#8221;4.27.4&#8243; _module_preset=&#8221;default&#8221; global_colors_info=&#8221;{}&#8221;][\/et_pb_image][\/et_pb_column][\/et_pb_row][et_pb_row _builder_version=&#8221;4.24.2&#8243; _module_preset=&#8221;default&#8221; global_colors_info=&#8221;{}&#8221;][et_pb_column type=&#8221;4_4&#8243; _builder_version=&#8221;4.24.2&#8243; _module_preset=&#8221;default&#8221; global_colors_info=&#8221;{}&#8221;][et_pb_text _builder_version=&#8221;4.27.4&#8243; _module_preset=&#8221;default&#8221; text_font=&#8221;Roboto|300|||||||&#8221; text_text_color=&#8221;#2f393d&#8221; text_font_size=&#8221;18px&#8221; text_line_height=&#8221;1.5em&#8221; header_2_font=&#8221;Roboto|900|||||||&#8221; header_2_text_align=&#8221;center&#8221; header_2_text_color=&#8221;#2f393d&#8221; header_2_font_size=&#8221;40px&#8221; text_orientation=&#8221;center&#8221; global_colors_info=&#8221;{}&#8221;]<\/p>\n<p><span>A NORDii-n\u00e1l mi azt mondjuk, hogy <strong>Magyarorsz\u00e1g id\u0151j\u00e1r\u00e1sa, a kl\u00edmav\u00e1ltoz\u00e1s miatt, nagyon jelent\u0151sen megv\u00e1ltozik!<\/strong> &#8211; ezt a meg\u00e1llap\u00edt\u00e1st mi t\u00e9nyk\u00e9nt fogadtuk el.<\/span><\/p>\n<p><span>Az el\u0151z\u0151 \u00e9vtizedekhez k\u00e9pest 2024-ben bek\u00f6vetkezett <strong>+2,3 Celsius fokos \u00e1tlagh\u0151m\u00e9rs\u00e9klet v\u00e1ltoz\u00e1s, csak egy kezdet, enn\u00e9l sokkal t\u00f6bb lesz (+5-6 fok lesz a v\u00e9ge)<\/strong> &#8211; olyan ez most, mint egy vihar el\u0151tti csend, az igazi vihar m\u00e9g csak most j\u00f6n el igaz\u00e1n, az elk\u00f6vetkez\u0151 5-6 \u00e9vben.<\/span><\/p>\n<p><span>Mi azt mondjuk, ha\u00a0<\/span><span>ilyen jelent\u0151s v\u00e1ltoz\u00e1s lesz a K\u00e1rp\u00e1t-medence \u00e9ghajlat\u00e1ban,<\/span><span> akkor <strong>ezt <\/strong><\/span><strong>a tervez\u00e9sben \u00e9s az \u00e9p\u00fcletek kivitelez\u00e9s\u00e9ben (\u00e9p\u00edt\u00e9szetben)\u00a0is k\u00f6telez\u0151 lek\u00f6vetni.\u00a0<\/strong><\/p>\n<p><span>Mi ezt tessz\u00fck, ez a rendszer a NORDii System &#8211; ami az \u00e9p\u00edt\u00e9szeti EXTR\u00c1KRA \u00e9p\u00fcl.<\/span><\/p>\n<p><span>Rem\u00e9lem ezzel a p\u00e1r mondattal, r\u00e1 tudtam vil\u00e1g\u00edtani a\u00a0<\/span><\/p>\n<p><strong>KELL AZ EXTRA\u00a0&#8211; igazi \u00e9rtelm\u00e9re.<\/strong><\/p>\n<p><span><\/span><\/p>\n<p><span>NORDii Team\u00a0<\/span><\/p>\n<p>[\/et_pb_text][\/et_pb_column][\/et_pb_row][et_pb_row column_structure=&#8221;1_2,1_2&#8243; use_custom_gutter=&#8221;on&#8221; gutter_width=&#8221;2&#8243; _builder_version=&#8221;4.24.2&#8243; _module_preset=&#8221;default&#8221; global_colors_info=&#8221;{}&#8221;][et_pb_column type=&#8221;1_2&#8243; _builder_version=&#8221;4.24.2&#8243; _module_preset=&#8221;default&#8221; global_colors_info=&#8221;{}&#8221;][et_pb_image src=&#8221;https:\/\/nordiihomes.com\/wp-content\/uploads\/2025\/02\/Roma-1_8K_2-copy.webp&#8221; title_text=&#8221;Roma-1_8K_2-copy&#8221; _builder_version=&#8221;4.27.4&#8243; _module_preset=&#8221;default&#8221; border_radii=&#8221;on|50px|50px|50px|50px&#8221; global_colors_info=&#8221;{}&#8221;][\/et_pb_image][\/et_pb_column][et_pb_column type=&#8221;1_2&#8243; _builder_version=&#8221;4.24.2&#8243; _module_preset=&#8221;default&#8221; global_colors_info=&#8221;{}&#8221;][et_pb_image src=&#8221;https:\/\/nordiihomes.com\/wp-content\/uploads\/2025\/02\/Minimal-2_napnyugta_8K-copy.webp&#8221; title_text=&#8221;Minimal-2_napnyugta_8K copy&#8221; _builder_version=&#8221;4.27.4&#8243; _module_preset=&#8221;default&#8221; border_radii=&#8221;on|50px|50px|50px|50px&#8221; global_colors_info=&#8221;{}&#8221;][\/et_pb_image][\/et_pb_column][\/et_pb_row][\/et_pb_section]<\/p>","protected":false},"excerpt":{"rendered":"<p>Kell az extra &nbsp; A NORDii jelmondata Hogy ez pontosan mit is jelenet igaz\u00e1n: A hagyom\u00e1nyos (t\u00e9gla, ytong stb\u2026) \u00e9p\u00edtkez\u00e9shez k\u00e9pest, a NORDii Homes m\u00e1st \u00e9s sokkal t\u00f6bbet ad az \u00e9p\u00edt\u00e9szetben alapk\u00e9nt.\u00a0 Mi ez a m\u00e1s?\u00a0 Leveg\u0151-leveg\u0151 h\u0151szivatty\u00fa, g\u00e9pi szell\u0151z\u00e9s, okos napelemes rendszer, intelligens-h\u00e1z, 5 m belmagass\u00e1g a nappaliban, hatalmas (5 m\u00e9teres) \u00fcvegfalak, A+++ energetikai \u00e9p\u00fclet, csak p\u00e1r dolog, amit megeml\u00edtett\u00fcnk a fenti felsorol\u00e1sban.\u00a0 De m\u00e1r ebb\u0151l is nagyon j\u00f3l l\u00e1that\u00f3 a szembet\u0171n\u0151 k\u00fcl\u00f6nbs\u00e9g, aminek nagy r\u00e9sze EXTRA, azaz a hagyom\u00e1nyos \u00e9p\u00edtkez\u00e9sekn\u00e9l ez nem alapelem, vagy el sem v\u00e1llalj\u00e1k, mert vagy nem \u00e9rtenek hozz\u00e1, vagy nagyon jelent\u0151s t\u00f6bblet k\u00f6lts\u00e9get jelentene.A NORDii-n\u00e1l mi azt mondjuk, hogy Magyarorsz\u00e1g id\u0151j\u00e1r\u00e1sa, a kl\u00edmav\u00e1ltoz\u00e1s miatt, nagyon jelent\u0151sen megv\u00e1ltozik! &#8211; ezt a meg\u00e1llap\u00edt\u00e1st mi t\u00e9nyk\u00e9nt fogadtuk el. Az el\u0151z\u0151 \u00e9vtizedekhez k\u00e9pest 2024-ben bek\u00f6vetkezett +2,3 Celsius fokos \u00e1tlagh\u0151m\u00e9rs\u00e9klet v\u00e1ltoz\u00e1s, csak egy kezdet, enn\u00e9l sokkal t\u00f6bb lesz (+5-6 fok lesz a v\u00e9ge) &#8211; olyan ez most, mint egy vihar el\u0151tti csend, az igazi vihar m\u00e9g csak most j\u00f6n el igaz\u00e1n, az elk\u00f6vetkez\u0151 5-6 \u00e9vben. Mi azt mondjuk, ha\u00a0ilyen jelent\u0151s v\u00e1ltoz\u00e1s lesz a K\u00e1rp\u00e1t-medence \u00e9ghajlat\u00e1ban, akkor ezt a tervez\u00e9sben \u00e9s az \u00e9p\u00fcletek kivitelez\u00e9s\u00e9ben (\u00e9p\u00edt\u00e9szetben)\u00a0is k\u00f6telez\u0151 lek\u00f6vetni.\u00a0 Mi ezt tessz\u00fck, ez a rendszer a NORDii System &#8211; ami az \u00e9p\u00edt\u00e9szeti [&hellip;]<\/p>","protected":false},"author":3,"featured_media":0,"parent":0,"menu_order":0,"comment_status":"closed","ping_status":"closed","template":"","meta":{"_et_pb_use_builder":"on","_et_pb_old_content":"","_et_gb_content_width":"","footnotes":""},"class_list":["post-239491","page","type-page","status-publish","hentry"],"yoast_head":"<!-- This site is optimized with the Yoast SEO plugin v24.5 - https:\/\/yoast.com\/wordpress\/plugins\/seo\/ -->\n<title>Kell az extra - Nordii Homes<\/title>\n<meta name=\"robots\" content=\"index, follow, max-snippet:-1, max-image-preview:large, max-video-preview:-1\" \/>\n<link rel=\"canonical\" href=\"https:\/\/nordiihomes.com\/de\/kell-az-extra\/\" \/>\n<meta property=\"og:locale\" content=\"de_DE\" \/>\n<meta property=\"og:type\" content=\"article\" \/>\n<meta property=\"og:title\" content=\"Kell az extra - Nordii Homes\" \/>\n<meta property=\"og:description\" content=\"Kell az extra &nbsp; A NORDii jelmondata Hogy ez pontosan mit is jelenet igaz\u00e1n: A hagyom\u00e1nyos (t\u00e9gla, ytong stb\u2026) \u00e9p\u00edtkez\u00e9shez k\u00e9pest, a NORDii Homes m\u00e1st \u00e9s sokkal t\u00f6bbet ad az \u00e9p\u00edt\u00e9szetben alapk\u00e9nt.\u00a0 Mi ez a m\u00e1s?\u00a0 Leveg\u0151-leveg\u0151 h\u0151szivatty\u00fa, g\u00e9pi szell\u0151z\u00e9s, okos napelemes rendszer, intelligens-h\u00e1z, 5 m belmagass\u00e1g a nappaliban, hatalmas (5 m\u00e9teres) \u00fcvegfalak, A+++ energetikai \u00e9p\u00fclet, csak p\u00e1r dolog, amit megeml\u00edtett\u00fcnk a fenti felsorol\u00e1sban.\u00a0 De m\u00e1r ebb\u0151l is nagyon j\u00f3l l\u00e1that\u00f3 a szembet\u0171n\u0151 k\u00fcl\u00f6nbs\u00e9g, aminek nagy r\u00e9sze EXTRA, azaz a hagyom\u00e1nyos \u00e9p\u00edtkez\u00e9sekn\u00e9l ez nem alapelem, vagy el sem v\u00e1llalj\u00e1k, mert vagy nem \u00e9rtenek hozz\u00e1, vagy nagyon jelent\u0151s t\u00f6bblet k\u00f6lts\u00e9get jelentene.A NORDii-n\u00e1l mi azt mondjuk, hogy Magyarorsz\u00e1g id\u0151j\u00e1r\u00e1sa, a kl\u00edmav\u00e1ltoz\u00e1s miatt, nagyon jelent\u0151sen megv\u00e1ltozik! - ezt a meg\u00e1llap\u00edt\u00e1st mi t\u00e9nyk\u00e9nt fogadtuk el. Az el\u0151z\u0151 \u00e9vtizedekhez k\u00e9pest 2024-ben bek\u00f6vetkezett +2,3 Celsius fokos \u00e1tlagh\u0151m\u00e9rs\u00e9klet v\u00e1ltoz\u00e1s, csak egy kezdet, enn\u00e9l sokkal t\u00f6bb lesz (+5-6 fok lesz a v\u00e9ge) - olyan ez most, mint egy vihar el\u0151tti csend, az igazi vihar m\u00e9g csak most j\u00f6n el igaz\u00e1n, az elk\u00f6vetkez\u0151 5-6 \u00e9vben. Mi azt mondjuk, ha\u00a0ilyen jelent\u0151s v\u00e1ltoz\u00e1s lesz a K\u00e1rp\u00e1t-medence \u00e9ghajlat\u00e1ban, akkor ezt a tervez\u00e9sben \u00e9s az \u00e9p\u00fcletek kivitelez\u00e9s\u00e9ben (\u00e9p\u00edt\u00e9szetben)\u00a0is k\u00f6telez\u0151 lek\u00f6vetni.\u00a0 Mi ezt tessz\u00fck, ez a rendszer a NORDii System - ami az \u00e9p\u00edt\u00e9szeti [&hellip;]\" \/>\n<meta property=\"og:url\" content=\"https:\/\/nordiihomes.com\/de\/kell-az-extra\/\" \/>\n<meta property=\"og:site_name\" content=\"Nordii Homes\" \/>\n<meta property=\"article:modified_time\" content=\"2025-02-23T13:11:01+00:00\" \/>\n<meta name=\"twitter:card\" content=\"summary_large_image\" \/>\n<script type=\"application\/ld+json\" class=\"yoast-schema-graph\">{\"@context\":\"https:\/\/schema.org\",\"@graph\":[{\"@type\":\"WebPage\",\"@id\":\"https:\/\/nordiihomes.com\/kell-az-extra\/\",\"url\":\"https:\/\/nordiihomes.com\/kell-az-extra\/\",\"name\":\"Kell az extra - Nordii Homes\",\"isPartOf\":{\"@id\":\"https:\/\/nordiihomes.com\/#website\"},\"datePublished\":\"2025-02-23T11:14:47+00:00\",\"dateModified\":\"2025-02-23T13:11:01+00:00\",\"breadcrumb\":{\"@id\":\"https:\/\/nordiihomes.com\/kell-az-extra\/#breadcrumb\"},\"inLanguage\":\"de\",\"potentialAction\":[{\"@type\":\"ReadAction\",\"target\":[\"https:\/\/nordiihomes.com\/kell-az-extra\/\"]}]},{\"@type\":\"BreadcrumbList\",\"@id\":\"https:\/\/nordiihomes.com\/kell-az-extra\/#breadcrumb\",\"itemListElement\":[{\"@type\":\"ListItem\",\"position\":1,\"name\":\"Kezd\u0151lap\",\"item\":\"https:\/\/nordiihomes.com\/\"},{\"@type\":\"ListItem\",\"position\":2,\"name\":\"Kell az extra\"}]},{\"@type\":\"WebSite\",\"@id\":\"https:\/\/nordiihomes.com\/#website\",\"url\":\"https:\/\/nordiihomes.com\/\",\"name\":\"Nordii Homes\",\"description\":\"NORDii = modern akt\u00edv-h\u00e1z\",\"potentialAction\":[{\"@type\":\"SearchAction\",\"target\":{\"@type\":\"EntryPoint\",\"urlTemplate\":\"https:\/\/nordiihomes.com\/?s={search_term_string}\"},\"query-input\":{\"@type\":\"PropertyValueSpecification\",\"valueRequired\":true,\"valueName\":\"search_term_string\"}}],\"inLanguage\":\"de\"}]}<\/script>\n<!-- \/ Yoast SEO plugin. -->","yoast_head_json":{"title":"Kell az extra - Nordii Homes","robots":{"index":"index","follow":"follow","max-snippet":"max-snippet:-1","max-image-preview":"max-image-preview:large","max-video-preview":"max-video-preview:-1"},"canonical":"https:\/\/nordiihomes.com\/de\/kell-az-extra\/","og_locale":"de_DE","og_type":"article","og_title":"Kell az extra - Nordii Homes","og_description":"Kell az extra &nbsp; A NORDii jelmondata Hogy ez pontosan mit is jelenet igaz\u00e1n: A hagyom\u00e1nyos (t\u00e9gla, ytong stb\u2026) \u00e9p\u00edtkez\u00e9shez k\u00e9pest, a NORDii Homes m\u00e1st \u00e9s sokkal t\u00f6bbet ad az \u00e9p\u00edt\u00e9szetben alapk\u00e9nt.\u00a0 Mi ez a m\u00e1s?\u00a0 Leveg\u0151-leveg\u0151 h\u0151szivatty\u00fa, g\u00e9pi szell\u0151z\u00e9s, okos napelemes rendszer, intelligens-h\u00e1z, 5 m belmagass\u00e1g a nappaliban, hatalmas (5 m\u00e9teres) \u00fcvegfalak, A+++ energetikai \u00e9p\u00fclet, csak p\u00e1r dolog, amit megeml\u00edtett\u00fcnk a fenti felsorol\u00e1sban.\u00a0 De m\u00e1r ebb\u0151l is nagyon j\u00f3l l\u00e1that\u00f3 a szembet\u0171n\u0151 k\u00fcl\u00f6nbs\u00e9g, aminek nagy r\u00e9sze EXTRA, azaz a hagyom\u00e1nyos \u00e9p\u00edtkez\u00e9sekn\u00e9l ez nem alapelem, vagy el sem v\u00e1llalj\u00e1k, mert vagy nem \u00e9rtenek hozz\u00e1, vagy nagyon jelent\u0151s t\u00f6bblet k\u00f6lts\u00e9get jelentene.A NORDii-n\u00e1l mi azt mondjuk, hogy Magyarorsz\u00e1g id\u0151j\u00e1r\u00e1sa, a kl\u00edmav\u00e1ltoz\u00e1s miatt, nagyon jelent\u0151sen megv\u00e1ltozik! - ezt a meg\u00e1llap\u00edt\u00e1st mi t\u00e9nyk\u00e9nt fogadtuk el. Az el\u0151z\u0151 \u00e9vtizedekhez k\u00e9pest 2024-ben bek\u00f6vetkezett +2,3 Celsius fokos \u00e1tlagh\u0151m\u00e9rs\u00e9klet v\u00e1ltoz\u00e1s, csak egy kezdet, enn\u00e9l sokkal t\u00f6bb lesz (+5-6 fok lesz a v\u00e9ge) - olyan ez most, mint egy vihar el\u0151tti csend, az igazi vihar m\u00e9g csak most j\u00f6n el igaz\u00e1n, az elk\u00f6vetkez\u0151 5-6 \u00e9vben. Mi azt mondjuk, ha\u00a0ilyen jelent\u0151s v\u00e1ltoz\u00e1s lesz a K\u00e1rp\u00e1t-medence \u00e9ghajlat\u00e1ban, akkor ezt a tervez\u00e9sben \u00e9s az \u00e9p\u00fcletek kivitelez\u00e9s\u00e9ben (\u00e9p\u00edt\u00e9szetben)\u00a0is k\u00f6telez\u0151 lek\u00f6vetni.\u00a0 Mi ezt tessz\u00fck, ez a rendszer a NORDii System - ami az \u00e9p\u00edt\u00e9szeti [&hellip;]","og_url":"https:\/\/nordiihomes.com\/de\/kell-az-extra\/","og_site_name":"Nordii Homes","article_modified_time":"2025-02-23T13:11:01+00:00","twitter_card":"summary_large_image","schema":{"@context":"https:\/\/schema.org","@graph":[{"@type":"WebPage","@id":"https:\/\/nordiihomes.com\/kell-az-extra\/","url":"https:\/\/nordiihomes.com\/kell-az-extra\/","name":"Kell az extra - Nordii Homes","isPartOf":{"@id":"https:\/\/nordiihomes.com\/#website"},"datePublished":"2025-02-23T11:14:47+00:00","dateModified":"2025-02-23T13:11:01+00:00","breadcrumb":{"@id":"https:\/\/nordiihomes.com\/kell-az-extra\/#breadcrumb"},"inLanguage":"de","potentialAction":[{"@type":"ReadAction","target":["https:\/\/nordiihomes.com\/kell-az-extra\/"]}]},{"@type":"BreadcrumbList","@id":"https:\/\/nordiihomes.com\/kell-az-extra\/#breadcrumb","itemListElement":[{"@type":"ListItem","position":1,"name":"Kezd\u0151lap","item":"https:\/\/nordiihomes.com\/"},{"@type":"ListItem","position":2,"name":"Kell az extra"}]},{"@type":"WebSite","@id":"https:\/\/nordiihomes.com\/#website","url":"https:\/\/nordiihomes.com\/","name":"Nordii Homes","description":"NORDii = modern akt\u00edv-h\u00e1z","potentialAction":[{"@type":"SearchAction","target":{"@type":"EntryPoint","urlTemplate":"https:\/\/nordiihomes.com\/?s={search_term_string}"},"query-input":{"@type":"PropertyValueSpecification","valueRequired":true,"valueName":"search_term_string"}}],"inLanguage":"de"}]}},"_links":{"self":[{"href":"https:\/\/nordiihomes.com\/de\/wp-json\/wp\/v2\/pages\/239491","targetHints":{"allow":["GET"]}}],"collection":[{"href":"https:\/\/nordiihomes.com\/de\/wp-json\/wp\/v2\/pages"}],"about":[{"href":"https:\/\/nordiihomes.com\/de\/wp-json\/wp\/v2\/types\/page"}],"author":[{"embeddable":true,"href":"https:\/\/nordiihomes.com\/de\/wp-json\/wp\/v2\/users\/3"}],"replies":[{"embeddable":true,"href":"https:\/\/nordiihomes.com\/de\/wp-json\/wp\/v2\/comments?post=239491"}],"version-history":[{"count":3,"href":"https:\/\/nordiihomes.com\/de\/wp-json\/wp\/v2\/pages\/239491\/revisions"}],"predecessor-version":[{"id":239506,"href":"https:\/\/nordiihomes.com\/de\/wp-json\/wp\/v2\/pages\/239491\/revisions\/239506"}],"wp:attachment":[{"href":"https:\/\/nordiihomes.com\/de\/wp-json\/wp\/v2\/media?parent=239491"}],"curies":[{"name":"wp","href":"https:\/\/api.w.org\/{rel}","templated":true}]}}