{"id":236563,"date":"2024-02-16T11:04:24","date_gmt":"2024-02-16T10:04:24","guid":{"rendered":"https:\/\/nordiihomes.com\/?page_id=236563"},"modified":"2024-03-21T14:20:14","modified_gmt":"2024-03-21T13:20:14","slug":"skandinav-2","status":"publish","type":"page","link":"https:\/\/nordiihomes.com\/en\/skandinav-2\/","title":{"rendered":"Scandinavian 2"},"content":{"rendered":"<p>[et_pb_section fb_built=&#8221;1&#8243; _builder_version=&#8221;4.24.2&#8243; _module_preset=&#8221;default&#8221; background_color=&#8221;#2f393d&#8221; use_background_color_gradient=&#8221;on&#8221; background_color_gradient_stops=&#8221;#2f393d 1%|rgba(255,255,255,0) 100%&#8221; background_image=&#8221;https:\/\/nordiihomes.com\/wp-content\/uploads\/2024\/02\/Skandinav-2-FAMILY.webp&#8221; parallax=&#8221;on&#8221; parallax_method=&#8221;off&#8221; background_blend=&#8221;overlay&#8221; transform_scale_linked=&#8221;off&#8221; transform_translate_linked=&#8221;off&#8221; height=&#8221;103vh&#8221; custom_margin=&#8221;-115px||||false|false&#8221; hover_enabled=&#8221;0&#8243; background_last_edited=&#8221;on|phone&#8221; global_colors_info=&#8221;{}&#8221; height_last_edited=&#8221;on|phone&#8221; height_phone=&#8221;50vh&#8221; sticky_enabled=&#8221;0&#8243; height_tablet=&#8221;103vh&#8221;][et_pb_row make_equal=&#8221;on&#8221; _builder_version=&#8221;4.24.2&#8243; _module_preset=&#8221;default&#8221; custom_margin=&#8221;3vw||||false|false&#8221; hover_enabled=&#8221;0&#8243; custom_css_main_element=&#8221;margin: auto&#8221; global_colors_info=&#8221;{}&#8221; positioning_last_edited=&#8221;on|phone&#8221; position_origin_a_last_edited=&#8221;on|phone&#8221; position_origin_f_last_edited=&#8221;on|phone&#8221; position_origin_r_last_edited=&#8221;on|phone&#8221; width_last_edited=&#8221;on|phone&#8221; width_phone=&#8221;100%&#8221; positioning_phone=&#8221;absolute&#8221; position_origin_a_phone=&#8221;bottom_center&#8221; vertical_offset_last_edited=&#8221;on|phone&#8221; vertical_offset_phone=&#8221;-30px&#8221; sticky_enabled=&#8221;0&#8243;][et_pb_column type=&#8221;4_4&#8243; _builder_version=&#8221;4.24.1&#8243; _module_preset=&#8221;default&#8221; global_colors_info=&#8221;{}&#8221;][et_pb_text _builder_version=&#8221;4.24.2&#8243; _module_preset=&#8221;default&#8221; header_font=&#8221;Roboto||||||||&#8221; header_text_align=&#8221;center&#8221; header_font_size=&#8221;46px&#8221; header_2_font=&#8221;Roboto||||||||&#8221; header_2_text_align=&#8221;center&#8221; header_2_text_color=&#8221;#2f393d&#8221; header_2_font_size=&#8221;46px&#8221; custom_margin=&#8221;||5px||false|false&#8221; custom_padding=&#8221;||0px||false|false&#8221; global_colors_info=&#8221;{}&#8221;]<\/p>\n<h1>scandinavian 2<\/h1>\n<p>[\/et_pb_text][\/et_pb_column][\/et_pb_row][\/et_pb_section][et_pb_section fb_built=&#8221;1&#8243; _builder_version=&#8221;4.24.2&#8243; _module_preset=&#8221;default&#8221; background_color=&#8221;#2f393d&#8221; use_background_color_gradient=&#8221;on&#8221; background_color_gradient_stops=&#8221;#2f393d 1%|rgba(255,255,255,0) 100%&#8221; background_image=&#8221;https:\/\/nordiihomes.com\/wp-content\/uploads\/2024\/02\/Skandinav-2-SMALL-2.webp&#8221; background_position=&#8221;top_center&#8221; background_vertical_offset=&#8221;40%&#8221; background_blend=&#8221;overlay&#8221; height=&#8221;100vh&#8221; custom_margin=&#8221;0px||0px||true|false&#8221; custom_padding=&#8221;0px||0px||true|false&#8221; hover_enabled=&#8221;0&#8243; global_colors_info=&#8221;{}&#8221; height_last_edited=&#8221;on|phone&#8221; height_phone=&#8221;50vh&#8221; sticky_enabled=&#8221;0&#8243; height_tablet=&#8221;100vh&#8221;][\/et_pb_section][et_pb_section fb_built=&#8221;1&#8243; _builder_version=&#8221;4.24.1&#8243; _module_preset=&#8221;default&#8221; background_color=&#8221;rgba(255,255,255,0.95)&#8221; background_image=&#8221;https:\/\/nordiihomes.com\/wp-content\/uploads\/2024\/02\/NORDii-Logo-1.png&#8221; background_size=&#8221;custom&#8221; background_image_width=&#8221;30%&#8221; background_position=&#8221;center_left&#8221; background_horizontal_offset=&#8221;9%&#8221; background_blend=&#8221;overlay&#8221; custom_margin=&#8221;0px||||false|false&#8221; custom_padding=&#8221;0px||0px||false|false&#8221; global_colors_info=&#8221;{}&#8221;][et_pb_row column_structure=&#8221;2_5,3_5&#8243; use_custom_gutter=&#8221;on&#8221; make_equal=&#8221;on&#8221; _builder_version=&#8221;4.24.1&#8243; _module_preset=&#8221;default&#8221; width=&#8221;100%&#8221; max_width=&#8221;100%&#8221; custom_margin=&#8221;5px||5px||false|false&#8221; custom_margin_tablet=&#8221;5px||5px||false|false&#8221; custom_margin_phone=&#8221;30px||30px||true|false&#8221; custom_margin_last_edited=&#8221;on|phone&#8221; custom_padding=&#8221;0px||0px||true|false&#8221; custom_css_main_element=&#8221;align-items: center&#8221; global_colors_info=&#8221;{}&#8221;][et_pb_column type=&#8221;2_5&#8243; _builder_version=&#8221;4.24.1&#8243; _module_preset=&#8221;default&#8221; custom_padding=&#8221;|||6vw|false|false&#8221; custom_padding_tablet=&#8221;|||6vw|false|false&#8221; custom_padding_phone=&#8221;|20px||20px|false|false&#8221; custom_padding_last_edited=&#8221;on|phone&#8221; global_colors_info=&#8221;{}&#8221;][et_pb_text _builder_version=&#8221;4.24.1&#8243; _module_preset=&#8221;default&#8221; header_2_font=&#8221;Roboto|900|||||||&#8221; header_2_text_align=&#8221;center&#8221; header_2_text_color=&#8221;#2f393d&#8221; header_2_font_size=&#8221;50px&#8221; header_2_font_size_tablet=&#8221;50px&#8221; header_2_font_size_phone=&#8221;36px&#8221; header_2_font_size_last_edited=&#8221;on|phone&#8221; global_colors_info=&#8221;{}&#8221;]<\/p>\n<h2>SCANDINAVIAN 2<\/h2>\n<p>[\/et_pb_text][et_pb_text _builder_version=&#8221;4.24.2&#8243; _module_preset=&#8221;default&#8221; text_font=&#8221;Roboto|300|||||||&#8221; text_text_color=&#8221;#2f393d&#8221; text_font_size=&#8221;16px&#8221; text_line_height=&#8221;1.6em&#8221; text_orientation=&#8221;center&#8221; global_colors_info=&#8221;{}&#8221;]<\/p>\n<p><span>As the name suggests, Scandinavian 2 <strong>ground floor + first floor, i.e. a two-storey building with a roof pitch of 38 degrees and a saddle roof.<\/strong> Thanks to its large glass wall, it can also be used to <strong>create special and unique spatial solutions: a modern, minimalist, exclusive building of 5-6 apartments.<\/strong> Compatible with Modern1 and Scandinavian1 buildings and easy to assemble thanks to its modular design.<\/span><\/p>\n<p>[\/et_pb_text][\/et_pb_column][et_pb_column type=&#8221;3_5&#8243; _builder_version=&#8221;4.24.0&#8243; _module_preset=&#8221;default&#8221; global_colors_info=&#8221;{}&#8221;][et_pb_image src=&#8221;https:\/\/nordiihomes.com\/wp-content\/uploads\/2024\/02\/Skandinav-2-MOOD.webp&#8221; title_text=&#8221;Skandina\u0301v 2 &#8211; MOOD&#8221; show_in_lightbox=&#8221;on&#8221; _builder_version=&#8221;4.24.1&#8243; _module_preset=&#8221;default&#8221; global_colors_info=&#8221;{}&#8221;][\/et_pb_image][\/et_pb_column][\/et_pb_row][\/et_pb_section]<\/p>","protected":false},"excerpt":{"rendered":"<p>skandin\u00e1v 2SKANDIN\u00c1V 2Ahogy a nev\u00e9ben is benne van: Skandin\u00e1v2 f\u00f6ldszint + emelet, azaz k\u00e9t szintes \u00e9p\u00fclet \u00e9s a tet\u0151 hajl\u00e1ssz\u00f6ge 38 fok, nyeregtet\u0151s megold\u00e1ssal. A nagy \u00fcvegfal\u00e1nak k\u00f6sz\u00f6nhet\u0151en, k\u00fcl\u00f6nleges \u00e9s egyedi t\u00e9r-megold\u00e1sokra is k\u00e9pes, k\u00f6nnyen kialak\u00edthat\u00f3 bel\u0151le: modern, minimalista, exluz\u00edv \u00e9p\u00fclet, vagy 5-6 lak\u00e1sb\u00f3l \u00e1ll\u00f3 kisebb lak\u00f3park. Modern1 \u00e9s Skandin\u00e1v1 \u00e9p\u00fclettel kompatibilis \u00e9s k\u00f6nnyen \u00f6ssze-\u00e9p\u00edthet\u0151, a modul\u00e1ris kialak\u00edt\u00e1snak k\u00f6sz\u00f6nhet\u0151en.<\/p>","protected":false},"author":3,"featured_media":236565,"parent":0,"menu_order":0,"comment_status":"closed","ping_status":"closed","template":"","meta":{"_et_pb_use_builder":"on","_et_pb_old_content":"","_et_gb_content_width":"","footnotes":""},"class_list":["post-236563","page","type-page","status-publish","has-post-thumbnail","hentry"],"yoast_head":"<!-- This site is optimized with the Yoast SEO plugin v24.5 - https:\/\/yoast.com\/wordpress\/plugins\/seo\/ -->\n<title>Skandin\u00e1v 2 - Nordii Homes<\/title>\n<meta name=\"description\" content=\"k\u00f6nnyen kialak\u00edthat\u00f3 bel\u0151le: modern, minimalista, exluz\u00edv \u00e9p\u00fclet, vagy 5-6 lak\u00e1sb\u00f3l \u00e1ll\u00f3 kisebb lak\u00f3park.\" \/>\n<meta name=\"robots\" content=\"index, follow, max-snippet:-1, max-image-preview:large, max-video-preview:-1\" \/>\n<link rel=\"canonical\" href=\"https:\/\/nordiihomes.com\/en\/skandinav-2\/\" \/>\n<meta property=\"og:locale\" content=\"en_GB\" \/>\n<meta property=\"og:type\" content=\"article\" \/>\n<meta property=\"og:title\" content=\"Skandin\u00e1v 2 - Nordii Homes\" \/>\n<meta property=\"og:description\" content=\"k\u00f6nnyen kialak\u00edthat\u00f3 bel\u0151le: modern, minimalista, exluz\u00edv \u00e9p\u00fclet, vagy 5-6 lak\u00e1sb\u00f3l \u00e1ll\u00f3 kisebb lak\u00f3park.\" \/>\n<meta property=\"og:url\" content=\"https:\/\/nordiihomes.com\/en\/skandinav-2\/\" \/>\n<meta property=\"og:site_name\" content=\"Nordii Homes\" \/>\n<meta property=\"article:modified_time\" content=\"2024-03-21T13:20:14+00:00\" \/>\n<meta property=\"og:image\" content=\"https:\/\/nordiihomes.com\/wp-content\/uploads\/2024\/02\/Skandinav-2-FAMILY.webp\" \/>\n\t<meta property=\"og:image:width\" content=\"2000\" \/>\n\t<meta property=\"og:image:height\" content=\"1125\" \/>\n\t<meta property=\"og:image:type\" content=\"image\/webp\" \/>\n<meta name=\"twitter:card\" content=\"summary_large_image\" \/>\n<meta name=\"twitter:label1\" content=\"Estimated reading time\" \/>\n\t<meta name=\"twitter:data1\" content=\"2 minutes\" \/>\n<script type=\"application\/ld+json\" class=\"yoast-schema-graph\">{\"@context\":\"https:\/\/schema.org\",\"@graph\":[{\"@type\":\"WebPage\",\"@id\":\"https:\/\/nordiihomes.com\/skandinav-2\/\",\"url\":\"https:\/\/nordiihomes.com\/skandinav-2\/\",\"name\":\"Skandin\u00e1v 2 - Nordii Homes\",\"isPartOf\":{\"@id\":\"https:\/\/nordiihomes.com\/#website\"},\"primaryImageOfPage\":{\"@id\":\"https:\/\/nordiihomes.com\/skandinav-2\/#primaryimage\"},\"image\":{\"@id\":\"https:\/\/nordiihomes.com\/skandinav-2\/#primaryimage\"},\"thumbnailUrl\":\"https:\/\/nordiihomes.com\/wp-content\/uploads\/2024\/02\/Skandinav-2-FAMILY.webp\",\"datePublished\":\"2024-02-16T10:04:24+00:00\",\"dateModified\":\"2024-03-21T13:20:14+00:00\",\"description\":\"k\u00f6nnyen kialak\u00edthat\u00f3 bel\u0151le: modern, minimalista, exluz\u00edv \u00e9p\u00fclet, vagy 5-6 lak\u00e1sb\u00f3l \u00e1ll\u00f3 kisebb lak\u00f3park.\",\"breadcrumb\":{\"@id\":\"https:\/\/nordiihomes.com\/skandinav-2\/#breadcrumb\"},\"inLanguage\":\"en-GB\",\"potentialAction\":[{\"@type\":\"ReadAction\",\"target\":[\"https:\/\/nordiihomes.com\/skandinav-2\/\"]}]},{\"@type\":\"ImageObject\",\"inLanguage\":\"en-GB\",\"@id\":\"https:\/\/nordiihomes.com\/skandinav-2\/#primaryimage\",\"url\":\"https:\/\/nordiihomes.com\/wp-content\/uploads\/2024\/02\/Skandinav-2-FAMILY.webp\",\"contentUrl\":\"https:\/\/nordiihomes.com\/wp-content\/uploads\/2024\/02\/Skandinav-2-FAMILY.webp\",\"width\":2000,\"height\":1125},{\"@type\":\"BreadcrumbList\",\"@id\":\"https:\/\/nordiihomes.com\/skandinav-2\/#breadcrumb\",\"itemListElement\":[{\"@type\":\"ListItem\",\"position\":1,\"name\":\"Kezd\u0151lap\",\"item\":\"https:\/\/nordiihomes.com\/\"},{\"@type\":\"ListItem\",\"position\":2,\"name\":\"Skandin\u00e1v 2\"}]},{\"@type\":\"WebSite\",\"@id\":\"https:\/\/nordiihomes.com\/#website\",\"url\":\"https:\/\/nordiihomes.com\/\",\"name\":\"Nordii Homes\",\"description\":\"NORDii = modern akt\u00edv-h\u00e1z\",\"potentialAction\":[{\"@type\":\"SearchAction\",\"target\":{\"@type\":\"EntryPoint\",\"urlTemplate\":\"https:\/\/nordiihomes.com\/?s={search_term_string}\"},\"query-input\":{\"@type\":\"PropertyValueSpecification\",\"valueRequired\":true,\"valueName\":\"search_term_string\"}}],\"inLanguage\":\"en-GB\"}]}<\/script>\n<!-- \/ Yoast SEO plugin. -->","yoast_head_json":{"title":"Skandin\u00e1v 2 - Nordii Homes","description":"k\u00f6nnyen kialak\u00edthat\u00f3 bel\u0151le: modern, minimalista, exluz\u00edv \u00e9p\u00fclet, vagy 5-6 lak\u00e1sb\u00f3l \u00e1ll\u00f3 kisebb lak\u00f3park.","robots":{"index":"index","follow":"follow","max-snippet":"max-snippet:-1","max-image-preview":"max-image-preview:large","max-video-preview":"max-video-preview:-1"},"canonical":"https:\/\/nordiihomes.com\/en\/skandinav-2\/","og_locale":"en_GB","og_type":"article","og_title":"Skandin\u00e1v 2 - Nordii Homes","og_description":"k\u00f6nnyen kialak\u00edthat\u00f3 bel\u0151le: modern, minimalista, exluz\u00edv \u00e9p\u00fclet, vagy 5-6 lak\u00e1sb\u00f3l \u00e1ll\u00f3 kisebb lak\u00f3park.","og_url":"https:\/\/nordiihomes.com\/en\/skandinav-2\/","og_site_name":"Nordii Homes","article_modified_time":"2024-03-21T13:20:14+00:00","og_image":[{"width":2000,"height":1125,"url":"https:\/\/nordiihomes.com\/wp-content\/uploads\/2024\/02\/Skandinav-2-FAMILY.webp","type":"image\/webp"}],"twitter_card":"summary_large_image","twitter_misc":{"Estimated reading time":"2 minutes"},"schema":{"@context":"https:\/\/schema.org","@graph":[{"@type":"WebPage","@id":"https:\/\/nordiihomes.com\/skandinav-2\/","url":"https:\/\/nordiihomes.com\/skandinav-2\/","name":"Skandin\u00e1v 2 - Nordii Homes","isPartOf":{"@id":"https:\/\/nordiihomes.com\/#website"},"primaryImageOfPage":{"@id":"https:\/\/nordiihomes.com\/skandinav-2\/#primaryimage"},"image":{"@id":"https:\/\/nordiihomes.com\/skandinav-2\/#primaryimage"},"thumbnailUrl":"https:\/\/nordiihomes.com\/wp-content\/uploads\/2024\/02\/Skandinav-2-FAMILY.webp","datePublished":"2024-02-16T10:04:24+00:00","dateModified":"2024-03-21T13:20:14+00:00","description":"k\u00f6nnyen kialak\u00edthat\u00f3 bel\u0151le: modern, minimalista, exluz\u00edv \u00e9p\u00fclet, vagy 5-6 lak\u00e1sb\u00f3l \u00e1ll\u00f3 kisebb lak\u00f3park.","breadcrumb":{"@id":"https:\/\/nordiihomes.com\/skandinav-2\/#breadcrumb"},"inLanguage":"en-GB","potentialAction":[{"@type":"ReadAction","target":["https:\/\/nordiihomes.com\/skandinav-2\/"]}]},{"@type":"ImageObject","inLanguage":"en-GB","@id":"https:\/\/nordiihomes.com\/skandinav-2\/#primaryimage","url":"https:\/\/nordiihomes.com\/wp-content\/uploads\/2024\/02\/Skandinav-2-FAMILY.webp","contentUrl":"https:\/\/nordiihomes.com\/wp-content\/uploads\/2024\/02\/Skandinav-2-FAMILY.webp","width":2000,"height":1125},{"@type":"BreadcrumbList","@id":"https:\/\/nordiihomes.com\/skandinav-2\/#breadcrumb","itemListElement":[{"@type":"ListItem","position":1,"name":"Kezd\u0151lap","item":"https:\/\/nordiihomes.com\/"},{"@type":"ListItem","position":2,"name":"Skandin\u00e1v 2"}]},{"@type":"WebSite","@id":"https:\/\/nordiihomes.com\/#website","url":"https:\/\/nordiihomes.com\/","name":"Nordii Homes","description":"NORDii = modern akt\u00edv-h\u00e1z","potentialAction":[{"@type":"SearchAction","target":{"@type":"EntryPoint","urlTemplate":"https:\/\/nordiihomes.com\/?s={search_term_string}"},"query-input":{"@type":"PropertyValueSpecification","valueRequired":true,"valueName":"search_term_string"}}],"inLanguage":"en-GB"}]}},"_links":{"self":[{"href":"https:\/\/nordiihomes.com\/en\/wp-json\/wp\/v2\/pages\/236563","targetHints":{"allow":["GET"]}}],"collection":[{"href":"https:\/\/nordiihomes.com\/en\/wp-json\/wp\/v2\/pages"}],"about":[{"href":"https:\/\/nordiihomes.com\/en\/wp-json\/wp\/v2\/types\/page"}],"author":[{"embeddable":true,"href":"https:\/\/nordiihomes.com\/en\/wp-json\/wp\/v2\/users\/3"}],"replies":[{"embeddable":true,"href":"https:\/\/nordiihomes.com\/en\/wp-json\/wp\/v2\/comments?post=236563"}],"version-history":[{"count":16,"href":"https:\/\/nordiihomes.com\/en\/wp-json\/wp\/v2\/pages\/236563\/revisions"}],"predecessor-version":[{"id":238713,"href":"https:\/\/nordiihomes.com\/en\/wp-json\/wp\/v2\/pages\/236563\/revisions\/238713"}],"wp:featuredmedia":[{"embeddable":true,"href":"https:\/\/nordiihomes.com\/en\/wp-json\/wp\/v2\/media\/236565"}],"wp:attachment":[{"href":"https:\/\/nordiihomes.com\/en\/wp-json\/wp\/v2\/media?parent=236563"}],"curies":[{"name":"wp","href":"https:\/\/api.w.org\/{rel}","templated":true}]}}