{"id":236949,"date":"2024-02-20T12:05:42","date_gmt":"2024-02-20T11:05:42","guid":{"rendered":"https:\/\/nordiihomes.com\/?page_id=236949"},"modified":"2024-03-21T13:55:42","modified_gmt":"2024-03-21T12:55:42","slug":"modern-1","status":"publish","type":"page","link":"https:\/\/nordiihomes.com\/en\/modern-1\/","title":{"rendered":"Modern 1"},"content":{"rendered":"<p>[et_pb_section fb_built=&#8221;1&#8243; _builder_version=&#8221;4.24.2&#8243; _module_preset=&#8221;default&#8221; background_color=&#8221;#2f393d&#8221; use_background_color_gradient=&#8221;on&#8221; background_color_gradient_stops=&#8221;#2f393d 1%|rgba(255,255,255,0) 100%&#8221; background_image=&#8221;https:\/\/nordiihomes.com\/wp-content\/uploads\/2024\/02\/Modern-1-MOOD.webp&#8221; parallax=&#8221;on&#8221; parallax_method=&#8221;off&#8221; background_blend=&#8221;overlay&#8221; transform_scale_linked=&#8221;off&#8221; transform_translate_linked=&#8221;off&#8221; height=&#8221;103vh&#8221; height_tablet=&#8221;103vh&#8221; height_phone=&#8221;50vh&#8221; height_last_edited=&#8221;on|phone&#8221; custom_margin=&#8221;-115px||||false|false&#8221; hover_enabled=&#8221;0&#8243; global_colors_info=&#8221;{}&#8221; sticky_enabled=&#8221;0&#8243;][et_pb_row make_equal=&#8221;on&#8221; _builder_version=&#8221;4.24.2&#8243; _module_preset=&#8221;default&#8221; custom_margin=&#8221;10vh||||false|false&#8221; custom_margin_tablet=&#8221;6vw||||false|false&#8221; custom_margin_phone=&#8221;26vh||||false|false&#8221; custom_margin_last_edited=&#8221;on|phone&#8221; hover_enabled=&#8221;0&#8243; custom_css_main_element=&#8221;margin: auto&#8221; global_colors_info=&#8221;{}&#8221; positioning_last_edited=&#8221;on|phone&#8221; position_origin_a_last_edited=&#8221;on|phone&#8221; position_origin_f_last_edited=&#8221;on|phone&#8221; position_origin_r_last_edited=&#8221;on|phone&#8221; width_last_edited=&#8221;on|phone&#8221; width_phone=&#8221;100%&#8221; positioning_phone=&#8221;absolute&#8221; position_origin_a_phone=&#8221;bottom_center&#8221; vertical_offset_last_edited=&#8221;on|phone&#8221; vertical_offset_phone=&#8221;-30px&#8221; sticky_enabled=&#8221;0&#8243;][et_pb_column type=&#8221;4_4&#8243; _builder_version=&#8221;4.24.1&#8243; _module_preset=&#8221;default&#8221; global_colors_info=&#8221;{}&#8221;][et_pb_text _builder_version=&#8221;4.24.2&#8243; _module_preset=&#8221;default&#8221; header_font=&#8221;Roboto||||||||&#8221; header_text_align=&#8221;center&#8221; header_text_color=&#8221;#2f393d&#8221; header_font_size=&#8221;46px&#8221; header_2_font=&#8221;Roboto||||||||&#8221; header_2_text_align=&#8221;center&#8221; header_2_text_color=&#8221;#2f393d&#8221; header_2_font_size=&#8221;46px&#8221; custom_margin=&#8221;||5px||false|false&#8221; custom_padding=&#8221;||0px||false|false&#8221; header_text_color_tablet=&#8221;#2f393d&#8221; header_text_color_phone=&#8221;#FFFFFF&#8221; header_text_color_last_edited=&#8221;on|phone&#8221; header_font_size_tablet=&#8221;46px&#8221; header_font_size_phone=&#8221;32px&#8221; header_font_size_last_edited=&#8221;on|phone&#8221; global_colors_info=&#8221;{}&#8221;]<\/p>\n<h1>modern 1<\/h1>\n<p>[\/et_pb_text][\/et_pb_column][\/et_pb_row][\/et_pb_section][et_pb_section fb_built=&#8221;1&#8243; _builder_version=&#8221;4.24.2&#8243; _module_preset=&#8221;default&#8221; background_color=&#8221;#2f393d&#8221; use_background_color_gradient=&#8221;on&#8221; background_color_gradient_stops=&#8221;#2f393d 1%|rgba(255,255,255,0) 100%&#8221; background_image=&#8221;https:\/\/nordiihomes.com\/wp-content\/uploads\/2024\/02\/Modern-1-MINI-Esti.webp&#8221; background_position=&#8221;top_center&#8221; background_vertical_offset=&#8221;40%&#8221; background_blend=&#8221;overlay&#8221; height=&#8221;100vh&#8221; height_tablet=&#8221;100vh&#8221; height_phone=&#8221;50vh&#8221; height_last_edited=&#8221;on|phone&#8221; custom_margin=&#8221;0px||0px||true|false&#8221; custom_padding=&#8221;0px||0px||true|false&#8221; global_colors_info=&#8221;{}&#8221;][\/et_pb_section][et_pb_section fb_built=&#8221;1&#8243; _builder_version=&#8221;4.24.1&#8243; _module_preset=&#8221;default&#8221; background_color=&#8221;rgba(255,255,255,0.95)&#8221; background_image=&#8221;https:\/\/nordiihomes.com\/wp-content\/uploads\/2024\/02\/NORDii-Logo-1.png&#8221; background_size=&#8221;custom&#8221; background_image_width=&#8221;30%&#8221; background_position=&#8221;center_left&#8221; background_horizontal_offset=&#8221;9%&#8221; background_blend=&#8221;overlay&#8221; custom_margin=&#8221;0px||||false|false&#8221; custom_padding=&#8221;0px||0px||false|false&#8221; global_colors_info=&#8221;{}&#8221;][et_pb_row column_structure=&#8221;2_5,3_5&#8243; use_custom_gutter=&#8221;on&#8221; make_equal=&#8221;on&#8221; _builder_version=&#8221;4.24.1&#8243; _module_preset=&#8221;default&#8221; width=&#8221;100%&#8221; max_width=&#8221;100%&#8221; custom_margin=&#8221;5px||5px||false|false&#8221; custom_margin_tablet=&#8221;5px||5px||false|false&#8221; custom_margin_phone=&#8221;30px||30px||false|false&#8221; custom_margin_last_edited=&#8221;on|phone&#8221; custom_padding=&#8221;0px||0px||true|false&#8221; custom_css_main_element=&#8221;align-items: center&#8221; global_colors_info=&#8221;{}&#8221;][et_pb_column type=&#8221;2_5&#8243; _builder_version=&#8221;4.24.1&#8243; _module_preset=&#8221;default&#8221; custom_padding=&#8221;|||6vw|false|false&#8221; custom_padding_tablet=&#8221;|||6vw|false|false&#8221; custom_padding_phone=&#8221;|20px||20px|false|true&#8221; custom_padding_last_edited=&#8221;on|phone&#8221; global_colors_info=&#8221;{}&#8221;][et_pb_text _builder_version=&#8221;4.24.2&#8243; _module_preset=&#8221;default&#8221; header_2_font=&#8221;Roboto|900|||||||&#8221; header_2_text_align=&#8221;center&#8221; header_2_text_color=&#8221;#2f393d&#8221; header_2_font_size=&#8221;50px&#8221; header_font_size_tablet=&#8221;&#8221; header_font_size_phone=&#8221;30px&#8221; header_font_size_last_edited=&#8221;on|phone&#8221; header_2_font_size_tablet=&#8221;50px&#8221; header_2_font_size_phone=&#8221;36px&#8221; header_2_font_size_last_edited=&#8221;on|phone&#8221; global_colors_info=&#8221;{}&#8221;]<\/p>\n<h2>MODERN 1<\/h2>\n<p>[\/et_pb_text][et_pb_text _builder_version=&#8221;4.24.2&#8243; _module_preset=&#8221;default&#8221; text_font=&#8221;Roboto|300|||||||&#8221; text_text_color=&#8221;#2f393d&#8221; text_font_size=&#8221;16px&#8221; text_line_height=&#8221;1.6em&#8221; text_orientation=&#8221;center&#8221; background_color_phone=&#8221;rgba(255,255,255,0.95)&#8221; background_last_edited=&#8221;on|phone&#8221; background_enable_color_phone=&#8221;on&#8221; background_image_phone=&#8221;https:\/\/nordiihomes.com\/wp-content\/uploads\/2024\/02\/NORDii-Logo.png&#8221; background_enable_image_phone=&#8221;on&#8221; background_size_phone=&#8221;contain&#8221; background_blend_phone=&#8221;overlay&#8221; global_colors_info=&#8221;{}&#8221;]<\/p>\n<p><span>As the name suggests: Modern1<strong> is a single-storey building with a flat roof.<\/strong>It is also our most important basic element because it can be easily used as a complementary element. <strong>inimum net floor area from 13,9 m2, ceiling height from 2,50 m.<\/strong> It can be used as a residence, holiday home, office, showroom building, which is modern, minimalist and representative at the same time. It is also ideal as a modern garage and storage room, as well as a 2-level terrace enclosed on several sides.\u00a0<\/span><\/p>\n<p>[\/et_pb_text][\/et_pb_column][et_pb_column type=&#8221;3_5&#8243; _builder_version=&#8221;4.24.0&#8243; _module_preset=&#8221;default&#8221; global_colors_info=&#8221;{}&#8221;][et_pb_image src=&#8221;https:\/\/nordiihomes.com\/wp-content\/uploads\/2024\/02\/Modern-1-SMALL.webp&#8221; title_text=&#8221;Modern 1 &#8211; SMALL&#8221; show_in_lightbox=&#8221;on&#8221; _builder_version=&#8221;4.24.1&#8243; _module_preset=&#8221;default&#8221; global_colors_info=&#8221;{}&#8221;][\/et_pb_image][\/et_pb_column][\/et_pb_row][\/et_pb_section]<\/p>","protected":false},"excerpt":{"rendered":"<p>modern 1MODERN 1Ahogy a nev\u00e9ben is benne van: Modern1 f\u00f6ldszintes \u00e9p\u00fclet \u00e9s lapos tet\u0151s megold\u00e1ssal. A legfontosabb alapelem\u00fcnk is egyben, mert k\u00f6nnyen alkalmazhat\u00f3, kieg\u00e9sz\u00edt\u0151 elemk\u00e9nt. A legkisebb nett\u00f3 alapter\u00fclet 13,9 m2-t\u0151l, belmagass\u00e1g 2,50 m-t\u0151l. Lak\u00e1snak, \u00fcd\u00fcl\u0151nek, irod\u00e1nak, bemutat\u00f3 \u00e9p\u00fcletnek, ami modern, minimalista \u00e9s reprezentat\u00edv is egyben. Modern gar\u00e1zsnak \u00e9s t\u00e1rol\u00f3nak, valamint t\u00f6bb oldalr\u00f3l z\u00e1rt 2 szint\u0171 terasznak is, kiv\u00e1l\u00f3an alkalmas.\u00a0<\/p>","protected":false},"author":3,"featured_media":236953,"parent":0,"menu_order":0,"comment_status":"closed","ping_status":"closed","template":"","meta":{"_et_pb_use_builder":"on","_et_pb_old_content":"","_et_gb_content_width":"","footnotes":""},"class_list":["post-236949","page","type-page","status-publish","has-post-thumbnail","hentry"],"yoast_head":"<!-- This site is optimized with the Yoast SEO plugin v24.5 - https:\/\/yoast.com\/wordpress\/plugins\/seo\/ -->\n<title>Modern 1 - Nordii Homes<\/title>\n<meta name=\"description\" content=\"Modern1 f\u00f6ldszintes \u00e9p\u00fclet \u00e9s lapos tet\u0151s megold\u00e1ssal. A legfontosabb alapelem\u00fcnk is egyben, mert k\u00f6nnyen alkalmazhat\u00f3, kieg\u00e9sz\u00edt\u0151 elemk\u00e9nt.\" \/>\n<meta name=\"robots\" content=\"index, follow, max-snippet:-1, max-image-preview:large, max-video-preview:-1\" \/>\n<link rel=\"canonical\" href=\"https:\/\/nordiihomes.com\/en\/modern-1\/\" \/>\n<meta property=\"og:locale\" content=\"en_GB\" \/>\n<meta property=\"og:type\" content=\"article\" \/>\n<meta property=\"og:title\" content=\"Modern 1 - Nordii Homes\" \/>\n<meta property=\"og:description\" content=\"Modern1 f\u00f6ldszintes \u00e9p\u00fclet \u00e9s lapos tet\u0151s megold\u00e1ssal. A legfontosabb alapelem\u00fcnk is egyben, mert k\u00f6nnyen alkalmazhat\u00f3, kieg\u00e9sz\u00edt\u0151 elemk\u00e9nt.\" \/>\n<meta property=\"og:url\" content=\"https:\/\/nordiihomes.com\/en\/modern-1\/\" \/>\n<meta property=\"og:site_name\" content=\"Nordii Homes\" \/>\n<meta property=\"article:modified_time\" content=\"2024-03-21T12:55:42+00:00\" \/>\n<meta property=\"og:image\" content=\"https:\/\/nordiihomes.com\/wp-content\/uploads\/2024\/02\/Modern-1-MOOD.webp\" \/>\n\t<meta property=\"og:image:width\" content=\"2000\" \/>\n\t<meta property=\"og:image:height\" content=\"1125\" \/>\n\t<meta property=\"og:image:type\" content=\"image\/webp\" \/>\n<meta name=\"twitter:card\" content=\"summary_large_image\" \/>\n<meta name=\"twitter:label1\" content=\"Estimated reading time\" \/>\n\t<meta name=\"twitter:data1\" content=\"1 minute\" \/>\n<script type=\"application\/ld+json\" class=\"yoast-schema-graph\">{\"@context\":\"https:\/\/schema.org\",\"@graph\":[{\"@type\":\"WebPage\",\"@id\":\"https:\/\/nordiihomes.com\/en\/modern-1\/\",\"url\":\"https:\/\/nordiihomes.com\/en\/modern-1\/\",\"name\":\"Modern 1 - Nordii Homes\",\"isPartOf\":{\"@id\":\"https:\/\/nordiihomes.com\/#website\"},\"primaryImageOfPage\":{\"@id\":\"https:\/\/nordiihomes.com\/en\/modern-1\/#primaryimage\"},\"image\":{\"@id\":\"https:\/\/nordiihomes.com\/en\/modern-1\/#primaryimage\"},\"thumbnailUrl\":\"https:\/\/nordiihomes.com\/wp-content\/uploads\/2024\/02\/Modern-1-MOOD.webp\",\"datePublished\":\"2024-02-20T11:05:42+00:00\",\"dateModified\":\"2024-03-21T12:55:42+00:00\",\"description\":\"Modern1 f\u00f6ldszintes \u00e9p\u00fclet \u00e9s lapos tet\u0151s megold\u00e1ssal. A legfontosabb alapelem\u00fcnk is egyben, mert k\u00f6nnyen alkalmazhat\u00f3, kieg\u00e9sz\u00edt\u0151 elemk\u00e9nt.\",\"breadcrumb\":{\"@id\":\"https:\/\/nordiihomes.com\/en\/modern-1\/#breadcrumb\"},\"inLanguage\":\"en-GB\",\"potentialAction\":[{\"@type\":\"ReadAction\",\"target\":[\"https:\/\/nordiihomes.com\/en\/modern-1\/\"]}]},{\"@type\":\"ImageObject\",\"inLanguage\":\"en-GB\",\"@id\":\"https:\/\/nordiihomes.com\/en\/modern-1\/#primaryimage\",\"url\":\"https:\/\/nordiihomes.com\/wp-content\/uploads\/2024\/02\/Modern-1-MOOD.webp\",\"contentUrl\":\"https:\/\/nordiihomes.com\/wp-content\/uploads\/2024\/02\/Modern-1-MOOD.webp\",\"width\":2000,\"height\":1125},{\"@type\":\"BreadcrumbList\",\"@id\":\"https:\/\/nordiihomes.com\/en\/modern-1\/#breadcrumb\",\"itemListElement\":[{\"@type\":\"ListItem\",\"position\":1,\"name\":\"Kezd\u0151lap\",\"item\":\"https:\/\/nordiihomes.com\/\"},{\"@type\":\"ListItem\",\"position\":2,\"name\":\"Modern 1\"}]},{\"@type\":\"WebSite\",\"@id\":\"https:\/\/nordiihomes.com\/#website\",\"url\":\"https:\/\/nordiihomes.com\/\",\"name\":\"Nordii Homes\",\"description\":\"NORDii = modern akt\u00edv-h\u00e1z\",\"potentialAction\":[{\"@type\":\"SearchAction\",\"target\":{\"@type\":\"EntryPoint\",\"urlTemplate\":\"https:\/\/nordiihomes.com\/?s={search_term_string}\"},\"query-input\":{\"@type\":\"PropertyValueSpecification\",\"valueRequired\":true,\"valueName\":\"search_term_string\"}}],\"inLanguage\":\"en-GB\"}]}<\/script>\n<!-- \/ Yoast SEO plugin. -->","yoast_head_json":{"title":"Modern 1 - Nordii Homes","description":"Modern1 f\u00f6ldszintes \u00e9p\u00fclet \u00e9s lapos tet\u0151s megold\u00e1ssal. A legfontosabb alapelem\u00fcnk is egyben, mert k\u00f6nnyen alkalmazhat\u00f3, kieg\u00e9sz\u00edt\u0151 elemk\u00e9nt.","robots":{"index":"index","follow":"follow","max-snippet":"max-snippet:-1","max-image-preview":"max-image-preview:large","max-video-preview":"max-video-preview:-1"},"canonical":"https:\/\/nordiihomes.com\/en\/modern-1\/","og_locale":"en_GB","og_type":"article","og_title":"Modern 1 - Nordii Homes","og_description":"Modern1 f\u00f6ldszintes \u00e9p\u00fclet \u00e9s lapos tet\u0151s megold\u00e1ssal. A legfontosabb alapelem\u00fcnk is egyben, mert k\u00f6nnyen alkalmazhat\u00f3, kieg\u00e9sz\u00edt\u0151 elemk\u00e9nt.","og_url":"https:\/\/nordiihomes.com\/en\/modern-1\/","og_site_name":"Nordii Homes","article_modified_time":"2024-03-21T12:55:42+00:00","og_image":[{"width":2000,"height":1125,"url":"https:\/\/nordiihomes.com\/wp-content\/uploads\/2024\/02\/Modern-1-MOOD.webp","type":"image\/webp"}],"twitter_card":"summary_large_image","twitter_misc":{"Estimated reading time":"1 minute"},"schema":{"@context":"https:\/\/schema.org","@graph":[{"@type":"WebPage","@id":"https:\/\/nordiihomes.com\/en\/modern-1\/","url":"https:\/\/nordiihomes.com\/en\/modern-1\/","name":"Modern 1 - Nordii Homes","isPartOf":{"@id":"https:\/\/nordiihomes.com\/#website"},"primaryImageOfPage":{"@id":"https:\/\/nordiihomes.com\/en\/modern-1\/#primaryimage"},"image":{"@id":"https:\/\/nordiihomes.com\/en\/modern-1\/#primaryimage"},"thumbnailUrl":"https:\/\/nordiihomes.com\/wp-content\/uploads\/2024\/02\/Modern-1-MOOD.webp","datePublished":"2024-02-20T11:05:42+00:00","dateModified":"2024-03-21T12:55:42+00:00","description":"Modern1 f\u00f6ldszintes \u00e9p\u00fclet \u00e9s lapos tet\u0151s megold\u00e1ssal. A legfontosabb alapelem\u00fcnk is egyben, mert k\u00f6nnyen alkalmazhat\u00f3, kieg\u00e9sz\u00edt\u0151 elemk\u00e9nt.","breadcrumb":{"@id":"https:\/\/nordiihomes.com\/en\/modern-1\/#breadcrumb"},"inLanguage":"en-GB","potentialAction":[{"@type":"ReadAction","target":["https:\/\/nordiihomes.com\/en\/modern-1\/"]}]},{"@type":"ImageObject","inLanguage":"en-GB","@id":"https:\/\/nordiihomes.com\/en\/modern-1\/#primaryimage","url":"https:\/\/nordiihomes.com\/wp-content\/uploads\/2024\/02\/Modern-1-MOOD.webp","contentUrl":"https:\/\/nordiihomes.com\/wp-content\/uploads\/2024\/02\/Modern-1-MOOD.webp","width":2000,"height":1125},{"@type":"BreadcrumbList","@id":"https:\/\/nordiihomes.com\/en\/modern-1\/#breadcrumb","itemListElement":[{"@type":"ListItem","position":1,"name":"Kezd\u0151lap","item":"https:\/\/nordiihomes.com\/"},{"@type":"ListItem","position":2,"name":"Modern 1"}]},{"@type":"WebSite","@id":"https:\/\/nordiihomes.com\/#website","url":"https:\/\/nordiihomes.com\/","name":"Nordii Homes","description":"NORDii = modern akt\u00edv-h\u00e1z","potentialAction":[{"@type":"SearchAction","target":{"@type":"EntryPoint","urlTemplate":"https:\/\/nordiihomes.com\/?s={search_term_string}"},"query-input":{"@type":"PropertyValueSpecification","valueRequired":true,"valueName":"search_term_string"}}],"inLanguage":"en-GB"}]}},"_links":{"self":[{"href":"https:\/\/nordiihomes.com\/en\/wp-json\/wp\/v2\/pages\/236949","targetHints":{"allow":["GET"]}}],"collection":[{"href":"https:\/\/nordiihomes.com\/en\/wp-json\/wp\/v2\/pages"}],"about":[{"href":"https:\/\/nordiihomes.com\/en\/wp-json\/wp\/v2\/types\/page"}],"author":[{"embeddable":true,"href":"https:\/\/nordiihomes.com\/en\/wp-json\/wp\/v2\/users\/3"}],"replies":[{"embeddable":true,"href":"https:\/\/nordiihomes.com\/en\/wp-json\/wp\/v2\/comments?post=236949"}],"version-history":[{"count":22,"href":"https:\/\/nordiihomes.com\/en\/wp-json\/wp\/v2\/pages\/236949\/revisions"}],"predecessor-version":[{"id":238698,"href":"https:\/\/nordiihomes.com\/en\/wp-json\/wp\/v2\/pages\/236949\/revisions\/238698"}],"wp:featuredmedia":[{"embeddable":true,"href":"https:\/\/nordiihomes.com\/en\/wp-json\/wp\/v2\/media\/236953"}],"wp:attachment":[{"href":"https:\/\/nordiihomes.com\/en\/wp-json\/wp\/v2\/media?parent=236949"}],"curies":[{"name":"wp","href":"https:\/\/api.w.org\/{rel}","templated":true}]}}