{"id":237473,"date":"2024-02-23T13:11:58","date_gmt":"2024-02-23T12:11:58","guid":{"rendered":"https:\/\/nordiihomes.com\/?page_id=237473"},"modified":"2024-03-25T11:48:12","modified_gmt":"2024-03-25T10:48:12","slug":"eletciklus-2","status":"publish","type":"page","link":"https:\/\/nordiihomes.com\/en\/eletciklus-2\/","title":{"rendered":"Lifecycle"},"content":{"rendered":"<p>[et_pb_section fb_built=&#8221;1&#8243; _builder_version=&#8221;4.24.2&#8243; _module_preset=&#8221;default&#8221; background_color=&#8221;#2f393d&#8221; use_background_color_gradient=&#8221;on&#8221; background_color_gradient_stops=&#8221;#2f393d 1%|rgba(255,255,255,0) 100%&#8221; background_image=&#8221;https:\/\/nordiihomes.com\/wp-content\/uploads\/2024\/03\/eletciklus-copy.webp&#8221; parallax=&#8221;on&#8221; parallax_method=&#8221;off&#8221; background_blend=&#8221;overlay&#8221; transform_scale_linked=&#8221;off&#8221; transform_translate_linked=&#8221;off&#8221; height=&#8221;103vh&#8221; height_tablet=&#8221;103vh&#8221; height_phone=&#8221;55vh&#8221; height_last_edited=&#8221;on|phone&#8221; custom_margin=&#8221;-115px||||false|false&#8221; global_colors_info=&#8221;{}&#8221;][et_pb_row _builder_version=&#8221;4.24.2&#8243; _module_preset=&#8221;default&#8221; position_origin_a_tablet=&#8221;&#8221; position_origin_a_phone=&#8221;bottom_center&#8221; position_origin_a_last_edited=&#8221;on|desktop&#8221; position_origin_f_tablet=&#8221;&#8221; position_origin_f_phone=&#8221;&#8221; position_origin_f_last_edited=&#8221;on|desktop&#8221; position_origin_r_tablet=&#8221;&#8221; position_origin_r_phone=&#8221;&#8221; position_origin_r_last_edited=&#8221;on|desktop&#8221; width_tablet=&#8221;&#8221; width_phone=&#8221;100%&#8221; width_last_edited=&#8221;on|phone&#8221; custom_margin=&#8221;3vh||||false|false&#8221; positioning_tablet=&#8221;&#8221; positioning_phone=&#8221;absolute&#8221; positioning_last_edited=&#8221;on|phone&#8221; global_colors_info=&#8221;{}&#8221;][et_pb_column type=&#8221;4_4&#8243; _builder_version=&#8221;4.24.2&#8243; _module_preset=&#8221;default&#8221; global_colors_info=&#8221;{}&#8221;][et_pb_text _builder_version=&#8221;4.24.2&#8243; _module_preset=&#8221;default&#8221; text_font=&#8221;Roboto|700|||||||&#8221; text_text_color=&#8221;#ffffff&#8221; text_font_size=&#8221;46px&#8221; text_orientation=&#8221;center&#8221; hover_enabled=&#8221;0&#8243; global_colors_info=&#8221;{}&#8221; header_font=&#8221;Roboto||||||||&#8221; header_text_align=&#8221;center&#8221; header_text_color=&#8221;#FFFFFF&#8221; header_font_size=&#8221;46px&#8221; sticky_enabled=&#8221;0&#8243;]<\/p>\n<h1>Lifecycle<\/h1>\n<p>[\/et_pb_text][\/et_pb_column][\/et_pb_row][\/et_pb_section][et_pb_section fb_built=&#8221;1&#8243; _builder_version=&#8221;4.24.2&#8243; _module_preset=&#8221;default&#8221; background_enable_color=&#8221;off&#8221; background_enable_image=&#8221;off&#8221; background_size=&#8221;contain&#8221; background_position=&#8221;top_center&#8221; background_vertical_offset=&#8221;0%&#8221; module_alignment=&#8221;center&#8221; custom_margin=&#8221;0px||0px||true|false&#8221; custom_padding=&#8221;0px||0px||true|false&#8221; global_colors_info=&#8221;{}&#8221;][et_pb_row _builder_version=&#8221;4.24.2&#8243; _module_preset=&#8221;default&#8221; background_image=&#8221;https:\/\/nordiihomes.com\/wp-content\/uploads\/2024\/03\/2.kep-Epuletek-eletciklusa-mindennek-az-alapja-IEA-1-copy-1.webp&#8221; background_size=&#8221;contain&#8221; width=&#8221;100%&#8221; max_width=&#8221;100%&#8221; height=&#8221;100vh&#8221; height_tablet=&#8221;100vh&#8221; height_phone=&#8221;50vh&#8221; height_last_edited=&#8221;on|phone&#8221; global_colors_info=&#8221;{}&#8221;][et_pb_column type=&#8221;4_4&#8243; _builder_version=&#8221;4.24.2&#8243; _module_preset=&#8221;default&#8221; global_colors_info=&#8221;{}&#8221;][\/et_pb_column][\/et_pb_row][\/et_pb_section][et_pb_section fb_built=&#8221;1&#8243; _builder_version=&#8221;4.24.1&#8243; _module_preset=&#8221;default&#8221; background_color=&#8221;rgba(255,255,255,0.95)&#8221; background_image=&#8221;https:\/\/nordiihomes.com\/wp-content\/uploads\/2024\/02\/NORDii-Logo-1.png&#8221; background_size=&#8221;custom&#8221; background_image_width=&#8221;30%&#8221; background_position=&#8221;center_left&#8221; background_horizontal_offset=&#8221;9%&#8221; background_blend=&#8221;overlay&#8221; custom_margin=&#8221;0px||||false|false&#8221; custom_padding=&#8221;0px||0px||false|false&#8221; global_colors_info=&#8221;{}&#8221;][et_pb_row column_structure=&#8221;2_5,3_5&#8243; use_custom_gutter=&#8221;on&#8221; make_equal=&#8221;on&#8221; _builder_version=&#8221;4.24.1&#8243; _module_preset=&#8221;default&#8221; width=&#8221;100%&#8221; max_width=&#8221;100%&#8221; custom_margin=&#8221;5px||5px||false|false&#8221; custom_margin_tablet=&#8221;5px||5px||false|false&#8221; custom_margin_phone=&#8221;30px||30px||false|false&#8221; custom_margin_last_edited=&#8221;on|phone&#8221; custom_padding=&#8221;0px||0px||true|false&#8221; custom_css_main_element=&#8221;align-items: center&#8221; global_colors_info=&#8221;{}&#8221;][et_pb_column type=&#8221;2_5&#8243; _builder_version=&#8221;4.24.1&#8243; _module_preset=&#8221;default&#8221; custom_padding=&#8221;|||6vw|false|false&#8221; custom_padding_tablet=&#8221;|||6vw|false|false&#8221; custom_padding_phone=&#8221;|20px||20px|false|true&#8221; custom_padding_last_edited=&#8221;on|phone&#8221; global_colors_info=&#8221;{}&#8221;][et_pb_text _builder_version=&#8221;4.24.2&#8243; _module_preset=&#8221;default&#8221; header_2_font=&#8221;Roboto|900|||||||&#8221; header_2_text_align=&#8221;center&#8221; header_2_text_color=&#8221;#2f393d&#8221; header_2_font_size=&#8221;30px&#8221; global_colors_info=&#8221;{}&#8221;]<\/p>\n<h2>LIFECYCLE<\/h2>\n<p>[\/et_pb_text][et_pb_text _builder_version=&#8221;4.24.2&#8243; _module_preset=&#8221;default&#8221; text_font=&#8221;Roboto|300|||||||&#8221; text_text_color=&#8221;#2f393d&#8221; text_font_size=&#8221;16px&#8221; text_line_height=&#8221;1.6em&#8221; text_orientation=&#8221;center&#8221; global_colors_info=&#8221;{}&#8221;]<\/p>\n<p><strong>NORDii's modern active buildings,<\/strong> constructed through <strong>BIM design,<\/strong>combine everything<br \/>required<strong> by ESG and sustainability.<\/strong> megk\u00edv\u00e1n. <strong>Lifecycle and circular<\/strong><br \/><strong>economy<\/strong> go hand in hand - one is unimaginable without the other today. Transparent<br \/>and objective information about the performance of the built environment should be available<br \/>\u2013 embodied in Environmental Product Declarations (EPDs) -<br \/>\u2013 which <strong>we use in lifecycle analysis<\/strong> and <strong>building evaluation.<\/strong> haszn\u00e1lunk fel.<\/p>\n<p>[\/et_pb_text][\/et_pb_column][et_pb_column type=&#8221;3_5&#8243; _builder_version=&#8221;4.24.0&#8243; _module_preset=&#8221;default&#8221; global_colors_info=&#8221;{}&#8221;][et_pb_image src=&#8221;https:\/\/nordiihomes.com\/wp-content\/uploads\/2024\/03\/beton_korforgas-scaled.webp&#8221; title_text=&#8221;beton_korforgas&#8221; show_in_lightbox=&#8221;on&#8221; _builder_version=&#8221;4.24.2&#8243; _module_preset=&#8221;default&#8221; global_colors_info=&#8221;{}&#8221;][\/et_pb_image][\/et_pb_column][\/et_pb_row][\/et_pb_section]<\/p>","protected":false},"excerpt":{"rendered":"<p>\u00c9letciklus\u00c9LETCIKLUSBIM tervez\u00e9s \u00e1ltal \u00e9p\u00edtett NORDii modern akt\u00edv-\u00e9p\u00fcletek: egyes\u00edtik mindazt,amit az ESG \u00e9s a fenntarthat\u00f3s\u00e1g megk\u00edv\u00e1n. \u00c9letciklus \u00e9s a k\u00f6rk\u00f6r\u00f6sgazdas\u00e1g egy p\u00e1rt alkotnak, egyik a m\u00e1sik n\u00e9lk\u00fcl ma m\u00e1r elk\u00e9pzelhetetlen. Az\u00e9p\u00edtett k\u00f6rnyezet teljes\u00edtm\u00e9ny\u00e9r\u0151l \u00e1tl\u00e1that\u00f3, objekt\u00edv inform\u00e1ci\u00f3k \u00e1lljanakrendelkez\u00e9sre &#8211; k\u00f6rnyezeti term\u00e9knyilatkozatokban (EPD) \u00f6ltenek testet &#8211; amitaz \u00e9letciklus-elemz\u00e9sben \u00e9s az \u00e9p\u00fclet \u00e9rt\u00e9kel\u00e9sekor haszn\u00e1lunk fel.<\/p>","protected":false},"author":3,"featured_media":238312,"parent":0,"menu_order":0,"comment_status":"closed","ping_status":"closed","template":"","meta":{"_et_pb_use_builder":"on","_et_pb_old_content":"","_et_gb_content_width":"","footnotes":""},"class_list":["post-237473","page","type-page","status-publish","has-post-thumbnail","hentry"],"yoast_head":"<!-- This site is optimized with the Yoast SEO plugin v24.5 - https:\/\/yoast.com\/wordpress\/plugins\/seo\/ -->\n<title>\u00c9letciklus - Nordii Homes<\/title>\n<meta name=\"description\" content=\"\u00c9letciklus \u00e9s a k\u00f6rk\u00f6r\u00f6s gazdas\u00e1g egy p\u00e1rt alkotnak, egyik a m\u00e1sik n\u00e9lk\u00fcl ma m\u00e1r elk\u00e9pzelhetetlen. BIM tervez\u00e9s \u00e1ltal \u00e9p\u00edtett NORDii modern akt\u00edv-\u00e9p\u00fcletek egyes\u00edtik, mindazt, amit az ESG megk\u00edv\u00e1n.\" \/>\n<meta name=\"robots\" content=\"index, follow, max-snippet:-1, max-image-preview:large, max-video-preview:-1\" \/>\n<link rel=\"canonical\" href=\"https:\/\/nordiihomes.com\/en\/eletciklus-2\/\" \/>\n<meta property=\"og:locale\" content=\"en_GB\" \/>\n<meta property=\"og:type\" content=\"article\" \/>\n<meta property=\"og:title\" content=\"\u00c9letciklus - Nordii Homes\" \/>\n<meta property=\"og:description\" content=\"\u00c9letciklus \u00e9s a k\u00f6rk\u00f6r\u00f6s gazdas\u00e1g egy p\u00e1rt alkotnak, egyik a m\u00e1sik n\u00e9lk\u00fcl ma m\u00e1r elk\u00e9pzelhetetlen. BIM tervez\u00e9s \u00e1ltal \u00e9p\u00edtett NORDii modern akt\u00edv-\u00e9p\u00fcletek egyes\u00edtik, mindazt, amit az ESG megk\u00edv\u00e1n.\" \/>\n<meta property=\"og:url\" content=\"https:\/\/nordiihomes.com\/en\/eletciklus-2\/\" \/>\n<meta property=\"og:site_name\" content=\"Nordii Homes\" \/>\n<meta property=\"article:modified_time\" content=\"2024-03-25T10:48:12+00:00\" \/>\n<meta property=\"og:image\" content=\"https:\/\/nordiihomes.com\/wp-content\/uploads\/2024\/03\/eletciklus-copy.webp\" \/>\n\t<meta property=\"og:image:width\" content=\"2000\" \/>\n\t<meta property=\"og:image:height\" content=\"1125\" \/>\n\t<meta property=\"og:image:type\" content=\"image\/webp\" \/>\n<meta name=\"twitter:card\" content=\"summary_large_image\" \/>\n<meta name=\"twitter:label1\" content=\"Estimated reading time\" \/>\n\t<meta name=\"twitter:data1\" content=\"1 minute\" \/>\n<script type=\"application\/ld+json\" class=\"yoast-schema-graph\">{\"@context\":\"https:\/\/schema.org\",\"@graph\":[{\"@type\":\"WebPage\",\"@id\":\"https:\/\/nordiihomes.com\/de\/eletciklus-2\/\",\"url\":\"https:\/\/nordiihomes.com\/de\/eletciklus-2\/\",\"name\":\"\u00c9letciklus - Nordii Homes\",\"isPartOf\":{\"@id\":\"https:\/\/nordiihomes.com\/#website\"},\"primaryImageOfPage\":{\"@id\":\"https:\/\/nordiihomes.com\/de\/eletciklus-2\/#primaryimage\"},\"image\":{\"@id\":\"https:\/\/nordiihomes.com\/de\/eletciklus-2\/#primaryimage\"},\"thumbnailUrl\":\"https:\/\/nordiihomes.com\/wp-content\/uploads\/2024\/03\/eletciklus-copy.webp\",\"datePublished\":\"2024-02-23T12:11:58+00:00\",\"dateModified\":\"2024-03-25T10:48:12+00:00\",\"description\":\"\u00c9letciklus \u00e9s a k\u00f6rk\u00f6r\u00f6s gazdas\u00e1g egy p\u00e1rt alkotnak, egyik a m\u00e1sik n\u00e9lk\u00fcl ma m\u00e1r elk\u00e9pzelhetetlen. BIM tervez\u00e9s \u00e1ltal \u00e9p\u00edtett NORDii modern akt\u00edv-\u00e9p\u00fcletek egyes\u00edtik, mindazt, amit az ESG megk\u00edv\u00e1n.\",\"breadcrumb\":{\"@id\":\"https:\/\/nordiihomes.com\/de\/eletciklus-2\/#breadcrumb\"},\"inLanguage\":\"en-GB\",\"potentialAction\":[{\"@type\":\"ReadAction\",\"target\":[\"https:\/\/nordiihomes.com\/de\/eletciklus-2\/\"]}]},{\"@type\":\"ImageObject\",\"inLanguage\":\"en-GB\",\"@id\":\"https:\/\/nordiihomes.com\/de\/eletciklus-2\/#primaryimage\",\"url\":\"https:\/\/nordiihomes.com\/wp-content\/uploads\/2024\/03\/eletciklus-copy.webp\",\"contentUrl\":\"https:\/\/nordiihomes.com\/wp-content\/uploads\/2024\/03\/eletciklus-copy.webp\",\"width\":2000,\"height\":1125},{\"@type\":\"BreadcrumbList\",\"@id\":\"https:\/\/nordiihomes.com\/de\/eletciklus-2\/#breadcrumb\",\"itemListElement\":[{\"@type\":\"ListItem\",\"position\":1,\"name\":\"Kezd\u0151lap\",\"item\":\"https:\/\/nordiihomes.com\/\"},{\"@type\":\"ListItem\",\"position\":2,\"name\":\"\u00c9letciklus\"}]},{\"@type\":\"WebSite\",\"@id\":\"https:\/\/nordiihomes.com\/#website\",\"url\":\"https:\/\/nordiihomes.com\/\",\"name\":\"Nordii Homes\",\"description\":\"NORDii = modern akt\u00edv-h\u00e1z\",\"potentialAction\":[{\"@type\":\"SearchAction\",\"target\":{\"@type\":\"EntryPoint\",\"urlTemplate\":\"https:\/\/nordiihomes.com\/?s={search_term_string}\"},\"query-input\":{\"@type\":\"PropertyValueSpecification\",\"valueRequired\":true,\"valueName\":\"search_term_string\"}}],\"inLanguage\":\"en-GB\"}]}<\/script>\n<!-- \/ Yoast SEO plugin. -->","yoast_head_json":{"title":"\u00c9letciklus - Nordii Homes","description":"\u00c9letciklus \u00e9s a k\u00f6rk\u00f6r\u00f6s gazdas\u00e1g egy p\u00e1rt alkotnak, egyik a m\u00e1sik n\u00e9lk\u00fcl ma m\u00e1r elk\u00e9pzelhetetlen. BIM tervez\u00e9s \u00e1ltal \u00e9p\u00edtett NORDii modern akt\u00edv-\u00e9p\u00fcletek egyes\u00edtik, mindazt, amit az ESG megk\u00edv\u00e1n.","robots":{"index":"index","follow":"follow","max-snippet":"max-snippet:-1","max-image-preview":"max-image-preview:large","max-video-preview":"max-video-preview:-1"},"canonical":"https:\/\/nordiihomes.com\/en\/eletciklus-2\/","og_locale":"en_GB","og_type":"article","og_title":"\u00c9letciklus - Nordii Homes","og_description":"\u00c9letciklus \u00e9s a k\u00f6rk\u00f6r\u00f6s gazdas\u00e1g egy p\u00e1rt alkotnak, egyik a m\u00e1sik n\u00e9lk\u00fcl ma m\u00e1r elk\u00e9pzelhetetlen. BIM tervez\u00e9s \u00e1ltal \u00e9p\u00edtett NORDii modern akt\u00edv-\u00e9p\u00fcletek egyes\u00edtik, mindazt, amit az ESG megk\u00edv\u00e1n.","og_url":"https:\/\/nordiihomes.com\/en\/eletciklus-2\/","og_site_name":"Nordii Homes","article_modified_time":"2024-03-25T10:48:12+00:00","og_image":[{"width":2000,"height":1125,"url":"https:\/\/nordiihomes.com\/wp-content\/uploads\/2024\/03\/eletciklus-copy.webp","type":"image\/webp"}],"twitter_card":"summary_large_image","twitter_misc":{"Estimated reading time":"1 minute"},"schema":{"@context":"https:\/\/schema.org","@graph":[{"@type":"WebPage","@id":"https:\/\/nordiihomes.com\/de\/eletciklus-2\/","url":"https:\/\/nordiihomes.com\/de\/eletciklus-2\/","name":"\u00c9letciklus - Nordii Homes","isPartOf":{"@id":"https:\/\/nordiihomes.com\/#website"},"primaryImageOfPage":{"@id":"https:\/\/nordiihomes.com\/de\/eletciklus-2\/#primaryimage"},"image":{"@id":"https:\/\/nordiihomes.com\/de\/eletciklus-2\/#primaryimage"},"thumbnailUrl":"https:\/\/nordiihomes.com\/wp-content\/uploads\/2024\/03\/eletciklus-copy.webp","datePublished":"2024-02-23T12:11:58+00:00","dateModified":"2024-03-25T10:48:12+00:00","description":"\u00c9letciklus \u00e9s a k\u00f6rk\u00f6r\u00f6s gazdas\u00e1g egy p\u00e1rt alkotnak, egyik a m\u00e1sik n\u00e9lk\u00fcl ma m\u00e1r elk\u00e9pzelhetetlen. BIM tervez\u00e9s \u00e1ltal \u00e9p\u00edtett NORDii modern akt\u00edv-\u00e9p\u00fcletek egyes\u00edtik, mindazt, amit az ESG megk\u00edv\u00e1n.","breadcrumb":{"@id":"https:\/\/nordiihomes.com\/de\/eletciklus-2\/#breadcrumb"},"inLanguage":"en-GB","potentialAction":[{"@type":"ReadAction","target":["https:\/\/nordiihomes.com\/de\/eletciklus-2\/"]}]},{"@type":"ImageObject","inLanguage":"en-GB","@id":"https:\/\/nordiihomes.com\/de\/eletciklus-2\/#primaryimage","url":"https:\/\/nordiihomes.com\/wp-content\/uploads\/2024\/03\/eletciklus-copy.webp","contentUrl":"https:\/\/nordiihomes.com\/wp-content\/uploads\/2024\/03\/eletciklus-copy.webp","width":2000,"height":1125},{"@type":"BreadcrumbList","@id":"https:\/\/nordiihomes.com\/de\/eletciklus-2\/#breadcrumb","itemListElement":[{"@type":"ListItem","position":1,"name":"Kezd\u0151lap","item":"https:\/\/nordiihomes.com\/"},{"@type":"ListItem","position":2,"name":"\u00c9letciklus"}]},{"@type":"WebSite","@id":"https:\/\/nordiihomes.com\/#website","url":"https:\/\/nordiihomes.com\/","name":"Nordii Homes","description":"NORDii = modern akt\u00edv-h\u00e1z","potentialAction":[{"@type":"SearchAction","target":{"@type":"EntryPoint","urlTemplate":"https:\/\/nordiihomes.com\/?s={search_term_string}"},"query-input":{"@type":"PropertyValueSpecification","valueRequired":true,"valueName":"search_term_string"}}],"inLanguage":"en-GB"}]}},"_links":{"self":[{"href":"https:\/\/nordiihomes.com\/en\/wp-json\/wp\/v2\/pages\/237473","targetHints":{"allow":["GET"]}}],"collection":[{"href":"https:\/\/nordiihomes.com\/en\/wp-json\/wp\/v2\/pages"}],"about":[{"href":"https:\/\/nordiihomes.com\/en\/wp-json\/wp\/v2\/types\/page"}],"author":[{"embeddable":true,"href":"https:\/\/nordiihomes.com\/en\/wp-json\/wp\/v2\/users\/3"}],"replies":[{"embeddable":true,"href":"https:\/\/nordiihomes.com\/en\/wp-json\/wp\/v2\/comments?post=237473"}],"version-history":[{"count":27,"href":"https:\/\/nordiihomes.com\/en\/wp-json\/wp\/v2\/pages\/237473\/revisions"}],"predecessor-version":[{"id":238828,"href":"https:\/\/nordiihomes.com\/en\/wp-json\/wp\/v2\/pages\/237473\/revisions\/238828"}],"wp:featuredmedia":[{"embeddable":true,"href":"https:\/\/nordiihomes.com\/en\/wp-json\/wp\/v2\/media\/238312"}],"wp:attachment":[{"href":"https:\/\/nordiihomes.com\/en\/wp-json\/wp\/v2\/media?parent=237473"}],"curies":[{"name":"wp","href":"https:\/\/api.w.org\/{rel}","templated":true}]}}