{"id":237509,"date":"2024-02-23T15:30:42","date_gmt":"2024-02-23T14:30:42","guid":{"rendered":"https:\/\/nordiihomes.com\/?page_id=237509"},"modified":"2024-03-20T17:23:16","modified_gmt":"2024-03-20T16:23:16","slug":"a","status":"publish","type":"page","link":"https:\/\/nordiihomes.com\/en\/a\/","title":{"rendered":"A+++"},"content":{"rendered":"<p>[et_pb_section fb_built=&#8221;1&#8243; _builder_version=&#8221;4.24.2&#8243; _module_preset=&#8221;default&#8221; background_color=&#8221;#2f393d&#8221; use_background_color_gradient=&#8221;on&#8221; background_color_gradient_stops=&#8221;#2f393d 0%|rgba(255,255,255,0) 100%&#8221; background_image=&#8221;https:\/\/nordiihomes.com\/wp-content\/uploads\/2024\/02\/3d-rendering-house-with-blueprints-energy-charts-other-documents-field.jpg&#8221; parallax=&#8221;on&#8221; parallax_method=&#8221;off&#8221; background_blend=&#8221;overlay&#8221; transform_scale_linked=&#8221;off&#8221; transform_translate_linked=&#8221;off&#8221; height=&#8221;103vh&#8221; height_tablet=&#8221;119vh&#8221; height_phone=&#8221;55vh&#8221; height_last_edited=&#8221;on|phone&#8221; custom_margin=&#8221;-115px||||false|false&#8221; background_last_edited=&#8221;on|phone&#8221; parallax_phone=&#8221;off&#8221; global_colors_info=&#8221;{}&#8221;][et_pb_row make_equal=&#8221;on&#8221; _builder_version=&#8221;4.24.2&#8243; _module_preset=&#8221;default&#8221; custom_margin=&#8221;9vh||||false|false&#8221; hover_enabled=&#8221;0&#8243; custom_css_main_element=&#8221;margin: auto&#8221; global_colors_info=&#8221;{}&#8221; sticky_enabled=&#8221;0&#8243;][et_pb_column type=&#8221;4_4&#8243; _builder_version=&#8221;4.24.1&#8243; _module_preset=&#8221;default&#8221; global_colors_info=&#8221;{}&#8221;][et_pb_text _builder_version=&#8221;4.24.2&#8243; _module_preset=&#8221;default&#8221; header_font=&#8221;Roboto||||||||&#8221; header_text_align=&#8221;center&#8221; header_text_color=&#8221;#FFFFFF&#8221; header_font_size=&#8221;46px&#8221; header_2_font=&#8221;Roboto||||||||&#8221; header_2_text_align=&#8221;center&#8221; header_2_text_color=&#8221;#FFFFFF&#8221; header_2_font_size=&#8221;46px&#8221; custom_margin=&#8221;||5px||false|false&#8221; custom_padding=&#8221;||0px||false|false&#8221; hover_enabled=&#8221;0&#8243; global_colors_info=&#8221;{}&#8221; sticky_enabled=&#8221;0&#8243;]<\/p>\n<h1>A+++<\/h1>\n<p>[\/et_pb_text][\/et_pb_column][\/et_pb_row][\/et_pb_section][et_pb_section fb_built=&#8221;1&#8243; _builder_version=&#8221;4.24.2&#8243; _module_preset=&#8221;default&#8221; background_enable_color=&#8221;off&#8221; background_enable_image=&#8221;off&#8221; background_position=&#8221;top_center&#8221; background_vertical_offset=&#8221;40%&#8221; module_alignment=&#8221;center&#8221; custom_margin=&#8221;0vh||0px||false|false&#8221; custom_padding=&#8221;||||false|false&#8221; global_colors_info=&#8221;{}&#8221;][et_pb_row _builder_version=&#8221;4.24.2&#8243; _module_preset=&#8221;default&#8221; background_image=&#8221;https:\/\/nordiihomes.com\/wp-content\/uploads\/2024\/03\/A.webp&#8221; width=&#8221;100%&#8221; max_width=&#8221;100%&#8221; height=&#8221;100vh&#8221; height_tablet=&#8221;100vh&#8221; height_phone=&#8221;300px&#8221; height_last_edited=&#8221;on|phone&#8221; custom_margin=&#8221;-61px||0px||false|false&#8221; custom_padding=&#8221;0px||0px||false|false&#8221; global_colors_info=&#8221;{}&#8221;][et_pb_column type=&#8221;4_4&#8243; _builder_version=&#8221;4.24.2&#8243; _module_preset=&#8221;default&#8221; global_colors_info=&#8221;{}&#8221;][\/et_pb_column][\/et_pb_row][\/et_pb_section][et_pb_section fb_built=&#8221;1&#8243; _builder_version=&#8221;4.24.2&#8243; _module_preset=&#8221;default&#8221; background_color=&#8221;rgba(255,255,255,0.95)&#8221; background_image=&#8221;https:\/\/nordiihomes.com\/wp-content\/uploads\/2024\/02\/NORDii-Logo-1.png&#8221; background_size=&#8221;custom&#8221; background_image_width=&#8221;30%&#8221; background_position=&#8221;center_left&#8221; background_horizontal_offset=&#8221;9%&#8221; background_blend=&#8221;overlay&#8221; custom_margin=&#8221;||||false|false&#8221; custom_padding=&#8221;0px||0px||false|false&#8221; global_colors_info=&#8221;{}&#8221;][et_pb_row column_structure=&#8221;2_5,3_5&#8243; use_custom_gutter=&#8221;on&#8221; make_equal=&#8221;on&#8221; _builder_version=&#8221;4.24.2&#8243; _module_preset=&#8221;default&#8221; width=&#8221;100%&#8221; max_width=&#8221;100%&#8221; custom_margin=&#8221;5px||5px||false|false&#8221; custom_margin_tablet=&#8221;5px||5px||false|false&#8221; custom_margin_phone=&#8221;30px||30px||false|false&#8221; custom_margin_last_edited=&#8221;on|phone&#8221; custom_padding=&#8221;0px||0px||true|false&#8221; custom_css_main_element=&#8221;align-items: center&#8221; global_colors_info=&#8221;{}&#8221;][et_pb_column type=&#8221;2_5&#8243; _builder_version=&#8221;4.24.2&#8243; _module_preset=&#8221;default&#8221; custom_padding=&#8221;|||6vw|false|false&#8221; custom_padding_tablet=&#8221;|||6vw|false|false&#8221; custom_padding_phone=&#8221;|20px||20px|false|true&#8221; custom_padding_last_edited=&#8221;on|phone&#8221; global_colors_info=&#8221;{}&#8221;][et_pb_text _builder_version=&#8221;4.24.2&#8243; _module_preset=&#8221;default&#8221; header_2_font=&#8221;Roboto|900|||||||&#8221; header_2_text_align=&#8221;center&#8221; header_2_text_color=&#8221;#2f393d&#8221; header_2_font_size=&#8221;30px&#8221; global_colors_info=&#8221;{}&#8221;]<\/p>\n<h2>A+++<\/h2>\n<p>[\/et_pb_text][et_pb_text _builder_version=&#8221;4.24.2&#8243; _module_preset=&#8221;default&#8221; text_font=&#8221;Roboto|300|||||||&#8221; text_text_color=&#8221;#2f393d&#8221; text_font_size=&#8221;16px&#8221; text_line_height=&#8221;1.6em&#8221; text_orientation=&#8221;center&#8221; global_colors_info=&#8221;{}&#8221;]<\/p>\n<p>According to the <strong>certified energy performance certificate, our building has an overall energy rating of A+++ and a CO2<\/strong> <strong>emission rating of<\/strong> <strong>A+++ <\/strong>Since our system is based on solar panels and mechanical ventilation, all the above values represent negative figures: both in terms of energy and CO2 emissions.<\/p>\n<p>[\/et_pb_text][\/et_pb_column][et_pb_column type=&#8221;3_5&#8243; _builder_version=&#8221;4.24.0&#8243; _module_preset=&#8221;default&#8221; global_colors_info=&#8221;{}&#8221;][et_pb_image src=&#8221;https:\/\/nordiihomes.com\/wp-content\/uploads\/2024\/03\/3.kep-kiskep_169.png&#8221; title_text=&#8221;3.kep-kiskep_169&#8243; show_in_lightbox=&#8221;on&#8221; align=&#8221;right&#8221; _builder_version=&#8221;4.24.2&#8243; _module_preset=&#8221;default&#8221; global_colors_info=&#8221;{}&#8221;][\/et_pb_image][\/et_pb_column][\/et_pb_row][\/et_pb_section]<\/p>","protected":false},"excerpt":{"rendered":"<p>A+++A+++Elk\u00e9sz\u00edtett hiteles energetikai tan\u00fas\u00edtv\u00e1ny szerint az \u00e9p\u00fclet\u00fcnk A+++ \u00f6sszes\u00edtett energetikai jellemz\u0151vel b\u00edr \u00e9s CO2 kibocs\u00e1t\u00e1sa is A+++ . Mivel rendszer\u00fcnk alapja, a napelem \u00e9s a g\u00e9pi szell\u0151z\u00e9s, \u00edgy a fenti \u00e9rt\u00e9kek mindegyike m\u00ednuszos \u00e9rt\u00e9ket k\u00e9pvisel: mind az energetika, mind CO2 kibocs\u00e1t\u00e1s tekintet\u00e9ben.<\/p>","protected":false},"author":3,"featured_media":0,"parent":0,"menu_order":0,"comment_status":"closed","ping_status":"closed","template":"","meta":{"_et_pb_use_builder":"on","_et_pb_old_content":"","_et_gb_content_width":"","footnotes":""},"class_list":["post-237509","page","type-page","status-publish","hentry"],"yoast_head":"<!-- This site is optimized with the Yoast SEO plugin v24.5 - https:\/\/yoast.com\/wordpress\/plugins\/seo\/ -->\n<title>A+++ - Nordii Homes<\/title>\n<meta name=\"description\" content=\"Elk\u00e9sz\u00edtett hiteles energetikai tan\u00fas\u00edtv\u00e1ny szerint az \u00e9p\u00fclet\u00fcnk A+++ \u00f6sszes\u00edtett energetikai jellez\u0151 \u00e9s A+++ CO2 kibocs\u00e1t\u00e1sa tekintet\u00e9ben is egyar\u00e1nt.\" \/>\n<meta name=\"robots\" content=\"index, follow, max-snippet:-1, max-image-preview:large, max-video-preview:-1\" \/>\n<link rel=\"canonical\" href=\"https:\/\/nordiihomes.com\/en\/a\/\" \/>\n<meta property=\"og:locale\" content=\"en_GB\" \/>\n<meta property=\"og:type\" content=\"article\" \/>\n<meta property=\"og:title\" content=\"A+++ - Nordii Homes\" \/>\n<meta property=\"og:description\" content=\"Elk\u00e9sz\u00edtett hiteles energetikai tan\u00fas\u00edtv\u00e1ny szerint az \u00e9p\u00fclet\u00fcnk A+++ \u00f6sszes\u00edtett energetikai jellez\u0151 \u00e9s A+++ CO2 kibocs\u00e1t\u00e1sa tekintet\u00e9ben is egyar\u00e1nt.\" \/>\n<meta property=\"og:url\" content=\"https:\/\/nordiihomes.com\/en\/a\/\" \/>\n<meta property=\"og:site_name\" content=\"Nordii Homes\" \/>\n<meta property=\"article:modified_time\" content=\"2024-03-20T16:23:16+00:00\" \/>\n<meta name=\"twitter:card\" content=\"summary_large_image\" \/>\n<script type=\"application\/ld+json\" class=\"yoast-schema-graph\">{\"@context\":\"https:\/\/schema.org\",\"@graph\":[{\"@type\":\"WebPage\",\"@id\":\"https:\/\/nordiihomes.com\/a\/\",\"url\":\"https:\/\/nordiihomes.com\/a\/\",\"name\":\"A+++ - Nordii Homes\",\"isPartOf\":{\"@id\":\"https:\/\/nordiihomes.com\/#website\"},\"datePublished\":\"2024-02-23T14:30:42+00:00\",\"dateModified\":\"2024-03-20T16:23:16+00:00\",\"description\":\"Elk\u00e9sz\u00edtett hiteles energetikai tan\u00fas\u00edtv\u00e1ny szerint az \u00e9p\u00fclet\u00fcnk A+++ \u00f6sszes\u00edtett energetikai jellez\u0151 \u00e9s A+++ CO2 kibocs\u00e1t\u00e1sa tekintet\u00e9ben is egyar\u00e1nt.\",\"breadcrumb\":{\"@id\":\"https:\/\/nordiihomes.com\/a\/#breadcrumb\"},\"inLanguage\":\"en-GB\",\"potentialAction\":[{\"@type\":\"ReadAction\",\"target\":[\"https:\/\/nordiihomes.com\/a\/\"]}]},{\"@type\":\"BreadcrumbList\",\"@id\":\"https:\/\/nordiihomes.com\/a\/#breadcrumb\",\"itemListElement\":[{\"@type\":\"ListItem\",\"position\":1,\"name\":\"Kezd\u0151lap\",\"item\":\"https:\/\/nordiihomes.com\/\"},{\"@type\":\"ListItem\",\"position\":2,\"name\":\"A+++\"}]},{\"@type\":\"WebSite\",\"@id\":\"https:\/\/nordiihomes.com\/#website\",\"url\":\"https:\/\/nordiihomes.com\/\",\"name\":\"Nordii Homes\",\"description\":\"NORDii = modern akt\u00edv-h\u00e1z\",\"potentialAction\":[{\"@type\":\"SearchAction\",\"target\":{\"@type\":\"EntryPoint\",\"urlTemplate\":\"https:\/\/nordiihomes.com\/?s={search_term_string}\"},\"query-input\":{\"@type\":\"PropertyValueSpecification\",\"valueRequired\":true,\"valueName\":\"search_term_string\"}}],\"inLanguage\":\"en-GB\"}]}<\/script>\n<!-- \/ Yoast SEO plugin. -->","yoast_head_json":{"title":"A+++ - Nordii Homes","description":"Elk\u00e9sz\u00edtett hiteles energetikai tan\u00fas\u00edtv\u00e1ny szerint az \u00e9p\u00fclet\u00fcnk A+++ \u00f6sszes\u00edtett energetikai jellez\u0151 \u00e9s A+++ CO2 kibocs\u00e1t\u00e1sa tekintet\u00e9ben is egyar\u00e1nt.","robots":{"index":"index","follow":"follow","max-snippet":"max-snippet:-1","max-image-preview":"max-image-preview:large","max-video-preview":"max-video-preview:-1"},"canonical":"https:\/\/nordiihomes.com\/en\/a\/","og_locale":"en_GB","og_type":"article","og_title":"A+++ - Nordii Homes","og_description":"Elk\u00e9sz\u00edtett hiteles energetikai tan\u00fas\u00edtv\u00e1ny szerint az \u00e9p\u00fclet\u00fcnk A+++ \u00f6sszes\u00edtett energetikai jellez\u0151 \u00e9s A+++ CO2 kibocs\u00e1t\u00e1sa tekintet\u00e9ben is egyar\u00e1nt.","og_url":"https:\/\/nordiihomes.com\/en\/a\/","og_site_name":"Nordii Homes","article_modified_time":"2024-03-20T16:23:16+00:00","twitter_card":"summary_large_image","schema":{"@context":"https:\/\/schema.org","@graph":[{"@type":"WebPage","@id":"https:\/\/nordiihomes.com\/a\/","url":"https:\/\/nordiihomes.com\/a\/","name":"A+++ - Nordii Homes","isPartOf":{"@id":"https:\/\/nordiihomes.com\/#website"},"datePublished":"2024-02-23T14:30:42+00:00","dateModified":"2024-03-20T16:23:16+00:00","description":"Elk\u00e9sz\u00edtett hiteles energetikai tan\u00fas\u00edtv\u00e1ny szerint az \u00e9p\u00fclet\u00fcnk A+++ \u00f6sszes\u00edtett energetikai jellez\u0151 \u00e9s A+++ CO2 kibocs\u00e1t\u00e1sa tekintet\u00e9ben is egyar\u00e1nt.","breadcrumb":{"@id":"https:\/\/nordiihomes.com\/a\/#breadcrumb"},"inLanguage":"en-GB","potentialAction":[{"@type":"ReadAction","target":["https:\/\/nordiihomes.com\/a\/"]}]},{"@type":"BreadcrumbList","@id":"https:\/\/nordiihomes.com\/a\/#breadcrumb","itemListElement":[{"@type":"ListItem","position":1,"name":"Kezd\u0151lap","item":"https:\/\/nordiihomes.com\/"},{"@type":"ListItem","position":2,"name":"A+++"}]},{"@type":"WebSite","@id":"https:\/\/nordiihomes.com\/#website","url":"https:\/\/nordiihomes.com\/","name":"Nordii Homes","description":"NORDii = modern akt\u00edv-h\u00e1z","potentialAction":[{"@type":"SearchAction","target":{"@type":"EntryPoint","urlTemplate":"https:\/\/nordiihomes.com\/?s={search_term_string}"},"query-input":{"@type":"PropertyValueSpecification","valueRequired":true,"valueName":"search_term_string"}}],"inLanguage":"en-GB"}]}},"_links":{"self":[{"href":"https:\/\/nordiihomes.com\/en\/wp-json\/wp\/v2\/pages\/237509","targetHints":{"allow":["GET"]}}],"collection":[{"href":"https:\/\/nordiihomes.com\/en\/wp-json\/wp\/v2\/pages"}],"about":[{"href":"https:\/\/nordiihomes.com\/en\/wp-json\/wp\/v2\/types\/page"}],"author":[{"embeddable":true,"href":"https:\/\/nordiihomes.com\/en\/wp-json\/wp\/v2\/users\/3"}],"replies":[{"embeddable":true,"href":"https:\/\/nordiihomes.com\/en\/wp-json\/wp\/v2\/comments?post=237509"}],"version-history":[{"count":28,"href":"https:\/\/nordiihomes.com\/en\/wp-json\/wp\/v2\/pages\/237509\/revisions"}],"predecessor-version":[{"id":238657,"href":"https:\/\/nordiihomes.com\/en\/wp-json\/wp\/v2\/pages\/237509\/revisions\/238657"}],"wp:attachment":[{"href":"https:\/\/nordiihomes.com\/en\/wp-json\/wp\/v2\/media?parent=237509"}],"curies":[{"name":"wp","href":"https:\/\/api.w.org\/{rel}","templated":true}]}}