{"id":237576,"date":"2024-02-26T13:19:59","date_gmt":"2024-02-26T12:19:59","guid":{"rendered":"https:\/\/nordiihomes.com\/?page_id=237576"},"modified":"2024-03-25T11:45:56","modified_gmt":"2024-03-25T10:45:56","slug":"co2-2","status":"publish","type":"page","link":"https:\/\/nordiihomes.com\/en\/co2-2\/","title":{"rendered":"CO2"},"content":{"rendered":"<p>[et_pb_section fb_built=&#8221;1&#8243; _builder_version=&#8221;4.24.2&#8243; _module_preset=&#8221;default&#8221; background_color=&#8221;#2f393d&#8221; use_background_color_gradient=&#8221;on&#8221; background_color_gradient_stops=&#8221;#2f393d 0%|rgba(255,255,255,0) 100%&#8221; background_image=&#8221;https:\/\/nordiihomes.com\/wp-content\/uploads\/2024\/02\/878-2-copy-scaled.webp&#8221; parallax=&#8221;on&#8221; parallax_method=&#8221;off&#8221; background_blend=&#8221;overlay&#8221; transform_scale_linked=&#8221;off&#8221; transform_translate_linked=&#8221;off&#8221; height=&#8221;103vh&#8221; height_tablet=&#8221;103vh&#8221; height_phone=&#8221;55vh&#8221; height_last_edited=&#8221;on|phone&#8221; custom_margin=&#8221;-115px||||false|false&#8221; global_colors_info=&#8221;{}&#8221;][et_pb_row make_equal=&#8221;on&#8221; _builder_version=&#8221;4.24.2&#8243; _module_preset=&#8221;default&#8221; custom_margin=&#8221;10vw||3vh||false|false&#8221; custom_margin_tablet=&#8221;10vw||3vh||false|false&#8221; custom_margin_phone=&#8221;80px||3vh||false|false&#8221; custom_margin_last_edited=&#8221;on|phone&#8221; custom_css_main_element=&#8221;margin: auto&#8221; global_colors_info=&#8221;{}&#8221;][et_pb_column type=&#8221;4_4&#8243; _builder_version=&#8221;4.24.1&#8243; _module_preset=&#8221;default&#8221; global_colors_info=&#8221;{}&#8221;][et_pb_text _builder_version=&#8221;4.24.2&#8243; _module_preset=&#8221;default&#8221; header_2_font=&#8221;Roboto||||||||&#8221; header_2_text_align=&#8221;center&#8221; header_2_text_color=&#8221;#FFFFFF&#8221; header_2_font_size=&#8221;46px&#8221; custom_margin=&#8221;||5px||false|false&#8221; custom_padding=&#8221;||0px||false|false&#8221; hover_enabled=&#8221;0&#8243; global_colors_info=&#8221;{}&#8221; header_font=&#8221;Roboto||||||||&#8221; header_text_color=&#8221;#FFFFFF&#8221; header_text_align=&#8221;center&#8221; header_font_size=&#8221;46px&#8221; sticky_enabled=&#8221;0&#8243;]<\/p>\n<h1>CO2<\/h1>\n<p>[\/et_pb_text][\/et_pb_column][\/et_pb_row][\/et_pb_section][et_pb_section fb_built=&#8221;1&#8243; _builder_version=&#8221;4.24.2&#8243; _module_preset=&#8221;default&#8221; background_enable_color=&#8221;off&#8221; background_enable_image=&#8221;off&#8221; background_position=&#8221;top_center&#8221; background_vertical_offset=&#8221;40%&#8221; custom_margin=&#8221;0px||0px||true|false&#8221; custom_padding=&#8221;0px||0px||true|false&#8221; global_colors_info=&#8221;{}&#8221;][et_pb_row _builder_version=&#8221;4.24.2&#8243; _module_preset=&#8221;default&#8221; background_image=&#8221;https:\/\/nordiihomes.com\/wp-content\/uploads\/2024\/03\/2.kep-IMG_7780-copy.webp&#8221; width=&#8221;100%&#8221; max_width=&#8221;100%&#8221; height=&#8221;100vh&#8221; height_tablet=&#8221;100vh&#8221; height_phone=&#8221;50vh&#8221; height_last_edited=&#8221;on|phone&#8221; custom_margin=&#8221;0px||0px||false|false&#8221; custom_padding=&#8221;0px||0px||true|false&#8221; global_colors_info=&#8221;{}&#8221;][et_pb_column type=&#8221;4_4&#8243; _builder_version=&#8221;4.24.2&#8243; _module_preset=&#8221;default&#8221; global_colors_info=&#8221;{}&#8221;][\/et_pb_column][\/et_pb_row][\/et_pb_section][et_pb_section fb_built=&#8221;1&#8243; _builder_version=&#8221;4.24.1&#8243; _module_preset=&#8221;default&#8221; background_color=&#8221;rgba(255,255,255,0.95)&#8221; background_image=&#8221;https:\/\/nordiihomes.com\/wp-content\/uploads\/2024\/02\/NORDii-Logo-1.png&#8221; background_size=&#8221;custom&#8221; background_image_width=&#8221;30%&#8221; background_position=&#8221;center_left&#8221; background_horizontal_offset=&#8221;9%&#8221; background_blend=&#8221;overlay&#8221; custom_margin=&#8221;0px||||false|false&#8221; custom_padding=&#8221;0px||0px||false|false&#8221; global_colors_info=&#8221;{}&#8221;][et_pb_row column_structure=&#8221;2_5,3_5&#8243; use_custom_gutter=&#8221;on&#8221; make_equal=&#8221;on&#8221; _builder_version=&#8221;4.24.1&#8243; _module_preset=&#8221;default&#8221; width=&#8221;100%&#8221; max_width=&#8221;100%&#8221; custom_margin=&#8221;5px||5px||false|false&#8221; custom_margin_tablet=&#8221;5px||5px||false|false&#8221; custom_margin_phone=&#8221;30px||30px||false|false&#8221; custom_margin_last_edited=&#8221;on|phone&#8221; custom_padding=&#8221;0px||0px||true|false&#8221; custom_css_main_element=&#8221;align-items: center&#8221; global_colors_info=&#8221;{}&#8221;][et_pb_column type=&#8221;2_5&#8243; _builder_version=&#8221;4.24.1&#8243; _module_preset=&#8221;default&#8221; custom_padding=&#8221;|||6vw|false|false&#8221; custom_padding_tablet=&#8221;|||6vw|false|false&#8221; custom_padding_phone=&#8221;|20px||20px|false|true&#8221; custom_padding_last_edited=&#8221;on|phone&#8221; global_colors_info=&#8221;{}&#8221;][et_pb_text _builder_version=&#8221;4.24.2&#8243; _module_preset=&#8221;default&#8221; header_2_font=&#8221;Roboto|900|||||||&#8221; header_2_text_align=&#8221;center&#8221; header_2_text_color=&#8221;#2f393d&#8221; header_2_font_size=&#8221;30px&#8221; global_colors_info=&#8221;{}&#8221;]<\/p>\n<h2>CO2<\/h2>\n<p>[\/et_pb_text][et_pb_text _builder_version=&#8221;4.24.2&#8243; _module_preset=&#8221;default&#8221; text_font=&#8221;Roboto|300|||||||&#8221; text_text_color=&#8221;#2f393d&#8221; text_font_size=&#8221;16px&#8221; text_line_height=&#8221;1.6em&#8221; text_orientation=&#8221;center&#8221; global_colors_info=&#8221;{}&#8221;]<\/p>\n<p><span>We are investing in the future: that means\u00a0<\/span><span><strong>energy efficiency, energy storage<\/strong>\u00a0<\/span><span>\u2013 through solar and thermal energy \u2013<\/span><span>\u00a0and <strong>electricity,<\/strong><\/span><span>\u00a0allowing us to bridge the gap between innovative technology and sustainability\u00a0<\/span><strong>without CO2 emissions.\u00a0<\/strong><\/p>\n<p>[\/et_pb_text][\/et_pb_column][et_pb_column type=&#8221;3_5&#8243; _builder_version=&#8221;4.24.0&#8243; _module_preset=&#8221;default&#8221; global_colors_info=&#8221;{}&#8221;][et_pb_image src=&#8221;https:\/\/nordiihomes.com\/wp-content\/uploads\/2024\/03\/4083-1.jpg&#8221; title_text=&#8221;4083-1&#8243; show_in_lightbox=&#8221;on&#8221; align=&#8221;right&#8221; _builder_version=&#8221;4.24.2&#8243; _module_preset=&#8221;default&#8221; global_colors_info=&#8221;{}&#8221;][\/et_pb_image][\/et_pb_column][\/et_pb_row][\/et_pb_section]<\/p>","protected":false},"excerpt":{"rendered":"<p>CO2CO2A j\u00f6v\u0151be fektet\u00fcnk be: azaz\u00a0energia-hat\u00e9konys\u00e1gba, energia-t\u00e1rol\u00e1sba\u00a0&#8211; nap-, \u00e9s a h\u0151energia r\u00e9v\u00e9n &#8211;\u00a0\u00e9s az elektromoss\u00e1gba,\u00a0\u00edgy hidat tudunk k\u00e9pezni az innov\u00e1ci\u00f3s technol\u00f3gia \u00e9s fenntarthat\u00f3s\u00e1g k\u00f6z\u00f6tt,\u00a0CO2 kibocs\u00e1t\u00e1s mentesen.\u00a0<\/p>","protected":false},"author":3,"featured_media":237630,"parent":0,"menu_order":0,"comment_status":"closed","ping_status":"closed","template":"","meta":{"_et_pb_use_builder":"on","_et_pb_old_content":"","_et_gb_content_width":"","footnotes":""},"class_list":["post-237576","page","type-page","status-publish","has-post-thumbnail","hentry"],"yoast_head":"<!-- This site is optimized with the Yoast SEO plugin v24.5 - https:\/\/yoast.com\/wordpress\/plugins\/seo\/ -->\n<title>CO2 - Nordii Homes<\/title>\n<meta name=\"description\" content=\"A j\u00f6v\u0151be fektet\u00fcnk be: azaz energia-hat\u00e9konys\u00e1gba, energia-t\u00e1rol\u00e1sba \u2013 nap-, \u00e9s a h\u0151energia r\u00e9v\u00e9n \u2013 \u00e9s az elektromoss\u00e1gba, \u00edgy hidat tudunk k\u00e9pezni az innov\u00e1ci\u00f3s technol\u00f3gia \u00e9s fenntarthat\u00f3s\u00e1g k\u00f6z\u00f6tt, CO2 kibocs\u00e1t\u00e1s mentesen.\" \/>\n<meta name=\"robots\" content=\"index, follow, max-snippet:-1, max-image-preview:large, max-video-preview:-1\" \/>\n<link rel=\"canonical\" href=\"https:\/\/nordiihomes.com\/en\/co2-2\/\" \/>\n<meta property=\"og:locale\" content=\"en_GB\" \/>\n<meta property=\"og:type\" content=\"article\" \/>\n<meta property=\"og:title\" content=\"CO2 - Nordii Homes\" \/>\n<meta property=\"og:description\" content=\"A j\u00f6v\u0151be fektet\u00fcnk be: azaz energia-hat\u00e9konys\u00e1gba, energia-t\u00e1rol\u00e1sba \u2013 nap-, \u00e9s a h\u0151energia r\u00e9v\u00e9n \u2013 \u00e9s az elektromoss\u00e1gba, \u00edgy hidat tudunk k\u00e9pezni az innov\u00e1ci\u00f3s technol\u00f3gia \u00e9s fenntarthat\u00f3s\u00e1g k\u00f6z\u00f6tt, CO2 kibocs\u00e1t\u00e1s mentesen.\" \/>\n<meta property=\"og:url\" content=\"https:\/\/nordiihomes.com\/en\/co2-2\/\" \/>\n<meta property=\"og:site_name\" content=\"Nordii Homes\" \/>\n<meta property=\"article:modified_time\" content=\"2024-03-25T10:45:56+00:00\" \/>\n<meta property=\"og:image\" content=\"https:\/\/nordiihomes.com\/wp-content\/uploads\/2024\/02\/878-2-copy-scaled.webp\" \/>\n\t<meta property=\"og:image:width\" content=\"2560\" \/>\n\t<meta property=\"og:image:height\" content=\"1153\" \/>\n\t<meta property=\"og:image:type\" content=\"image\/webp\" \/>\n<meta name=\"twitter:card\" content=\"summary_large_image\" \/>\n<meta name=\"twitter:label1\" content=\"Estimated reading time\" \/>\n\t<meta name=\"twitter:data1\" content=\"1 minute\" \/>\n<script type=\"application\/ld+json\" class=\"yoast-schema-graph\">{\"@context\":\"https:\/\/schema.org\",\"@graph\":[{\"@type\":\"WebPage\",\"@id\":\"https:\/\/nordiihomes.com\/co2-2\/\",\"url\":\"https:\/\/nordiihomes.com\/co2-2\/\",\"name\":\"CO2 - Nordii Homes\",\"isPartOf\":{\"@id\":\"https:\/\/nordiihomes.com\/#website\"},\"primaryImageOfPage\":{\"@id\":\"https:\/\/nordiihomes.com\/co2-2\/#primaryimage\"},\"image\":{\"@id\":\"https:\/\/nordiihomes.com\/co2-2\/#primaryimage\"},\"thumbnailUrl\":\"https:\/\/nordiihomes.com\/wp-content\/uploads\/2024\/02\/878-2-copy-scaled.webp\",\"datePublished\":\"2024-02-26T12:19:59+00:00\",\"dateModified\":\"2024-03-25T10:45:56+00:00\",\"description\":\"A j\u00f6v\u0151be fektet\u00fcnk be: azaz energia-hat\u00e9konys\u00e1gba, energia-t\u00e1rol\u00e1sba \u2013 nap-, \u00e9s a h\u0151energia r\u00e9v\u00e9n \u2013 \u00e9s az elektromoss\u00e1gba, \u00edgy hidat tudunk k\u00e9pezni az innov\u00e1ci\u00f3s technol\u00f3gia \u00e9s fenntarthat\u00f3s\u00e1g k\u00f6z\u00f6tt, CO2 kibocs\u00e1t\u00e1s mentesen.\",\"breadcrumb\":{\"@id\":\"https:\/\/nordiihomes.com\/co2-2\/#breadcrumb\"},\"inLanguage\":\"en-GB\",\"potentialAction\":[{\"@type\":\"ReadAction\",\"target\":[\"https:\/\/nordiihomes.com\/co2-2\/\"]}]},{\"@type\":\"ImageObject\",\"inLanguage\":\"en-GB\",\"@id\":\"https:\/\/nordiihomes.com\/co2-2\/#primaryimage\",\"url\":\"https:\/\/nordiihomes.com\/wp-content\/uploads\/2024\/02\/878-2-copy-scaled.webp\",\"contentUrl\":\"https:\/\/nordiihomes.com\/wp-content\/uploads\/2024\/02\/878-2-copy-scaled.webp\",\"width\":2560,\"height\":1153},{\"@type\":\"BreadcrumbList\",\"@id\":\"https:\/\/nordiihomes.com\/co2-2\/#breadcrumb\",\"itemListElement\":[{\"@type\":\"ListItem\",\"position\":1,\"name\":\"Kezd\u0151lap\",\"item\":\"https:\/\/nordiihomes.com\/\"},{\"@type\":\"ListItem\",\"position\":2,\"name\":\"CO2\"}]},{\"@type\":\"WebSite\",\"@id\":\"https:\/\/nordiihomes.com\/#website\",\"url\":\"https:\/\/nordiihomes.com\/\",\"name\":\"Nordii Homes\",\"description\":\"NORDii = modern akt\u00edv-h\u00e1z\",\"potentialAction\":[{\"@type\":\"SearchAction\",\"target\":{\"@type\":\"EntryPoint\",\"urlTemplate\":\"https:\/\/nordiihomes.com\/?s={search_term_string}\"},\"query-input\":{\"@type\":\"PropertyValueSpecification\",\"valueRequired\":true,\"valueName\":\"search_term_string\"}}],\"inLanguage\":\"en-GB\"}]}<\/script>\n<!-- \/ Yoast SEO plugin. -->","yoast_head_json":{"title":"CO2 - Nordii Homes","description":"A j\u00f6v\u0151be fektet\u00fcnk be: azaz energia-hat\u00e9konys\u00e1gba, energia-t\u00e1rol\u00e1sba \u2013 nap-, \u00e9s a h\u0151energia r\u00e9v\u00e9n \u2013 \u00e9s az elektromoss\u00e1gba, \u00edgy hidat tudunk k\u00e9pezni az innov\u00e1ci\u00f3s technol\u00f3gia \u00e9s fenntarthat\u00f3s\u00e1g k\u00f6z\u00f6tt, CO2 kibocs\u00e1t\u00e1s mentesen.","robots":{"index":"index","follow":"follow","max-snippet":"max-snippet:-1","max-image-preview":"max-image-preview:large","max-video-preview":"max-video-preview:-1"},"canonical":"https:\/\/nordiihomes.com\/en\/co2-2\/","og_locale":"en_GB","og_type":"article","og_title":"CO2 - Nordii Homes","og_description":"A j\u00f6v\u0151be fektet\u00fcnk be: azaz energia-hat\u00e9konys\u00e1gba, energia-t\u00e1rol\u00e1sba \u2013 nap-, \u00e9s a h\u0151energia r\u00e9v\u00e9n \u2013 \u00e9s az elektromoss\u00e1gba, \u00edgy hidat tudunk k\u00e9pezni az innov\u00e1ci\u00f3s technol\u00f3gia \u00e9s fenntarthat\u00f3s\u00e1g k\u00f6z\u00f6tt, CO2 kibocs\u00e1t\u00e1s mentesen.","og_url":"https:\/\/nordiihomes.com\/en\/co2-2\/","og_site_name":"Nordii Homes","article_modified_time":"2024-03-25T10:45:56+00:00","og_image":[{"width":2560,"height":1153,"url":"https:\/\/nordiihomes.com\/wp-content\/uploads\/2024\/02\/878-2-copy-scaled.webp","type":"image\/webp"}],"twitter_card":"summary_large_image","twitter_misc":{"Estimated reading time":"1 minute"},"schema":{"@context":"https:\/\/schema.org","@graph":[{"@type":"WebPage","@id":"https:\/\/nordiihomes.com\/co2-2\/","url":"https:\/\/nordiihomes.com\/co2-2\/","name":"CO2 - Nordii Homes","isPartOf":{"@id":"https:\/\/nordiihomes.com\/#website"},"primaryImageOfPage":{"@id":"https:\/\/nordiihomes.com\/co2-2\/#primaryimage"},"image":{"@id":"https:\/\/nordiihomes.com\/co2-2\/#primaryimage"},"thumbnailUrl":"https:\/\/nordiihomes.com\/wp-content\/uploads\/2024\/02\/878-2-copy-scaled.webp","datePublished":"2024-02-26T12:19:59+00:00","dateModified":"2024-03-25T10:45:56+00:00","description":"A j\u00f6v\u0151be fektet\u00fcnk be: azaz energia-hat\u00e9konys\u00e1gba, energia-t\u00e1rol\u00e1sba \u2013 nap-, \u00e9s a h\u0151energia r\u00e9v\u00e9n \u2013 \u00e9s az elektromoss\u00e1gba, \u00edgy hidat tudunk k\u00e9pezni az innov\u00e1ci\u00f3s technol\u00f3gia \u00e9s fenntarthat\u00f3s\u00e1g k\u00f6z\u00f6tt, CO2 kibocs\u00e1t\u00e1s mentesen.","breadcrumb":{"@id":"https:\/\/nordiihomes.com\/co2-2\/#breadcrumb"},"inLanguage":"en-GB","potentialAction":[{"@type":"ReadAction","target":["https:\/\/nordiihomes.com\/co2-2\/"]}]},{"@type":"ImageObject","inLanguage":"en-GB","@id":"https:\/\/nordiihomes.com\/co2-2\/#primaryimage","url":"https:\/\/nordiihomes.com\/wp-content\/uploads\/2024\/02\/878-2-copy-scaled.webp","contentUrl":"https:\/\/nordiihomes.com\/wp-content\/uploads\/2024\/02\/878-2-copy-scaled.webp","width":2560,"height":1153},{"@type":"BreadcrumbList","@id":"https:\/\/nordiihomes.com\/co2-2\/#breadcrumb","itemListElement":[{"@type":"ListItem","position":1,"name":"Kezd\u0151lap","item":"https:\/\/nordiihomes.com\/"},{"@type":"ListItem","position":2,"name":"CO2"}]},{"@type":"WebSite","@id":"https:\/\/nordiihomes.com\/#website","url":"https:\/\/nordiihomes.com\/","name":"Nordii Homes","description":"NORDii = modern akt\u00edv-h\u00e1z","potentialAction":[{"@type":"SearchAction","target":{"@type":"EntryPoint","urlTemplate":"https:\/\/nordiihomes.com\/?s={search_term_string}"},"query-input":{"@type":"PropertyValueSpecification","valueRequired":true,"valueName":"search_term_string"}}],"inLanguage":"en-GB"}]}},"_links":{"self":[{"href":"https:\/\/nordiihomes.com\/en\/wp-json\/wp\/v2\/pages\/237576","targetHints":{"allow":["GET"]}}],"collection":[{"href":"https:\/\/nordiihomes.com\/en\/wp-json\/wp\/v2\/pages"}],"about":[{"href":"https:\/\/nordiihomes.com\/en\/wp-json\/wp\/v2\/types\/page"}],"author":[{"embeddable":true,"href":"https:\/\/nordiihomes.com\/en\/wp-json\/wp\/v2\/users\/3"}],"replies":[{"embeddable":true,"href":"https:\/\/nordiihomes.com\/en\/wp-json\/wp\/v2\/comments?post=237576"}],"version-history":[{"count":28,"href":"https:\/\/nordiihomes.com\/en\/wp-json\/wp\/v2\/pages\/237576\/revisions"}],"predecessor-version":[{"id":238824,"href":"https:\/\/nordiihomes.com\/en\/wp-json\/wp\/v2\/pages\/237576\/revisions\/238824"}],"wp:featuredmedia":[{"embeddable":true,"href":"https:\/\/nordiihomes.com\/en\/wp-json\/wp\/v2\/media\/237630"}],"wp:attachment":[{"href":"https:\/\/nordiihomes.com\/en\/wp-json\/wp\/v2\/media?parent=237576"}],"curies":[{"name":"wp","href":"https:\/\/api.w.org\/{rel}","templated":true}]}}