{"id":237872,"date":"2024-03-06T13:46:01","date_gmt":"2024-03-06T12:46:01","guid":{"rendered":"https:\/\/nordiihomes.com\/?page_id=237872"},"modified":"2024-03-25T11:56:43","modified_gmt":"2024-03-25T10:56:43","slug":"techologia-es-innovacio","status":"publish","type":"page","link":"https:\/\/nordiihomes.com\/en\/techologia-es-innovacio\/","title":{"rendered":"Techol\u00f3gia \u00e9s innov\u00e1ci\u00f3"},"content":{"rendered":"<p>[et_pb_section fb_built=&#8221;1&#8243; _builder_version=&#8221;4.24.2&#8243; _module_preset=&#8221;default&#8221; background_color=&#8221;#2f393d&#8221; use_background_color_gradient=&#8221;on&#8221; background_color_gradient_stops=&#8221;#2f393d 0%|rgba(255,255,255,0) 100%&#8221; background_image=&#8221;https:\/\/nordiihomes.com\/wp-content\/uploads\/2024\/03\/AI_1.kep-copy.webp&#8221; parallax=&#8221;on&#8221; parallax_method=&#8221;off&#8221; background_blend=&#8221;overlay&#8221; transform_scale_linked=&#8221;off&#8221; transform_translate_linked=&#8221;off&#8221; height=&#8221;103vh&#8221; height_tablet=&#8221;103vh&#8221; height_phone=&#8221;50vh&#8221; height_last_edited=&#8221;on|phone&#8221; custom_margin=&#8221;-115px||||false|false&#8221; global_colors_info=&#8221;{}&#8221;][et_pb_row make_equal=&#8221;on&#8221; _builder_version=&#8221;4.24.2&#8243; _module_preset=&#8221;default&#8221; vertical_offset_tablet=&#8221;&#8221; vertical_offset_phone=&#8221;-30px&#8221; vertical_offset_last_edited=&#8221;on|phone&#8221; position_origin_a_tablet=&#8221;&#8221; position_origin_a_phone=&#8221;bottom_center&#8221; position_origin_a_last_edited=&#8221;on|phone&#8221; position_origin_f_tablet=&#8221;&#8221; position_origin_f_phone=&#8221;&#8221; position_origin_f_last_edited=&#8221;on|phone&#8221; position_origin_r_tablet=&#8221;&#8221; position_origin_r_phone=&#8221;&#8221; position_origin_r_last_edited=&#8221;on|phone&#8221; width_tablet=&#8221;&#8221; width_phone=&#8221;100%&#8221; width_last_edited=&#8221;on|phone&#8221; custom_margin=&#8221;8vh||3vh||false|false&#8221; custom_margin_tablet=&#8221;8vh||3vh||false|false&#8221; custom_margin_phone=&#8221;80px||3vh||false|false&#8221; custom_margin_last_edited=&#8221;on|phone&#8221; positioning_tablet=&#8221;&#8221; positioning_phone=&#8221;absolute&#8221; positioning_last_edited=&#8221;on|phone&#8221; custom_css_main_element=&#8221;margin: auto&#8221; global_colors_info=&#8221;{}&#8221;][et_pb_column type=&#8221;4_4&#8243; _builder_version=&#8221;4.24.1&#8243; _module_preset=&#8221;default&#8221; global_colors_info=&#8221;{}&#8221;][et_pb_text _builder_version=&#8221;4.24.2&#8243; _module_preset=&#8221;default&#8221; header_2_font=&#8221;Roboto||||||||&#8221; header_2_text_align=&#8221;center&#8221; header_2_text_color=&#8221;#FFFFFF&#8221; header_2_font_size=&#8221;46px&#8221; background_enable_color=&#8221;off&#8221; width=&#8221;68%&#8221; module_alignment=&#8221;center&#8221; custom_margin=&#8221;||5px||false|false&#8221; custom_padding=&#8221;20px||20px||true|false&#8221; hover_enabled=&#8221;0&#8243; header_2_font_size_tablet=&#8221;46px&#8221; header_2_font_size_phone=&#8221;36px&#8221; header_2_font_size_last_edited=&#8221;on|phone&#8221; global_colors_info=&#8221;{}&#8221; header_font=&#8221;Roboto||||||||&#8221; header_text_align=&#8221;center&#8221; header_text_color=&#8221;#FFFFFF&#8221; header_font_size=&#8221;46px&#8221; sticky_enabled=&#8221;0&#8243;]<\/p>\n<h1>Technology and Innovation<\/h1>\n<p>[\/et_pb_text][\/et_pb_column][\/et_pb_row][\/et_pb_section][et_pb_section fb_built=&#8221;1&#8243; _builder_version=&#8221;4.24.2&#8243; _module_preset=&#8221;default&#8221; background_enable_color=&#8221;off&#8221; background_enable_image=&#8221;off&#8221; background_position=&#8221;top_center&#8221; background_vertical_offset=&#8221;40%&#8221; custom_margin=&#8221;0px||0px||true|false&#8221; custom_padding=&#8221;0px||0px||true|false&#8221; global_colors_info=&#8221;{}&#8221;][et_pb_row _builder_version=&#8221;4.24.2&#8243; _module_preset=&#8221;default&#8221; background_image=&#8221;https:\/\/nordiihomes.com\/wp-content\/uploads\/2024\/03\/artificial-intelligence-2167835_1920-1.jpg&#8221; background_position=&#8221;bottom_center&#8221; width=&#8221;100%&#8221; max_width=&#8221;100%&#8221; height=&#8221;100vh&#8221; height_tablet=&#8221;100vh&#8221; height_phone=&#8221;50vh&#8221; height_last_edited=&#8221;on|phone&#8221; custom_margin=&#8221;0px||0px||false|false&#8221; custom_padding=&#8221;0px||0px||true|false&#8221; global_colors_info=&#8221;{}&#8221;][et_pb_column type=&#8221;4_4&#8243; _builder_version=&#8221;4.24.2&#8243; _module_preset=&#8221;default&#8221; global_colors_info=&#8221;{}&#8221;][\/et_pb_column][\/et_pb_row][\/et_pb_section][et_pb_section fb_built=&#8221;1&#8243; _builder_version=&#8221;4.24.1&#8243; _module_preset=&#8221;default&#8221; background_color=&#8221;rgba(255,255,255,0.95)&#8221; background_image=&#8221;https:\/\/nordiihomes.com\/wp-content\/uploads\/2024\/02\/NORDii-Logo-1.png&#8221; background_size=&#8221;custom&#8221; background_image_width=&#8221;30%&#8221; background_position=&#8221;center_left&#8221; background_horizontal_offset=&#8221;9%&#8221; background_blend=&#8221;overlay&#8221; custom_margin=&#8221;0px||||false|false&#8221; custom_padding=&#8221;0px||0px||false|false&#8221; global_colors_info=&#8221;{}&#8221;][et_pb_row column_structure=&#8221;2_5,3_5&#8243; use_custom_gutter=&#8221;on&#8221; make_equal=&#8221;on&#8221; _builder_version=&#8221;4.24.1&#8243; _module_preset=&#8221;default&#8221; width=&#8221;100%&#8221; max_width=&#8221;100%&#8221; custom_margin=&#8221;5px||5px||false|false&#8221; custom_margin_tablet=&#8221;5px||5px||false|false&#8221; custom_margin_phone=&#8221;30px||30px||false|false&#8221; custom_margin_last_edited=&#8221;on|phone&#8221; custom_padding=&#8221;0px||0px||true|false&#8221; custom_css_main_element=&#8221;align-items: center&#8221; global_colors_info=&#8221;{}&#8221;][et_pb_column type=&#8221;2_5&#8243; _builder_version=&#8221;4.24.1&#8243; _module_preset=&#8221;default&#8221; custom_padding=&#8221;|||6vw|false|false&#8221; custom_padding_tablet=&#8221;|||6vw|false|false&#8221; custom_padding_phone=&#8221;|20px||20px|false|true&#8221; custom_padding_last_edited=&#8221;on|phone&#8221; global_colors_info=&#8221;{}&#8221;][et_pb_text _builder_version=&#8221;4.24.2&#8243; _module_preset=&#8221;default&#8221; header_2_font=&#8221;Roboto|900||on|||||&#8221; header_2_text_align=&#8221;center&#8221; header_2_text_color=&#8221;#2f393d&#8221; header_2_font_size=&#8221;32px&#8221; global_colors_info=&#8221;{}&#8221;]<\/p>\n<h2>TECHNOLOGY AND INNOVATION<\/h2>\n<p>[\/et_pb_text][et_pb_text _builder_version=&#8221;4.24.2&#8243; _module_preset=&#8221;default&#8221; text_font=&#8221;Roboto|300|||||||&#8221; text_text_color=&#8221;#2f393d&#8221; text_font_size=&#8221;16px&#8221; text_line_height=&#8221;1.6em&#8221; text_orientation=&#8221;center&#8221; global_colors_info=&#8221;{}&#8221;]<\/p>\n<p>The innovations of Tesla and Apple have completely changed the world, and now it's the construction industry's turn. These two major innovators show the right direction and the path for both the present and the future. <strong>NORDii's innovations: spatial element, envelope insulation.<\/strong><\/p>\n<p>Modern active house, electrified future, and energy management, energy efficiency, and sustainability: <strong>ESG, BIM, AI, LCA, CF, EPD, EPR are terms indicating the right direction.<\/strong><\/p>\n<p>[\/et_pb_text][\/et_pb_column][et_pb_column type=&#8221;3_5&#8243; _builder_version=&#8221;4.24.0&#8243; _module_preset=&#8221;default&#8221; global_colors_info=&#8221;{}&#8221;][et_pb_image src=&#8221;https:\/\/nordiihomes.com\/wp-content\/uploads\/2024\/03\/3-2.webp&#8221; title_text=&#8221;3&#8243; show_in_lightbox=&#8221;on&#8221; align=&#8221;right&#8221; _builder_version=&#8221;4.24.2&#8243; _module_preset=&#8221;default&#8221; global_colors_info=&#8221;{}&#8221;][\/et_pb_image][\/et_pb_column][\/et_pb_row][\/et_pb_section]<\/p>","protected":false},"excerpt":{"rendered":"<p>Technol\u00f3gia \u00e9s innov\u00e1ci\u00f3TECHNOL\u00d3GIA \u00c9S INNOV\u00c1CI\u00d3Tesla, Apple innov\u00e1ci\u00f3 teljes m\u00e9rt\u00e9kben megv\u00e1ltoztatt\u00e1k a vil\u00e1got, most az \u00e9p\u00edt\u0151ipar van a soron. A k\u00e9t nagy innov\u00e1tor mutatja helyes ir\u00e1nyt \u00e9s az utat a jelenben \u00e9s a j\u00f6v\u0151be egyar\u00e1nt. A NORDii innov\u00e1ci\u00f3i: t\u00e9r elem, burokszigetel\u00e9s. Modern akt\u00edv-h\u00e1z, villamos\u00edtott j\u00f6v\u0151 \u00e9s az energia-management, energiahat\u00e9konys\u00e1g \u00e9s a fenntarthat\u00f3s\u00e1g: ESG, BIM, AI, LCA, CF, EPD, EPR kifejez\u00e9sek jelzik a helyes ir\u00e1nyt.<\/p>","protected":false},"author":3,"featured_media":238423,"parent":0,"menu_order":0,"comment_status":"closed","ping_status":"closed","template":"","meta":{"_et_pb_use_builder":"on","_et_pb_old_content":"","_et_gb_content_width":"","footnotes":""},"class_list":["post-237872","page","type-page","status-publish","has-post-thumbnail","hentry"],"yoast_head":"<!-- This site is optimized with the Yoast SEO plugin v24.5 - https:\/\/yoast.com\/wordpress\/plugins\/seo\/ -->\n<title>Techol\u00f3gia \u00e9s innov\u00e1ci\u00f3 - Nordii Homes<\/title>\n<meta name=\"description\" content=\"A NORDii innov\u00e1ci\u00f3i: t\u00e9r elem, burokszigetel\u00e9s.Modern akt\u00edv-h\u00e1z, villamos\u00edtott j\u00f6v\u0151 \u00e9s az energia-management, energiahat\u00e9konys\u00e1g \u00e9s a fenntarthat\u00f3s\u00e1g\" \/>\n<meta name=\"robots\" content=\"index, follow, max-snippet:-1, max-image-preview:large, max-video-preview:-1\" \/>\n<link rel=\"canonical\" href=\"https:\/\/nordiihomes.com\/en\/techologia-es-innovacio\/\" \/>\n<meta property=\"og:locale\" content=\"en_GB\" \/>\n<meta property=\"og:type\" content=\"article\" \/>\n<meta property=\"og:title\" content=\"Techol\u00f3gia \u00e9s innov\u00e1ci\u00f3 - Nordii Homes\" \/>\n<meta property=\"og:description\" content=\"A NORDii innov\u00e1ci\u00f3i: t\u00e9r elem, burokszigetel\u00e9s.Modern akt\u00edv-h\u00e1z, villamos\u00edtott j\u00f6v\u0151 \u00e9s az energia-management, energiahat\u00e9konys\u00e1g \u00e9s a fenntarthat\u00f3s\u00e1g\" \/>\n<meta property=\"og:url\" content=\"https:\/\/nordiihomes.com\/en\/techologia-es-innovacio\/\" \/>\n<meta property=\"og:site_name\" content=\"Nordii Homes\" \/>\n<meta property=\"article:modified_time\" content=\"2024-03-25T10:56:43+00:00\" \/>\n<meta property=\"og:image\" content=\"https:\/\/nordiihomes.com\/wp-content\/uploads\/2024\/03\/artificial-intelligence-2167835_1920-1.jpg\" \/>\n\t<meta property=\"og:image:width\" content=\"1920\" \/>\n\t<meta property=\"og:image:height\" content=\"1285\" \/>\n\t<meta property=\"og:image:type\" content=\"image\/jpeg\" \/>\n<meta name=\"twitter:card\" content=\"summary_large_image\" \/>\n<meta name=\"twitter:label1\" content=\"Estimated reading time\" \/>\n\t<meta name=\"twitter:data1\" content=\"2 minutes\" \/>\n<script type=\"application\/ld+json\" class=\"yoast-schema-graph\">{\"@context\":\"https:\/\/schema.org\",\"@graph\":[{\"@type\":\"WebPage\",\"@id\":\"https:\/\/nordiihomes.com\/techologia-es-innovacio\/\",\"url\":\"https:\/\/nordiihomes.com\/techologia-es-innovacio\/\",\"name\":\"Techol\u00f3gia \u00e9s innov\u00e1ci\u00f3 - Nordii Homes\",\"isPartOf\":{\"@id\":\"https:\/\/nordiihomes.com\/#website\"},\"primaryImageOfPage\":{\"@id\":\"https:\/\/nordiihomes.com\/techologia-es-innovacio\/#primaryimage\"},\"image\":{\"@id\":\"https:\/\/nordiihomes.com\/techologia-es-innovacio\/#primaryimage\"},\"thumbnailUrl\":\"https:\/\/nordiihomes.com\/wp-content\/uploads\/2024\/03\/artificial-intelligence-2167835_1920-1.jpg\",\"datePublished\":\"2024-03-06T12:46:01+00:00\",\"dateModified\":\"2024-03-25T10:56:43+00:00\",\"description\":\"A NORDii innov\u00e1ci\u00f3i: t\u00e9r elem, burokszigetel\u00e9s.Modern akt\u00edv-h\u00e1z, villamos\u00edtott j\u00f6v\u0151 \u00e9s az energia-management, energiahat\u00e9konys\u00e1g \u00e9s a fenntarthat\u00f3s\u00e1g\",\"breadcrumb\":{\"@id\":\"https:\/\/nordiihomes.com\/techologia-es-innovacio\/#breadcrumb\"},\"inLanguage\":\"en-GB\",\"potentialAction\":[{\"@type\":\"ReadAction\",\"target\":[\"https:\/\/nordiihomes.com\/techologia-es-innovacio\/\"]}]},{\"@type\":\"ImageObject\",\"inLanguage\":\"en-GB\",\"@id\":\"https:\/\/nordiihomes.com\/techologia-es-innovacio\/#primaryimage\",\"url\":\"https:\/\/nordiihomes.com\/wp-content\/uploads\/2024\/03\/artificial-intelligence-2167835_1920-1.jpg\",\"contentUrl\":\"https:\/\/nordiihomes.com\/wp-content\/uploads\/2024\/03\/artificial-intelligence-2167835_1920-1.jpg\",\"width\":1920,\"height\":1285},{\"@type\":\"BreadcrumbList\",\"@id\":\"https:\/\/nordiihomes.com\/techologia-es-innovacio\/#breadcrumb\",\"itemListElement\":[{\"@type\":\"ListItem\",\"position\":1,\"name\":\"Kezd\u0151lap\",\"item\":\"https:\/\/nordiihomes.com\/\"},{\"@type\":\"ListItem\",\"position\":2,\"name\":\"Techol\u00f3gia \u00e9s innov\u00e1ci\u00f3\"}]},{\"@type\":\"WebSite\",\"@id\":\"https:\/\/nordiihomes.com\/#website\",\"url\":\"https:\/\/nordiihomes.com\/\",\"name\":\"Nordii Homes\",\"description\":\"NORDii = modern akt\u00edv-h\u00e1z\",\"potentialAction\":[{\"@type\":\"SearchAction\",\"target\":{\"@type\":\"EntryPoint\",\"urlTemplate\":\"https:\/\/nordiihomes.com\/?s={search_term_string}\"},\"query-input\":{\"@type\":\"PropertyValueSpecification\",\"valueRequired\":true,\"valueName\":\"search_term_string\"}}],\"inLanguage\":\"en-GB\"}]}<\/script>\n<!-- \/ Yoast SEO plugin. -->","yoast_head_json":{"title":"Techol\u00f3gia \u00e9s innov\u00e1ci\u00f3 - Nordii Homes","description":"A NORDii innov\u00e1ci\u00f3i: t\u00e9r elem, burokszigetel\u00e9s.Modern akt\u00edv-h\u00e1z, villamos\u00edtott j\u00f6v\u0151 \u00e9s az energia-management, energiahat\u00e9konys\u00e1g \u00e9s a fenntarthat\u00f3s\u00e1g","robots":{"index":"index","follow":"follow","max-snippet":"max-snippet:-1","max-image-preview":"max-image-preview:large","max-video-preview":"max-video-preview:-1"},"canonical":"https:\/\/nordiihomes.com\/en\/techologia-es-innovacio\/","og_locale":"en_GB","og_type":"article","og_title":"Techol\u00f3gia \u00e9s innov\u00e1ci\u00f3 - Nordii Homes","og_description":"A NORDii innov\u00e1ci\u00f3i: t\u00e9r elem, burokszigetel\u00e9s.Modern akt\u00edv-h\u00e1z, villamos\u00edtott j\u00f6v\u0151 \u00e9s az energia-management, energiahat\u00e9konys\u00e1g \u00e9s a fenntarthat\u00f3s\u00e1g","og_url":"https:\/\/nordiihomes.com\/en\/techologia-es-innovacio\/","og_site_name":"Nordii Homes","article_modified_time":"2024-03-25T10:56:43+00:00","og_image":[{"width":1920,"height":1285,"url":"https:\/\/nordiihomes.com\/wp-content\/uploads\/2024\/03\/artificial-intelligence-2167835_1920-1.jpg","type":"image\/jpeg"}],"twitter_card":"summary_large_image","twitter_misc":{"Estimated reading time":"2 minutes"},"schema":{"@context":"https:\/\/schema.org","@graph":[{"@type":"WebPage","@id":"https:\/\/nordiihomes.com\/techologia-es-innovacio\/","url":"https:\/\/nordiihomes.com\/techologia-es-innovacio\/","name":"Techol\u00f3gia \u00e9s innov\u00e1ci\u00f3 - Nordii Homes","isPartOf":{"@id":"https:\/\/nordiihomes.com\/#website"},"primaryImageOfPage":{"@id":"https:\/\/nordiihomes.com\/techologia-es-innovacio\/#primaryimage"},"image":{"@id":"https:\/\/nordiihomes.com\/techologia-es-innovacio\/#primaryimage"},"thumbnailUrl":"https:\/\/nordiihomes.com\/wp-content\/uploads\/2024\/03\/artificial-intelligence-2167835_1920-1.jpg","datePublished":"2024-03-06T12:46:01+00:00","dateModified":"2024-03-25T10:56:43+00:00","description":"A NORDii innov\u00e1ci\u00f3i: t\u00e9r elem, burokszigetel\u00e9s.Modern akt\u00edv-h\u00e1z, villamos\u00edtott j\u00f6v\u0151 \u00e9s az energia-management, energiahat\u00e9konys\u00e1g \u00e9s a fenntarthat\u00f3s\u00e1g","breadcrumb":{"@id":"https:\/\/nordiihomes.com\/techologia-es-innovacio\/#breadcrumb"},"inLanguage":"en-GB","potentialAction":[{"@type":"ReadAction","target":["https:\/\/nordiihomes.com\/techologia-es-innovacio\/"]}]},{"@type":"ImageObject","inLanguage":"en-GB","@id":"https:\/\/nordiihomes.com\/techologia-es-innovacio\/#primaryimage","url":"https:\/\/nordiihomes.com\/wp-content\/uploads\/2024\/03\/artificial-intelligence-2167835_1920-1.jpg","contentUrl":"https:\/\/nordiihomes.com\/wp-content\/uploads\/2024\/03\/artificial-intelligence-2167835_1920-1.jpg","width":1920,"height":1285},{"@type":"BreadcrumbList","@id":"https:\/\/nordiihomes.com\/techologia-es-innovacio\/#breadcrumb","itemListElement":[{"@type":"ListItem","position":1,"name":"Kezd\u0151lap","item":"https:\/\/nordiihomes.com\/"},{"@type":"ListItem","position":2,"name":"Techol\u00f3gia \u00e9s innov\u00e1ci\u00f3"}]},{"@type":"WebSite","@id":"https:\/\/nordiihomes.com\/#website","url":"https:\/\/nordiihomes.com\/","name":"Nordii Homes","description":"NORDii = modern akt\u00edv-h\u00e1z","potentialAction":[{"@type":"SearchAction","target":{"@type":"EntryPoint","urlTemplate":"https:\/\/nordiihomes.com\/?s={search_term_string}"},"query-input":{"@type":"PropertyValueSpecification","valueRequired":true,"valueName":"search_term_string"}}],"inLanguage":"en-GB"}]}},"_links":{"self":[{"href":"https:\/\/nordiihomes.com\/en\/wp-json\/wp\/v2\/pages\/237872","targetHints":{"allow":["GET"]}}],"collection":[{"href":"https:\/\/nordiihomes.com\/en\/wp-json\/wp\/v2\/pages"}],"about":[{"href":"https:\/\/nordiihomes.com\/en\/wp-json\/wp\/v2\/types\/page"}],"author":[{"embeddable":true,"href":"https:\/\/nordiihomes.com\/en\/wp-json\/wp\/v2\/users\/3"}],"replies":[{"embeddable":true,"href":"https:\/\/nordiihomes.com\/en\/wp-json\/wp\/v2\/comments?post=237872"}],"version-history":[{"count":19,"href":"https:\/\/nordiihomes.com\/en\/wp-json\/wp\/v2\/pages\/237872\/revisions"}],"predecessor-version":[{"id":238832,"href":"https:\/\/nordiihomes.com\/en\/wp-json\/wp\/v2\/pages\/237872\/revisions\/238832"}],"wp:featuredmedia":[{"embeddable":true,"href":"https:\/\/nordiihomes.com\/en\/wp-json\/wp\/v2\/media\/238423"}],"wp:attachment":[{"href":"https:\/\/nordiihomes.com\/en\/wp-json\/wp\/v2\/media?parent=237872"}],"curies":[{"name":"wp","href":"https:\/\/api.w.org\/{rel}","templated":true}]}}