{"id":237890,"date":"2024-03-06T14:11:28","date_gmt":"2024-03-06T13:11:28","guid":{"rendered":"https:\/\/nordiihomes.com\/?page_id=237890"},"modified":"2024-03-21T14:32:18","modified_gmt":"2024-03-21T13:32:18","slug":"uzleti-modell","status":"publish","type":"page","link":"https:\/\/nordiihomes.com\/en\/uzleti-modell\/","title":{"rendered":"\u00dczleti modell"},"content":{"rendered":"<p>[et_pb_section fb_built=&#8221;1&#8243; _builder_version=&#8221;4.24.2&#8243; _module_preset=&#8221;default&#8221; background_color=&#8221;#2f393d&#8221; use_background_color_gradient=&#8221;on&#8221; background_color_gradient_stops=&#8221;#2f393d 0%|rgba(255,255,255,0) 100%&#8221; background_image=&#8221;https:\/\/nordiihomes.com\/wp-content\/uploads\/2024\/03\/1_kep_csere-1-copy.webp&#8221; parallax=&#8221;on&#8221; parallax_method=&#8221;off&#8221; background_blend=&#8221;overlay&#8221; transform_scale_linked=&#8221;off&#8221; transform_translate_linked=&#8221;off&#8221; height=&#8221;103vh&#8221; custom_margin=&#8221;-115px||||false|false&#8221; hover_enabled=&#8221;0&#8243; global_colors_info=&#8221;{}&#8221; height_last_edited=&#8221;on|phone&#8221; height_phone=&#8221;50vh&#8221; sticky_enabled=&#8221;0&#8243; height_tablet=&#8221;103vh&#8221;][et_pb_row make_equal=&#8221;on&#8221; _builder_version=&#8221;4.24.2&#8243; _module_preset=&#8221;default&#8221; custom_margin=&#8221;5vh||3vh||false|false&#8221; hover_enabled=&#8221;0&#8243; custom_css_main_element=&#8221;margin: auto&#8221; global_colors_info=&#8221;{}&#8221; positioning_last_edited=&#8221;on|phone&#8221; position_origin_a_last_edited=&#8221;on|phone&#8221; position_origin_f_last_edited=&#8221;on|phone&#8221; position_origin_r_last_edited=&#8221;on|phone&#8221; width_last_edited=&#8221;on|phone&#8221; width_phone=&#8221;100%&#8221; positioning_phone=&#8221;absolute&#8221; position_origin_a_phone=&#8221;bottom_center&#8221; vertical_offset_last_edited=&#8221;on|phone&#8221; vertical_offset_phone=&#8221;-30px&#8221; sticky_enabled=&#8221;0&#8243;][et_pb_column type=&#8221;4_4&#8243; _builder_version=&#8221;4.24.1&#8243; _module_preset=&#8221;default&#8221; global_colors_info=&#8221;{}&#8221;][et_pb_text _builder_version=&#8221;4.24.2&#8243; _module_preset=&#8221;default&#8221; header_font=&#8221;Roboto||||||||&#8221; header_text_align=&#8221;center&#8221; header_text_color=&#8221;#FFFFFF&#8221; header_font_size=&#8221;46px&#8221; header_2_font=&#8221;Roboto||||||||&#8221; header_2_text_align=&#8221;center&#8221; header_2_text_color=&#8221;#FFFFFF&#8221; header_2_font_size=&#8221;46px&#8221; background_enable_color=&#8221;off&#8221; width=&#8221;100%&#8221; module_alignment=&#8221;center&#8221; custom_margin=&#8221;||5px||false|false&#8221; custom_padding=&#8221;20px||20px||true|false&#8221; hover_enabled=&#8221;0&#8243; global_colors_info=&#8221;{}&#8221; header_font_size_last_edited=&#8221;on|phone&#8221; header_font_size_phone=&#8221;36px&#8221; sticky_enabled=&#8221;0&#8243; header_font_size_tablet=&#8221;46px&#8221;]<\/p>\n<h1>Construction Business Model<\/h1>\n<p>[\/et_pb_text][\/et_pb_column][\/et_pb_row][\/et_pb_section][et_pb_section fb_built=&#8221;1&#8243; _builder_version=&#8221;4.24.2&#8243; _module_preset=&#8221;default&#8221; background_enable_color=&#8221;off&#8221; background_enable_image=&#8221;off&#8221; background_position=&#8221;top_center&#8221; background_vertical_offset=&#8221;40%&#8221; custom_margin=&#8221;0px||0px||true|false&#8221; custom_padding=&#8221;0px||0px||true|false&#8221; global_colors_info=&#8221;{}&#8221;][et_pb_row _builder_version=&#8221;4.24.2&#8243; _module_preset=&#8221;default&#8221; background_image=&#8221;https:\/\/nordiihomes.com\/wp-content\/uploads\/2024\/03\/Epitoipari-uzleti-modell-2.kep-copy.webp&#8221; width=&#8221;100%&#8221; max_width=&#8221;100%&#8221; height=&#8221;100vh&#8221; custom_margin=&#8221;0px||0px||false|false&#8221; custom_padding=&#8221;0px||0px||true|false&#8221; hover_enabled=&#8221;0&#8243; global_colors_info=&#8221;{}&#8221; height_last_edited=&#8221;on|phone&#8221; height_phone=&#8221;50vh&#8221; sticky_enabled=&#8221;0&#8243; height_tablet=&#8221;100vh&#8221;][et_pb_column type=&#8221;4_4&#8243; _builder_version=&#8221;4.24.2&#8243; _module_preset=&#8221;default&#8221; global_colors_info=&#8221;{}&#8221;][\/et_pb_column][\/et_pb_row][\/et_pb_section][et_pb_section fb_built=&#8221;1&#8243; _builder_version=&#8221;4.24.1&#8243; _module_preset=&#8221;default&#8221; background_color=&#8221;rgba(255,255,255,0.95)&#8221; background_image=&#8221;https:\/\/nordiihomes.com\/wp-content\/uploads\/2024\/02\/NORDii-Logo-1.png&#8221; background_size=&#8221;custom&#8221; background_image_width=&#8221;30%&#8221; background_position=&#8221;center_left&#8221; background_horizontal_offset=&#8221;9%&#8221; background_blend=&#8221;overlay&#8221; custom_margin=&#8221;0px||||false|false&#8221; custom_padding=&#8221;0px||0px||false|false&#8221; global_colors_info=&#8221;{}&#8221;][et_pb_row column_structure=&#8221;2_5,3_5&#8243; use_custom_gutter=&#8221;on&#8221; make_equal=&#8221;on&#8221; _builder_version=&#8221;4.24.1&#8243; _module_preset=&#8221;default&#8221; width=&#8221;100%&#8221; max_width=&#8221;100%&#8221; custom_margin=&#8221;5px||5px||false|false&#8221; custom_margin_tablet=&#8221;5px||5px||false|false&#8221; custom_margin_phone=&#8221;30px||30px||false|false&#8221; custom_margin_last_edited=&#8221;on|phone&#8221; custom_padding=&#8221;0px||0px||true|false&#8221; custom_css_main_element=&#8221;align-items: center&#8221; global_colors_info=&#8221;{}&#8221;][et_pb_column type=&#8221;2_5&#8243; _builder_version=&#8221;4.24.1&#8243; _module_preset=&#8221;default&#8221; custom_padding=&#8221;|||6vw|false|false&#8221; custom_padding_tablet=&#8221;|||6vw|false|false&#8221; custom_padding_phone=&#8221;|20px||20px|false|true&#8221; custom_padding_last_edited=&#8221;on|phone&#8221; global_colors_info=&#8221;{}&#8221;][et_pb_text _builder_version=&#8221;4.24.2&#8243; _module_preset=&#8221;default&#8221; header_2_font=&#8221;Roboto|900||on|||||&#8221; header_2_text_align=&#8221;center&#8221; header_2_text_color=&#8221;#2f393d&#8221; header_2_font_size=&#8221;30px&#8221; global_colors_info=&#8221;{}&#8221;]<\/p>\n<h2>CONSTRUCTION BUSINESS MODEL<\/h2>\n<p>[\/et_pb_text][et_pb_text _builder_version=&#8221;4.24.2&#8243; _module_preset=&#8221;default&#8221; text_font=&#8221;Roboto|300|||||||&#8221; text_text_color=&#8221;#2f393d&#8221; text_font_size=&#8221;16px&#8221; text_line_height=&#8221;1.6em&#8221; text_orientation=&#8221;center&#8221; global_colors_info=&#8221;{}&#8221;]<\/p>\n<p><strong>ALAN KAY:<\/strong><br \/>\u201cThe best way to predict the future is <strong>to invent it.\u201d<\/strong><\/p>\n<p>We are the first to incorporate the modular prefabrication of designed concrete spatial elements into a Construction Franchise system and create the NORDii brand's business model.<\/p>\n<p><strong>ESG is an integral part of the business strategy<\/strong>and the foundation of business success, and it is not an optional extra. Every company must accept that sustainability is now a matter of competitiveness.<\/p>\n<p>[\/et_pb_text][\/et_pb_column][et_pb_column type=&#8221;3_5&#8243; _builder_version=&#8221;4.24.0&#8243; _module_preset=&#8221;default&#8221; global_colors_info=&#8221;{}&#8221;][et_pb_image src=&#8221;https:\/\/nordiihomes.com\/wp-content\/uploads\/2024\/03\/3-copy.webp&#8221; title_text=&#8221;3 copy&#8221; show_in_lightbox=&#8221;on&#8221; align=&#8221;right&#8221; _builder_version=&#8221;4.24.2&#8243; _module_preset=&#8221;default&#8221; global_colors_info=&#8221;{}&#8221;][\/et_pb_image][\/et_pb_column][\/et_pb_row][\/et_pb_section]<\/p>","protected":false},"excerpt":{"rendered":"<p>\u00c9p\u00edt\u0151ipari \u00fczleti modell\u00c9P\u00cdT\u0150IPARI \u00dcZLETI MODELLALAN KAY:\u201ca j\u00f6v\u0151 m\u00e9g nincs meg\u00edrva, azt csak \u00fagy lehet megj\u00f3solni, ha mi magunk tal\u00e1ljuk fel.\u201d Mi vagyunk az els\u0151k, akik formatervezett beton t\u00e9r-elem modul\u00e1ris el\u0151regy\u00e1rt\u00e1s\u00e1t egy \u00c9p\u00edt\u0151ipari Franchise rendszerbe tett\u00fck bele \u00e9s alkottuk meg a NORDii brand &#8211; \u00fczleti modellj\u00e9t. Az ESG az \u00fczleti strat\u00e9gia szerves r\u00e9sze, az \u00fczleti sikeress\u00e9g alapja \u00e9s nem opcion\u00e1lis extr\u00e1ja. Minden v\u00e1llalatnak el kell fogadnia, hogy a fenntarthat\u00f3s\u00e1g, m\u00e1r versenyk\u00e9pess\u00e9gi k\u00e9rd\u00e9s.<\/p>","protected":false},"author":3,"featured_media":238404,"parent":0,"menu_order":0,"comment_status":"closed","ping_status":"closed","template":"","meta":{"_et_pb_use_builder":"on","_et_pb_old_content":"","_et_gb_content_width":"","footnotes":""},"class_list":["post-237890","page","type-page","status-publish","has-post-thumbnail","hentry"],"yoast_head":"<!-- This site is optimized with the Yoast SEO plugin v24.5 - https:\/\/yoast.com\/wordpress\/plugins\/seo\/ -->\n<title>\u00dczleti modell - Nordii Homes<\/title>\n<meta name=\"description\" content=\"Mi vagyunk az els\u0151k, akik formatervezett beton t\u00e9r-elem modul\u00e1ris el\u0151regy\u00e1rt\u00e1s\u00e1t egy \u00c9p\u00edt\u0151ipari Franchise rendszerbe tett\u00fck bele \u00e9s alkottuk meg a NORDii brand - \u00fczleti modellj\u00e9t.\" \/>\n<meta name=\"robots\" content=\"index, follow, max-snippet:-1, max-image-preview:large, max-video-preview:-1\" \/>\n<link rel=\"canonical\" href=\"https:\/\/nordiihomes.com\/en\/uzleti-modell\/\" \/>\n<meta property=\"og:locale\" content=\"en_GB\" \/>\n<meta property=\"og:type\" content=\"article\" \/>\n<meta property=\"og:title\" content=\"\u00dczleti modell - Nordii Homes\" \/>\n<meta property=\"og:description\" content=\"Mi vagyunk az els\u0151k, akik formatervezett beton t\u00e9r-elem modul\u00e1ris el\u0151regy\u00e1rt\u00e1s\u00e1t egy \u00c9p\u00edt\u0151ipari Franchise rendszerbe tett\u00fck bele \u00e9s alkottuk meg a NORDii brand - \u00fczleti modellj\u00e9t.\" \/>\n<meta property=\"og:url\" content=\"https:\/\/nordiihomes.com\/en\/uzleti-modell\/\" \/>\n<meta property=\"og:site_name\" content=\"Nordii Homes\" \/>\n<meta property=\"article:modified_time\" content=\"2024-03-21T13:32:18+00:00\" \/>\n<meta property=\"og:image\" content=\"https:\/\/nordiihomes.com\/wp-content\/uploads\/2024\/03\/1_kep_csere-1-copy.webp\" \/>\n\t<meta property=\"og:image:width\" content=\"1792\" \/>\n\t<meta property=\"og:image:height\" content=\"1024\" \/>\n\t<meta property=\"og:image:type\" content=\"image\/webp\" \/>\n<meta name=\"twitter:card\" content=\"summary_large_image\" \/>\n<meta name=\"twitter:label1\" content=\"Estimated reading time\" \/>\n\t<meta name=\"twitter:data1\" content=\"2 minutes\" \/>\n<script type=\"application\/ld+json\" class=\"yoast-schema-graph\">{\"@context\":\"https:\/\/schema.org\",\"@graph\":[{\"@type\":\"WebPage\",\"@id\":\"https:\/\/nordiihomes.com\/uzleti-modell\/\",\"url\":\"https:\/\/nordiihomes.com\/uzleti-modell\/\",\"name\":\"\u00dczleti modell - Nordii Homes\",\"isPartOf\":{\"@id\":\"https:\/\/nordiihomes.com\/#website\"},\"primaryImageOfPage\":{\"@id\":\"https:\/\/nordiihomes.com\/uzleti-modell\/#primaryimage\"},\"image\":{\"@id\":\"https:\/\/nordiihomes.com\/uzleti-modell\/#primaryimage\"},\"thumbnailUrl\":\"https:\/\/nordiihomes.com\/wp-content\/uploads\/2024\/03\/1_kep_csere-1-copy.webp\",\"datePublished\":\"2024-03-06T13:11:28+00:00\",\"dateModified\":\"2024-03-21T13:32:18+00:00\",\"description\":\"Mi vagyunk az els\u0151k, akik formatervezett beton t\u00e9r-elem modul\u00e1ris el\u0151regy\u00e1rt\u00e1s\u00e1t egy \u00c9p\u00edt\u0151ipari Franchise rendszerbe tett\u00fck bele \u00e9s alkottuk meg a NORDii brand - \u00fczleti modellj\u00e9t.\",\"breadcrumb\":{\"@id\":\"https:\/\/nordiihomes.com\/uzleti-modell\/#breadcrumb\"},\"inLanguage\":\"en-GB\",\"potentialAction\":[{\"@type\":\"ReadAction\",\"target\":[\"https:\/\/nordiihomes.com\/uzleti-modell\/\"]}]},{\"@type\":\"ImageObject\",\"inLanguage\":\"en-GB\",\"@id\":\"https:\/\/nordiihomes.com\/uzleti-modell\/#primaryimage\",\"url\":\"https:\/\/nordiihomes.com\/wp-content\/uploads\/2024\/03\/1_kep_csere-1-copy.webp\",\"contentUrl\":\"https:\/\/nordiihomes.com\/wp-content\/uploads\/2024\/03\/1_kep_csere-1-copy.webp\",\"width\":1792,\"height\":1024},{\"@type\":\"BreadcrumbList\",\"@id\":\"https:\/\/nordiihomes.com\/uzleti-modell\/#breadcrumb\",\"itemListElement\":[{\"@type\":\"ListItem\",\"position\":1,\"name\":\"Kezd\u0151lap\",\"item\":\"https:\/\/nordiihomes.com\/\"},{\"@type\":\"ListItem\",\"position\":2,\"name\":\"\u00dczleti modell\"}]},{\"@type\":\"WebSite\",\"@id\":\"https:\/\/nordiihomes.com\/#website\",\"url\":\"https:\/\/nordiihomes.com\/\",\"name\":\"Nordii Homes\",\"description\":\"NORDii = modern akt\u00edv-h\u00e1z\",\"potentialAction\":[{\"@type\":\"SearchAction\",\"target\":{\"@type\":\"EntryPoint\",\"urlTemplate\":\"https:\/\/nordiihomes.com\/?s={search_term_string}\"},\"query-input\":{\"@type\":\"PropertyValueSpecification\",\"valueRequired\":true,\"valueName\":\"search_term_string\"}}],\"inLanguage\":\"en-GB\"}]}<\/script>\n<!-- \/ Yoast SEO plugin. -->","yoast_head_json":{"title":"\u00dczleti modell - Nordii Homes","description":"Mi vagyunk az els\u0151k, akik formatervezett beton t\u00e9r-elem modul\u00e1ris el\u0151regy\u00e1rt\u00e1s\u00e1t egy \u00c9p\u00edt\u0151ipari Franchise rendszerbe tett\u00fck bele \u00e9s alkottuk meg a NORDii brand - \u00fczleti modellj\u00e9t.","robots":{"index":"index","follow":"follow","max-snippet":"max-snippet:-1","max-image-preview":"max-image-preview:large","max-video-preview":"max-video-preview:-1"},"canonical":"https:\/\/nordiihomes.com\/en\/uzleti-modell\/","og_locale":"en_GB","og_type":"article","og_title":"\u00dczleti modell - Nordii Homes","og_description":"Mi vagyunk az els\u0151k, akik formatervezett beton t\u00e9r-elem modul\u00e1ris el\u0151regy\u00e1rt\u00e1s\u00e1t egy \u00c9p\u00edt\u0151ipari Franchise rendszerbe tett\u00fck bele \u00e9s alkottuk meg a NORDii brand - \u00fczleti modellj\u00e9t.","og_url":"https:\/\/nordiihomes.com\/en\/uzleti-modell\/","og_site_name":"Nordii Homes","article_modified_time":"2024-03-21T13:32:18+00:00","og_image":[{"width":1792,"height":1024,"url":"https:\/\/nordiihomes.com\/wp-content\/uploads\/2024\/03\/1_kep_csere-1-copy.webp","type":"image\/webp"}],"twitter_card":"summary_large_image","twitter_misc":{"Estimated reading time":"2 minutes"},"schema":{"@context":"https:\/\/schema.org","@graph":[{"@type":"WebPage","@id":"https:\/\/nordiihomes.com\/uzleti-modell\/","url":"https:\/\/nordiihomes.com\/uzleti-modell\/","name":"\u00dczleti modell - Nordii Homes","isPartOf":{"@id":"https:\/\/nordiihomes.com\/#website"},"primaryImageOfPage":{"@id":"https:\/\/nordiihomes.com\/uzleti-modell\/#primaryimage"},"image":{"@id":"https:\/\/nordiihomes.com\/uzleti-modell\/#primaryimage"},"thumbnailUrl":"https:\/\/nordiihomes.com\/wp-content\/uploads\/2024\/03\/1_kep_csere-1-copy.webp","datePublished":"2024-03-06T13:11:28+00:00","dateModified":"2024-03-21T13:32:18+00:00","description":"Mi vagyunk az els\u0151k, akik formatervezett beton t\u00e9r-elem modul\u00e1ris el\u0151regy\u00e1rt\u00e1s\u00e1t egy \u00c9p\u00edt\u0151ipari Franchise rendszerbe tett\u00fck bele \u00e9s alkottuk meg a NORDii brand - \u00fczleti modellj\u00e9t.","breadcrumb":{"@id":"https:\/\/nordiihomes.com\/uzleti-modell\/#breadcrumb"},"inLanguage":"en-GB","potentialAction":[{"@type":"ReadAction","target":["https:\/\/nordiihomes.com\/uzleti-modell\/"]}]},{"@type":"ImageObject","inLanguage":"en-GB","@id":"https:\/\/nordiihomes.com\/uzleti-modell\/#primaryimage","url":"https:\/\/nordiihomes.com\/wp-content\/uploads\/2024\/03\/1_kep_csere-1-copy.webp","contentUrl":"https:\/\/nordiihomes.com\/wp-content\/uploads\/2024\/03\/1_kep_csere-1-copy.webp","width":1792,"height":1024},{"@type":"BreadcrumbList","@id":"https:\/\/nordiihomes.com\/uzleti-modell\/#breadcrumb","itemListElement":[{"@type":"ListItem","position":1,"name":"Kezd\u0151lap","item":"https:\/\/nordiihomes.com\/"},{"@type":"ListItem","position":2,"name":"\u00dczleti modell"}]},{"@type":"WebSite","@id":"https:\/\/nordiihomes.com\/#website","url":"https:\/\/nordiihomes.com\/","name":"Nordii Homes","description":"NORDii = modern akt\u00edv-h\u00e1z","potentialAction":[{"@type":"SearchAction","target":{"@type":"EntryPoint","urlTemplate":"https:\/\/nordiihomes.com\/?s={search_term_string}"},"query-input":{"@type":"PropertyValueSpecification","valueRequired":true,"valueName":"search_term_string"}}],"inLanguage":"en-GB"}]}},"_links":{"self":[{"href":"https:\/\/nordiihomes.com\/en\/wp-json\/wp\/v2\/pages\/237890","targetHints":{"allow":["GET"]}}],"collection":[{"href":"https:\/\/nordiihomes.com\/en\/wp-json\/wp\/v2\/pages"}],"about":[{"href":"https:\/\/nordiihomes.com\/en\/wp-json\/wp\/v2\/types\/page"}],"author":[{"embeddable":true,"href":"https:\/\/nordiihomes.com\/en\/wp-json\/wp\/v2\/users\/3"}],"replies":[{"embeddable":true,"href":"https:\/\/nordiihomes.com\/en\/wp-json\/wp\/v2\/comments?post=237890"}],"version-history":[{"count":15,"href":"https:\/\/nordiihomes.com\/en\/wp-json\/wp\/v2\/pages\/237890\/revisions"}],"predecessor-version":[{"id":238724,"href":"https:\/\/nordiihomes.com\/en\/wp-json\/wp\/v2\/pages\/237890\/revisions\/238724"}],"wp:featuredmedia":[{"embeddable":true,"href":"https:\/\/nordiihomes.com\/en\/wp-json\/wp\/v2\/media\/238404"}],"wp:attachment":[{"href":"https:\/\/nordiihomes.com\/en\/wp-json\/wp\/v2\/media?parent=237890"}],"curies":[{"name":"wp","href":"https:\/\/api.w.org\/{rel}","templated":true}]}}