{"id":238438,"date":"2024-03-13T12:12:45","date_gmt":"2024-03-13T11:12:45","guid":{"rendered":"https:\/\/nordiihomes.com\/?page_id=238438"},"modified":"2024-03-21T14:02:27","modified_gmt":"2024-03-21T13:02:27","slug":"modern-aktiv-haz-nordii","status":"publish","type":"page","link":"https:\/\/nordiihomes.com\/en\/modern-aktiv-haz-nordii\/","title":{"rendered":"Modern akt\u00edv h\u00e1z Nordii"},"content":{"rendered":"<p>[et_pb_section fb_built=&#8221;1&#8243; _builder_version=&#8221;4.24.2&#8243; _module_preset=&#8221;default&#8221; global_colors_info=&#8221;{}&#8221;][et_pb_row _builder_version=&#8221;4.24.2&#8243; _module_preset=&#8221;default&#8221; background_color=&#8221;rgba(255,255,255,0.96)&#8221; background_image=&#8221;https:\/\/nordiihomes.com\/wp-content\/uploads\/2024\/02\/NORDii_felirat_logo_kek.png&#8221; background_size=&#8221;contain&#8221; background_blend=&#8221;overlay&#8221; global_colors_info=&#8221;{}&#8221;][et_pb_column type=&#8221;4_4&#8243; _builder_version=&#8221;4.24.2&#8243; _module_preset=&#8221;default&#8221; global_colors_info=&#8221;{}&#8221;][et_pb_text _builder_version=&#8221;4.24.2&#8243; _module_preset=&#8221;default&#8221; text_font=&#8221;Roboto|300|||||||&#8221; text_text_color=&#8221;#2f393d&#8221; text_font_size=&#8221;18px&#8221; text_line_height=&#8221;1.5em&#8221; header_font=&#8221;Roboto|900|||||||&#8221; header_text_color=&#8221;#2f393d&#8221; header_font_size=&#8221;40px&#8221; header_2_font=&#8221;Roboto|900|||||||&#8221; header_2_text_align=&#8221;center&#8221; header_2_text_color=&#8221;#2f393d&#8221; header_2_font_size=&#8221;40px&#8221; text_orientation=&#8221;center&#8221; global_colors_info=&#8221;{}&#8221;]<\/p>\n<h1>Modern active house<\/h1>\n<p>&nbsp;<\/p>\n<p><strong>Modern style is built on the clean relationship between function and form:<\/strong>the emphasis is on understanding materials and the possibilities they offer.<\/p>\n<p>The NORDii brand is not just about house building; <strong>NORDii Homes is also a life philosophy: a modern active house that is energy cost-free and CO2 emission-free,<\/strong> meaning it is both a sustainable and environmentally conscious way of building.<\/p>\n<p>[\/et_pb_text][\/et_pb_column][\/et_pb_row][\/et_pb_section][et_pb_section fb_built=&#8221;1&#8243; _builder_version=&#8221;4.24.2&#8243; _module_preset=&#8221;default&#8221; custom_margin=&#8221;0px||||false|false&#8221; custom_padding=&#8221;0px||||false|false&#8221; global_colors_info=&#8221;{}&#8221;][et_pb_row _builder_version=&#8221;4.24.2&#8243; _module_preset=&#8221;default&#8221; width=&#8221;100%&#8221; max_width=&#8221;100%&#8221; global_colors_info=&#8221;{}&#8221;][et_pb_column type=&#8221;4_4&#8243; _builder_version=&#8221;4.24.2&#8243; _module_preset=&#8221;default&#8221; global_colors_info=&#8221;{}&#8221;][et_pb_image src=&#8221;https:\/\/nordiihomes.com\/wp-content\/uploads\/2024\/03\/Minimal_napnyugta_8K.webp&#8221; title_text=&#8221;Minima\u0301l_napnyugta_8K&#8221; align=&#8221;center&#8221; force_fullwidth=&#8221;on&#8221; _builder_version=&#8221;4.24.2&#8243; _module_preset=&#8221;default&#8221; global_colors_info=&#8221;{}&#8221;][\/et_pb_image][\/et_pb_column][\/et_pb_row][et_pb_row _builder_version=&#8221;4.24.2&#8243; _module_preset=&#8221;default&#8221; global_colors_info=&#8221;{}&#8221;][et_pb_column type=&#8221;4_4&#8243; _builder_version=&#8221;4.24.2&#8243; _module_preset=&#8221;default&#8221; global_colors_info=&#8221;{}&#8221;][et_pb_text _builder_version=&#8221;4.24.2&#8243; _module_preset=&#8221;default&#8221; text_font=&#8221;Roboto|300|||||||&#8221; text_text_color=&#8221;#2f393d&#8221; text_font_size=&#8221;18px&#8221; text_line_height=&#8221;1.5em&#8221; header_2_font=&#8221;Roboto|900|||||||&#8221; header_2_text_align=&#8221;center&#8221; header_2_text_color=&#8221;#2f393d&#8221; header_2_font_size=&#8221;40px&#8221; text_orientation=&#8221;center&#8221; global_colors_info=&#8221;{}&#8221;]<\/p>\n<p><b>NORDii = active house, active future<\/b><\/p>\n<p><strong>NORDii HOMES = modern active house<\/strong><\/p>\n<p>If you have a goal, there is a way to get there.<br \/>Find your way.<\/p>\n<p>Today's modern people buy modern buildings.<\/p>\n<p><strong>All you need to make a difference is to create a modern space.<\/strong><\/p>\n<p>[\/et_pb_text][\/et_pb_column][\/et_pb_row][et_pb_row column_structure=&#8221;1_2,1_2&#8243; use_custom_gutter=&#8221;on&#8221; gutter_width=&#8221;2&#8243; _builder_version=&#8221;4.24.2&#8243; _module_preset=&#8221;default&#8221; global_colors_info=&#8221;{}&#8221;][et_pb_column type=&#8221;1_2&#8243; _builder_version=&#8221;4.24.2&#8243; _module_preset=&#8221;default&#8221; global_colors_info=&#8221;{}&#8221;][et_pb_image src=&#8221;https:\/\/nordiihomes.com\/wp-content\/uploads\/2024\/03\/Minimal-2_8K-copy.webp&#8221; title_text=&#8221;Minimal-2_8K copy&#8221; _builder_version=&#8221;4.24.2&#8243; _module_preset=&#8221;default&#8221; border_radii=&#8221;on|50px|50px|50px|50px&#8221; global_colors_info=&#8221;{}&#8221;][\/et_pb_image][\/et_pb_column][et_pb_column type=&#8221;1_2&#8243; _builder_version=&#8221;4.24.2&#8243; _module_preset=&#8221;default&#8221; global_colors_info=&#8221;{}&#8221;][et_pb_image src=&#8221;https:\/\/nordiihomes.com\/wp-content\/uploads\/2024\/03\/Skandinav-2-SMALL-2-copy.webp&#8221; title_text=&#8221;Skandinav-2-SMALL-2 copy&#8221; _builder_version=&#8221;4.24.2&#8243; _module_preset=&#8221;default&#8221; border_radii=&#8221;on|50px|50px|50px|50px&#8221; global_colors_info=&#8221;{}&#8221;][\/et_pb_image][\/et_pb_column][\/et_pb_row][\/et_pb_section]<\/p>","protected":false},"excerpt":{"rendered":"<p>Modern akt\u00edv-h\u00e1z &nbsp; A modern st\u00edlus a funkci\u00f3 \u00e9s a forma letisztult kapcsolat\u00e1ra \u00e9p\u00edt: a hangs\u00faly az anyagok ismeret\u00e9n \u00e9s azokban rejl\u0151 lehet\u0151s\u00e9gekben van. A NORDii Brand nemcsak a h\u00e1z\u00e9p\u00edt\u00e9sr\u0151l sz\u00f3l, a NORDii Homes egy \u00e9letfiloz\u00f3fia is egyben: modern akt\u00edv-h\u00e1z, ami energia szempontj\u00e1b\u00f3l energia-rezsi mentes \u00e9s CO2 kibocs\u00e1t\u00e1s mentes, azaz fenntarthat\u00f3 \u00e9s k\u00f6rnyezettudatos \u00e9p\u00edt\u00e9si m\u00f3d is egyben.NORDii = akt\u00edv-h\u00e1z, akt\u00edv-j\u00f6v\u0151 NORDii HOMES = modern akt\u00edv-h\u00e1z Ha van c\u00e9lod, akkor oda \u00fat is vezet.Tal\u00e1ld meg az utad. Mai modern ember, modern \u00e9p\u00fcletet vesz. A v\u00e1ltoz\u00e1shoz nem kell m\u00e1s, mint teremtsd meg a modern teret.<\/p>","protected":false},"author":3,"featured_media":238300,"parent":0,"menu_order":0,"comment_status":"closed","ping_status":"closed","template":"","meta":{"_et_pb_use_builder":"on","_et_pb_old_content":"","_et_gb_content_width":"","footnotes":""},"class_list":["post-238438","page","type-page","status-publish","has-post-thumbnail","hentry"],"yoast_head":"<!-- This site is optimized with the Yoast SEO plugin v24.5 - https:\/\/yoast.com\/wordpress\/plugins\/seo\/ -->\n<title>Modern akt\u00edv h\u00e1z Nordii - Nordii Homes<\/title>\n<meta name=\"description\" content=\"A modern st\u00edlus a funkci\u00f3 \u00e9s a forma letisztult kapcsolat\u00e1ra \u00e9p\u00edt: a hangs\u00faly az anyagok ismeret\u00e9n \u00e9s azokban rejl\u0151 lehet\u0151s\u00e9gekben van.A NORDii Brand nemcsak a h\u00e1z\u00e9p\u00edt\u00e9sr\u0151l sz\u00f3l\" \/>\n<meta name=\"robots\" content=\"index, follow, max-snippet:-1, max-image-preview:large, max-video-preview:-1\" \/>\n<link rel=\"canonical\" href=\"https:\/\/nordiihomes.com\/en\/modern-aktiv-haz-nordii\/\" \/>\n<meta property=\"og:locale\" content=\"en_GB\" \/>\n<meta property=\"og:type\" content=\"article\" \/>\n<meta property=\"og:title\" content=\"Modern akt\u00edv h\u00e1z Nordii - Nordii Homes\" \/>\n<meta property=\"og:description\" content=\"A modern st\u00edlus a funkci\u00f3 \u00e9s a forma letisztult kapcsolat\u00e1ra \u00e9p\u00edt: a hangs\u00faly az anyagok ismeret\u00e9n \u00e9s azokban rejl\u0151 lehet\u0151s\u00e9gekben van.A NORDii Brand nemcsak a h\u00e1z\u00e9p\u00edt\u00e9sr\u0151l sz\u00f3l\" \/>\n<meta property=\"og:url\" content=\"https:\/\/nordiihomes.com\/en\/modern-aktiv-haz-nordii\/\" \/>\n<meta property=\"og:site_name\" content=\"Nordii Homes\" \/>\n<meta property=\"article:modified_time\" content=\"2024-03-21T13:02:27+00:00\" \/>\n<meta property=\"og:image\" content=\"https:\/\/nordiihomes.com\/wp-content\/uploads\/2024\/03\/Minimal_napnyugta_8K.webp\" \/>\n\t<meta property=\"og:image:width\" content=\"2000\" \/>\n\t<meta property=\"og:image:height\" content=\"1125\" \/>\n\t<meta property=\"og:image:type\" content=\"image\/webp\" \/>\n<meta name=\"twitter:card\" content=\"summary_large_image\" \/>\n<meta name=\"twitter:label1\" content=\"Estimated reading time\" \/>\n\t<meta name=\"twitter:data1\" content=\"2 minutes\" \/>\n<script type=\"application\/ld+json\" class=\"yoast-schema-graph\">{\"@context\":\"https:\/\/schema.org\",\"@graph\":[{\"@type\":\"WebPage\",\"@id\":\"https:\/\/nordiihomes.com\/modern-aktiv-haz-nordii\/\",\"url\":\"https:\/\/nordiihomes.com\/modern-aktiv-haz-nordii\/\",\"name\":\"Modern akt\u00edv h\u00e1z Nordii - Nordii Homes\",\"isPartOf\":{\"@id\":\"https:\/\/nordiihomes.com\/#website\"},\"primaryImageOfPage\":{\"@id\":\"https:\/\/nordiihomes.com\/modern-aktiv-haz-nordii\/#primaryimage\"},\"image\":{\"@id\":\"https:\/\/nordiihomes.com\/modern-aktiv-haz-nordii\/#primaryimage\"},\"thumbnailUrl\":\"https:\/\/nordiihomes.com\/wp-content\/uploads\/2024\/03\/Minimal_napnyugta_8K.webp\",\"datePublished\":\"2024-03-13T11:12:45+00:00\",\"dateModified\":\"2024-03-21T13:02:27+00:00\",\"description\":\"A modern st\u00edlus a funkci\u00f3 \u00e9s a forma letisztult kapcsolat\u00e1ra \u00e9p\u00edt: a hangs\u00faly az anyagok ismeret\u00e9n \u00e9s azokban rejl\u0151 lehet\u0151s\u00e9gekben van.A NORDii Brand nemcsak a h\u00e1z\u00e9p\u00edt\u00e9sr\u0151l sz\u00f3l\",\"breadcrumb\":{\"@id\":\"https:\/\/nordiihomes.com\/modern-aktiv-haz-nordii\/#breadcrumb\"},\"inLanguage\":\"en-GB\",\"potentialAction\":[{\"@type\":\"ReadAction\",\"target\":[\"https:\/\/nordiihomes.com\/modern-aktiv-haz-nordii\/\"]}]},{\"@type\":\"ImageObject\",\"inLanguage\":\"en-GB\",\"@id\":\"https:\/\/nordiihomes.com\/modern-aktiv-haz-nordii\/#primaryimage\",\"url\":\"https:\/\/nordiihomes.com\/wp-content\/uploads\/2024\/03\/Minimal_napnyugta_8K.webp\",\"contentUrl\":\"https:\/\/nordiihomes.com\/wp-content\/uploads\/2024\/03\/Minimal_napnyugta_8K.webp\",\"width\":2000,\"height\":1125},{\"@type\":\"BreadcrumbList\",\"@id\":\"https:\/\/nordiihomes.com\/modern-aktiv-haz-nordii\/#breadcrumb\",\"itemListElement\":[{\"@type\":\"ListItem\",\"position\":1,\"name\":\"Kezd\u0151lap\",\"item\":\"https:\/\/nordiihomes.com\/\"},{\"@type\":\"ListItem\",\"position\":2,\"name\":\"Modern akt\u00edv h\u00e1z Nordii\"}]},{\"@type\":\"WebSite\",\"@id\":\"https:\/\/nordiihomes.com\/#website\",\"url\":\"https:\/\/nordiihomes.com\/\",\"name\":\"Nordii Homes\",\"description\":\"NORDii = modern akt\u00edv-h\u00e1z\",\"potentialAction\":[{\"@type\":\"SearchAction\",\"target\":{\"@type\":\"EntryPoint\",\"urlTemplate\":\"https:\/\/nordiihomes.com\/?s={search_term_string}\"},\"query-input\":{\"@type\":\"PropertyValueSpecification\",\"valueRequired\":true,\"valueName\":\"search_term_string\"}}],\"inLanguage\":\"en-GB\"}]}<\/script>\n<!-- \/ Yoast SEO plugin. -->","yoast_head_json":{"title":"Modern akt\u00edv h\u00e1z Nordii - Nordii Homes","description":"A modern st\u00edlus a funkci\u00f3 \u00e9s a forma letisztult kapcsolat\u00e1ra \u00e9p\u00edt: a hangs\u00faly az anyagok ismeret\u00e9n \u00e9s azokban rejl\u0151 lehet\u0151s\u00e9gekben van.A NORDii Brand nemcsak a h\u00e1z\u00e9p\u00edt\u00e9sr\u0151l sz\u00f3l","robots":{"index":"index","follow":"follow","max-snippet":"max-snippet:-1","max-image-preview":"max-image-preview:large","max-video-preview":"max-video-preview:-1"},"canonical":"https:\/\/nordiihomes.com\/en\/modern-aktiv-haz-nordii\/","og_locale":"en_GB","og_type":"article","og_title":"Modern akt\u00edv h\u00e1z Nordii - Nordii Homes","og_description":"A modern st\u00edlus a funkci\u00f3 \u00e9s a forma letisztult kapcsolat\u00e1ra \u00e9p\u00edt: a hangs\u00faly az anyagok ismeret\u00e9n \u00e9s azokban rejl\u0151 lehet\u0151s\u00e9gekben van.A NORDii Brand nemcsak a h\u00e1z\u00e9p\u00edt\u00e9sr\u0151l sz\u00f3l","og_url":"https:\/\/nordiihomes.com\/en\/modern-aktiv-haz-nordii\/","og_site_name":"Nordii Homes","article_modified_time":"2024-03-21T13:02:27+00:00","og_image":[{"width":2000,"height":1125,"url":"https:\/\/nordiihomes.com\/wp-content\/uploads\/2024\/03\/Minimal_napnyugta_8K.webp","type":"image\/webp"}],"twitter_card":"summary_large_image","twitter_misc":{"Estimated reading time":"2 minutes"},"schema":{"@context":"https:\/\/schema.org","@graph":[{"@type":"WebPage","@id":"https:\/\/nordiihomes.com\/modern-aktiv-haz-nordii\/","url":"https:\/\/nordiihomes.com\/modern-aktiv-haz-nordii\/","name":"Modern akt\u00edv h\u00e1z Nordii - Nordii Homes","isPartOf":{"@id":"https:\/\/nordiihomes.com\/#website"},"primaryImageOfPage":{"@id":"https:\/\/nordiihomes.com\/modern-aktiv-haz-nordii\/#primaryimage"},"image":{"@id":"https:\/\/nordiihomes.com\/modern-aktiv-haz-nordii\/#primaryimage"},"thumbnailUrl":"https:\/\/nordiihomes.com\/wp-content\/uploads\/2024\/03\/Minimal_napnyugta_8K.webp","datePublished":"2024-03-13T11:12:45+00:00","dateModified":"2024-03-21T13:02:27+00:00","description":"A modern st\u00edlus a funkci\u00f3 \u00e9s a forma letisztult kapcsolat\u00e1ra \u00e9p\u00edt: a hangs\u00faly az anyagok ismeret\u00e9n \u00e9s azokban rejl\u0151 lehet\u0151s\u00e9gekben van.A NORDii Brand nemcsak a h\u00e1z\u00e9p\u00edt\u00e9sr\u0151l sz\u00f3l","breadcrumb":{"@id":"https:\/\/nordiihomes.com\/modern-aktiv-haz-nordii\/#breadcrumb"},"inLanguage":"en-GB","potentialAction":[{"@type":"ReadAction","target":["https:\/\/nordiihomes.com\/modern-aktiv-haz-nordii\/"]}]},{"@type":"ImageObject","inLanguage":"en-GB","@id":"https:\/\/nordiihomes.com\/modern-aktiv-haz-nordii\/#primaryimage","url":"https:\/\/nordiihomes.com\/wp-content\/uploads\/2024\/03\/Minimal_napnyugta_8K.webp","contentUrl":"https:\/\/nordiihomes.com\/wp-content\/uploads\/2024\/03\/Minimal_napnyugta_8K.webp","width":2000,"height":1125},{"@type":"BreadcrumbList","@id":"https:\/\/nordiihomes.com\/modern-aktiv-haz-nordii\/#breadcrumb","itemListElement":[{"@type":"ListItem","position":1,"name":"Kezd\u0151lap","item":"https:\/\/nordiihomes.com\/"},{"@type":"ListItem","position":2,"name":"Modern akt\u00edv h\u00e1z Nordii"}]},{"@type":"WebSite","@id":"https:\/\/nordiihomes.com\/#website","url":"https:\/\/nordiihomes.com\/","name":"Nordii Homes","description":"NORDii = modern akt\u00edv-h\u00e1z","potentialAction":[{"@type":"SearchAction","target":{"@type":"EntryPoint","urlTemplate":"https:\/\/nordiihomes.com\/?s={search_term_string}"},"query-input":{"@type":"PropertyValueSpecification","valueRequired":true,"valueName":"search_term_string"}}],"inLanguage":"en-GB"}]}},"_links":{"self":[{"href":"https:\/\/nordiihomes.com\/en\/wp-json\/wp\/v2\/pages\/238438","targetHints":{"allow":["GET"]}}],"collection":[{"href":"https:\/\/nordiihomes.com\/en\/wp-json\/wp\/v2\/pages"}],"about":[{"href":"https:\/\/nordiihomes.com\/en\/wp-json\/wp\/v2\/types\/page"}],"author":[{"embeddable":true,"href":"https:\/\/nordiihomes.com\/en\/wp-json\/wp\/v2\/users\/3"}],"replies":[{"embeddable":true,"href":"https:\/\/nordiihomes.com\/en\/wp-json\/wp\/v2\/comments?post=238438"}],"version-history":[{"count":6,"href":"https:\/\/nordiihomes.com\/en\/wp-json\/wp\/v2\/pages\/238438\/revisions"}],"predecessor-version":[{"id":238706,"href":"https:\/\/nordiihomes.com\/en\/wp-json\/wp\/v2\/pages\/238438\/revisions\/238706"}],"wp:featuredmedia":[{"embeddable":true,"href":"https:\/\/nordiihomes.com\/en\/wp-json\/wp\/v2\/media\/238300"}],"wp:attachment":[{"href":"https:\/\/nordiihomes.com\/en\/wp-json\/wp\/v2\/media?parent=238438"}],"curies":[{"name":"wp","href":"https:\/\/api.w.org\/{rel}","templated":true}]}}