{"id":238512,"date":"2024-03-18T12:50:54","date_gmt":"2024-03-18T11:50:54","guid":{"rendered":"https:\/\/nordiihomes.com\/?page_id=238512"},"modified":"2024-03-30T12:35:35","modified_gmt":"2024-03-30T11:35:35","slug":"rolunk","status":"publish","type":"page","link":"https:\/\/nordiihomes.com\/en\/rolunk\/","title":{"rendered":"About Us"},"content":{"rendered":"<p>[et_pb_section fb_built=&#8221;1&#8243; _builder_version=&#8221;4.24.2&#8243; _module_preset=&#8221;default&#8221; global_colors_info=&#8221;{}&#8221;][et_pb_row _builder_version=&#8221;4.24.2&#8243; _module_preset=&#8221;default&#8221; background_color=&#8221;rgba(255,255,255,0.96)&#8221; background_image=&#8221;https:\/\/nordiihomes.com\/wp-content\/uploads\/2024\/02\/NORDii_felirat_logo_kek.png&#8221; background_size=&#8221;contain&#8221; background_blend=&#8221;overlay&#8221; global_colors_info=&#8221;{}&#8221;][et_pb_column type=&#8221;4_4&#8243; _builder_version=&#8221;4.24.2&#8243; _module_preset=&#8221;default&#8221; global_colors_info=&#8221;{}&#8221;][et_pb_text _builder_version=&#8221;4.24.2&#8243; _module_preset=&#8221;default&#8221; text_font=&#8221;Roboto|300|||||||&#8221; text_text_color=&#8221;#2f393d&#8221; text_font_size=&#8221;18px&#8221; text_line_height=&#8221;1.5em&#8221; header_font=&#8221;Roboto|900|||||||&#8221; header_font_size=&#8221;40px&#8221; header_2_font=&#8221;Roboto|900|||||||&#8221; header_2_text_align=&#8221;center&#8221; header_2_text_color=&#8221;#2f393d&#8221; header_2_font_size=&#8221;40px&#8221; text_orientation=&#8221;center&#8221; global_colors_info=&#8221;{}&#8221;]<\/p>\n<h1>About Us <strong>\u2013 Development Background<\/strong><\/h1>\n<p>&nbsp;<\/p>\n<div><b>NORDii Active House, active<\/b><span>\u00a0<\/span>in the world of startups.<\/div>\n<div><\/div>\n<div>We are NORDii Homes, a construction company that has been developing NORDii modern active houses\/buildings for 3 years, with a new\/different approach and an innovative construction technology design, manufacturing, and execution that provide a competitive edge.<\/div>\n<div><\/div>\n<div><b><br \/>We have invested 15,000 engineering hours into the modern active house project,<\/b><span>\u00a0<\/span>so we know very precisely what and how to design and build, which we summarise as the modern active house.<\/div>\n<p>[\/et_pb_text][\/et_pb_column][\/et_pb_row][\/et_pb_section][et_pb_section fb_built=&#8221;1&#8243; _builder_version=&#8221;4.24.2&#8243; _module_preset=&#8221;default&#8221; custom_margin=&#8221;0px||||false|false&#8221; custom_padding=&#8221;0px||||false|false&#8221; global_colors_info=&#8221;{}&#8221;][et_pb_row _builder_version=&#8221;4.24.2&#8243; _module_preset=&#8221;default&#8221; width=&#8221;100%&#8221; max_width=&#8221;100%&#8221; global_colors_info=&#8221;{}&#8221;][et_pb_column type=&#8221;4_4&#8243; _builder_version=&#8221;4.24.2&#8243; _module_preset=&#8221;default&#8221; global_colors_info=&#8221;{}&#8221;][et_pb_image src=&#8221;https:\/\/nordiihomes.com\/wp-content\/uploads\/2024\/03\/Roma-1_8K_3-copy.webp&#8221; title_text=&#8221;Ro\u0301ma 1_8K_3 copy&#8221; align=&#8221;center&#8221; force_fullwidth=&#8221;on&#8221; _builder_version=&#8221;4.24.2&#8243; _module_preset=&#8221;default&#8221; global_colors_info=&#8221;{}&#8221;][\/et_pb_image][\/et_pb_column][\/et_pb_row][et_pb_row _builder_version=&#8221;4.24.2&#8243; _module_preset=&#8221;default&#8221; global_colors_info=&#8221;{}&#8221;][et_pb_column type=&#8221;4_4&#8243; _builder_version=&#8221;4.24.2&#8243; _module_preset=&#8221;default&#8221; global_colors_info=&#8221;{}&#8221;][et_pb_text _builder_version=&#8221;4.24.2&#8243; _module_preset=&#8221;default&#8221; text_font=&#8221;Roboto|300|||||||&#8221; text_text_color=&#8221;#2f393d&#8221; text_font_size=&#8221;18px&#8221; text_line_height=&#8221;1.5em&#8221; header_2_font=&#8221;Roboto|900|||||||&#8221; header_2_text_align=&#8221;center&#8221; header_2_text_color=&#8221;#2f393d&#8221; header_2_font_size=&#8221;40px&#8221; text_orientation=&#8221;center&#8221; global_colors_info=&#8221;{}&#8221;]<\/p>\n<div><strong>In 2024, we are building our national Franchise network, making it easy for both customers and investors to reach us across Hungary.<\/strong><\/div>\n<div><\/div>\n<p> <\/p>\n<div>The owners are exclusively professionals - <strong>with a minimum of 25 years of theoretical and practical experience in construction and IT. They are not former nail technicians turned construction entrepreneurs.<\/strong> We do not look down on anyone; this is simply a profession that requires a vast amount of knowledge and experience, which we possess: in design, manufacturing, and construction alike.<br \/> <br \/>\n<strong>We believe that in the construction industry, money and ideas alone are not enough; knowledge, perseverance, and an immense amount of hard work are equally essential.<\/strong><\/div>\n<div><\/div>\n<div><\/div>\n<p>[\/et_pb_text][\/et_pb_column][\/et_pb_row][et_pb_row column_structure=&#8221;1_2,1_2&#8243; use_custom_gutter=&#8221;on&#8221; gutter_width=&#8221;2&#8243; _builder_version=&#8221;4.24.2&#8243; _module_preset=&#8221;default&#8221; global_colors_info=&#8221;{}&#8221;][et_pb_column type=&#8221;1_2&#8243; _builder_version=&#8221;4.24.2&#8243; _module_preset=&#8221;default&#8221; global_colors_info=&#8221;{}&#8221;][et_pb_image src=&#8221;https:\/\/nordiihomes.com\/wp-content\/uploads\/2024\/03\/Skandinav-2-FAMILY-copy.webp&#8221; title_text=&#8221;Skandinav-2-FAMILY copy&#8221; _builder_version=&#8221;4.24.2&#8243; _module_preset=&#8221;default&#8221; border_radii=&#8221;on|50px|50px|50px|50px&#8221; global_colors_info=&#8221;{}&#8221;][\/et_pb_image][\/et_pb_column][et_pb_column type=&#8221;1_2&#8243; _builder_version=&#8221;4.24.2&#8243; _module_preset=&#8221;default&#8221; global_colors_info=&#8221;{}&#8221;][et_pb_image src=&#8221;https:\/\/nordiihomes.com\/wp-content\/uploads\/2024\/03\/Minimal_8K-copy.webp&#8221; title_text=&#8221;Minimal_8K copy&#8221; _builder_version=&#8221;4.24.2&#8243; _module_preset=&#8221;default&#8221; border_radii=&#8221;on|50px|50px|50px|50px&#8221; global_colors_info=&#8221;{}&#8221;][\/et_pb_image][\/et_pb_column][\/et_pb_row][et_pb_row _builder_version=&#8221;4.24.2&#8243; _module_preset=&#8221;default&#8221; global_colors_info=&#8221;{}&#8221;][et_pb_column type=&#8221;4_4&#8243; _builder_version=&#8221;4.24.2&#8243; _module_preset=&#8221;default&#8221; global_colors_info=&#8221;{}&#8221;][et_pb_text _builder_version=&#8221;4.24.2&#8243; _module_preset=&#8221;default&#8221; text_font=&#8221;Roboto|300|||||||&#8221; text_text_color=&#8221;#2f393d&#8221; text_font_size=&#8221;18px&#8221; text_line_height=&#8221;1.5em&#8221; header_2_font=&#8221;Roboto|900|||||||&#8221; header_2_text_align=&#8221;center&#8221; header_2_text_color=&#8221;#2f393d&#8221; header_2_font_size=&#8221;40px&#8221; text_orientation=&#8221;center&#8221; global_colors_info=&#8221;{}&#8221;]<\/p>\n<p><span>Just like a phone or a car, <strong>a house\/building is also the result of highly complex teamwork,<\/strong> and it really matters what kind of end product we create. After all, <strong>we are building for at least 80-100 years,<\/strong> and we bear a great responsibility in shaping the future end product.<\/span><\/p>\n<p>[\/et_pb_text][\/et_pb_column][\/et_pb_row][\/et_pb_section]<\/p>","protected":false},"excerpt":{"rendered":"<p>R\u00f3lunk &#8211; fejleszt\u0151i h\u00e1tt\u00e9r &nbsp; NORDii Akt\u00edv-h\u00e1z, akt\u00edv j\u00f6v\u0151\u00a0a Startupok vil\u00e1g\u00e1ban. NORDii Homes, egy \u00e9p\u00edt\u0151ipari c\u00e9g vagyunk, akik 3 \u00e9ve fejlesztik a NORDii modern akt\u00edv-h\u00e1zakat\/\u00e9p\u00fcleteket, egy \u00faj\/m\u00e1s szeml\u00e9lettel \u00e9s egy \u00fajfajta innovat\u00edv \u00e9s versenyel\u0151nnyel b\u00edr\u00f3 \u00e9p\u00edt\u00e9stechnol\u00f3giai tervez\u00e9ssel, gy\u00e1rt\u00e1ssal \u00e9s kivitelez\u00e9ssel. Modern akt\u00edv-h\u00e1z projektbe m\u00e1r 15.000 m\u00e9rn\u00f6k-\u00f3r\u00e1t tett\u00fcnk bele,\u00a0\u00edgy nagyon pontosan tudjuk, hogy mit \u00e9s hogyan tervezz\u00fcnk \u00e9s \u00e9p\u00edts\u00fcnk is meg, amit \u00f6sszefoglal\u00f3an \u00fagy h\u00edvunk, hogy modern akt\u00edv-h\u00e1z.2024 \u00e9vben \u00e9p\u00edtj\u00fck fel az orsz\u00e1gos Franchise h\u00e1l\u00f3zatunkat, \u00edgy k\u00f6nnyen el fognak \u00e9rni minket Magyarorsz\u00e1g eg\u00e9sz ter\u00fclet\u00e9n a megrendel\u0151k \u00e9s a beruh\u00e1z\u00f3k egyar\u00e1nt. Tulajdonosok csak \u00e9s kiz\u00e1r\u00f3lag \u00e9p\u00edt\u0151iparban j\u00e1rtas szakemberek &#8211; minimum 25 \u00e9v feletti elm\u00e9leti \u00e9s gyakorlati \u00e9p\u00edt\u0151ipari \u00e9s IT szak-tud\u00e1ssal &#8211; \u00e9s nem a m\u0171k\u00f6rm\u00f6sb\u0151l lett \u00e9p\u00edt\u0151ipari v\u00e1llalkoz\u00f3k. Nem becs\u00fcl\u00fcnk le senkit sem, csak ez egy szakma, ami igen \u00f6sszetett nagy tud\u00e1st \u00e9s tapasztalatot ig\u00e9nyel, ami n\u00e1lunk mind megvan: mind tervez\u00e9sben, gy\u00e1rt\u00e1sban \u00e9s kivitelez\u00e9sben egyar\u00e1nt. Mi azt gondoljuk, hogy az \u00e9p\u00edt\u0151iparban nem el\u00e9g a p\u00e9nz \u00e9s az \u00f6tlet, kell a tud\u00e1s, a kitart\u00e1s \u00e9s a hatalmas bele-tett \u00e9s elv\u00e9gzett munka egyar\u00e1nt. Ahogy egy telefon, vagy egy aut\u00f3, \u00fagy egy h\u00e1z\/\u00e9p\u00fclet is nagyon \u00f6sszetett csapatmunka v\u00e9geredm\u00e9nye lesz \u00e9s nagyon nem mindegy, hogy milyen? Mert legal\u00e1bb 80-100 \u00e9vre \u00e9p\u00edtj\u00fck \u00e9s nagyon nagy a felel\u0151ss\u00e9g\u00fcnk [&hellip;]<\/p>","protected":false},"author":3,"featured_media":238498,"parent":0,"menu_order":0,"comment_status":"closed","ping_status":"closed","template":"","meta":{"_et_pb_use_builder":"on","_et_pb_old_content":"","_et_gb_content_width":"","footnotes":""},"class_list":["post-238512","page","type-page","status-publish","has-post-thumbnail","hentry"],"yoast_head":"<!-- This site is optimized with the Yoast SEO plugin v24.5 - https:\/\/yoast.com\/wordpress\/plugins\/seo\/ -->\n<title>R\u00f3lunk - Nordii Homes<\/title>\n<meta name=\"description\" content=\"NORDii Akt\u00edv-h\u00e1z, akt\u00edv j\u00f6v\u0151 a Startupok vil\u00e1g\u00e1ban.NORDii Homes, egy \u00e9p\u00edt\u0151ipari c\u00e9g vagyunk, akik 3 \u00e9ve fejlesztik a NORDii modern akt\u00edv-h\u00e1zakat\/\u00e9p\u00fcleteket\" \/>\n<meta name=\"robots\" content=\"index, follow, max-snippet:-1, max-image-preview:large, max-video-preview:-1\" \/>\n<link rel=\"canonical\" href=\"https:\/\/nordiihomes.com\/en\/rolunk\/\" \/>\n<meta property=\"og:locale\" content=\"en_GB\" \/>\n<meta property=\"og:type\" content=\"article\" \/>\n<meta property=\"og:title\" content=\"R\u00f3lunk - Nordii Homes\" \/>\n<meta property=\"og:description\" content=\"NORDii Akt\u00edv-h\u00e1z, akt\u00edv j\u00f6v\u0151 a Startupok vil\u00e1g\u00e1ban.NORDii Homes, egy \u00e9p\u00edt\u0151ipari c\u00e9g vagyunk, akik 3 \u00e9ve fejlesztik a NORDii modern akt\u00edv-h\u00e1zakat\/\u00e9p\u00fcleteket\" \/>\n<meta property=\"og:url\" content=\"https:\/\/nordiihomes.com\/en\/rolunk\/\" \/>\n<meta property=\"og:site_name\" content=\"Nordii Homes\" \/>\n<meta property=\"article:modified_time\" content=\"2024-03-30T11:35:35+00:00\" \/>\n<meta property=\"og:image\" content=\"https:\/\/nordiihomes.com\/wp-content\/uploads\/2024\/03\/Roma-2_8K_3-copy.webp\" \/>\n\t<meta property=\"og:image:width\" content=\"2000\" \/>\n\t<meta property=\"og:image:height\" content=\"1125\" \/>\n\t<meta property=\"og:image:type\" content=\"image\/webp\" \/>\n<meta name=\"twitter:card\" content=\"summary_large_image\" \/>\n<meta name=\"twitter:label1\" content=\"Estimated reading time\" \/>\n\t<meta name=\"twitter:data1\" content=\"2 minutes\" \/>\n<script type=\"application\/ld+json\" class=\"yoast-schema-graph\">{\"@context\":\"https:\/\/schema.org\",\"@graph\":[{\"@type\":\"WebPage\",\"@id\":\"https:\/\/nordiihomes.com\/rolunk\/\",\"url\":\"https:\/\/nordiihomes.com\/rolunk\/\",\"name\":\"R\u00f3lunk - Nordii Homes\",\"isPartOf\":{\"@id\":\"https:\/\/nordiihomes.com\/#website\"},\"primaryImageOfPage\":{\"@id\":\"https:\/\/nordiihomes.com\/rolunk\/#primaryimage\"},\"image\":{\"@id\":\"https:\/\/nordiihomes.com\/rolunk\/#primaryimage\"},\"thumbnailUrl\":\"https:\/\/nordiihomes.com\/wp-content\/uploads\/2024\/03\/Roma-2_8K_3-copy.webp\",\"datePublished\":\"2024-03-18T11:50:54+00:00\",\"dateModified\":\"2024-03-30T11:35:35+00:00\",\"description\":\"NORDii Akt\u00edv-h\u00e1z, akt\u00edv j\u00f6v\u0151 a Startupok vil\u00e1g\u00e1ban.NORDii Homes, egy \u00e9p\u00edt\u0151ipari c\u00e9g vagyunk, akik 3 \u00e9ve fejlesztik a NORDii modern akt\u00edv-h\u00e1zakat\/\u00e9p\u00fcleteket\",\"breadcrumb\":{\"@id\":\"https:\/\/nordiihomes.com\/rolunk\/#breadcrumb\"},\"inLanguage\":\"en-GB\",\"potentialAction\":[{\"@type\":\"ReadAction\",\"target\":[\"https:\/\/nordiihomes.com\/rolunk\/\"]}]},{\"@type\":\"ImageObject\",\"inLanguage\":\"en-GB\",\"@id\":\"https:\/\/nordiihomes.com\/rolunk\/#primaryimage\",\"url\":\"https:\/\/nordiihomes.com\/wp-content\/uploads\/2024\/03\/Roma-2_8K_3-copy.webp\",\"contentUrl\":\"https:\/\/nordiihomes.com\/wp-content\/uploads\/2024\/03\/Roma-2_8K_3-copy.webp\",\"width\":2000,\"height\":1125},{\"@type\":\"BreadcrumbList\",\"@id\":\"https:\/\/nordiihomes.com\/rolunk\/#breadcrumb\",\"itemListElement\":[{\"@type\":\"ListItem\",\"position\":1,\"name\":\"Kezd\u0151lap\",\"item\":\"https:\/\/nordiihomes.com\/\"},{\"@type\":\"ListItem\",\"position\":2,\"name\":\"R\u00f3lunk\"}]},{\"@type\":\"WebSite\",\"@id\":\"https:\/\/nordiihomes.com\/#website\",\"url\":\"https:\/\/nordiihomes.com\/\",\"name\":\"Nordii Homes\",\"description\":\"NORDii = modern akt\u00edv-h\u00e1z\",\"potentialAction\":[{\"@type\":\"SearchAction\",\"target\":{\"@type\":\"EntryPoint\",\"urlTemplate\":\"https:\/\/nordiihomes.com\/?s={search_term_string}\"},\"query-input\":{\"@type\":\"PropertyValueSpecification\",\"valueRequired\":true,\"valueName\":\"search_term_string\"}}],\"inLanguage\":\"en-GB\"}]}<\/script>\n<!-- \/ Yoast SEO plugin. -->","yoast_head_json":{"title":"R\u00f3lunk - Nordii Homes","description":"NORDii Akt\u00edv-h\u00e1z, akt\u00edv j\u00f6v\u0151 a Startupok vil\u00e1g\u00e1ban.NORDii Homes, egy \u00e9p\u00edt\u0151ipari c\u00e9g vagyunk, akik 3 \u00e9ve fejlesztik a NORDii modern akt\u00edv-h\u00e1zakat\/\u00e9p\u00fcleteket","robots":{"index":"index","follow":"follow","max-snippet":"max-snippet:-1","max-image-preview":"max-image-preview:large","max-video-preview":"max-video-preview:-1"},"canonical":"https:\/\/nordiihomes.com\/en\/rolunk\/","og_locale":"en_GB","og_type":"article","og_title":"R\u00f3lunk - Nordii Homes","og_description":"NORDii Akt\u00edv-h\u00e1z, akt\u00edv j\u00f6v\u0151 a Startupok vil\u00e1g\u00e1ban.NORDii Homes, egy \u00e9p\u00edt\u0151ipari c\u00e9g vagyunk, akik 3 \u00e9ve fejlesztik a NORDii modern akt\u00edv-h\u00e1zakat\/\u00e9p\u00fcleteket","og_url":"https:\/\/nordiihomes.com\/en\/rolunk\/","og_site_name":"Nordii Homes","article_modified_time":"2024-03-30T11:35:35+00:00","og_image":[{"width":2000,"height":1125,"url":"https:\/\/nordiihomes.com\/wp-content\/uploads\/2024\/03\/Roma-2_8K_3-copy.webp","type":"image\/webp"}],"twitter_card":"summary_large_image","twitter_misc":{"Estimated reading time":"2 minutes"},"schema":{"@context":"https:\/\/schema.org","@graph":[{"@type":"WebPage","@id":"https:\/\/nordiihomes.com\/rolunk\/","url":"https:\/\/nordiihomes.com\/rolunk\/","name":"R\u00f3lunk - Nordii Homes","isPartOf":{"@id":"https:\/\/nordiihomes.com\/#website"},"primaryImageOfPage":{"@id":"https:\/\/nordiihomes.com\/rolunk\/#primaryimage"},"image":{"@id":"https:\/\/nordiihomes.com\/rolunk\/#primaryimage"},"thumbnailUrl":"https:\/\/nordiihomes.com\/wp-content\/uploads\/2024\/03\/Roma-2_8K_3-copy.webp","datePublished":"2024-03-18T11:50:54+00:00","dateModified":"2024-03-30T11:35:35+00:00","description":"NORDii Akt\u00edv-h\u00e1z, akt\u00edv j\u00f6v\u0151 a Startupok vil\u00e1g\u00e1ban.NORDii Homes, egy \u00e9p\u00edt\u0151ipari c\u00e9g vagyunk, akik 3 \u00e9ve fejlesztik a NORDii modern akt\u00edv-h\u00e1zakat\/\u00e9p\u00fcleteket","breadcrumb":{"@id":"https:\/\/nordiihomes.com\/rolunk\/#breadcrumb"},"inLanguage":"en-GB","potentialAction":[{"@type":"ReadAction","target":["https:\/\/nordiihomes.com\/rolunk\/"]}]},{"@type":"ImageObject","inLanguage":"en-GB","@id":"https:\/\/nordiihomes.com\/rolunk\/#primaryimage","url":"https:\/\/nordiihomes.com\/wp-content\/uploads\/2024\/03\/Roma-2_8K_3-copy.webp","contentUrl":"https:\/\/nordiihomes.com\/wp-content\/uploads\/2024\/03\/Roma-2_8K_3-copy.webp","width":2000,"height":1125},{"@type":"BreadcrumbList","@id":"https:\/\/nordiihomes.com\/rolunk\/#breadcrumb","itemListElement":[{"@type":"ListItem","position":1,"name":"Kezd\u0151lap","item":"https:\/\/nordiihomes.com\/"},{"@type":"ListItem","position":2,"name":"R\u00f3lunk"}]},{"@type":"WebSite","@id":"https:\/\/nordiihomes.com\/#website","url":"https:\/\/nordiihomes.com\/","name":"Nordii Homes","description":"NORDii = modern akt\u00edv-h\u00e1z","potentialAction":[{"@type":"SearchAction","target":{"@type":"EntryPoint","urlTemplate":"https:\/\/nordiihomes.com\/?s={search_term_string}"},"query-input":{"@type":"PropertyValueSpecification","valueRequired":true,"valueName":"search_term_string"}}],"inLanguage":"en-GB"}]}},"_links":{"self":[{"href":"https:\/\/nordiihomes.com\/en\/wp-json\/wp\/v2\/pages\/238512","targetHints":{"allow":["GET"]}}],"collection":[{"href":"https:\/\/nordiihomes.com\/en\/wp-json\/wp\/v2\/pages"}],"about":[{"href":"https:\/\/nordiihomes.com\/en\/wp-json\/wp\/v2\/types\/page"}],"author":[{"embeddable":true,"href":"https:\/\/nordiihomes.com\/en\/wp-json\/wp\/v2\/users\/3"}],"replies":[{"embeddable":true,"href":"https:\/\/nordiihomes.com\/en\/wp-json\/wp\/v2\/comments?post=238512"}],"version-history":[{"count":8,"href":"https:\/\/nordiihomes.com\/en\/wp-json\/wp\/v2\/pages\/238512\/revisions"}],"predecessor-version":[{"id":238902,"href":"https:\/\/nordiihomes.com\/en\/wp-json\/wp\/v2\/pages\/238512\/revisions\/238902"}],"wp:featuredmedia":[{"embeddable":true,"href":"https:\/\/nordiihomes.com\/en\/wp-json\/wp\/v2\/media\/238498"}],"wp:attachment":[{"href":"https:\/\/nordiihomes.com\/en\/wp-json\/wp\/v2\/media?parent=238512"}],"curies":[{"name":"wp","href":"https:\/\/api.w.org\/{rel}","templated":true}]}}