{"id":238533,"date":"2024-03-18T22:40:29","date_gmt":"2024-03-18T21:40:29","guid":{"rendered":"https:\/\/nordiihomes.com\/?page_id=238533"},"modified":"2024-03-25T11:53:27","modified_gmt":"2024-03-25T10:53:27","slug":"nordii-elmeny","status":"publish","type":"page","link":"https:\/\/nordiihomes.com\/en\/nordii-elmeny\/","title":{"rendered":"NORDii experience"},"content":{"rendered":"<p>[et_pb_section fb_built=&#8221;1&#8243; _builder_version=&#8221;4.24.2&#8243; _module_preset=&#8221;default&#8221; hover_enabled=&#8221;0&#8243; global_colors_info=&#8221;{}&#8221; custom_margin=&#8221;||0px||false|false&#8221; custom_padding=&#8221;||0px||false|false&#8221; sticky_enabled=&#8221;0&#8243;][et_pb_row _builder_version=&#8221;4.24.2&#8243; _module_preset=&#8221;default&#8221; hover_enabled=&#8221;0&#8243; global_colors_info=&#8221;{}&#8221; custom_margin=&#8221;||0px||false|false&#8221; custom_padding=&#8221;||0px||false|false&#8221; sticky_enabled=&#8221;0&#8243;][et_pb_column type=&#8221;4_4&#8243; _builder_version=&#8221;4.24.2&#8243; _module_preset=&#8221;default&#8221; global_colors_info=&#8221;{}&#8221;][et_pb_text _builder_version=&#8221;4.24.2&#8243; _module_preset=&#8221;default&#8221; header_font=&#8221;Roboto|700|||||||&#8221; header_text_align=&#8221;center&#8221; header_text_color=&#8221;#2f393d&#8221; header_font_size=&#8221;46px&#8221; global_colors_info=&#8221;{}&#8221;]<\/p>\n<h1>NORDii experience<\/h1>\n<p>[\/et_pb_text][\/et_pb_column][\/et_pb_row][\/et_pb_section][et_pb_section fb_built=&#8221;1&#8243; fullwidth=&#8221;on&#8221; _builder_version=&#8221;4.24.2&#8243; _module_preset=&#8221;default&#8221; global_colors_info=&#8221;{}&#8221;][et_pb_fullwidth_code _builder_version=&#8221;4.24.2&#8243; _module_preset=&#8221;default&#8221; global_colors_info=&#8221;{}&#8221;]<div class=\"_df_book df-lite\" id=\"df_238528\"  _slug=\"238528\" data-title=\"nordii-flipbook\" wpoptions=\"true\" thumbtype=\"\" ><\/div><script class=\"df-shortcode-script\" nowprocket type=\"application\/javascript\">window.option_df_238528 = {\"outline\":[],\"backgroundColor\":\"#ffffff\",\"height\":\"80vh\",\"autoEnableOutline\":\"false\",\"autoEnableThumbnail\":\"false\",\"overwritePDFOutline\":\"false\",\"enableDownload\":\"false\",\"direction\":\"1\",\"pageSize\":\"0\",\"pageMode\":\"1\",\"singlePageMode\":\"2\",\"soundEnable\":\"false\",\"source\":\"https:\\\/\\\/nordiihomes.com\\\/wp-content\\\/uploads\\\/2024\\\/03\\\/NORDii_Booklet_FullHD-2.pdf\",\"wpOptions\":\"true\"}; if(window.DFLIP && window.DFLIP.parseBooks){window.DFLIP.parseBooks();}<\/script>[\/et_pb_fullwidth_code][\/et_pb_section]<\/p>","protected":false},"excerpt":{"rendered":"<p>NORDii experience<div class=\"_df_book df-lite\" id=\"df_238528\"  _slug=\"238528\" data-title=\"nordii-flipbook\" wpoptions=\"true\" thumbtype=\"\" ><\/div><script class=\"df-shortcode-script\" nowprocket type=\"application\/javascript\">window.option_df_238528 = {\"outline\":[],\"backgroundColor\":\"#ffffff\",\"height\":\"80vh\",\"autoEnableOutline\":\"false\",\"autoEnableThumbnail\":\"false\",\"overwritePDFOutline\":\"false\",\"enableDownload\":\"false\",\"direction\":\"1\",\"pageSize\":\"0\",\"pageMode\":\"1\",\"singlePageMode\":\"2\",\"soundEnable\":\"false\",\"source\":\"https:\\\/\\\/nordiihomes.com\\\/wp-content\\\/uploads\\\/2024\\\/03\\\/NORDii_Booklet_FullHD-2.pdf\",\"wpOptions\":\"true\"}; if(window.DFLIP && window.DFLIP.parseBooks){window.DFLIP.parseBooks();}<\/script><\/p>","protected":false},"author":2,"featured_media":238390,"parent":0,"menu_order":0,"comment_status":"closed","ping_status":"closed","template":"","meta":{"_et_pb_use_builder":"on","_et_pb_old_content":"","_et_gb_content_width":"","footnotes":""},"class_list":["post-238533","page","type-page","status-publish","has-post-thumbnail","hentry"],"yoast_head":"<!-- This site is optimized with the Yoast SEO plugin v24.5 - https:\/\/yoast.com\/wordpress\/plugins\/seo\/ -->\n<title>NORDii \u00e9lm\u00e9ny - Nordii Homes<\/title>\n<meta name=\"description\" content=\"A NORDii \u00e9lm\u00e9ny: Modul\u00e1ris, el\u0151regy\u00e1rtott beton t\u00e9r-elemek. Kiterjesztett funkcion\u00e1lis terek. NORDii homes.\" \/>\n<meta name=\"robots\" content=\"index, follow, max-snippet:-1, max-image-preview:large, max-video-preview:-1\" \/>\n<link rel=\"canonical\" href=\"https:\/\/nordiihomes.com\/en\/nordii-elmeny\/\" \/>\n<meta property=\"og:locale\" content=\"en_GB\" \/>\n<meta property=\"og:type\" content=\"article\" \/>\n<meta property=\"og:title\" content=\"NORDii \u00e9lm\u00e9ny - Nordii Homes\" \/>\n<meta property=\"og:description\" content=\"A NORDii \u00e9lm\u00e9ny: Modul\u00e1ris, el\u0151regy\u00e1rtott beton t\u00e9r-elemek. Kiterjesztett funkcion\u00e1lis terek. NORDii homes.\" \/>\n<meta property=\"og:url\" content=\"https:\/\/nordiihomes.com\/en\/nordii-elmeny\/\" \/>\n<meta property=\"og:site_name\" content=\"Nordii Homes\" \/>\n<meta property=\"article:modified_time\" content=\"2024-03-25T10:53:27+00:00\" \/>\n<meta property=\"og:image\" content=\"https:\/\/nordiihomes.com\/wp-content\/uploads\/2024\/03\/Modern-2_napnyugta_8K.webp\" \/>\n\t<meta property=\"og:image:width\" content=\"2000\" \/>\n\t<meta property=\"og:image:height\" content=\"1125\" \/>\n\t<meta property=\"og:image:type\" content=\"image\/webp\" \/>\n<meta name=\"twitter:card\" content=\"summary_large_image\" \/>\n<meta name=\"twitter:label1\" content=\"Estimated reading time\" \/>\n\t<meta name=\"twitter:data1\" content=\"1 minute\" \/>\n<script type=\"application\/ld+json\" class=\"yoast-schema-graph\">{\"@context\":\"https:\/\/schema.org\",\"@graph\":[{\"@type\":\"WebPage\",\"@id\":\"https:\/\/nordiihomes.com\/nordii-elmeny\/\",\"url\":\"https:\/\/nordiihomes.com\/nordii-elmeny\/\",\"name\":\"NORDii \u00e9lm\u00e9ny - Nordii Homes\",\"isPartOf\":{\"@id\":\"https:\/\/nordiihomes.com\/#website\"},\"primaryImageOfPage\":{\"@id\":\"https:\/\/nordiihomes.com\/nordii-elmeny\/#primaryimage\"},\"image\":{\"@id\":\"https:\/\/nordiihomes.com\/nordii-elmeny\/#primaryimage\"},\"thumbnailUrl\":\"https:\/\/nordiihomes.com\/wp-content\/uploads\/2024\/03\/Modern-2_napnyugta_8K.webp\",\"datePublished\":\"2024-03-18T21:40:29+00:00\",\"dateModified\":\"2024-03-25T10:53:27+00:00\",\"description\":\"A NORDii \u00e9lm\u00e9ny: Modul\u00e1ris, el\u0151regy\u00e1rtott beton t\u00e9r-elemek. Kiterjesztett funkcion\u00e1lis terek. NORDii homes.\",\"breadcrumb\":{\"@id\":\"https:\/\/nordiihomes.com\/nordii-elmeny\/#breadcrumb\"},\"inLanguage\":\"en-GB\",\"potentialAction\":[{\"@type\":\"ReadAction\",\"target\":[\"https:\/\/nordiihomes.com\/nordii-elmeny\/\"]}]},{\"@type\":\"ImageObject\",\"inLanguage\":\"en-GB\",\"@id\":\"https:\/\/nordiihomes.com\/nordii-elmeny\/#primaryimage\",\"url\":\"https:\/\/nordiihomes.com\/wp-content\/uploads\/2024\/03\/Modern-2_napnyugta_8K.webp\",\"contentUrl\":\"https:\/\/nordiihomes.com\/wp-content\/uploads\/2024\/03\/Modern-2_napnyugta_8K.webp\",\"width\":2000,\"height\":1125},{\"@type\":\"BreadcrumbList\",\"@id\":\"https:\/\/nordiihomes.com\/nordii-elmeny\/#breadcrumb\",\"itemListElement\":[{\"@type\":\"ListItem\",\"position\":1,\"name\":\"Kezd\u0151lap\",\"item\":\"https:\/\/nordiihomes.com\/\"},{\"@type\":\"ListItem\",\"position\":2,\"name\":\"NORDii \u00e9lm\u00e9ny\"}]},{\"@type\":\"WebSite\",\"@id\":\"https:\/\/nordiihomes.com\/#website\",\"url\":\"https:\/\/nordiihomes.com\/\",\"name\":\"Nordii Homes\",\"description\":\"NORDii = modern akt\u00edv-h\u00e1z\",\"potentialAction\":[{\"@type\":\"SearchAction\",\"target\":{\"@type\":\"EntryPoint\",\"urlTemplate\":\"https:\/\/nordiihomes.com\/?s={search_term_string}\"},\"query-input\":{\"@type\":\"PropertyValueSpecification\",\"valueRequired\":true,\"valueName\":\"search_term_string\"}}],\"inLanguage\":\"en-GB\"}]}<\/script>\n<!-- \/ Yoast SEO plugin. -->","yoast_head_json":{"title":"NORDii \u00e9lm\u00e9ny - Nordii Homes","description":"A NORDii \u00e9lm\u00e9ny: Modul\u00e1ris, el\u0151regy\u00e1rtott beton t\u00e9r-elemek. Kiterjesztett funkcion\u00e1lis terek. NORDii homes.","robots":{"index":"index","follow":"follow","max-snippet":"max-snippet:-1","max-image-preview":"max-image-preview:large","max-video-preview":"max-video-preview:-1"},"canonical":"https:\/\/nordiihomes.com\/en\/nordii-elmeny\/","og_locale":"en_GB","og_type":"article","og_title":"NORDii \u00e9lm\u00e9ny - Nordii Homes","og_description":"A NORDii \u00e9lm\u00e9ny: Modul\u00e1ris, el\u0151regy\u00e1rtott beton t\u00e9r-elemek. Kiterjesztett funkcion\u00e1lis terek. NORDii homes.","og_url":"https:\/\/nordiihomes.com\/en\/nordii-elmeny\/","og_site_name":"Nordii Homes","article_modified_time":"2024-03-25T10:53:27+00:00","og_image":[{"width":2000,"height":1125,"url":"https:\/\/nordiihomes.com\/wp-content\/uploads\/2024\/03\/Modern-2_napnyugta_8K.webp","type":"image\/webp"}],"twitter_card":"summary_large_image","twitter_misc":{"Estimated reading time":"1 minute"},"schema":{"@context":"https:\/\/schema.org","@graph":[{"@type":"WebPage","@id":"https:\/\/nordiihomes.com\/nordii-elmeny\/","url":"https:\/\/nordiihomes.com\/nordii-elmeny\/","name":"NORDii \u00e9lm\u00e9ny - Nordii Homes","isPartOf":{"@id":"https:\/\/nordiihomes.com\/#website"},"primaryImageOfPage":{"@id":"https:\/\/nordiihomes.com\/nordii-elmeny\/#primaryimage"},"image":{"@id":"https:\/\/nordiihomes.com\/nordii-elmeny\/#primaryimage"},"thumbnailUrl":"https:\/\/nordiihomes.com\/wp-content\/uploads\/2024\/03\/Modern-2_napnyugta_8K.webp","datePublished":"2024-03-18T21:40:29+00:00","dateModified":"2024-03-25T10:53:27+00:00","description":"A NORDii \u00e9lm\u00e9ny: Modul\u00e1ris, el\u0151regy\u00e1rtott beton t\u00e9r-elemek. Kiterjesztett funkcion\u00e1lis terek. NORDii homes.","breadcrumb":{"@id":"https:\/\/nordiihomes.com\/nordii-elmeny\/#breadcrumb"},"inLanguage":"en-GB","potentialAction":[{"@type":"ReadAction","target":["https:\/\/nordiihomes.com\/nordii-elmeny\/"]}]},{"@type":"ImageObject","inLanguage":"en-GB","@id":"https:\/\/nordiihomes.com\/nordii-elmeny\/#primaryimage","url":"https:\/\/nordiihomes.com\/wp-content\/uploads\/2024\/03\/Modern-2_napnyugta_8K.webp","contentUrl":"https:\/\/nordiihomes.com\/wp-content\/uploads\/2024\/03\/Modern-2_napnyugta_8K.webp","width":2000,"height":1125},{"@type":"BreadcrumbList","@id":"https:\/\/nordiihomes.com\/nordii-elmeny\/#breadcrumb","itemListElement":[{"@type":"ListItem","position":1,"name":"Kezd\u0151lap","item":"https:\/\/nordiihomes.com\/"},{"@type":"ListItem","position":2,"name":"NORDii \u00e9lm\u00e9ny"}]},{"@type":"WebSite","@id":"https:\/\/nordiihomes.com\/#website","url":"https:\/\/nordiihomes.com\/","name":"Nordii Homes","description":"NORDii = modern akt\u00edv-h\u00e1z","potentialAction":[{"@type":"SearchAction","target":{"@type":"EntryPoint","urlTemplate":"https:\/\/nordiihomes.com\/?s={search_term_string}"},"query-input":{"@type":"PropertyValueSpecification","valueRequired":true,"valueName":"search_term_string"}}],"inLanguage":"en-GB"}]}},"_links":{"self":[{"href":"https:\/\/nordiihomes.com\/en\/wp-json\/wp\/v2\/pages\/238533","targetHints":{"allow":["GET"]}}],"collection":[{"href":"https:\/\/nordiihomes.com\/en\/wp-json\/wp\/v2\/pages"}],"about":[{"href":"https:\/\/nordiihomes.com\/en\/wp-json\/wp\/v2\/types\/page"}],"author":[{"embeddable":true,"href":"https:\/\/nordiihomes.com\/en\/wp-json\/wp\/v2\/users\/2"}],"replies":[{"embeddable":true,"href":"https:\/\/nordiihomes.com\/en\/wp-json\/wp\/v2\/comments?post=238533"}],"version-history":[{"count":8,"href":"https:\/\/nordiihomes.com\/en\/wp-json\/wp\/v2\/pages\/238533\/revisions"}],"predecessor-version":[{"id":238831,"href":"https:\/\/nordiihomes.com\/en\/wp-json\/wp\/v2\/pages\/238533\/revisions\/238831"}],"wp:featuredmedia":[{"embeddable":true,"href":"https:\/\/nordiihomes.com\/en\/wp-json\/wp\/v2\/media\/238390"}],"wp:attachment":[{"href":"https:\/\/nordiihomes.com\/en\/wp-json\/wp\/v2\/media?parent=238533"}],"curies":[{"name":"wp","href":"https:\/\/api.w.org\/{rel}","templated":true}]}}