{"id":238844,"date":"2024-03-25T13:24:18","date_gmt":"2024-03-25T12:24:18","guid":{"rendered":"https:\/\/nordiihomes.com\/?page_id=238844"},"modified":"2025-03-13T13:10:47","modified_gmt":"2025-03-13T12:10:47","slug":"arak","status":"publish","type":"page","link":"https:\/\/nordiihomes.com\/en\/arak\/","title":{"rendered":"\u00c1rak"},"content":{"rendered":"<p>[et_pb_section fb_built=&#8221;1&#8243; _builder_version=&#8221;4.24.2&#8243; _module_preset=&#8221;default&#8221; global_colors_info=&#8221;{}&#8221;][et_pb_row _builder_version=&#8221;4.24.2&#8243; _module_preset=&#8221;default&#8221; background_color=&#8221;rgba(255,255,255,0.96)&#8221; background_image=&#8221;https:\/\/nordiihomes.com\/wp-content\/uploads\/2024\/02\/NORDii_felirat_logo_kek.png&#8221; background_size=&#8221;contain&#8221; background_blend=&#8221;overlay&#8221; global_colors_info=&#8221;{}&#8221;][et_pb_column type=&#8221;4_4&#8243; _builder_version=&#8221;4.24.2&#8243; _module_preset=&#8221;default&#8221; global_colors_info=&#8221;{}&#8221;][et_pb_text _builder_version=&#8221;4.24.2&#8243; _module_preset=&#8221;default&#8221; text_font=&#8221;Roboto|300|||||||&#8221; text_text_color=&#8221;#2f393d&#8221; text_font_size=&#8221;18px&#8221; text_line_height=&#8221;1.5em&#8221; header_font=&#8221;Roboto|900|||||||&#8221; header_font_size=&#8221;40px&#8221; header_2_font=&#8221;Roboto|900|||||||&#8221; header_2_text_align=&#8221;center&#8221; header_2_text_color=&#8221;#2f393d&#8221; header_2_font_size=&#8221;40px&#8221; text_orientation=&#8221;center&#8221; global_colors_info=&#8221;{}&#8221;]<\/p>\n<h1>Price guarantee and deadline<\/h1>\n<p>&nbsp;<\/p>\n<div>\n<p><span>The prices, deadlines and technical content on this website are preliminary and <strong>for information purposes only.<\/strong> This is because <\/span><span>e we can build 10 different types of buildings, single-storey or multi-storey,<\/span><span>\u00a0and it makes a difference whether\u00a0<\/span><span>Zug\u00e4nglichkeit,<\/span><span>\u00a0ugyan\u00fagy a\u00a0<\/span><span>Similarly, access and crane access<\/span><span>\u00a0are important factors that influence the price, as is the type of windows:\u00a0<\/span><span>plastic, aluminium or wood-aluminium,<\/span><span>\u00a0\u2013 which\u00a0<\/span><span>mot to mention the foundations<\/span><span>\u00a0whether the building site is normal or filled. So everyone can get an idea <strong>of how many factors can influence prices upwards or downwards when constructing the same building.<\/strong><\/span><\/p>\n<p><span>Of course, <strong>once the construction contract is signed, NORDii and its partners do not change the price, from then on our prices are fixed - because the structure-ready construction time is very short, about 1.5 months, but the raised structure-ready building takes only 8 weeks to complete.<\/strong><\/span><\/p>\n<p><span>If the client side\u00a0<\/span><span>changes during the construction period (1)<\/span><span>\u00a0- this is independent of us and can be another question and request, also to us.<\/span><\/p>\n<p><span>Our construction system is extremely flexible,  as are our building material suppliers, which can change a lot. Bank\u00a0<\/span><span>lending (2), i.e. <strong>he methods and timing of bank payments,<\/strong><\/span><span><strong>\u00a0and obtaining a building permit (3) are factors independent of us,<\/strong> but they might affect as well as the building\u2019s <strong>completion <\/strong><\/span><strong>date as well.<\/strong><\/p>\n<\/div>\n<p>[\/et_pb_text][\/et_pb_column][\/et_pb_row][\/et_pb_section][et_pb_section fb_built=&#8221;1&#8243; _builder_version=&#8221;4.24.2&#8243; _module_preset=&#8221;default&#8221; custom_margin=&#8221;0px||||false|false&#8221; custom_padding=&#8221;0px||||false|false&#8221; global_colors_info=&#8221;{}&#8221;][et_pb_row _builder_version=&#8221;4.24.2&#8243; _module_preset=&#8221;default&#8221; width=&#8221;100%&#8221; max_width=&#8221;100%&#8221; global_colors_info=&#8221;{}&#8221;][et_pb_column type=&#8221;4_4&#8243; _builder_version=&#8221;4.24.2&#8243; _module_preset=&#8221;default&#8221; global_colors_info=&#8221;{}&#8221;][et_pb_image src=&#8221;https:\/\/nordiihomes.com\/wp-content\/uploads\/2024\/03\/Modern-2_napnyugta-v2_8K-copy.webp&#8221; title_text=&#8221;Modern 2_napnyugta v2_8K copy&#8221; align=&#8221;center&#8221; force_fullwidth=&#8221;on&#8221; _builder_version=&#8221;4.24.2&#8243; _module_preset=&#8221;default&#8221; global_colors_info=&#8221;{}&#8221;][\/et_pb_image][\/et_pb_column][\/et_pb_row][et_pb_row _builder_version=&#8221;4.24.2&#8243; _module_preset=&#8221;default&#8221; global_colors_info=&#8221;{}&#8221;][et_pb_column type=&#8221;4_4&#8243; _builder_version=&#8221;4.24.2&#8243; _module_preset=&#8221;default&#8221; global_colors_info=&#8221;{}&#8221;][et_pb_text _builder_version=&#8221;4.24.2&#8243; _module_preset=&#8221;default&#8221; text_font=&#8221;Roboto|300|||||||&#8221; text_text_color=&#8221;#2f393d&#8221; text_font_size=&#8221;18px&#8221; text_line_height=&#8221;1.5em&#8221; header_2_font=&#8221;Roboto|900|||||||&#8221; header_2_text_align=&#8221;center&#8221; header_2_text_color=&#8221;#2f393d&#8221; header_2_font_size=&#8221;30px&#8221; text_orientation=&#8221;center&#8221; global_colors_info=&#8221;{}&#8221;]<\/p>\n<div>\n<h2><span>CONSTRUCTION AND DELIVERY DEADLINES<\/span><\/h2>\n<p><span>The delivery dates in 2024 can be basically calculated as follows, <strong>assuming a valid building permit and financial execution according to the contract:<\/strong><\/span><\/p>\n<p><span><\/span><\/p>\n<p><strong>1. Construction ready for\u00a0<\/strong>occupancy<strong><wbr \/>6 weeks<\/strong><\/p>\n<p><strong>2. raised structure-ready\u00a0<\/strong>- fully finished outside, structure ready inside: 6+2 =<strong>\u00a08 weeks<\/strong><\/p>\n<p><strong>3. building-ready\u00a0<\/strong>- building-engineering and electrical work: 6 + 2 + 2 =\u00a0<strong>10 weeks\u00a0<\/strong><\/p>\n<p><strong>4. Turnkey\u00a0<\/strong>- interior painting, tiling, sanitary:<strong>\u00a0individual agreement.<\/strong><\/p>\n<\/div>\n<div><\/div>\n<div><\/div>\n<p>[\/et_pb_text][\/et_pb_column][\/et_pb_row][et_pb_row column_structure=&#8221;1_2,1_2&#8243; use_custom_gutter=&#8221;on&#8221; gutter_width=&#8221;2&#8243; _builder_version=&#8221;4.24.2&#8243; _module_preset=&#8221;default&#8221; global_colors_info=&#8221;{}&#8221;][et_pb_column type=&#8221;1_2&#8243; _builder_version=&#8221;4.24.2&#8243; _module_preset=&#8221;default&#8221; global_colors_info=&#8221;{}&#8221;][et_pb_image src=&#8221;https:\/\/nordiihomes.com\/wp-content\/uploads\/2024\/03\/Roma-2_8K_3-copy-1-copy.webp&#8221; title_text=&#8221;Roma-2_8K_3-copy (1) copy&#8221; _builder_version=&#8221;4.24.2&#8243; _module_preset=&#8221;default&#8221; border_radii=&#8221;on|50px|50px|50px|50px&#8221; global_colors_info=&#8221;{}&#8221;][\/et_pb_image][\/et_pb_column][et_pb_column type=&#8221;1_2&#8243; _builder_version=&#8221;4.24.2&#8243; _module_preset=&#8221;default&#8221; global_colors_info=&#8221;{}&#8221;][et_pb_image src=&#8221;https:\/\/nordiihomes.com\/wp-content\/uploads\/2024\/03\/Modern-2_8K-4-copy.webp&#8221; title_text=&#8221;Modern-2_8K (4) copy&#8221; _builder_version=&#8221;4.24.2&#8243; _module_preset=&#8221;default&#8221; border_radii=&#8221;on|50px|50px|50px|50px&#8221; global_colors_info=&#8221;{}&#8221;][\/et_pb_image][\/et_pb_column][\/et_pb_row][et_pb_row _builder_version=&#8221;4.24.2&#8243; _module_preset=&#8221;default&#8221; global_colors_info=&#8221;{}&#8221;][et_pb_column type=&#8221;4_4&#8243; _builder_version=&#8221;4.24.2&#8243; _module_preset=&#8221;default&#8221; global_colors_info=&#8221;{}&#8221;][et_pb_text _builder_version=&#8221;4.27.2&#8243; _module_preset=&#8221;default&#8221; text_font=&#8221;Roboto|300|||||||&#8221; text_text_color=&#8221;#2f393d&#8221; text_font_size=&#8221;18px&#8221; text_line_height=&#8221;1.5em&#8221; header_2_font=&#8221;Roboto|900|||||||&#8221; header_2_text_align=&#8221;center&#8221; header_2_text_color=&#8221;#2f393d&#8221; header_2_font_size=&#8221;30px&#8221; text_orientation=&#8221;center&#8221; custom_padding=&#8221;||0px|||&#8221; global_colors_info=&#8221;{}&#8221;]<\/p>\n<div>\n<h2><span><br \/>BUILDING CONSTRUCTION PRICES<\/span><\/h2>\n<p><span><\/span><\/p>\n<p>Gross area: 118 m2<\/p>\n<p><strong>Net area: 100 m2<\/strong><\/p>\n<p>Net\/gross ratio: 85%<\/p>\n<p>Number of levels: ground floor<\/p>\n<p><strong>Energy class and CO2 emissions: A+++<\/strong><\/p>\n<p><span>Prices are in HUF and net amounts.<\/span><\/p>\n<p><span><\/span><\/p>\n<p><span>1.\u00a0<\/span><strong>1. Construction ready<\/strong><span><strong>\u00a0<\/strong>occupancy\u00a0<\/span><strong>from 390.000 Ft\/m\u00b2,<\/strong><span>\u00a0i.e. HUF 39 million + 5% VAT<\/span><\/p>\n<p><span>2.\u00a0<\/span><strong>2. Raised structure-ready<\/strong><span>\u00a0- fully finished outside, structure ready inside:\u00a0<\/span><span><strong>from 490.000 Ft\/m\u00b2,<\/strong>,<\/span><span>\u00a0i.e. HUF 49 million + 5% VAT<\/span><\/p>\n<p><span>3.\u00a0<\/span><strong>\u00c9p\u00fclet-k\u00e9sz A+<\/strong><span>\u00a0- building-engineering and electrical work:\u00a0<\/span><span><strong>from 650.000 Ft\/m\u00b2,<\/strong>,<\/span><span>\u00a0i.e. HUF 65 million + 5% VAT\u00a0<\/span><\/p>\n<p><span>4.\u00a0<\/span><strong>Kulcsra-k\u00e9sz A+++, g\u00e9pi szell\u0151z\u00e9s, napelem, okosh\u00e1z<\/strong><span> - interior painting, tiling, sanitary: <strong>800.000.-Ft\/m2-t\u0151l<\/strong>, azaz 80 milli\u00f3 Ft + 5% \u00c1FA \u00e9s <\/span><strong>individual agreement.<\/strong><\/p>\n<\/div>\n<div><\/div>\n<p>[\/et_pb_text][\/et_pb_column][\/et_pb_row][\/et_pb_section]<\/p>","protected":false},"excerpt":{"rendered":"<p>\u00c1rgarancia \u00e9s hat\u00e1rid\u0151 &nbsp; A weboldalon szerepl\u0151 \u00e1rak, hat\u00e1rid\u0151k \u00e9s m\u0171szaki tartalmak el\u0151zetesek, csak \u00e9s kiz\u00e1r\u00f3lag a t\u00e1j\u00e9koztat\u00e1st szolg\u00e1lj\u00e1k. Ez az\u00e9rt van, mert 10 f\u00e9le \u00e9p\u00fcletet tudunk \u00e9p\u00edteni, f\u00f6ldszintes vagy emeletes \u00e9p\u00fcleteket\u00a0\u00e9s nem mindegy, hogy a\u00a0hegy tetej\u00e9n vagy egy lapos\u00a0\u00a0\u00e9s s\u00edk r\u00e9szen,\u00a0ugyan\u00fagy a\u00a0megk\u00f6zel\u00edt\u00e9s \u00e9s a daruz\u00e1s\u00a0is egy fontos \u00e9s az \u00e1rat befoly\u00e1sol\u00f3 t\u00e9nyez\u0151, ahogy a\u00a0ny\u00edl\u00e1sz\u00e1r\u00f3k fajt\u00e1ja: m\u0171anyag, alum\u00ednium vagy fa-alum\u00ednium,\u00a0az\u00a0alapoz\u00e1sr\u00f3l nem is besz\u00e9lve,\u00a0hogy az \u00e9p\u00edt\u00e9si ter\u00fclet norm\u00e1l vagy felt\u00f6lt\u00f6tt ter\u00fclet-e? \u00cdgy mindenki \u00e9rz\u00e9kelheti, hogy mennyi minden befoly\u00e1solhatja az \u00e1rakat felfel\u00e9 vagy lefel\u00e9, ugyanazon \u00e9p\u00fclet meg\u00e9p\u00edt\u00e9se eset\u00e9n. Term\u00e9szetesen a kivitelez\u00e9si szerz\u0151d\u00e9s al\u00e1\u00edr\u00e1s\u00e1t k\u00f6vet\u0151en, NORDii \u00e9s a Partnerei nem v\u00e1ltoztatnak \u00e1rat, onnant\u00f3l \u00e1raink fixek &#8211; mivel, nagyon gyors a szerkezet-k\u00e9sz \u00e9p\u00edt\u00e9si id\u0151, ami kb. 1,5 h\u00f3nap, de az emelt szerkezet-k\u00e9sz \u00e9p\u00fclet is csak 8 h\u00e9t. Amennyiben a\u00a0megrendel\u0151i oldal v\u00e1ltoztat \u00e9p\u00edt\u00e9si id\u0151 k\u00f6zben (1)\u00a0&#8211; ami t\u0151l\u00fcnk f\u00fcggetlen \u00e9s egy m\u00e1sik k\u00e9rd\u00e9s \u00e9s k\u00e9r\u00e9s is lehet, egyben fel\u00e9nk. \u00c9p\u00edt\u00e9si rendszer\u00fcnk rendk\u00edv\u00fcl rugalmas, ahogy az \u00e9p\u00edt\u0151anyag besz\u00e1ll\u00edt\u00f3ink is, ami sok mindent megv\u00e1ltoztat(hat). Ahogy\u00a0a banki hitelez\u00e9s (2), azaz a banki kifizet\u00e9sek m\u00f3dja \u00e9s hat\u00e1rideje,\u00a0ami t\u0151l\u00fck f\u00fcggetlen, viszont kihat r\u00e1nk \u00e9s az \u00e9p\u00fclet befejez\u00e9si hat\u00e1ridej\u00e9re egyar\u00e1nt kihat(hat), ugyan\u00fagy t\u0151l\u00fcnk f\u00fcggetlen a joger\u0151s \u00e9p\u00edt\u00e9si enged\u00e9ly (3) megszerz\u00e9se is. KIVITELEZ\u00c9SI \u00c9S \u00c1TAD\u00c1SI HAT\u00c1RID\u0150K Az \u00e1tad\u00e1si hat\u00e1rid\u0151kkel 2024-ben az al\u00e1bbiak [&hellip;]<\/p>","protected":false},"author":3,"featured_media":0,"parent":0,"menu_order":0,"comment_status":"closed","ping_status":"closed","template":"","meta":{"_et_pb_use_builder":"on","_et_pb_old_content":"","_et_gb_content_width":"","footnotes":""},"class_list":["post-238844","page","type-page","status-publish","hentry"],"yoast_head":"<!-- This site is optimized with the Yoast SEO plugin v24.5 - https:\/\/yoast.com\/wordpress\/plugins\/seo\/ -->\n<title>\u00c1rak - Nordii Homes<\/title>\n<meta name=\"robots\" content=\"index, follow, max-snippet:-1, max-image-preview:large, max-video-preview:-1\" \/>\n<link rel=\"canonical\" href=\"https:\/\/nordiihomes.com\/en\/arak\/\" \/>\n<meta property=\"og:locale\" content=\"en_GB\" \/>\n<meta property=\"og:type\" content=\"article\" \/>\n<meta property=\"og:title\" content=\"\u00c1rak - Nordii Homes\" \/>\n<meta property=\"og:description\" content=\"\u00c1rgarancia \u00e9s hat\u00e1rid\u0151 &nbsp; A weboldalon szerepl\u0151 \u00e1rak, hat\u00e1rid\u0151k \u00e9s m\u0171szaki tartalmak el\u0151zetesek, csak \u00e9s kiz\u00e1r\u00f3lag a t\u00e1j\u00e9koztat\u00e1st szolg\u00e1lj\u00e1k. Ez az\u00e9rt van, mert 10 f\u00e9le \u00e9p\u00fcletet tudunk \u00e9p\u00edteni, f\u00f6ldszintes vagy emeletes \u00e9p\u00fcleteket\u00a0\u00e9s nem mindegy, hogy a\u00a0hegy tetej\u00e9n vagy egy lapos\u00a0\u00a0\u00e9s s\u00edk r\u00e9szen,\u00a0ugyan\u00fagy a\u00a0megk\u00f6zel\u00edt\u00e9s \u00e9s a daruz\u00e1s\u00a0is egy fontos \u00e9s az \u00e1rat befoly\u00e1sol\u00f3 t\u00e9nyez\u0151, ahogy a\u00a0ny\u00edl\u00e1sz\u00e1r\u00f3k fajt\u00e1ja: m\u0171anyag, alum\u00ednium vagy fa-alum\u00ednium,\u00a0az\u00a0alapoz\u00e1sr\u00f3l nem is besz\u00e9lve,\u00a0hogy az \u00e9p\u00edt\u00e9si ter\u00fclet norm\u00e1l vagy felt\u00f6lt\u00f6tt ter\u00fclet-e? \u00cdgy mindenki \u00e9rz\u00e9kelheti, hogy mennyi minden befoly\u00e1solhatja az \u00e1rakat felfel\u00e9 vagy lefel\u00e9, ugyanazon \u00e9p\u00fclet meg\u00e9p\u00edt\u00e9se eset\u00e9n. Term\u00e9szetesen a kivitelez\u00e9si szerz\u0151d\u00e9s al\u00e1\u00edr\u00e1s\u00e1t k\u00f6vet\u0151en, NORDii \u00e9s a Partnerei nem v\u00e1ltoztatnak \u00e1rat, onnant\u00f3l \u00e1raink fixek - mivel, nagyon gyors a szerkezet-k\u00e9sz \u00e9p\u00edt\u00e9si id\u0151, ami kb. 1,5 h\u00f3nap, de az emelt szerkezet-k\u00e9sz \u00e9p\u00fclet is csak 8 h\u00e9t. Amennyiben a\u00a0megrendel\u0151i oldal v\u00e1ltoztat \u00e9p\u00edt\u00e9si id\u0151 k\u00f6zben (1)\u00a0- ami t\u0151l\u00fcnk f\u00fcggetlen \u00e9s egy m\u00e1sik k\u00e9rd\u00e9s \u00e9s k\u00e9r\u00e9s is lehet, egyben fel\u00e9nk. \u00c9p\u00edt\u00e9si rendszer\u00fcnk rendk\u00edv\u00fcl rugalmas, ahogy az \u00e9p\u00edt\u0151anyag besz\u00e1ll\u00edt\u00f3ink is, ami sok mindent megv\u00e1ltoztat(hat). Ahogy\u00a0a banki hitelez\u00e9s (2), azaz a banki kifizet\u00e9sek m\u00f3dja \u00e9s hat\u00e1rideje,\u00a0ami t\u0151l\u00fck f\u00fcggetlen, viszont kihat r\u00e1nk \u00e9s az \u00e9p\u00fclet befejez\u00e9si hat\u00e1ridej\u00e9re egyar\u00e1nt kihat(hat), ugyan\u00fagy t\u0151l\u00fcnk f\u00fcggetlen a joger\u0151s \u00e9p\u00edt\u00e9si enged\u00e9ly (3) megszerz\u00e9se is. KIVITELEZ\u00c9SI \u00c9S \u00c1TAD\u00c1SI HAT\u00c1RID\u0150K Az \u00e1tad\u00e1si hat\u00e1rid\u0151kkel 2024-ben az al\u00e1bbiak [&hellip;]\" \/>\n<meta property=\"og:url\" content=\"https:\/\/nordiihomes.com\/en\/arak\/\" \/>\n<meta property=\"og:site_name\" content=\"Nordii Homes\" \/>\n<meta property=\"article:modified_time\" content=\"2025-03-13T12:10:47+00:00\" \/>\n<meta name=\"twitter:card\" content=\"summary_large_image\" \/>\n<script type=\"application\/ld+json\" class=\"yoast-schema-graph\">{\"@context\":\"https:\/\/schema.org\",\"@graph\":[{\"@type\":\"WebPage\",\"@id\":\"https:\/\/nordiihomes.com\/arak\/\",\"url\":\"https:\/\/nordiihomes.com\/arak\/\",\"name\":\"\u00c1rak - Nordii Homes\",\"isPartOf\":{\"@id\":\"https:\/\/nordiihomes.com\/#website\"},\"datePublished\":\"2024-03-25T12:24:18+00:00\",\"dateModified\":\"2025-03-13T12:10:47+00:00\",\"breadcrumb\":{\"@id\":\"https:\/\/nordiihomes.com\/arak\/#breadcrumb\"},\"inLanguage\":\"en-GB\",\"potentialAction\":[{\"@type\":\"ReadAction\",\"target\":[\"https:\/\/nordiihomes.com\/arak\/\"]}]},{\"@type\":\"BreadcrumbList\",\"@id\":\"https:\/\/nordiihomes.com\/arak\/#breadcrumb\",\"itemListElement\":[{\"@type\":\"ListItem\",\"position\":1,\"name\":\"Kezd\u0151lap\",\"item\":\"https:\/\/nordiihomes.com\/\"},{\"@type\":\"ListItem\",\"position\":2,\"name\":\"\u00c1rak\"}]},{\"@type\":\"WebSite\",\"@id\":\"https:\/\/nordiihomes.com\/#website\",\"url\":\"https:\/\/nordiihomes.com\/\",\"name\":\"Nordii Homes\",\"description\":\"NORDii = modern akt\u00edv-h\u00e1z\",\"potentialAction\":[{\"@type\":\"SearchAction\",\"target\":{\"@type\":\"EntryPoint\",\"urlTemplate\":\"https:\/\/nordiihomes.com\/?s={search_term_string}\"},\"query-input\":{\"@type\":\"PropertyValueSpecification\",\"valueRequired\":true,\"valueName\":\"search_term_string\"}}],\"inLanguage\":\"en-GB\"}]}<\/script>\n<!-- \/ Yoast SEO plugin. -->","yoast_head_json":{"title":"\u00c1rak - Nordii Homes","robots":{"index":"index","follow":"follow","max-snippet":"max-snippet:-1","max-image-preview":"max-image-preview:large","max-video-preview":"max-video-preview:-1"},"canonical":"https:\/\/nordiihomes.com\/en\/arak\/","og_locale":"en_GB","og_type":"article","og_title":"\u00c1rak - Nordii Homes","og_description":"\u00c1rgarancia \u00e9s hat\u00e1rid\u0151 &nbsp; A weboldalon szerepl\u0151 \u00e1rak, hat\u00e1rid\u0151k \u00e9s m\u0171szaki tartalmak el\u0151zetesek, csak \u00e9s kiz\u00e1r\u00f3lag a t\u00e1j\u00e9koztat\u00e1st szolg\u00e1lj\u00e1k. Ez az\u00e9rt van, mert 10 f\u00e9le \u00e9p\u00fcletet tudunk \u00e9p\u00edteni, f\u00f6ldszintes vagy emeletes \u00e9p\u00fcleteket\u00a0\u00e9s nem mindegy, hogy a\u00a0hegy tetej\u00e9n vagy egy lapos\u00a0\u00a0\u00e9s s\u00edk r\u00e9szen,\u00a0ugyan\u00fagy a\u00a0megk\u00f6zel\u00edt\u00e9s \u00e9s a daruz\u00e1s\u00a0is egy fontos \u00e9s az \u00e1rat befoly\u00e1sol\u00f3 t\u00e9nyez\u0151, ahogy a\u00a0ny\u00edl\u00e1sz\u00e1r\u00f3k fajt\u00e1ja: m\u0171anyag, alum\u00ednium vagy fa-alum\u00ednium,\u00a0az\u00a0alapoz\u00e1sr\u00f3l nem is besz\u00e9lve,\u00a0hogy az \u00e9p\u00edt\u00e9si ter\u00fclet norm\u00e1l vagy felt\u00f6lt\u00f6tt ter\u00fclet-e? \u00cdgy mindenki \u00e9rz\u00e9kelheti, hogy mennyi minden befoly\u00e1solhatja az \u00e1rakat felfel\u00e9 vagy lefel\u00e9, ugyanazon \u00e9p\u00fclet meg\u00e9p\u00edt\u00e9se eset\u00e9n. Term\u00e9szetesen a kivitelez\u00e9si szerz\u0151d\u00e9s al\u00e1\u00edr\u00e1s\u00e1t k\u00f6vet\u0151en, NORDii \u00e9s a Partnerei nem v\u00e1ltoztatnak \u00e1rat, onnant\u00f3l \u00e1raink fixek - mivel, nagyon gyors a szerkezet-k\u00e9sz \u00e9p\u00edt\u00e9si id\u0151, ami kb. 1,5 h\u00f3nap, de az emelt szerkezet-k\u00e9sz \u00e9p\u00fclet is csak 8 h\u00e9t. Amennyiben a\u00a0megrendel\u0151i oldal v\u00e1ltoztat \u00e9p\u00edt\u00e9si id\u0151 k\u00f6zben (1)\u00a0- ami t\u0151l\u00fcnk f\u00fcggetlen \u00e9s egy m\u00e1sik k\u00e9rd\u00e9s \u00e9s k\u00e9r\u00e9s is lehet, egyben fel\u00e9nk. \u00c9p\u00edt\u00e9si rendszer\u00fcnk rendk\u00edv\u00fcl rugalmas, ahogy az \u00e9p\u00edt\u0151anyag besz\u00e1ll\u00edt\u00f3ink is, ami sok mindent megv\u00e1ltoztat(hat). Ahogy\u00a0a banki hitelez\u00e9s (2), azaz a banki kifizet\u00e9sek m\u00f3dja \u00e9s hat\u00e1rideje,\u00a0ami t\u0151l\u00fck f\u00fcggetlen, viszont kihat r\u00e1nk \u00e9s az \u00e9p\u00fclet befejez\u00e9si hat\u00e1ridej\u00e9re egyar\u00e1nt kihat(hat), ugyan\u00fagy t\u0151l\u00fcnk f\u00fcggetlen a joger\u0151s \u00e9p\u00edt\u00e9si enged\u00e9ly (3) megszerz\u00e9se is. KIVITELEZ\u00c9SI \u00c9S \u00c1TAD\u00c1SI HAT\u00c1RID\u0150K Az \u00e1tad\u00e1si hat\u00e1rid\u0151kkel 2024-ben az al\u00e1bbiak [&hellip;]","og_url":"https:\/\/nordiihomes.com\/en\/arak\/","og_site_name":"Nordii Homes","article_modified_time":"2025-03-13T12:10:47+00:00","twitter_card":"summary_large_image","schema":{"@context":"https:\/\/schema.org","@graph":[{"@type":"WebPage","@id":"https:\/\/nordiihomes.com\/arak\/","url":"https:\/\/nordiihomes.com\/arak\/","name":"\u00c1rak - Nordii Homes","isPartOf":{"@id":"https:\/\/nordiihomes.com\/#website"},"datePublished":"2024-03-25T12:24:18+00:00","dateModified":"2025-03-13T12:10:47+00:00","breadcrumb":{"@id":"https:\/\/nordiihomes.com\/arak\/#breadcrumb"},"inLanguage":"en-GB","potentialAction":[{"@type":"ReadAction","target":["https:\/\/nordiihomes.com\/arak\/"]}]},{"@type":"BreadcrumbList","@id":"https:\/\/nordiihomes.com\/arak\/#breadcrumb","itemListElement":[{"@type":"ListItem","position":1,"name":"Kezd\u0151lap","item":"https:\/\/nordiihomes.com\/"},{"@type":"ListItem","position":2,"name":"\u00c1rak"}]},{"@type":"WebSite","@id":"https:\/\/nordiihomes.com\/#website","url":"https:\/\/nordiihomes.com\/","name":"Nordii Homes","description":"NORDii = modern akt\u00edv-h\u00e1z","potentialAction":[{"@type":"SearchAction","target":{"@type":"EntryPoint","urlTemplate":"https:\/\/nordiihomes.com\/?s={search_term_string}"},"query-input":{"@type":"PropertyValueSpecification","valueRequired":true,"valueName":"search_term_string"}}],"inLanguage":"en-GB"}]}},"_links":{"self":[{"href":"https:\/\/nordiihomes.com\/en\/wp-json\/wp\/v2\/pages\/238844","targetHints":{"allow":["GET"]}}],"collection":[{"href":"https:\/\/nordiihomes.com\/en\/wp-json\/wp\/v2\/pages"}],"about":[{"href":"https:\/\/nordiihomes.com\/en\/wp-json\/wp\/v2\/types\/page"}],"author":[{"embeddable":true,"href":"https:\/\/nordiihomes.com\/en\/wp-json\/wp\/v2\/users\/3"}],"replies":[{"embeddable":true,"href":"https:\/\/nordiihomes.com\/en\/wp-json\/wp\/v2\/comments?post=238844"}],"version-history":[{"count":7,"href":"https:\/\/nordiihomes.com\/en\/wp-json\/wp\/v2\/pages\/238844\/revisions"}],"predecessor-version":[{"id":239512,"href":"https:\/\/nordiihomes.com\/en\/wp-json\/wp\/v2\/pages\/238844\/revisions\/239512"}],"wp:attachment":[{"href":"https:\/\/nordiihomes.com\/en\/wp-json\/wp\/v2\/media?parent=238844"}],"curies":[{"name":"wp","href":"https:\/\/api.w.org\/{rel}","templated":true}]}}