{"id":238909,"date":"2024-06-17T11:08:10","date_gmt":"2024-06-17T09:08:10","guid":{"rendered":"https:\/\/nordiihomes.com\/?page_id=238909"},"modified":"2026-03-08T18:21:51","modified_gmt":"2026-03-08T17:21:51","slug":"franchise-partnerek","status":"publish","type":"page","link":"https:\/\/nordiihomes.com\/en\/franchise-partnerek\/","title":{"rendered":"Franchise partnerek"},"content":{"rendered":"<p>[et_pb_section fb_built=&#8221;1&#8243; _builder_version=&#8221;4.25.2&#8243; _module_preset=&#8221;default&#8221; global_colors_info=&#8221;{}&#8221;][et_pb_row _builder_version=&#8221;4.25.2&#8243; _module_preset=&#8221;default&#8221; global_colors_info=&#8221;{}&#8221;][et_pb_column type=&#8221;4_4&#8243; _builder_version=&#8221;4.25.2&#8243; _module_preset=&#8221;default&#8221; global_colors_info=&#8221;{}&#8221;][et_pb_text _builder_version=&#8221;4.25.2&#8243; _module_preset=&#8221;default&#8221; header_font=&#8221;RobotoBlack||||||||&#8221; header_text_align=&#8221;center&#8221; header_text_color=&#8221;#2f393d&#8221; header_font_size=&#8221;50px&#8221; global_colors_info=&#8221;{}&#8221;]<\/p>\n<h1>CONTACT - OUR PARTNERS<\/h1>\n<p>[\/et_pb_text][\/et_pb_column][\/et_pb_row][et_pb_row column_structure=&#8221;1_3,1_3,1_3&#8243; _builder_version=&#8221;4.25.2&#8243; _module_preset=&#8221;default&#8221; global_colors_info=&#8221;{}&#8221;][et_pb_column type=&#8221;1_3&#8243; _builder_version=&#8221;4.25.2&#8243; _module_preset=&#8221;default&#8221; global_colors_info=&#8221;{}&#8221;][\/et_pb_column][et_pb_column type=&#8221;1_3&#8243; module_id=&#8221;debrecen&#8221; module_class=&#8221;debrecen&#8221; _builder_version=&#8221;4.25.2&#8243; _module_preset=&#8221;default&#8221; global_colors_info=&#8221;{}&#8221;][et_pb_blurb title=&#8221;KV Kft.&#8221; image=&#8221;https:\/\/nordiihomes.com\/wp-content\/uploads\/2025\/11\/kv2.png&#8221; module_id=&#8221;debrecen_logo&#8221; module_class=&#8221;debrecen_logo&#8221; _builder_version=&#8221;4.27.4&#8243; _module_preset=&#8221;default&#8221; header_font=&#8221;RobotoBlack||||on||||solid&#8221; header_text_align=&#8221;center&#8221; header_text_color=&#8221;#2f393d&#8221; link_option_url=&#8221;https:\/\/kvkft.hu\/&#8221; link_option_url_new_window=&#8221;on&#8221; global_colors_info=&#8221;{}&#8221;][\/et_pb_blurb][et_pb_blurb title=&#8221;3704 Berente, Ipari \u00fat 2.&#8221; use_icon=&#8221;on&#8221; font_icon=&#8221;&#xf3c5;||fa||900&#8243; icon_color=&#8221;#2f393d&#8221; icon_placement=&#8221;left&#8221; image_icon_width=&#8221;20px&#8221; _builder_version=&#8221;4.27.4&#8243; _module_preset=&#8221;default&#8221; header_font=&#8221;RobotoBlack||||||||&#8221; image_icon_custom_margin=&#8221;|||2px|false|false&#8221; custom_margin=&#8221;||0px||false|false&#8221; custom_padding=&#8221;||0px||false|false&#8221; global_colors_info=&#8221;{}&#8221;][\/et_pb_blurb][et_pb_blurb title=&#8221;+36 48 510 010&#8243; use_icon=&#8221;on&#8221; font_icon=&#8221;&#xe00b;||divi||400&#8243; icon_color=&#8221;#2f393d&#8221; icon_placement=&#8221;left&#8221; image_icon_width=&#8221;22px&#8221; module_id=&#8221;debrecen_tel&#8221; module_class=&#8221;debrecen_tel&#8221; _builder_version=&#8221;4.27.4&#8243; _module_preset=&#8221;default&#8221; header_font=&#8221;RobotoBlack||||||||&#8221; image_icon_custom_margin=&#8221;|||-2px|false|false&#8221; custom_margin=&#8221;0px||0px||true|false&#8221; custom_padding=&#8221;0px||0px||true|false&#8221; link_option_url=&#8221;tel:06702560571&#8243; global_colors_info=&#8221;{}&#8221;][\/et_pb_blurb][et_pb_blurb title=&#8221;kvkft@kvkft.hu&#8221; use_icon=&#8221;on&#8221; font_icon=&#8221;&#xe076;||divi||400&#8243; icon_color=&#8221;#2f393d&#8221; icon_placement=&#8221;left&#8221; image_icon_width=&#8221;20px&#8221; disabled_on=&#8221;off|off|off&#8221; module_id=&#8221;debrecen_mail&#8221; module_class=&#8221;debrecen_mail&#8221; _builder_version=&#8221;4.27.4&#8243; _module_preset=&#8221;default&#8221; header_font=&#8221;RobotoBlack||||on||||&#8221; image_icon_custom_margin=&#8221;|12px|||false|false&#8221; custom_margin=&#8221;0px||0px||true|false&#8221; custom_padding=&#8221;0px||0px||true|false&#8221; link_option_url=&#8221;mailto:kvkft@kvkft.hu&#8221; global_colors_info=&#8221;{}&#8221;][\/et_pb_blurb][\/et_pb_column][et_pb_column type=&#8221;1_3&#8243; _builder_version=&#8221;4.25.2&#8243; _module_preset=&#8221;default&#8221; global_colors_info=&#8221;{}&#8221;][\/et_pb_column][\/et_pb_row][et_pb_row column_structure=&#8221;1_3,1_3,1_3&#8243; _builder_version=&#8221;4.25.2&#8243; _module_preset=&#8221;default&#8221; global_colors_info=&#8221;{}&#8221;][et_pb_column type=&#8221;1_3&#8243; _builder_version=&#8221;4.25.2&#8243; _module_preset=&#8221;default&#8221; global_colors_info=&#8221;{}&#8221;][\/et_pb_column][et_pb_column type=&#8221;1_3&#8243; module_id=&#8221;debrecen&#8221; module_class=&#8221;debrecen&#8221; _builder_version=&#8221;4.25.2&#8243; _module_preset=&#8221;default&#8221; global_colors_info=&#8221;{}&#8221;][et_pb_blurb title=&#8221;NORDii Invest Zrt.&#8221; module_id=&#8221;debrecen_logo&#8221; module_class=&#8221;debrecen_logo&#8221; _builder_version=&#8221;4.27.4&#8243; _module_preset=&#8221;default&#8221; header_font=&#8221;RobotoBlack||||on||||solid&#8221; header_text_align=&#8221;center&#8221; header_text_color=&#8221;#2f393d&#8221; link_option_url=&#8221;https:\/\/nordiihomes.com\/sosto-park\/&#8221; link_option_url_new_window=&#8221;on&#8221; hover_enabled=&#8221;0&#8243; global_colors_info=&#8221;{}&#8221; custom_padding=&#8221;3px|||||&#8221; sticky_enabled=&#8221;0&#8243;][\/et_pb_blurb][et_pb_blurb title=&#8221;4000 Ny\u00edregyh\u00e1za, Izabella k\u00f6z. 95-97&#8243; use_icon=&#8221;on&#8221; font_icon=&#8221;&#xf3c5;||fa||900&#8243; icon_color=&#8221;#2f393d&#8221; icon_placement=&#8221;left&#8221; image_icon_width=&#8221;20px&#8221; _builder_version=&#8221;4.27.4&#8243; _module_preset=&#8221;default&#8221; header_font=&#8221;RobotoBlack||||||||&#8221; image_icon_custom_margin=&#8221;|||2px|false|false&#8221; custom_margin=&#8221;|-66px|-1px||false|false&#8221; custom_padding=&#8221;|0px|0px||false|false&#8221; hover_enabled=&#8221;0&#8243; global_colors_info=&#8221;{}&#8221; sticky_enabled=&#8221;0&#8243;][\/et_pb_blurb][et_pb_blurb title=&#8221;+36 70 581 8171&#8243; use_icon=&#8221;on&#8221; font_icon=&#8221;&#xe00b;||divi||400&#8243; icon_color=&#8221;#2f393d&#8221; icon_placement=&#8221;left&#8221; image_icon_width=&#8221;22px&#8221; module_id=&#8221;debrecen_tel&#8221; module_class=&#8221;debrecen_tel&#8221; _builder_version=&#8221;4.27.4&#8243; _module_preset=&#8221;default&#8221; header_font=&#8221;RobotoBlack||||||||&#8221; image_icon_custom_margin=&#8221;|||-2px|false|false&#8221; custom_margin=&#8221;0px||0px||true|false&#8221; custom_padding=&#8221;0px||0px||true|false&#8221; link_option_url=&#8221;tel:06702560571&#8243; hover_enabled=&#8221;0&#8243; global_colors_info=&#8221;{}&#8221; sticky_enabled=&#8221;0&#8243;][\/et_pb_blurb][et_pb_blurb title=&#8221;nordii.invest@nordiihomes.com&#8221; use_icon=&#8221;on&#8221; font_icon=&#8221;&#xe076;||divi||400&#8243; icon_color=&#8221;#2f393d&#8221; icon_placement=&#8221;left&#8221; image_icon_width=&#8221;20px&#8221; disabled_on=&#8221;off|off|off&#8221; module_id=&#8221;debrecen_mail&#8221; module_class=&#8221;debrecen_mail&#8221; _builder_version=&#8221;4.27.4&#8243; _module_preset=&#8221;default&#8221; header_font=&#8221;RobotoBlack||||on||||&#8221; image_icon_custom_margin=&#8221;|12px|||false|false&#8221; custom_margin=&#8221;0px||0px||true|false&#8221; custom_padding=&#8221;0px||0px||true|false&#8221; link_option_url=&#8221;mailto:sales.debrecen@nordiihomes.com&#8221; hover_enabled=&#8221;0&#8243; global_colors_info=&#8221;{}&#8221; sticky_enabled=&#8221;0&#8243;][\/et_pb_blurb][\/et_pb_column][et_pb_column type=&#8221;1_3&#8243; _builder_version=&#8221;4.25.2&#8243; _module_preset=&#8221;default&#8221; global_colors_info=&#8221;{}&#8221;][\/et_pb_column][\/et_pb_row][\/et_pb_section]<\/p>","protected":false},"excerpt":{"rendered":"<p>CONTACT - OUR PARTNERS<\/p>","protected":false},"author":3,"featured_media":0,"parent":0,"menu_order":0,"comment_status":"closed","ping_status":"closed","template":"","meta":{"_et_pb_use_builder":"on","_et_pb_old_content":"","_et_gb_content_width":"","footnotes":""},"class_list":["post-238909","page","type-page","status-publish","hentry"],"yoast_head":"<!-- This site is optimized with the Yoast SEO plugin v24.5 - https:\/\/yoast.com\/wordpress\/plugins\/seo\/ -->\n<title>Franchise partnerek - Nordii Homes<\/title>\n<meta name=\"robots\" content=\"index, follow, max-snippet:-1, max-image-preview:large, max-video-preview:-1\" \/>\n<link rel=\"canonical\" href=\"https:\/\/nordiihomes.com\/en\/franchise-partnerek\/\" \/>\n<meta property=\"og:locale\" content=\"en_GB\" \/>\n<meta property=\"og:type\" content=\"article\" \/>\n<meta property=\"og:title\" content=\"Franchise partnerek - Nordii Homes\" \/>\n<meta property=\"og:description\" content=\"KAPCSOLAT - PARTNEREK\" \/>\n<meta property=\"og:url\" content=\"https:\/\/nordiihomes.com\/en\/franchise-partnerek\/\" \/>\n<meta property=\"og:site_name\" content=\"Nordii Homes\" \/>\n<meta property=\"article:modified_time\" content=\"2026-03-08T17:21:51+00:00\" \/>\n<meta name=\"twitter:card\" content=\"summary_large_image\" \/>\n<script type=\"application\/ld+json\" class=\"yoast-schema-graph\">{\"@context\":\"https:\/\/schema.org\",\"@graph\":[{\"@type\":\"WebPage\",\"@id\":\"https:\/\/nordiihomes.com\/franchise-partnerek\/\",\"url\":\"https:\/\/nordiihomes.com\/franchise-partnerek\/\",\"name\":\"Franchise partnerek - Nordii Homes\",\"isPartOf\":{\"@id\":\"https:\/\/nordiihomes.com\/#website\"},\"datePublished\":\"2024-06-17T09:08:10+00:00\",\"dateModified\":\"2026-03-08T17:21:51+00:00\",\"breadcrumb\":{\"@id\":\"https:\/\/nordiihomes.com\/franchise-partnerek\/#breadcrumb\"},\"inLanguage\":\"en-GB\",\"potentialAction\":[{\"@type\":\"ReadAction\",\"target\":[\"https:\/\/nordiihomes.com\/franchise-partnerek\/\"]}]},{\"@type\":\"BreadcrumbList\",\"@id\":\"https:\/\/nordiihomes.com\/franchise-partnerek\/#breadcrumb\",\"itemListElement\":[{\"@type\":\"ListItem\",\"position\":1,\"name\":\"Kezd\u0151lap\",\"item\":\"https:\/\/nordiihomes.com\/\"},{\"@type\":\"ListItem\",\"position\":2,\"name\":\"Franchise partnerek\"}]},{\"@type\":\"WebSite\",\"@id\":\"https:\/\/nordiihomes.com\/#website\",\"url\":\"https:\/\/nordiihomes.com\/\",\"name\":\"Nordii Homes\",\"description\":\"NORDii = modern akt\u00edv-h\u00e1z\",\"potentialAction\":[{\"@type\":\"SearchAction\",\"target\":{\"@type\":\"EntryPoint\",\"urlTemplate\":\"https:\/\/nordiihomes.com\/?s={search_term_string}\"},\"query-input\":{\"@type\":\"PropertyValueSpecification\",\"valueRequired\":true,\"valueName\":\"search_term_string\"}}],\"inLanguage\":\"en-GB\"}]}<\/script>\n<!-- \/ Yoast SEO plugin. -->","yoast_head_json":{"title":"Franchise partnerek - Nordii Homes","robots":{"index":"index","follow":"follow","max-snippet":"max-snippet:-1","max-image-preview":"max-image-preview:large","max-video-preview":"max-video-preview:-1"},"canonical":"https:\/\/nordiihomes.com\/en\/franchise-partnerek\/","og_locale":"en_GB","og_type":"article","og_title":"Franchise partnerek - Nordii Homes","og_description":"KAPCSOLAT - PARTNEREK","og_url":"https:\/\/nordiihomes.com\/en\/franchise-partnerek\/","og_site_name":"Nordii Homes","article_modified_time":"2026-03-08T17:21:51+00:00","twitter_card":"summary_large_image","schema":{"@context":"https:\/\/schema.org","@graph":[{"@type":"WebPage","@id":"https:\/\/nordiihomes.com\/franchise-partnerek\/","url":"https:\/\/nordiihomes.com\/franchise-partnerek\/","name":"Franchise partnerek - Nordii Homes","isPartOf":{"@id":"https:\/\/nordiihomes.com\/#website"},"datePublished":"2024-06-17T09:08:10+00:00","dateModified":"2026-03-08T17:21:51+00:00","breadcrumb":{"@id":"https:\/\/nordiihomes.com\/franchise-partnerek\/#breadcrumb"},"inLanguage":"en-GB","potentialAction":[{"@type":"ReadAction","target":["https:\/\/nordiihomes.com\/franchise-partnerek\/"]}]},{"@type":"BreadcrumbList","@id":"https:\/\/nordiihomes.com\/franchise-partnerek\/#breadcrumb","itemListElement":[{"@type":"ListItem","position":1,"name":"Kezd\u0151lap","item":"https:\/\/nordiihomes.com\/"},{"@type":"ListItem","position":2,"name":"Franchise partnerek"}]},{"@type":"WebSite","@id":"https:\/\/nordiihomes.com\/#website","url":"https:\/\/nordiihomes.com\/","name":"Nordii Homes","description":"NORDii = modern akt\u00edv-h\u00e1z","potentialAction":[{"@type":"SearchAction","target":{"@type":"EntryPoint","urlTemplate":"https:\/\/nordiihomes.com\/?s={search_term_string}"},"query-input":{"@type":"PropertyValueSpecification","valueRequired":true,"valueName":"search_term_string"}}],"inLanguage":"en-GB"}]}},"_links":{"self":[{"href":"https:\/\/nordiihomes.com\/en\/wp-json\/wp\/v2\/pages\/238909","targetHints":{"allow":["GET"]}}],"collection":[{"href":"https:\/\/nordiihomes.com\/en\/wp-json\/wp\/v2\/pages"}],"about":[{"href":"https:\/\/nordiihomes.com\/en\/wp-json\/wp\/v2\/types\/page"}],"author":[{"embeddable":true,"href":"https:\/\/nordiihomes.com\/en\/wp-json\/wp\/v2\/users\/3"}],"replies":[{"embeddable":true,"href":"https:\/\/nordiihomes.com\/en\/wp-json\/wp\/v2\/comments?post=238909"}],"version-history":[{"count":18,"href":"https:\/\/nordiihomes.com\/en\/wp-json\/wp\/v2\/pages\/238909\/revisions"}],"predecessor-version":[{"id":239764,"href":"https:\/\/nordiihomes.com\/en\/wp-json\/wp\/v2\/pages\/238909\/revisions\/239764"}],"wp:attachment":[{"href":"https:\/\/nordiihomes.com\/en\/wp-json\/wp\/v2\/media?parent=238909"}],"curies":[{"name":"wp","href":"https:\/\/api.w.org\/{rel}","templated":true}]}}